{"id":820,"date":"2021-10-12T13:47:40","date_gmt":"2021-10-12T13:47:40","guid":{"rendered":"https:\/\/www.cpvenice.com\/crowne-plaza-venice-east\/"},"modified":"2026-03-24T11:51:25","modified_gmt":"2026-03-24T11:51:25","slug":"crowne-plaza-venice-east","status":"publish","type":"page","link":"https:\/\/www.cpvenice.com\/de\/","title":{"rendered":"Crowne Plaza Venice East"},"content":{"rendered":"<p>Was auch immer der Zweck Ihrer Reise sein mag, im Crowne Plaza Venice East erwartet Sie ein Aufenthalt, der sich durch hohe Qualit\u00e4tsstandards und speziell Ihren Bed\u00fcrfnissen angepasste Dienstleistungen auszeichnet! Entscheiden Sie sich f\u00fcr das Crowne Plaza, unser <strong>einladendes 4-Sterne-Hotel<\/strong> in Venedig &#8211; Quarto d&#8217;Altino in <strong>strategischer Lage<\/strong>, das sowohl mit \u00f6ffentlichen Verkehrsmitteln als auch mit dem Auto problemlos erreichbar ist und einen gro\u00dfen <strong>kostenlosen Parkplatz im Freien<\/strong> bietet. Das historische Zentrum von Venedig, der Hafen der Stadt und die Flugh\u00e4fen Venedig Marco Polo und Treviso Antonio Canova sind von uns aus bequem zu erreichen.<\/p>\n<p>&nbsp;<\/p>\n","protected":false},"excerpt":{"rendered":"<p>Was auch immer der Zweck Ihrer Reise sein mag, im Crowne Plaza Venice East erwartet Sie ein Aufenthalt, der sich durch hohe Qualit\u00e4tsstandards und speziell Ihren Bed\u00fcrfnissen angepasste Dienstleistungen auszeichnet! Entscheiden Sie sich f\u00fcr das Crowne Plaza, unser einladendes 4-Sterne-Hotel in Venedig &#8211; Quarto d&#8217;Altino in strategischer Lage, das sowohl mit \u00f6ffentlichen Verkehrsmitteln als auch [&hellip;]<\/p>\n","protected":false},"author":36,"featured_media":0,"parent":0,"menu_order":0,"comment_status":"closed","ping_status":"closed","template":"","meta":{"footnotes":""},"class_list":["post-820","page","type-page","status-publish","hentry"],"yoast_head":"<!-- This site is optimized with the Yoast SEO plugin v26.9 - https:\/\/yoast.com\/product\/yoast-seo-wordpress\/ -->\n<title>4-Sterne-Hotel in Flughafenn\u00e4he | Crowne Plaza Venice<\/title>\n<meta name=\"description\" content=\"Das Crowne Plaza Venice East liegt nur 12 Minuten von Venedig entfernt, in Quarto d&#039;Altino. Profitieren Sie von der strategischen Lage und genie\u00dfen Sie unseren Service!\" \/>\n<meta name=\"robots\" content=\"index, follow, max-snippet:-1, max-image-preview:large, max-video-preview:-1\" \/>\n<link rel=\"canonical\" href=\"https:\/\/www.cpvenice.com\/de\/\" \/>\n<meta property=\"og:locale\" content=\"de_DE\" \/>\n<meta property=\"og:type\" content=\"article\" \/>\n<meta property=\"og:title\" content=\"4-Sterne-Hotel in Flughafenn\u00e4he | Crowne Plaza Venice\" \/>\n<meta property=\"og:description\" content=\"Das Crowne Plaza Venice East liegt nur 12 Minuten von Venedig entfernt, in Quarto d&#039;Altino. Profitieren Sie von der strategischen Lage und genie\u00dfen Sie unseren Service!\" \/>\n<meta property=\"og:url\" content=\"https:\/\/www.cpvenice.com\/de\/\" \/>\n<meta property=\"og:site_name\" content=\"Crowne Plaza Venice East\" \/>\n<meta property=\"article:modified_time\" content=\"2026-03-24T11:51:25+00:00\" \/>\n<meta property=\"og:image\" content=\"https:\/\/www.cpvenice.com\/wp-content\/uploads\/sites\/365\/2021\/12\/Crowne-Plaza-Venice-East-Rooms-Standard-Room-King-Accessible-bed.jpg\" \/>\n\t<meta property=\"og:image:width\" content=\"2200\" \/>\n\t<meta property=\"og:image:height\" content=\"1200\" \/>\n\t<meta property=\"og:image:type\" content=\"image\/jpeg\" \/>\n<meta name=\"twitter:card\" content=\"summary_large_image\" \/>\n<meta name=\"twitter:label1\" content=\"Gesch\u00e4tzte Lesezeit\" \/>\n\t<meta name=\"twitter:data1\" content=\"1 Minute\" \/>\n<script type=\"application\/ld+json\" class=\"yoast-schema-graph\">{\"@context\":\"https:\/\/schema.org\",\"@graph\":[{\"@type\":\"WebPage\",\"@id\":\"https:\/\/www.cpvenice.com\/de\/\",\"url\":\"https:\/\/www.cpvenice.com\/de\/\",\"name\":\"4-Sterne-Hotel in Flughafenn\u00e4he | Crowne Plaza Venice\",\"isPartOf\":{\"@id\":\"https:\/\/www.cpvenice.com\/de\/#website\"},\"datePublished\":\"2021-10-12T13:47:40+00:00\",\"dateModified\":\"2026-03-24T11:51:25+00:00\",\"description\":\"Das Crowne Plaza Venice East liegt nur 12 Minuten von Venedig entfernt, in Quarto d'Altino. Profitieren Sie von der strategischen Lage und genie\u00dfen Sie unseren Service!\",\"breadcrumb\":{\"@id\":\"https:\/\/www.cpvenice.com\/de\/#breadcrumb\"},\"inLanguage\":\"de-DE\",\"potentialAction\":[{\"@type\":\"ReadAction\",\"target\":[\"https:\/\/www.cpvenice.com\/de\/\"]}]},{\"@type\":\"BreadcrumbList\",\"@id\":\"https:\/\/www.cpvenice.com\/de\/#breadcrumb\",\"itemListElement\":[{\"@type\":\"ListItem\",\"position\":1,\"name\":\"Home\",\"item\":\"https:\/\/www.cpvenice.com\/de\/\"},{\"@type\":\"ListItem\",\"position\":2,\"name\":\"Crowne Plaza Venice East\"}]},{\"@type\":\"WebSite\",\"@id\":\"https:\/\/www.cpvenice.com\/de\/#website\",\"url\":\"https:\/\/www.cpvenice.com\/de\/\",\"name\":\"Crowne Plaza Venice East\",\"description\":\"Just another ms.decms.eu site\",\"potentialAction\":[{\"@type\":\"SearchAction\",\"target\":{\"@type\":\"EntryPoint\",\"urlTemplate\":\"https:\/\/www.cpvenice.com\/de\/?s={search_term_string}\"},\"query-input\":{\"@type\":\"PropertyValueSpecification\",\"valueRequired\":true,\"valueName\":\"search_term_string\"}}],\"inLanguage\":\"de-DE\"}]}<\/script>\n<!-- \/ Yoast SEO plugin. -->","yoast_head_json":{"title":"4-Sterne-Hotel in Flughafenn\u00e4he | Crowne Plaza Venice","description":"Das Crowne Plaza Venice East liegt nur 12 Minuten von Venedig entfernt, in Quarto d'Altino. Profitieren Sie von der strategischen Lage und genie\u00dfen Sie unseren Service!","robots":{"index":"index","follow":"follow","max-snippet":"max-snippet:-1","max-image-preview":"max-image-preview:large","max-video-preview":"max-video-preview:-1"},"canonical":"https:\/\/www.cpvenice.com\/de\/","og_locale":"de_DE","og_type":"article","og_title":"4-Sterne-Hotel in Flughafenn\u00e4he | Crowne Plaza Venice","og_description":"Das Crowne Plaza Venice East liegt nur 12 Minuten von Venedig entfernt, in Quarto d'Altino. Profitieren Sie von der strategischen Lage und genie\u00dfen Sie unseren Service!","og_url":"https:\/\/www.cpvenice.com\/de\/","og_site_name":"Crowne Plaza Venice East","article_modified_time":"2026-03-24T11:51:25+00:00","og_image":[{"width":2200,"height":1200,"url":"https:\/\/www.cpvenice.com\/wp-content\/uploads\/sites\/365\/2021\/12\/Crowne-Plaza-Venice-East-Rooms-Standard-Room-King-Accessible-bed.jpg","type":"image\/jpeg"}],"twitter_card":"summary_large_image","twitter_misc":{"Gesch\u00e4tzte Lesezeit":"1 Minute"},"schema":{"@context":"https:\/\/schema.org","@graph":[{"@type":"WebPage","@id":"https:\/\/www.cpvenice.com\/de\/","url":"https:\/\/www.cpvenice.com\/de\/","name":"4-Sterne-Hotel in Flughafenn\u00e4he | Crowne Plaza Venice","isPartOf":{"@id":"https:\/\/www.cpvenice.com\/de\/#website"},"datePublished":"2021-10-12T13:47:40+00:00","dateModified":"2026-03-24T11:51:25+00:00","description":"Das Crowne Plaza Venice East liegt nur 12 Minuten von Venedig entfernt, in Quarto d'Altino. Profitieren Sie von der strategischen Lage und genie\u00dfen Sie unseren Service!","breadcrumb":{"@id":"https:\/\/www.cpvenice.com\/de\/#breadcrumb"},"inLanguage":"de-DE","potentialAction":[{"@type":"ReadAction","target":["https:\/\/www.cpvenice.com\/de\/"]}]},{"@type":"BreadcrumbList","@id":"https:\/\/www.cpvenice.com\/de\/#breadcrumb","itemListElement":[{"@type":"ListItem","position":1,"name":"Home","item":"https:\/\/www.cpvenice.com\/de\/"},{"@type":"ListItem","position":2,"name":"Crowne Plaza Venice East"}]},{"@type":"WebSite","@id":"https:\/\/www.cpvenice.com\/de\/#website","url":"https:\/\/www.cpvenice.com\/de\/","name":"Crowne Plaza Venice East","description":"Just another ms.decms.eu site","potentialAction":[{"@type":"SearchAction","target":{"@type":"EntryPoint","urlTemplate":"https:\/\/www.cpvenice.com\/de\/?s={search_term_string}"},"query-input":{"@type":"PropertyValueSpecification","valueRequired":true,"valueName":"search_term_string"}}],"inLanguage":"de-DE"}]}},"acf":[],"_links":{"self":[{"href":"https:\/\/www.cpvenice.com\/de\/wp-json\/wp\/v2\/pages\/820","targetHints":{"allow":["GET"]}}],"collection":[{"href":"https:\/\/www.cpvenice.com\/de\/wp-json\/wp\/v2\/pages"}],"about":[{"href":"https:\/\/www.cpvenice.com\/de\/wp-json\/wp\/v2\/types\/page"}],"author":[{"embeddable":true,"href":"https:\/\/www.cpvenice.com\/de\/wp-json\/wp\/v2\/users\/36"}],"replies":[{"embeddable":true,"href":"https:\/\/www.cpvenice.com\/de\/wp-json\/wp\/v2\/comments?post=820"}],"version-history":[{"count":0,"href":"https:\/\/www.cpvenice.com\/de\/wp-json\/wp\/v2\/pages\/820\/revisions"}],"wp:attachment":[{"href":"https:\/\/www.cpvenice.com\/de\/wp-json\/wp\/v2\/media?parent=820"}],"curies":[{"name":"wp","href":"https:\/\/api.w.org\/{rel}","templated":true}]}}