{"id":822,"date":"2021-10-12T15:53:33","date_gmt":"2021-10-12T15:53:33","guid":{"rendered":"https:\/\/www.cpvenice.com\/lhotel\/"},"modified":"2024-06-06T09:20:06","modified_gmt":"2024-06-06T09:20:06","slug":"das-hotel","status":"publish","type":"page","link":"https:\/\/www.cpvenice.com\/de\/das-hotel\/","title":{"rendered":"Das Hotel"},"content":{"rendered":"<p>Was auch immer der Zweck Ihrer Reise sein mag, im Crowne Plaza Venice East erwartet Sie ein Aufenthalt, der sich durch hohe Qualit\u00e4tsstandards und speziell Ihren Bed\u00fcrfnissen angepasste Dienstleistungen auszeichnet! Entscheiden Sie sich f\u00fcr das Crowne Plaza, unser <strong>einladendes 4-Sterne-Hotel<\/strong> in Venedig &#8211; Quarto d&#8217;Altino in <strong>strategischer Lage<\/strong>, das sowohl mit \u00f6ffentlichen Verkehrsmitteln als auch mit dem Auto problemlos erreichbar ist und einen gro\u00dfen <strong>kostenlosen Parkplatz im Freien<\/strong> bietet. Das historische Zentrum von Venedig, der Hafen der Stadt und die Flugh\u00e4fen Venedig Marco Polo und Treviso Antonio Canova sind von uns aus bequem zu erreichen.<\/p>\n<p><strong>Kompetentes<\/strong> und freundliches <strong>Personal, ger\u00e4umige<\/strong> und mit allem Komfort ausgestattete <strong>Zimmer<\/strong>, ein <strong>ausgezeichnetes Restaurant<\/strong> <strong>und eine Bar<\/strong>, wo Sie die hervorragende venezianische Tradition entdecken k\u00f6nnen und <strong>Dienstleistungen<\/strong> f\u00fcr die Organisation von <strong>Tagungen und Veranstaltungen<\/strong> runden das Angebot ab: Beginnen Sie also gleich mit Ihrer Reiseplanung! Das 4-Sterne-Hotel Crowne Plaza Venice East erwartet Sie!<\/p>\n","protected":false},"excerpt":{"rendered":"<p>Was auch immer der Zweck Ihrer Reise sein mag, im Crowne Plaza Venice East erwartet Sie ein Aufenthalt, der sich durch hohe Qualit\u00e4tsstandards und speziell Ihren Bed\u00fcrfnissen angepasste Dienstleistungen auszeichnet! Entscheiden Sie sich f\u00fcr das Crowne Plaza, unser einladendes 4-Sterne-Hotel in Venedig &#8211; Quarto d&#8217;Altino in strategischer Lage, das sowohl mit \u00f6ffentlichen Verkehrsmitteln als auch [&hellip;]<\/p>\n","protected":false},"author":36,"featured_media":0,"parent":0,"menu_order":5,"comment_status":"closed","ping_status":"closed","template":"","meta":{"footnotes":""},"class_list":["post-822","page","type-page","status-publish","hentry"],"yoast_head":"<!-- This site is optimized with the Yoast SEO plugin v26.9 - https:\/\/yoast.com\/product\/yoast-seo-wordpress\/ -->\n<title>4-Sterne-Hotel nahe Venedig und Mestre | Crowne Plaza Venice<\/title>\n<meta name=\"description\" content=\"Im Crowne Plaza Hotel erwarten Sie hochwertige Dienstleistungen f\u00fcr Gesch\u00e4fts- und Freizeitreisen! Wir sind strategisch g\u00fcnstig gelegen, besuchen Sie uns!\" \/>\n<meta name=\"robots\" content=\"index, follow, max-snippet:-1, max-image-preview:large, max-video-preview:-1\" \/>\n<link rel=\"canonical\" href=\"https:\/\/www.cpvenice.com\/de\/das-hotel\/\" \/>\n<meta property=\"og:locale\" content=\"de_DE\" \/>\n<meta property=\"og:type\" content=\"article\" \/>\n<meta property=\"og:title\" content=\"4-Sterne-Hotel nahe Venedig und Mestre | Crowne Plaza Venice\" \/>\n<meta property=\"og:description\" content=\"Im Crowne Plaza Hotel erwarten Sie hochwertige Dienstleistungen f\u00fcr Gesch\u00e4fts- und Freizeitreisen! Wir sind strategisch g\u00fcnstig gelegen, besuchen Sie uns!\" \/>\n<meta property=\"og:url\" content=\"https:\/\/www.cpvenice.com\/de\/das-hotel\/\" \/>\n<meta property=\"og:site_name\" content=\"Crowne Plaza Venice East\" \/>\n<meta property=\"article:modified_time\" content=\"2024-06-06T09:20:06+00:00\" \/>\n<meta property=\"og:image\" content=\"https:\/\/www.cpvenice.com\/wp-content\/uploads\/sites\/365\/2021\/12\/Crowne-Plaza-Venice-East-Rooms-Standard-Room-King-Accessible-bed.jpg\" \/>\n\t<meta property=\"og:image:width\" content=\"2200\" \/>\n\t<meta property=\"og:image:height\" content=\"1200\" \/>\n\t<meta property=\"og:image:type\" content=\"image\/jpeg\" \/>\n<meta name=\"twitter:card\" content=\"summary_large_image\" \/>\n<meta name=\"twitter:label1\" content=\"Gesch\u00e4tzte Lesezeit\" \/>\n\t<meta name=\"twitter:data1\" content=\"1 Minute\" \/>\n<script type=\"application\/ld+json\" class=\"yoast-schema-graph\">{\"@context\":\"https:\/\/schema.org\",\"@graph\":[{\"@type\":\"WebPage\",\"@id\":\"https:\/\/www.cpvenice.com\/de\/das-hotel\/\",\"url\":\"https:\/\/www.cpvenice.com\/de\/das-hotel\/\",\"name\":\"4-Sterne-Hotel nahe Venedig und Mestre | Crowne Plaza Venice\",\"isPartOf\":{\"@id\":\"https:\/\/www.cpvenice.com\/de\/#website\"},\"datePublished\":\"2021-10-12T15:53:33+00:00\",\"dateModified\":\"2024-06-06T09:20:06+00:00\",\"description\":\"Im Crowne Plaza Hotel erwarten Sie hochwertige Dienstleistungen f\u00fcr Gesch\u00e4fts- und Freizeitreisen! Wir sind strategisch g\u00fcnstig gelegen, besuchen Sie uns!\",\"breadcrumb\":{\"@id\":\"https:\/\/www.cpvenice.com\/de\/das-hotel\/#breadcrumb\"},\"inLanguage\":\"de-DE\",\"potentialAction\":[{\"@type\":\"ReadAction\",\"target\":[\"https:\/\/www.cpvenice.com\/de\/das-hotel\/\"]}]},{\"@type\":\"BreadcrumbList\",\"@id\":\"https:\/\/www.cpvenice.com\/de\/das-hotel\/#breadcrumb\",\"itemListElement\":[{\"@type\":\"ListItem\",\"position\":1,\"name\":\"Home\",\"item\":\"https:\/\/www.cpvenice.com\/de\/\"},{\"@type\":\"ListItem\",\"position\":2,\"name\":\"Das Hotel\"}]},{\"@type\":\"WebSite\",\"@id\":\"https:\/\/www.cpvenice.com\/de\/#website\",\"url\":\"https:\/\/www.cpvenice.com\/de\/\",\"name\":\"Crowne Plaza Venice East\",\"description\":\"Just another ms.decms.eu site\",\"potentialAction\":[{\"@type\":\"SearchAction\",\"target\":{\"@type\":\"EntryPoint\",\"urlTemplate\":\"https:\/\/www.cpvenice.com\/de\/?s={search_term_string}\"},\"query-input\":{\"@type\":\"PropertyValueSpecification\",\"valueRequired\":true,\"valueName\":\"search_term_string\"}}],\"inLanguage\":\"de-DE\"}]}<\/script>\n<!-- \/ Yoast SEO plugin. -->","yoast_head_json":{"title":"4-Sterne-Hotel nahe Venedig und Mestre | Crowne Plaza Venice","description":"Im Crowne Plaza Hotel erwarten Sie hochwertige Dienstleistungen f\u00fcr Gesch\u00e4fts- und Freizeitreisen! Wir sind strategisch g\u00fcnstig gelegen, besuchen Sie uns!","robots":{"index":"index","follow":"follow","max-snippet":"max-snippet:-1","max-image-preview":"max-image-preview:large","max-video-preview":"max-video-preview:-1"},"canonical":"https:\/\/www.cpvenice.com\/de\/das-hotel\/","og_locale":"de_DE","og_type":"article","og_title":"4-Sterne-Hotel nahe Venedig und Mestre | Crowne Plaza Venice","og_description":"Im Crowne Plaza Hotel erwarten Sie hochwertige Dienstleistungen f\u00fcr Gesch\u00e4fts- und Freizeitreisen! Wir sind strategisch g\u00fcnstig gelegen, besuchen Sie uns!","og_url":"https:\/\/www.cpvenice.com\/de\/das-hotel\/","og_site_name":"Crowne Plaza Venice East","article_modified_time":"2024-06-06T09:20:06+00:00","og_image":[{"width":2200,"height":1200,"url":"https:\/\/www.cpvenice.com\/wp-content\/uploads\/sites\/365\/2021\/12\/Crowne-Plaza-Venice-East-Rooms-Standard-Room-King-Accessible-bed.jpg","type":"image\/jpeg"}],"twitter_card":"summary_large_image","twitter_misc":{"Gesch\u00e4tzte Lesezeit":"1 Minute"},"schema":{"@context":"https:\/\/schema.org","@graph":[{"@type":"WebPage","@id":"https:\/\/www.cpvenice.com\/de\/das-hotel\/","url":"https:\/\/www.cpvenice.com\/de\/das-hotel\/","name":"4-Sterne-Hotel nahe Venedig und Mestre | Crowne Plaza Venice","isPartOf":{"@id":"https:\/\/www.cpvenice.com\/de\/#website"},"datePublished":"2021-10-12T15:53:33+00:00","dateModified":"2024-06-06T09:20:06+00:00","description":"Im Crowne Plaza Hotel erwarten Sie hochwertige Dienstleistungen f\u00fcr Gesch\u00e4fts- und Freizeitreisen! Wir sind strategisch g\u00fcnstig gelegen, besuchen Sie uns!","breadcrumb":{"@id":"https:\/\/www.cpvenice.com\/de\/das-hotel\/#breadcrumb"},"inLanguage":"de-DE","potentialAction":[{"@type":"ReadAction","target":["https:\/\/www.cpvenice.com\/de\/das-hotel\/"]}]},{"@type":"BreadcrumbList","@id":"https:\/\/www.cpvenice.com\/de\/das-hotel\/#breadcrumb","itemListElement":[{"@type":"ListItem","position":1,"name":"Home","item":"https:\/\/www.cpvenice.com\/de\/"},{"@type":"ListItem","position":2,"name":"Das Hotel"}]},{"@type":"WebSite","@id":"https:\/\/www.cpvenice.com\/de\/#website","url":"https:\/\/www.cpvenice.com\/de\/","name":"Crowne Plaza Venice East","description":"Just another ms.decms.eu site","potentialAction":[{"@type":"SearchAction","target":{"@type":"EntryPoint","urlTemplate":"https:\/\/www.cpvenice.com\/de\/?s={search_term_string}"},"query-input":{"@type":"PropertyValueSpecification","valueRequired":true,"valueName":"search_term_string"}}],"inLanguage":"de-DE"}]}},"acf":[],"_links":{"self":[{"href":"https:\/\/www.cpvenice.com\/de\/wp-json\/wp\/v2\/pages\/822","targetHints":{"allow":["GET"]}}],"collection":[{"href":"https:\/\/www.cpvenice.com\/de\/wp-json\/wp\/v2\/pages"}],"about":[{"href":"https:\/\/www.cpvenice.com\/de\/wp-json\/wp\/v2\/types\/page"}],"author":[{"embeddable":true,"href":"https:\/\/www.cpvenice.com\/de\/wp-json\/wp\/v2\/users\/36"}],"replies":[{"embeddable":true,"href":"https:\/\/www.cpvenice.com\/de\/wp-json\/wp\/v2\/comments?post=822"}],"version-history":[{"count":0,"href":"https:\/\/www.cpvenice.com\/de\/wp-json\/wp\/v2\/pages\/822\/revisions"}],"wp:attachment":[{"href":"https:\/\/www.cpvenice.com\/de\/wp-json\/wp\/v2\/media?parent=822"}],"curies":[{"name":"wp","href":"https:\/\/api.w.org\/{rel}","templated":true}]}}