{"id":828,"date":"2021-10-13T14:39:30","date_gmt":"2021-10-13T14:39:30","guid":{"rendered":"https:\/\/www.cpvenice.com\/das-hotel\/hotel-vicino-allaeroporto\/"},"modified":"2025-05-22T08:54:10","modified_gmt":"2025-05-22T08:54:10","slug":"hotel-in-flughafennaehe","status":"publish","type":"page","link":"https:\/\/www.cpvenice.com\/de\/das-hotel\/hotel-in-flughafennaehe\/","title":{"rendered":"Hotel in Flughafenn\u00e4he"},"content":{"rendered":"<p>Dank seiner N\u00e4he zum Flughafen Venedig Marco Polo und dem kostenlosen Shuttle-Service ist das Crowne Plaza Venice East &#8211; ein modernes 4-Sterne-Hotel in Venedig &#8211; Quarto d&#8217;Altino &#8211; die ideale L\u00f6sung f\u00fcr diejenigen, die aus touristischen oder gesch\u00e4ftlichen Gr\u00fcnden ein komfortables Hotel suchen, das es ihnen erm\u00f6glicht, den Flughafen Venedig in wenigen Minuten zu erreichen.<br \/>\nDas Crowne Plaza Hotel zeichnet sich nicht nur durch seine Lage aus, sondern auch durch seine hellen, unterschiedlich gro\u00dfen Zimmer, die in verschiedenen Gestaltungen zur Verf\u00fcgung stehen und mit Annehmlichkeiten ausgestattet sind, die auch den k\u00fcrzesten Aufenthalt angenehm machen. Ein <strong>Fitnessraum<\/strong>, ein <strong>Restaurant und eine Bar<\/strong> im Inneren des Hotels sowie ein gro\u00dfer Parkplatz im Freien runden das Angebot ab. Nur auf unserer offiziellen Website finden Sie den garantiert besten Preis!<\/p>\n","protected":false},"excerpt":{"rendered":"<p>Dank seiner N\u00e4he zum Flughafen Venedig Marco Polo und dem kostenlosen Shuttle-Service ist das Crowne Plaza Venice East &#8211; ein modernes 4-Sterne-Hotel in Venedig &#8211; Quarto d&#8217;Altino &#8211; die ideale L\u00f6sung f\u00fcr diejenigen, die aus touristischen oder gesch\u00e4ftlichen Gr\u00fcnden ein komfortables Hotel suchen, das es ihnen erm\u00f6glicht, den Flughafen Venedig in wenigen Minuten zu erreichen. [&hellip;]<\/p>\n","protected":false},"author":36,"featured_media":0,"parent":822,"menu_order":25,"comment_status":"closed","ping_status":"closed","template":"template-default-2.php","meta":{"footnotes":""},"class_list":["post-828","page","type-page","status-publish","hentry"],"yoast_head":"<!-- This site is optimized with the Yoast SEO plugin v26.9 - https:\/\/yoast.com\/product\/yoast-seo-wordpress\/ -->\n<title>Flughafenn\u00e4he - kostenloser Transfer | Crowne Plaza Venice<\/title>\n<meta name=\"description\" content=\"Unser Hotel liegt 12 Minuten vom Flughafen Venedig entfernt! Nutzen Sie unseren kostenlosen Shuttle-Service zum und vom Flughafen Venedig.\" \/>\n<meta name=\"robots\" content=\"index, follow, max-snippet:-1, max-image-preview:large, max-video-preview:-1\" \/>\n<link rel=\"canonical\" href=\"https:\/\/www.cpvenice.com\/de\/das-hotel\/hotel-in-flughafennaehe\/\" \/>\n<meta property=\"og:locale\" content=\"de_DE\" \/>\n<meta property=\"og:type\" content=\"article\" \/>\n<meta property=\"og:title\" content=\"Flughafenn\u00e4he - kostenloser Transfer | Crowne Plaza Venice\" \/>\n<meta property=\"og:description\" content=\"Unser Hotel liegt 12 Minuten vom Flughafen Venedig entfernt! Nutzen Sie unseren kostenlosen Shuttle-Service zum und vom Flughafen Venedig.\" \/>\n<meta property=\"og:url\" content=\"https:\/\/www.cpvenice.com\/de\/das-hotel\/hotel-in-flughafennaehe\/\" \/>\n<meta property=\"og:site_name\" content=\"Crowne Plaza Venice East\" \/>\n<meta property=\"article:modified_time\" content=\"2025-05-22T08:54:10+00:00\" \/>\n<meta property=\"og:image\" content=\"https:\/\/www.cpvenice.com\/wp-content\/uploads\/sites\/365\/2021\/12\/Crowne-Plaza-Venice-East-Rooms-Standard-Room-King-Accessible-bed.jpg\" \/>\n\t<meta property=\"og:image:width\" content=\"2200\" \/>\n\t<meta property=\"og:image:height\" content=\"1200\" \/>\n\t<meta property=\"og:image:type\" content=\"image\/jpeg\" \/>\n<meta name=\"twitter:card\" content=\"summary_large_image\" \/>\n<meta name=\"twitter:label1\" content=\"Gesch\u00e4tzte Lesezeit\" \/>\n\t<meta name=\"twitter:data1\" content=\"1 Minute\" \/>\n<script type=\"application\/ld+json\" class=\"yoast-schema-graph\">{\"@context\":\"https:\/\/schema.org\",\"@graph\":[{\"@type\":\"WebPage\",\"@id\":\"https:\/\/www.cpvenice.com\/de\/das-hotel\/hotel-in-flughafennaehe\/\",\"url\":\"https:\/\/www.cpvenice.com\/de\/das-hotel\/hotel-in-flughafennaehe\/\",\"name\":\"Flughafenn\u00e4he - kostenloser Transfer | Crowne Plaza Venice\",\"isPartOf\":{\"@id\":\"https:\/\/www.cpvenice.com\/de\/#website\"},\"datePublished\":\"2021-10-13T14:39:30+00:00\",\"dateModified\":\"2025-05-22T08:54:10+00:00\",\"description\":\"Unser Hotel liegt 12 Minuten vom Flughafen Venedig entfernt! Nutzen Sie unseren kostenlosen Shuttle-Service zum und vom Flughafen Venedig.\",\"breadcrumb\":{\"@id\":\"https:\/\/www.cpvenice.com\/de\/das-hotel\/hotel-in-flughafennaehe\/#breadcrumb\"},\"inLanguage\":\"de-DE\",\"potentialAction\":[{\"@type\":\"ReadAction\",\"target\":[\"https:\/\/www.cpvenice.com\/de\/das-hotel\/hotel-in-flughafennaehe\/\"]}]},{\"@type\":\"BreadcrumbList\",\"@id\":\"https:\/\/www.cpvenice.com\/de\/das-hotel\/hotel-in-flughafennaehe\/#breadcrumb\",\"itemListElement\":[{\"@type\":\"ListItem\",\"position\":1,\"name\":\"Home\",\"item\":\"https:\/\/www.cpvenice.com\/de\/\"},{\"@type\":\"ListItem\",\"position\":2,\"name\":\"Das Hotel\",\"item\":\"https:\/\/www.cpvenice.com\/de\/das-hotel\/\"},{\"@type\":\"ListItem\",\"position\":3,\"name\":\"Hotel in Flughafenn\u00e4he\"}]},{\"@type\":\"WebSite\",\"@id\":\"https:\/\/www.cpvenice.com\/de\/#website\",\"url\":\"https:\/\/www.cpvenice.com\/de\/\",\"name\":\"Crowne Plaza Venice East\",\"description\":\"Just another ms.decms.eu site\",\"potentialAction\":[{\"@type\":\"SearchAction\",\"target\":{\"@type\":\"EntryPoint\",\"urlTemplate\":\"https:\/\/www.cpvenice.com\/de\/?s={search_term_string}\"},\"query-input\":{\"@type\":\"PropertyValueSpecification\",\"valueRequired\":true,\"valueName\":\"search_term_string\"}}],\"inLanguage\":\"de-DE\"}]}<\/script>\n<!-- \/ Yoast SEO plugin. -->","yoast_head_json":{"title":"Flughafenn\u00e4he - kostenloser Transfer | Crowne Plaza Venice","description":"Unser Hotel liegt 12 Minuten vom Flughafen Venedig entfernt! Nutzen Sie unseren kostenlosen Shuttle-Service zum und vom Flughafen Venedig.","robots":{"index":"index","follow":"follow","max-snippet":"max-snippet:-1","max-image-preview":"max-image-preview:large","max-video-preview":"max-video-preview:-1"},"canonical":"https:\/\/www.cpvenice.com\/de\/das-hotel\/hotel-in-flughafennaehe\/","og_locale":"de_DE","og_type":"article","og_title":"Flughafenn\u00e4he - kostenloser Transfer | Crowne Plaza Venice","og_description":"Unser Hotel liegt 12 Minuten vom Flughafen Venedig entfernt! Nutzen Sie unseren kostenlosen Shuttle-Service zum und vom Flughafen Venedig.","og_url":"https:\/\/www.cpvenice.com\/de\/das-hotel\/hotel-in-flughafennaehe\/","og_site_name":"Crowne Plaza Venice East","article_modified_time":"2025-05-22T08:54:10+00:00","og_image":[{"width":2200,"height":1200,"url":"https:\/\/www.cpvenice.com\/wp-content\/uploads\/sites\/365\/2021\/12\/Crowne-Plaza-Venice-East-Rooms-Standard-Room-King-Accessible-bed.jpg","type":"image\/jpeg"}],"twitter_card":"summary_large_image","twitter_misc":{"Gesch\u00e4tzte Lesezeit":"1 Minute"},"schema":{"@context":"https:\/\/schema.org","@graph":[{"@type":"WebPage","@id":"https:\/\/www.cpvenice.com\/de\/das-hotel\/hotel-in-flughafennaehe\/","url":"https:\/\/www.cpvenice.com\/de\/das-hotel\/hotel-in-flughafennaehe\/","name":"Flughafenn\u00e4he - kostenloser Transfer | Crowne Plaza Venice","isPartOf":{"@id":"https:\/\/www.cpvenice.com\/de\/#website"},"datePublished":"2021-10-13T14:39:30+00:00","dateModified":"2025-05-22T08:54:10+00:00","description":"Unser Hotel liegt 12 Minuten vom Flughafen Venedig entfernt! Nutzen Sie unseren kostenlosen Shuttle-Service zum und vom Flughafen Venedig.","breadcrumb":{"@id":"https:\/\/www.cpvenice.com\/de\/das-hotel\/hotel-in-flughafennaehe\/#breadcrumb"},"inLanguage":"de-DE","potentialAction":[{"@type":"ReadAction","target":["https:\/\/www.cpvenice.com\/de\/das-hotel\/hotel-in-flughafennaehe\/"]}]},{"@type":"BreadcrumbList","@id":"https:\/\/www.cpvenice.com\/de\/das-hotel\/hotel-in-flughafennaehe\/#breadcrumb","itemListElement":[{"@type":"ListItem","position":1,"name":"Home","item":"https:\/\/www.cpvenice.com\/de\/"},{"@type":"ListItem","position":2,"name":"Das Hotel","item":"https:\/\/www.cpvenice.com\/de\/das-hotel\/"},{"@type":"ListItem","position":3,"name":"Hotel in Flughafenn\u00e4he"}]},{"@type":"WebSite","@id":"https:\/\/www.cpvenice.com\/de\/#website","url":"https:\/\/www.cpvenice.com\/de\/","name":"Crowne Plaza Venice East","description":"Just another ms.decms.eu site","potentialAction":[{"@type":"SearchAction","target":{"@type":"EntryPoint","urlTemplate":"https:\/\/www.cpvenice.com\/de\/?s={search_term_string}"},"query-input":{"@type":"PropertyValueSpecification","valueRequired":true,"valueName":"search_term_string"}}],"inLanguage":"de-DE"}]}},"acf":[],"_links":{"self":[{"href":"https:\/\/www.cpvenice.com\/de\/wp-json\/wp\/v2\/pages\/828","targetHints":{"allow":["GET"]}}],"collection":[{"href":"https:\/\/www.cpvenice.com\/de\/wp-json\/wp\/v2\/pages"}],"about":[{"href":"https:\/\/www.cpvenice.com\/de\/wp-json\/wp\/v2\/types\/page"}],"author":[{"embeddable":true,"href":"https:\/\/www.cpvenice.com\/de\/wp-json\/wp\/v2\/users\/36"}],"replies":[{"embeddable":true,"href":"https:\/\/www.cpvenice.com\/de\/wp-json\/wp\/v2\/comments?post=828"}],"version-history":[{"count":0,"href":"https:\/\/www.cpvenice.com\/de\/wp-json\/wp\/v2\/pages\/828\/revisions"}],"up":[{"embeddable":true,"href":"https:\/\/www.cpvenice.com\/de\/wp-json\/wp\/v2\/pages\/822"}],"wp:attachment":[{"href":"https:\/\/www.cpvenice.com\/de\/wp-json\/wp\/v2\/media?parent=828"}],"curies":[{"name":"wp","href":"https:\/\/api.w.org\/{rel}","templated":true}]}}