{"id":830,"date":"2021-10-13T14:47:17","date_gmt":"2021-10-13T14:47:17","guid":{"rendered":"https:\/\/www.cpvenice.com\/das-hotel\/faq\/"},"modified":"2024-06-06T09:23:30","modified_gmt":"2024-06-06T09:23:30","slug":"faq","status":"publish","type":"page","link":"https:\/\/www.cpvenice.com\/de\/das-hotel\/faq\/","title":{"rendered":"FAQ"},"content":{"rendered":"","protected":false},"excerpt":{"rendered":"","protected":false},"author":36,"featured_media":0,"parent":822,"menu_order":20,"comment_status":"closed","ping_status":"closed","template":"template-faq.php","meta":{"footnotes":""},"class_list":["post-830","page","type-page","status-publish","hentry"],"yoast_head":"<!-- This site is optimized with the Yoast SEO plugin v26.9 - https:\/\/yoast.com\/product\/yoast-seo-wordpress\/ -->\n<title>FAQ: H\u00e4ufig gestellte Fragen | Crowne Plaza Venice<\/title>\n<meta name=\"description\" content=\"In diesem Abschnitt finden Sie Antworten auf h\u00e4ufig gestellte Fragen zu Fr\u00fchst\u00fcck, Parkplatz, Check-in und mehr. Kontaktieren Sie uns f\u00fcr weitere Fragen!\" \/>\n<meta name=\"robots\" content=\"index, follow, max-snippet:-1, max-image-preview:large, max-video-preview:-1\" \/>\n<link rel=\"canonical\" href=\"https:\/\/www.cpvenice.com\/de\/das-hotel\/faq\/\" \/>\n<meta property=\"og:locale\" content=\"de_DE\" \/>\n<meta property=\"og:type\" content=\"article\" \/>\n<meta property=\"og:title\" content=\"FAQ: H\u00e4ufig gestellte Fragen | Crowne Plaza Venice\" \/>\n<meta property=\"og:description\" content=\"In diesem Abschnitt finden Sie Antworten auf h\u00e4ufig gestellte Fragen zu Fr\u00fchst\u00fcck, Parkplatz, Check-in und mehr. Kontaktieren Sie uns f\u00fcr weitere Fragen!\" \/>\n<meta property=\"og:url\" content=\"https:\/\/www.cpvenice.com\/de\/das-hotel\/faq\/\" \/>\n<meta property=\"og:site_name\" content=\"Crowne Plaza Venice East\" \/>\n<meta property=\"article:modified_time\" content=\"2024-06-06T09:23:30+00:00\" \/>\n<meta property=\"og:image\" content=\"https:\/\/www.cpvenice.com\/wp-content\/uploads\/sites\/365\/2021\/12\/Crowne-Plaza-Venice-East-Rooms-Standard-Room-King-Accessible-bed.jpg\" \/>\n\t<meta property=\"og:image:width\" content=\"2200\" \/>\n\t<meta property=\"og:image:height\" content=\"1200\" \/>\n\t<meta property=\"og:image:type\" content=\"image\/jpeg\" \/>\n<meta name=\"twitter:card\" content=\"summary_large_image\" \/>\n<script type=\"application\/ld+json\" class=\"yoast-schema-graph\">{\"@context\":\"https:\/\/schema.org\",\"@graph\":[{\"@type\":\"WebPage\",\"@id\":\"https:\/\/www.cpvenice.com\/de\/das-hotel\/faq\/\",\"url\":\"https:\/\/www.cpvenice.com\/de\/das-hotel\/faq\/\",\"name\":\"FAQ: H\u00e4ufig gestellte Fragen | Crowne Plaza Venice\",\"isPartOf\":{\"@id\":\"https:\/\/www.cpvenice.com\/de\/#website\"},\"datePublished\":\"2021-10-13T14:47:17+00:00\",\"dateModified\":\"2024-06-06T09:23:30+00:00\",\"description\":\"In diesem Abschnitt finden Sie Antworten auf h\u00e4ufig gestellte Fragen zu Fr\u00fchst\u00fcck, Parkplatz, Check-in und mehr. Kontaktieren Sie uns f\u00fcr weitere Fragen!\",\"breadcrumb\":{\"@id\":\"https:\/\/www.cpvenice.com\/de\/das-hotel\/faq\/#breadcrumb\"},\"inLanguage\":\"de-DE\",\"potentialAction\":[{\"@type\":\"ReadAction\",\"target\":[\"https:\/\/www.cpvenice.com\/de\/das-hotel\/faq\/\"]}]},{\"@type\":\"BreadcrumbList\",\"@id\":\"https:\/\/www.cpvenice.com\/de\/das-hotel\/faq\/#breadcrumb\",\"itemListElement\":[{\"@type\":\"ListItem\",\"position\":1,\"name\":\"Home\",\"item\":\"https:\/\/www.cpvenice.com\/de\/\"},{\"@type\":\"ListItem\",\"position\":2,\"name\":\"Das Hotel\",\"item\":\"https:\/\/www.cpvenice.com\/de\/das-hotel\/\"},{\"@type\":\"ListItem\",\"position\":3,\"name\":\"FAQ\"}]},{\"@type\":\"WebSite\",\"@id\":\"https:\/\/www.cpvenice.com\/de\/#website\",\"url\":\"https:\/\/www.cpvenice.com\/de\/\",\"name\":\"Crowne Plaza Venice East\",\"description\":\"Just another ms.decms.eu site\",\"potentialAction\":[{\"@type\":\"SearchAction\",\"target\":{\"@type\":\"EntryPoint\",\"urlTemplate\":\"https:\/\/www.cpvenice.com\/de\/?s={search_term_string}\"},\"query-input\":{\"@type\":\"PropertyValueSpecification\",\"valueRequired\":true,\"valueName\":\"search_term_string\"}}],\"inLanguage\":\"de-DE\"}]}<\/script>\n<!-- \/ Yoast SEO plugin. -->","yoast_head_json":{"title":"FAQ: H\u00e4ufig gestellte Fragen | Crowne Plaza Venice","description":"In diesem Abschnitt finden Sie Antworten auf h\u00e4ufig gestellte Fragen zu Fr\u00fchst\u00fcck, Parkplatz, Check-in und mehr. Kontaktieren Sie uns f\u00fcr weitere Fragen!","robots":{"index":"index","follow":"follow","max-snippet":"max-snippet:-1","max-image-preview":"max-image-preview:large","max-video-preview":"max-video-preview:-1"},"canonical":"https:\/\/www.cpvenice.com\/de\/das-hotel\/faq\/","og_locale":"de_DE","og_type":"article","og_title":"FAQ: H\u00e4ufig gestellte Fragen | Crowne Plaza Venice","og_description":"In diesem Abschnitt finden Sie Antworten auf h\u00e4ufig gestellte Fragen zu Fr\u00fchst\u00fcck, Parkplatz, Check-in und mehr. Kontaktieren Sie uns f\u00fcr weitere Fragen!","og_url":"https:\/\/www.cpvenice.com\/de\/das-hotel\/faq\/","og_site_name":"Crowne Plaza Venice East","article_modified_time":"2024-06-06T09:23:30+00:00","og_image":[{"width":2200,"height":1200,"url":"https:\/\/www.cpvenice.com\/wp-content\/uploads\/sites\/365\/2021\/12\/Crowne-Plaza-Venice-East-Rooms-Standard-Room-King-Accessible-bed.jpg","type":"image\/jpeg"}],"twitter_card":"summary_large_image","schema":{"@context":"https:\/\/schema.org","@graph":[{"@type":"WebPage","@id":"https:\/\/www.cpvenice.com\/de\/das-hotel\/faq\/","url":"https:\/\/www.cpvenice.com\/de\/das-hotel\/faq\/","name":"FAQ: H\u00e4ufig gestellte Fragen | Crowne Plaza Venice","isPartOf":{"@id":"https:\/\/www.cpvenice.com\/de\/#website"},"datePublished":"2021-10-13T14:47:17+00:00","dateModified":"2024-06-06T09:23:30+00:00","description":"In diesem Abschnitt finden Sie Antworten auf h\u00e4ufig gestellte Fragen zu Fr\u00fchst\u00fcck, Parkplatz, Check-in und mehr. Kontaktieren Sie uns f\u00fcr weitere Fragen!","breadcrumb":{"@id":"https:\/\/www.cpvenice.com\/de\/das-hotel\/faq\/#breadcrumb"},"inLanguage":"de-DE","potentialAction":[{"@type":"ReadAction","target":["https:\/\/www.cpvenice.com\/de\/das-hotel\/faq\/"]}]},{"@type":"BreadcrumbList","@id":"https:\/\/www.cpvenice.com\/de\/das-hotel\/faq\/#breadcrumb","itemListElement":[{"@type":"ListItem","position":1,"name":"Home","item":"https:\/\/www.cpvenice.com\/de\/"},{"@type":"ListItem","position":2,"name":"Das Hotel","item":"https:\/\/www.cpvenice.com\/de\/das-hotel\/"},{"@type":"ListItem","position":3,"name":"FAQ"}]},{"@type":"WebSite","@id":"https:\/\/www.cpvenice.com\/de\/#website","url":"https:\/\/www.cpvenice.com\/de\/","name":"Crowne Plaza Venice East","description":"Just another ms.decms.eu site","potentialAction":[{"@type":"SearchAction","target":{"@type":"EntryPoint","urlTemplate":"https:\/\/www.cpvenice.com\/de\/?s={search_term_string}"},"query-input":{"@type":"PropertyValueSpecification","valueRequired":true,"valueName":"search_term_string"}}],"inLanguage":"de-DE"}]}},"acf":[],"_links":{"self":[{"href":"https:\/\/www.cpvenice.com\/de\/wp-json\/wp\/v2\/pages\/830","targetHints":{"allow":["GET"]}}],"collection":[{"href":"https:\/\/www.cpvenice.com\/de\/wp-json\/wp\/v2\/pages"}],"about":[{"href":"https:\/\/www.cpvenice.com\/de\/wp-json\/wp\/v2\/types\/page"}],"author":[{"embeddable":true,"href":"https:\/\/www.cpvenice.com\/de\/wp-json\/wp\/v2\/users\/36"}],"replies":[{"embeddable":true,"href":"https:\/\/www.cpvenice.com\/de\/wp-json\/wp\/v2\/comments?post=830"}],"version-history":[{"count":0,"href":"https:\/\/www.cpvenice.com\/de\/wp-json\/wp\/v2\/pages\/830\/revisions"}],"up":[{"embeddable":true,"href":"https:\/\/www.cpvenice.com\/de\/wp-json\/wp\/v2\/pages\/822"}],"wp:attachment":[{"href":"https:\/\/www.cpvenice.com\/de\/wp-json\/wp\/v2\/media?parent=830"}],"curies":[{"name":"wp","href":"https:\/\/api.w.org\/{rel}","templated":true}]}}