{"id":833,"date":"2021-10-13T15:36:55","date_gmt":"2021-10-13T15:36:55","guid":{"rendered":"https:\/\/www.cpvenice.com\/zimmer-und-suiten\/camere-standard\/"},"modified":"2024-05-07T09:28:25","modified_gmt":"2024-05-07T09:28:25","slug":"standard-zimmer","status":"publish","type":"page","link":"https:\/\/www.cpvenice.com\/de\/zimmer-und-suiten\/standard-zimmer\/","title":{"rendered":"Standard-Zimmer"},"content":{"rendered":"<p>G\u00f6nnen Sie sich einen Aufenthalt in Venedig &#8211; Quarto d&#8217;Altino in den hellen und einladenden Zimmern des 4-Sterne-Hotels Crowne Plaza Venice East. Dank einer <strong>Fl\u00e4che zwischen 20 und 27 qm<\/strong> und den <strong>verschiedenen verf\u00fcgbaren Konfigurationen<\/strong> haben Sie die M\u00f6glichkeit, einen Aufenthalt zu erleben, der all Ihren Bed\u00fcrfnissen gerecht wird.<\/p>\n<p>W\u00e4hlen Sie aus unseren Standard-Zimmern die f\u00fcr Sie perfekte L\u00f6sung:<\/p>\n<p>\u2022 mit Queensize-Bett | maximale Belegung 2 Personen<br \/>\n\u2022 mit Kingsize-Bett | maximale Belegung 2 Personen<br \/>\n\u2022 mit 2 Einzelbetten | maximale Belegung 2 Personen<br \/>\n\u2022 mit 1 Kingsize-Bett und einem Schlafsofa | maximale Belegung 3 Personen<\/p>\n","protected":false},"excerpt":{"rendered":"<p>G\u00f6nnen Sie sich einen Aufenthalt in Venedig &#8211; Quarto d&#8217;Altino in den hellen und einladenden Zimmern des 4-Sterne-Hotels Crowne Plaza Venice East. Dank einer Fl\u00e4che zwischen 20 und 27 qm und den verschiedenen verf\u00fcgbaren Konfigurationen haben Sie die M\u00f6glichkeit, einen Aufenthalt zu erleben, der all Ihren Bed\u00fcrfnissen gerecht wird. W\u00e4hlen Sie aus unseren Standard-Zimmern die [&hellip;]<\/p>\n","protected":false},"author":36,"featured_media":0,"parent":831,"menu_order":5,"comment_status":"closed","ping_status":"closed","template":"template-single-room.php","meta":{"footnotes":""},"class_list":["post-833","page","type-page","status-publish","hentry"],"yoast_head":"<!-- This site is optimized with the Yoast SEO plugin v26.9 - https:\/\/yoast.com\/product\/yoast-seo-wordpress\/ -->\n<title>Standard-Zimmer | Crowne Plaza Venice<\/title>\n<meta name=\"description\" content=\"Ger\u00e4umige Zimmer in denen sich Komfort und Eleganz zu einer Atmosph\u00e4re der Entspannung vereinen und zu einer Pause w\u00e4hrend Ihres Aufenthalts einladen. Erfahren Sie mehr!\" \/>\n<meta name=\"robots\" content=\"index, follow, max-snippet:-1, max-image-preview:large, max-video-preview:-1\" \/>\n<link rel=\"canonical\" href=\"https:\/\/www.cpvenice.com\/de\/zimmer-und-suiten\/standard-zimmer\/\" \/>\n<meta property=\"og:locale\" content=\"de_DE\" \/>\n<meta property=\"og:type\" content=\"article\" \/>\n<meta property=\"og:title\" content=\"Standard-Zimmer | Crowne Plaza Venice\" \/>\n<meta property=\"og:description\" content=\"Ger\u00e4umige Zimmer in denen sich Komfort und Eleganz zu einer Atmosph\u00e4re der Entspannung vereinen und zu einer Pause w\u00e4hrend Ihres Aufenthalts einladen. Erfahren Sie mehr!\" \/>\n<meta property=\"og:url\" content=\"https:\/\/www.cpvenice.com\/de\/zimmer-und-suiten\/standard-zimmer\/\" \/>\n<meta property=\"og:site_name\" content=\"Crowne Plaza Venice East\" \/>\n<meta property=\"article:modified_time\" content=\"2024-05-07T09:28:25+00:00\" \/>\n<meta property=\"og:image\" content=\"https:\/\/www.cpvenice.com\/wp-content\/uploads\/sites\/365\/2021\/12\/Crowne-Plaza-Venice-East-Rooms-Standard-Room-King-Accessible-bed.jpg\" \/>\n\t<meta property=\"og:image:width\" content=\"2200\" \/>\n\t<meta property=\"og:image:height\" content=\"1200\" \/>\n\t<meta property=\"og:image:type\" content=\"image\/jpeg\" \/>\n<meta name=\"twitter:card\" content=\"summary_large_image\" \/>\n<meta name=\"twitter:label1\" content=\"Gesch\u00e4tzte Lesezeit\" \/>\n\t<meta name=\"twitter:data1\" content=\"1 Minute\" \/>\n<script type=\"application\/ld+json\" class=\"yoast-schema-graph\">{\"@context\":\"https:\/\/schema.org\",\"@graph\":[{\"@type\":\"WebPage\",\"@id\":\"https:\/\/www.cpvenice.com\/de\/zimmer-und-suiten\/standard-zimmer\/\",\"url\":\"https:\/\/www.cpvenice.com\/de\/zimmer-und-suiten\/standard-zimmer\/\",\"name\":\"Standard-Zimmer | Crowne Plaza Venice\",\"isPartOf\":{\"@id\":\"https:\/\/www.cpvenice.com\/de\/#website\"},\"datePublished\":\"2021-10-13T15:36:55+00:00\",\"dateModified\":\"2024-05-07T09:28:25+00:00\",\"description\":\"Ger\u00e4umige Zimmer in denen sich Komfort und Eleganz zu einer Atmosph\u00e4re der Entspannung vereinen und zu einer Pause w\u00e4hrend Ihres Aufenthalts einladen. Erfahren Sie mehr!\",\"breadcrumb\":{\"@id\":\"https:\/\/www.cpvenice.com\/de\/zimmer-und-suiten\/standard-zimmer\/#breadcrumb\"},\"inLanguage\":\"de-DE\",\"potentialAction\":[{\"@type\":\"ReadAction\",\"target\":[\"https:\/\/www.cpvenice.com\/de\/zimmer-und-suiten\/standard-zimmer\/\"]}]},{\"@type\":\"BreadcrumbList\",\"@id\":\"https:\/\/www.cpvenice.com\/de\/zimmer-und-suiten\/standard-zimmer\/#breadcrumb\",\"itemListElement\":[{\"@type\":\"ListItem\",\"position\":1,\"name\":\"Home\",\"item\":\"https:\/\/www.cpvenice.com\/de\/\"},{\"@type\":\"ListItem\",\"position\":2,\"name\":\"Zimmer und Suiten\",\"item\":\"https:\/\/www.cpvenice.com\/de\/zimmer-und-suiten\/\"},{\"@type\":\"ListItem\",\"position\":3,\"name\":\"Standard-Zimmer\"}]},{\"@type\":\"WebSite\",\"@id\":\"https:\/\/www.cpvenice.com\/de\/#website\",\"url\":\"https:\/\/www.cpvenice.com\/de\/\",\"name\":\"Crowne Plaza Venice East\",\"description\":\"Just another ms.decms.eu site\",\"potentialAction\":[{\"@type\":\"SearchAction\",\"target\":{\"@type\":\"EntryPoint\",\"urlTemplate\":\"https:\/\/www.cpvenice.com\/de\/?s={search_term_string}\"},\"query-input\":{\"@type\":\"PropertyValueSpecification\",\"valueRequired\":true,\"valueName\":\"search_term_string\"}}],\"inLanguage\":\"de-DE\"}]}<\/script>\n<!-- \/ Yoast SEO plugin. -->","yoast_head_json":{"title":"Standard-Zimmer | Crowne Plaza Venice","description":"Ger\u00e4umige Zimmer in denen sich Komfort und Eleganz zu einer Atmosph\u00e4re der Entspannung vereinen und zu einer Pause w\u00e4hrend Ihres Aufenthalts einladen. Erfahren Sie mehr!","robots":{"index":"index","follow":"follow","max-snippet":"max-snippet:-1","max-image-preview":"max-image-preview:large","max-video-preview":"max-video-preview:-1"},"canonical":"https:\/\/www.cpvenice.com\/de\/zimmer-und-suiten\/standard-zimmer\/","og_locale":"de_DE","og_type":"article","og_title":"Standard-Zimmer | Crowne Plaza Venice","og_description":"Ger\u00e4umige Zimmer in denen sich Komfort und Eleganz zu einer Atmosph\u00e4re der Entspannung vereinen und zu einer Pause w\u00e4hrend Ihres Aufenthalts einladen. Erfahren Sie mehr!","og_url":"https:\/\/www.cpvenice.com\/de\/zimmer-und-suiten\/standard-zimmer\/","og_site_name":"Crowne Plaza Venice East","article_modified_time":"2024-05-07T09:28:25+00:00","og_image":[{"width":2200,"height":1200,"url":"https:\/\/www.cpvenice.com\/wp-content\/uploads\/sites\/365\/2021\/12\/Crowne-Plaza-Venice-East-Rooms-Standard-Room-King-Accessible-bed.jpg","type":"image\/jpeg"}],"twitter_card":"summary_large_image","twitter_misc":{"Gesch\u00e4tzte Lesezeit":"1 Minute"},"schema":{"@context":"https:\/\/schema.org","@graph":[{"@type":"WebPage","@id":"https:\/\/www.cpvenice.com\/de\/zimmer-und-suiten\/standard-zimmer\/","url":"https:\/\/www.cpvenice.com\/de\/zimmer-und-suiten\/standard-zimmer\/","name":"Standard-Zimmer | Crowne Plaza Venice","isPartOf":{"@id":"https:\/\/www.cpvenice.com\/de\/#website"},"datePublished":"2021-10-13T15:36:55+00:00","dateModified":"2024-05-07T09:28:25+00:00","description":"Ger\u00e4umige Zimmer in denen sich Komfort und Eleganz zu einer Atmosph\u00e4re der Entspannung vereinen und zu einer Pause w\u00e4hrend Ihres Aufenthalts einladen. Erfahren Sie mehr!","breadcrumb":{"@id":"https:\/\/www.cpvenice.com\/de\/zimmer-und-suiten\/standard-zimmer\/#breadcrumb"},"inLanguage":"de-DE","potentialAction":[{"@type":"ReadAction","target":["https:\/\/www.cpvenice.com\/de\/zimmer-und-suiten\/standard-zimmer\/"]}]},{"@type":"BreadcrumbList","@id":"https:\/\/www.cpvenice.com\/de\/zimmer-und-suiten\/standard-zimmer\/#breadcrumb","itemListElement":[{"@type":"ListItem","position":1,"name":"Home","item":"https:\/\/www.cpvenice.com\/de\/"},{"@type":"ListItem","position":2,"name":"Zimmer und Suiten","item":"https:\/\/www.cpvenice.com\/de\/zimmer-und-suiten\/"},{"@type":"ListItem","position":3,"name":"Standard-Zimmer"}]},{"@type":"WebSite","@id":"https:\/\/www.cpvenice.com\/de\/#website","url":"https:\/\/www.cpvenice.com\/de\/","name":"Crowne Plaza Venice East","description":"Just another ms.decms.eu site","potentialAction":[{"@type":"SearchAction","target":{"@type":"EntryPoint","urlTemplate":"https:\/\/www.cpvenice.com\/de\/?s={search_term_string}"},"query-input":{"@type":"PropertyValueSpecification","valueRequired":true,"valueName":"search_term_string"}}],"inLanguage":"de-DE"}]}},"acf":[],"_links":{"self":[{"href":"https:\/\/www.cpvenice.com\/de\/wp-json\/wp\/v2\/pages\/833","targetHints":{"allow":["GET"]}}],"collection":[{"href":"https:\/\/www.cpvenice.com\/de\/wp-json\/wp\/v2\/pages"}],"about":[{"href":"https:\/\/www.cpvenice.com\/de\/wp-json\/wp\/v2\/types\/page"}],"author":[{"embeddable":true,"href":"https:\/\/www.cpvenice.com\/de\/wp-json\/wp\/v2\/users\/36"}],"replies":[{"embeddable":true,"href":"https:\/\/www.cpvenice.com\/de\/wp-json\/wp\/v2\/comments?post=833"}],"version-history":[{"count":0,"href":"https:\/\/www.cpvenice.com\/de\/wp-json\/wp\/v2\/pages\/833\/revisions"}],"up":[{"embeddable":true,"href":"https:\/\/www.cpvenice.com\/de\/wp-json\/wp\/v2\/pages\/831"}],"wp:attachment":[{"href":"https:\/\/www.cpvenice.com\/de\/wp-json\/wp\/v2\/media?parent=833"}],"curies":[{"name":"wp","href":"https:\/\/api.w.org\/{rel}","templated":true}]}}