{"id":835,"date":"2021-10-14T08:46:49","date_gmt":"2021-10-14T08:46:49","guid":{"rendered":"https:\/\/www.cpvenice.com\/zimmer-und-suiten\/camere-premium\/"},"modified":"2024-05-07T09:28:30","modified_gmt":"2024-05-07T09:28:30","slug":"premium-zimmer","status":"publish","type":"page","link":"https:\/\/www.cpvenice.com\/de\/zimmer-und-suiten\/premium-zimmer\/","title":{"rendered":"Premium-Zimmer"},"content":{"rendered":"<p>Planen Sie eine Reise nach Venedig &#8211; Quarto d&#8217;Altino? Entscheiden Sie sich f\u00fcr einen Aufenthalt ohne Kompromisse und w\u00e4hlen Sie die <strong>ger\u00e4umigen Premium-Zimmer<\/strong> im 4-Sterne-Hotel Crowne Plaza Venice East. Dank der <strong>Fl\u00e4che von 35 qm<\/strong> und komfortablen <strong>Kingsize-Betten<\/strong> bieten diese Zimmer einen Aufenthalt im Zeichen des Wohlbefindens.<\/p>\n","protected":false},"excerpt":{"rendered":"<p>Planen Sie eine Reise nach Venedig &#8211; Quarto d&#8217;Altino? Entscheiden Sie sich f\u00fcr einen Aufenthalt ohne Kompromisse und w\u00e4hlen Sie die ger\u00e4umigen Premium-Zimmer im 4-Sterne-Hotel Crowne Plaza Venice East. Dank der Fl\u00e4che von 35 qm und komfortablen Kingsize-Betten bieten diese Zimmer einen Aufenthalt im Zeichen des Wohlbefindens.<\/p>\n","protected":false},"author":36,"featured_media":0,"parent":831,"menu_order":10,"comment_status":"closed","ping_status":"closed","template":"template-single-room.php","meta":{"footnotes":""},"class_list":["post-835","page","type-page","status-publish","hentry"],"yoast_head":"<!-- This site is optimized with the Yoast SEO plugin v26.9 - https:\/\/yoast.com\/product\/yoast-seo-wordpress\/ -->\n<title>Ger\u00e4umige Premium-Zimmer | Crowne Plaza Venice<\/title>\n<meta name=\"description\" content=\"W\u00e4hlen Sie die Premium-Zimmer im Hotel Crowne Plaza Venice East. G\u00f6nnen Sie sich einen angenehmen Aufenthalt in unserem Hotel in der N\u00e4he des Flughafens Venedig.\" \/>\n<meta name=\"robots\" content=\"index, follow, max-snippet:-1, max-image-preview:large, max-video-preview:-1\" \/>\n<link rel=\"canonical\" href=\"https:\/\/www.cpvenice.com\/de\/zimmer-und-suiten\/premium-zimmer\/\" \/>\n<meta property=\"og:locale\" content=\"de_DE\" \/>\n<meta property=\"og:type\" content=\"article\" \/>\n<meta property=\"og:title\" content=\"Ger\u00e4umige Premium-Zimmer | Crowne Plaza Venice\" \/>\n<meta property=\"og:description\" content=\"W\u00e4hlen Sie die Premium-Zimmer im Hotel Crowne Plaza Venice East. G\u00f6nnen Sie sich einen angenehmen Aufenthalt in unserem Hotel in der N\u00e4he des Flughafens Venedig.\" \/>\n<meta property=\"og:url\" content=\"https:\/\/www.cpvenice.com\/de\/zimmer-und-suiten\/premium-zimmer\/\" \/>\n<meta property=\"og:site_name\" content=\"Crowne Plaza Venice East\" \/>\n<meta property=\"article:modified_time\" content=\"2024-05-07T09:28:30+00:00\" \/>\n<meta property=\"og:image\" content=\"https:\/\/www.cpvenice.com\/wp-content\/uploads\/sites\/365\/2021\/12\/Crowne-Plaza-Venice-East-Rooms-Standard-Room-King-Accessible-bed.jpg\" \/>\n\t<meta property=\"og:image:width\" content=\"2200\" \/>\n\t<meta property=\"og:image:height\" content=\"1200\" \/>\n\t<meta property=\"og:image:type\" content=\"image\/jpeg\" \/>\n<meta name=\"twitter:card\" content=\"summary_large_image\" \/>\n<meta name=\"twitter:label1\" content=\"Gesch\u00e4tzte Lesezeit\" \/>\n\t<meta name=\"twitter:data1\" content=\"1 Minute\" \/>\n<script type=\"application\/ld+json\" class=\"yoast-schema-graph\">{\"@context\":\"https:\/\/schema.org\",\"@graph\":[{\"@type\":\"WebPage\",\"@id\":\"https:\/\/www.cpvenice.com\/de\/zimmer-und-suiten\/premium-zimmer\/\",\"url\":\"https:\/\/www.cpvenice.com\/de\/zimmer-und-suiten\/premium-zimmer\/\",\"name\":\"Ger\u00e4umige Premium-Zimmer | Crowne Plaza Venice\",\"isPartOf\":{\"@id\":\"https:\/\/www.cpvenice.com\/de\/#website\"},\"datePublished\":\"2021-10-14T08:46:49+00:00\",\"dateModified\":\"2024-05-07T09:28:30+00:00\",\"description\":\"W\u00e4hlen Sie die Premium-Zimmer im Hotel Crowne Plaza Venice East. G\u00f6nnen Sie sich einen angenehmen Aufenthalt in unserem Hotel in der N\u00e4he des Flughafens Venedig.\",\"breadcrumb\":{\"@id\":\"https:\/\/www.cpvenice.com\/de\/zimmer-und-suiten\/premium-zimmer\/#breadcrumb\"},\"inLanguage\":\"de-DE\",\"potentialAction\":[{\"@type\":\"ReadAction\",\"target\":[\"https:\/\/www.cpvenice.com\/de\/zimmer-und-suiten\/premium-zimmer\/\"]}]},{\"@type\":\"BreadcrumbList\",\"@id\":\"https:\/\/www.cpvenice.com\/de\/zimmer-und-suiten\/premium-zimmer\/#breadcrumb\",\"itemListElement\":[{\"@type\":\"ListItem\",\"position\":1,\"name\":\"Home\",\"item\":\"https:\/\/www.cpvenice.com\/de\/\"},{\"@type\":\"ListItem\",\"position\":2,\"name\":\"Zimmer und Suiten\",\"item\":\"https:\/\/www.cpvenice.com\/de\/zimmer-und-suiten\/\"},{\"@type\":\"ListItem\",\"position\":3,\"name\":\"Premium-Zimmer\"}]},{\"@type\":\"WebSite\",\"@id\":\"https:\/\/www.cpvenice.com\/de\/#website\",\"url\":\"https:\/\/www.cpvenice.com\/de\/\",\"name\":\"Crowne Plaza Venice East\",\"description\":\"Just another ms.decms.eu site\",\"potentialAction\":[{\"@type\":\"SearchAction\",\"target\":{\"@type\":\"EntryPoint\",\"urlTemplate\":\"https:\/\/www.cpvenice.com\/de\/?s={search_term_string}\"},\"query-input\":{\"@type\":\"PropertyValueSpecification\",\"valueRequired\":true,\"valueName\":\"search_term_string\"}}],\"inLanguage\":\"de-DE\"}]}<\/script>\n<!-- \/ Yoast SEO plugin. -->","yoast_head_json":{"title":"Ger\u00e4umige Premium-Zimmer | Crowne Plaza Venice","description":"W\u00e4hlen Sie die Premium-Zimmer im Hotel Crowne Plaza Venice East. G\u00f6nnen Sie sich einen angenehmen Aufenthalt in unserem Hotel in der N\u00e4he des Flughafens Venedig.","robots":{"index":"index","follow":"follow","max-snippet":"max-snippet:-1","max-image-preview":"max-image-preview:large","max-video-preview":"max-video-preview:-1"},"canonical":"https:\/\/www.cpvenice.com\/de\/zimmer-und-suiten\/premium-zimmer\/","og_locale":"de_DE","og_type":"article","og_title":"Ger\u00e4umige Premium-Zimmer | Crowne Plaza Venice","og_description":"W\u00e4hlen Sie die Premium-Zimmer im Hotel Crowne Plaza Venice East. G\u00f6nnen Sie sich einen angenehmen Aufenthalt in unserem Hotel in der N\u00e4he des Flughafens Venedig.","og_url":"https:\/\/www.cpvenice.com\/de\/zimmer-und-suiten\/premium-zimmer\/","og_site_name":"Crowne Plaza Venice East","article_modified_time":"2024-05-07T09:28:30+00:00","og_image":[{"width":2200,"height":1200,"url":"https:\/\/www.cpvenice.com\/wp-content\/uploads\/sites\/365\/2021\/12\/Crowne-Plaza-Venice-East-Rooms-Standard-Room-King-Accessible-bed.jpg","type":"image\/jpeg"}],"twitter_card":"summary_large_image","twitter_misc":{"Gesch\u00e4tzte Lesezeit":"1 Minute"},"schema":{"@context":"https:\/\/schema.org","@graph":[{"@type":"WebPage","@id":"https:\/\/www.cpvenice.com\/de\/zimmer-und-suiten\/premium-zimmer\/","url":"https:\/\/www.cpvenice.com\/de\/zimmer-und-suiten\/premium-zimmer\/","name":"Ger\u00e4umige Premium-Zimmer | Crowne Plaza Venice","isPartOf":{"@id":"https:\/\/www.cpvenice.com\/de\/#website"},"datePublished":"2021-10-14T08:46:49+00:00","dateModified":"2024-05-07T09:28:30+00:00","description":"W\u00e4hlen Sie die Premium-Zimmer im Hotel Crowne Plaza Venice East. G\u00f6nnen Sie sich einen angenehmen Aufenthalt in unserem Hotel in der N\u00e4he des Flughafens Venedig.","breadcrumb":{"@id":"https:\/\/www.cpvenice.com\/de\/zimmer-und-suiten\/premium-zimmer\/#breadcrumb"},"inLanguage":"de-DE","potentialAction":[{"@type":"ReadAction","target":["https:\/\/www.cpvenice.com\/de\/zimmer-und-suiten\/premium-zimmer\/"]}]},{"@type":"BreadcrumbList","@id":"https:\/\/www.cpvenice.com\/de\/zimmer-und-suiten\/premium-zimmer\/#breadcrumb","itemListElement":[{"@type":"ListItem","position":1,"name":"Home","item":"https:\/\/www.cpvenice.com\/de\/"},{"@type":"ListItem","position":2,"name":"Zimmer und Suiten","item":"https:\/\/www.cpvenice.com\/de\/zimmer-und-suiten\/"},{"@type":"ListItem","position":3,"name":"Premium-Zimmer"}]},{"@type":"WebSite","@id":"https:\/\/www.cpvenice.com\/de\/#website","url":"https:\/\/www.cpvenice.com\/de\/","name":"Crowne Plaza Venice East","description":"Just another ms.decms.eu site","potentialAction":[{"@type":"SearchAction","target":{"@type":"EntryPoint","urlTemplate":"https:\/\/www.cpvenice.com\/de\/?s={search_term_string}"},"query-input":{"@type":"PropertyValueSpecification","valueRequired":true,"valueName":"search_term_string"}}],"inLanguage":"de-DE"}]}},"acf":[],"_links":{"self":[{"href":"https:\/\/www.cpvenice.com\/de\/wp-json\/wp\/v2\/pages\/835","targetHints":{"allow":["GET"]}}],"collection":[{"href":"https:\/\/www.cpvenice.com\/de\/wp-json\/wp\/v2\/pages"}],"about":[{"href":"https:\/\/www.cpvenice.com\/de\/wp-json\/wp\/v2\/types\/page"}],"author":[{"embeddable":true,"href":"https:\/\/www.cpvenice.com\/de\/wp-json\/wp\/v2\/users\/36"}],"replies":[{"embeddable":true,"href":"https:\/\/www.cpvenice.com\/de\/wp-json\/wp\/v2\/comments?post=835"}],"version-history":[{"count":0,"href":"https:\/\/www.cpvenice.com\/de\/wp-json\/wp\/v2\/pages\/835\/revisions"}],"up":[{"embeddable":true,"href":"https:\/\/www.cpvenice.com\/de\/wp-json\/wp\/v2\/pages\/831"}],"wp:attachment":[{"href":"https:\/\/www.cpvenice.com\/de\/wp-json\/wp\/v2\/media?parent=835"}],"curies":[{"name":"wp","href":"https:\/\/api.w.org\/{rel}","templated":true}]}}