{"id":837,"date":"2021-10-14T08:59:05","date_gmt":"2021-10-14T08:59:05","guid":{"rendered":"https:\/\/www.cpvenice.com\/zimmer-und-suiten\/camere-family\/"},"modified":"2024-05-07T09:28:33","modified_gmt":"2024-05-07T09:28:33","slug":"family-zimmer","status":"publish","type":"page","link":"https:\/\/www.cpvenice.com\/de\/zimmer-und-suiten\/family-zimmer\/","title":{"rendered":"Family-Zimmer"},"content":{"rendered":"<p>Eine Reise mit der Familie sollte eine Zeit sein, in der alle ein Zusammensein ohne Sorgen genie\u00dfen k\u00f6nnen. Aus diesem Grund bietet das 4-Sterne-Hotel Crowne Plaza Venice East Zimmer an, die speziell f\u00fcr Reisende mit Familie und\/oder Freunden konzipiert wurden: die Family-Zimmer! Eine gro\u00dfz\u00fcgige <strong>Fl\u00e4che von 27-35 qm<\/strong> und <strong>2 verschiedenen verf\u00fcgbaren Konfigurationen<\/strong> stehen zur Auswahl, um Ihre Reise und die Ihrer Mitreisenden wirklich unvergesslich zu machen:<\/p>\n<p>W\u00e4hlen Sie aus unseren Family-Zimmern die perfekte L\u00f6sung:<\/p>\n<ul>\n<li>35 qm-Zimmer mit 1 Kingsize-Bett und 2 Einzelbetten | maximale Belegung 4 Personen<\/li>\n<li>2 miteinander verbundene Zimmer von je 27 qm, eines mit 1 Kingsize-Bett und das andere mit 2 Einzelbetten, beide mit eigenem Bad | maximale Belegung 5 Personen<\/li>\n<\/ul>\n","protected":false},"excerpt":{"rendered":"<p>Eine Reise mit der Familie sollte eine Zeit sein, in der alle ein Zusammensein ohne Sorgen genie\u00dfen k\u00f6nnen. Aus diesem Grund bietet das 4-Sterne-Hotel Crowne Plaza Venice East Zimmer an, die speziell f\u00fcr Reisende mit Familie und\/oder Freunden konzipiert wurden: die Family-Zimmer! Eine gro\u00dfz\u00fcgige Fl\u00e4che von 27-35 qm und 2 verschiedenen verf\u00fcgbaren Konfigurationen stehen zur [&hellip;]<\/p>\n","protected":false},"author":36,"featured_media":0,"parent":831,"menu_order":15,"comment_status":"closed","ping_status":"closed","template":"template-single-room.php","meta":{"footnotes":""},"class_list":["post-837","page","type-page","status-publish","hentry"],"yoast_head":"<!-- This site is optimized with the Yoast SEO plugin v26.9 - https:\/\/yoast.com\/product\/yoast-seo-wordpress\/ -->\n<title>Family-Zimmer: Paare mit Kindern | Crowne Plaza Venice<\/title>\n<meta name=\"description\" content=\"W\u00e4hlen Sie f\u00fcr Ihren n\u00e4chsten Familienaufenthalt unsere komfortablen Family-Zimmer mit exklusiven Annehmlichkeiten. Das Hotel Crowne Plaza Venezia wartet auf Sie!\" \/>\n<meta name=\"robots\" content=\"index, follow, max-snippet:-1, max-image-preview:large, max-video-preview:-1\" \/>\n<link rel=\"canonical\" href=\"https:\/\/www.cpvenice.com\/de\/zimmer-und-suiten\/family-zimmer\/\" \/>\n<meta property=\"og:locale\" content=\"de_DE\" \/>\n<meta property=\"og:type\" content=\"article\" \/>\n<meta property=\"og:title\" content=\"Family-Zimmer: Paare mit Kindern | Crowne Plaza Venice\" \/>\n<meta property=\"og:description\" content=\"W\u00e4hlen Sie f\u00fcr Ihren n\u00e4chsten Familienaufenthalt unsere komfortablen Family-Zimmer mit exklusiven Annehmlichkeiten. Das Hotel Crowne Plaza Venezia wartet auf Sie!\" \/>\n<meta property=\"og:url\" content=\"https:\/\/www.cpvenice.com\/de\/zimmer-und-suiten\/family-zimmer\/\" \/>\n<meta property=\"og:site_name\" content=\"Crowne Plaza Venice East\" \/>\n<meta property=\"article:modified_time\" content=\"2024-05-07T09:28:33+00:00\" \/>\n<meta property=\"og:image\" content=\"https:\/\/www.cpvenice.com\/wp-content\/uploads\/sites\/365\/2021\/12\/Crowne-Plaza-Venice-East-Rooms-Standard-Room-King-Accessible-bed.jpg\" \/>\n\t<meta property=\"og:image:width\" content=\"2200\" \/>\n\t<meta property=\"og:image:height\" content=\"1200\" \/>\n\t<meta property=\"og:image:type\" content=\"image\/jpeg\" \/>\n<meta name=\"twitter:card\" content=\"summary_large_image\" \/>\n<meta name=\"twitter:label1\" content=\"Gesch\u00e4tzte Lesezeit\" \/>\n\t<meta name=\"twitter:data1\" content=\"1 Minute\" \/>\n<script type=\"application\/ld+json\" class=\"yoast-schema-graph\">{\"@context\":\"https:\/\/schema.org\",\"@graph\":[{\"@type\":\"WebPage\",\"@id\":\"https:\/\/www.cpvenice.com\/de\/zimmer-und-suiten\/family-zimmer\/\",\"url\":\"https:\/\/www.cpvenice.com\/de\/zimmer-und-suiten\/family-zimmer\/\",\"name\":\"Family-Zimmer: Paare mit Kindern | Crowne Plaza Venice\",\"isPartOf\":{\"@id\":\"https:\/\/www.cpvenice.com\/de\/#website\"},\"datePublished\":\"2021-10-14T08:59:05+00:00\",\"dateModified\":\"2024-05-07T09:28:33+00:00\",\"description\":\"W\u00e4hlen Sie f\u00fcr Ihren n\u00e4chsten Familienaufenthalt unsere komfortablen Family-Zimmer mit exklusiven Annehmlichkeiten. Das Hotel Crowne Plaza Venezia wartet auf Sie!\",\"breadcrumb\":{\"@id\":\"https:\/\/www.cpvenice.com\/de\/zimmer-und-suiten\/family-zimmer\/#breadcrumb\"},\"inLanguage\":\"de-DE\",\"potentialAction\":[{\"@type\":\"ReadAction\",\"target\":[\"https:\/\/www.cpvenice.com\/de\/zimmer-und-suiten\/family-zimmer\/\"]}]},{\"@type\":\"BreadcrumbList\",\"@id\":\"https:\/\/www.cpvenice.com\/de\/zimmer-und-suiten\/family-zimmer\/#breadcrumb\",\"itemListElement\":[{\"@type\":\"ListItem\",\"position\":1,\"name\":\"Home\",\"item\":\"https:\/\/www.cpvenice.com\/de\/\"},{\"@type\":\"ListItem\",\"position\":2,\"name\":\"Zimmer und Suiten\",\"item\":\"https:\/\/www.cpvenice.com\/de\/zimmer-und-suiten\/\"},{\"@type\":\"ListItem\",\"position\":3,\"name\":\"Family-Zimmer\"}]},{\"@type\":\"WebSite\",\"@id\":\"https:\/\/www.cpvenice.com\/de\/#website\",\"url\":\"https:\/\/www.cpvenice.com\/de\/\",\"name\":\"Crowne Plaza Venice East\",\"description\":\"Just another ms.decms.eu site\",\"potentialAction\":[{\"@type\":\"SearchAction\",\"target\":{\"@type\":\"EntryPoint\",\"urlTemplate\":\"https:\/\/www.cpvenice.com\/de\/?s={search_term_string}\"},\"query-input\":{\"@type\":\"PropertyValueSpecification\",\"valueRequired\":true,\"valueName\":\"search_term_string\"}}],\"inLanguage\":\"de-DE\"}]}<\/script>\n<!-- \/ Yoast SEO plugin. -->","yoast_head_json":{"title":"Family-Zimmer: Paare mit Kindern | Crowne Plaza Venice","description":"W\u00e4hlen Sie f\u00fcr Ihren n\u00e4chsten Familienaufenthalt unsere komfortablen Family-Zimmer mit exklusiven Annehmlichkeiten. Das Hotel Crowne Plaza Venezia wartet auf Sie!","robots":{"index":"index","follow":"follow","max-snippet":"max-snippet:-1","max-image-preview":"max-image-preview:large","max-video-preview":"max-video-preview:-1"},"canonical":"https:\/\/www.cpvenice.com\/de\/zimmer-und-suiten\/family-zimmer\/","og_locale":"de_DE","og_type":"article","og_title":"Family-Zimmer: Paare mit Kindern | Crowne Plaza Venice","og_description":"W\u00e4hlen Sie f\u00fcr Ihren n\u00e4chsten Familienaufenthalt unsere komfortablen Family-Zimmer mit exklusiven Annehmlichkeiten. Das Hotel Crowne Plaza Venezia wartet auf Sie!","og_url":"https:\/\/www.cpvenice.com\/de\/zimmer-und-suiten\/family-zimmer\/","og_site_name":"Crowne Plaza Venice East","article_modified_time":"2024-05-07T09:28:33+00:00","og_image":[{"width":2200,"height":1200,"url":"https:\/\/www.cpvenice.com\/wp-content\/uploads\/sites\/365\/2021\/12\/Crowne-Plaza-Venice-East-Rooms-Standard-Room-King-Accessible-bed.jpg","type":"image\/jpeg"}],"twitter_card":"summary_large_image","twitter_misc":{"Gesch\u00e4tzte Lesezeit":"1 Minute"},"schema":{"@context":"https:\/\/schema.org","@graph":[{"@type":"WebPage","@id":"https:\/\/www.cpvenice.com\/de\/zimmer-und-suiten\/family-zimmer\/","url":"https:\/\/www.cpvenice.com\/de\/zimmer-und-suiten\/family-zimmer\/","name":"Family-Zimmer: Paare mit Kindern | Crowne Plaza Venice","isPartOf":{"@id":"https:\/\/www.cpvenice.com\/de\/#website"},"datePublished":"2021-10-14T08:59:05+00:00","dateModified":"2024-05-07T09:28:33+00:00","description":"W\u00e4hlen Sie f\u00fcr Ihren n\u00e4chsten Familienaufenthalt unsere komfortablen Family-Zimmer mit exklusiven Annehmlichkeiten. Das Hotel Crowne Plaza Venezia wartet auf Sie!","breadcrumb":{"@id":"https:\/\/www.cpvenice.com\/de\/zimmer-und-suiten\/family-zimmer\/#breadcrumb"},"inLanguage":"de-DE","potentialAction":[{"@type":"ReadAction","target":["https:\/\/www.cpvenice.com\/de\/zimmer-und-suiten\/family-zimmer\/"]}]},{"@type":"BreadcrumbList","@id":"https:\/\/www.cpvenice.com\/de\/zimmer-und-suiten\/family-zimmer\/#breadcrumb","itemListElement":[{"@type":"ListItem","position":1,"name":"Home","item":"https:\/\/www.cpvenice.com\/de\/"},{"@type":"ListItem","position":2,"name":"Zimmer und Suiten","item":"https:\/\/www.cpvenice.com\/de\/zimmer-und-suiten\/"},{"@type":"ListItem","position":3,"name":"Family-Zimmer"}]},{"@type":"WebSite","@id":"https:\/\/www.cpvenice.com\/de\/#website","url":"https:\/\/www.cpvenice.com\/de\/","name":"Crowne Plaza Venice East","description":"Just another ms.decms.eu site","potentialAction":[{"@type":"SearchAction","target":{"@type":"EntryPoint","urlTemplate":"https:\/\/www.cpvenice.com\/de\/?s={search_term_string}"},"query-input":{"@type":"PropertyValueSpecification","valueRequired":true,"valueName":"search_term_string"}}],"inLanguage":"de-DE"}]}},"acf":[],"_links":{"self":[{"href":"https:\/\/www.cpvenice.com\/de\/wp-json\/wp\/v2\/pages\/837","targetHints":{"allow":["GET"]}}],"collection":[{"href":"https:\/\/www.cpvenice.com\/de\/wp-json\/wp\/v2\/pages"}],"about":[{"href":"https:\/\/www.cpvenice.com\/de\/wp-json\/wp\/v2\/types\/page"}],"author":[{"embeddable":true,"href":"https:\/\/www.cpvenice.com\/de\/wp-json\/wp\/v2\/users\/36"}],"replies":[{"embeddable":true,"href":"https:\/\/www.cpvenice.com\/de\/wp-json\/wp\/v2\/comments?post=837"}],"version-history":[{"count":0,"href":"https:\/\/www.cpvenice.com\/de\/wp-json\/wp\/v2\/pages\/837\/revisions"}],"up":[{"embeddable":true,"href":"https:\/\/www.cpvenice.com\/de\/wp-json\/wp\/v2\/pages\/831"}],"wp:attachment":[{"href":"https:\/\/www.cpvenice.com\/de\/wp-json\/wp\/v2\/media?parent=837"}],"curies":[{"name":"wp","href":"https:\/\/api.w.org\/{rel}","templated":true}]}}