{"id":839,"date":"2021-10-15T09:46:51","date_gmt":"2021-10-15T09:46:51","guid":{"rendered":"https:\/\/www.cpvenice.com\/zimmer-und-suiten\/suite\/"},"modified":"2024-05-07T09:32:39","modified_gmt":"2024-05-07T09:32:39","slug":"suite","status":"publish","type":"page","link":"https:\/\/www.cpvenice.com\/de\/zimmer-und-suiten\/suite\/","title":{"rendered":"Suite"},"content":{"rendered":"<p>Wenn Sie f\u00fcr Ihren n\u00e4chsten Aufenthalt in Venedig &#8211; Quarto d&#8217;Altino eine L\u00f6sung suchen, die Eleganz, Raum und Komfort vereint, w\u00e4hlen Sie die ger\u00e4umigen und raffinierten <strong>Family Suites<\/strong> des 4-Sterne-Hotels Crowne Plaza Venice East. Eine <strong>Fl\u00e4che von 54 qm<\/strong>, aufgeteilt in <strong>mehrere Bereiche<\/strong>, die mit einem bequemen <strong>Kingsize-Bett<\/strong>, einem <strong>2-Sitzer-Schlafsofa<\/strong> und einem <strong>1-Sitzer-Schlafsessel<\/strong> ausgestattet sind: Diese Zimmer sind ideal f\u00fcr romantische Aufenthalte, aber auch f\u00fcr Familien oder Freunde, die einen gemeinsamen Aufenthalt genie\u00dfen m\u00f6chten, wobei jedem sein eigener Bereich zur Verf\u00fcgung steht.<\/p>\n","protected":false},"excerpt":{"rendered":"<p>Wenn Sie f\u00fcr Ihren n\u00e4chsten Aufenthalt in Venedig &#8211; Quarto d&#8217;Altino eine L\u00f6sung suchen, die Eleganz, Raum und Komfort vereint, w\u00e4hlen Sie die ger\u00e4umigen und raffinierten Family Suites des 4-Sterne-Hotels Crowne Plaza Venice East. Eine Fl\u00e4che von 54 qm, aufgeteilt in mehrere Bereiche, die mit einem bequemen Kingsize-Bett, einem 2-Sitzer-Schlafsofa und einem 1-Sitzer-Schlafsessel ausgestattet sind: [&hellip;]<\/p>\n","protected":false},"author":36,"featured_media":0,"parent":831,"menu_order":20,"comment_status":"closed","ping_status":"closed","template":"template-single-room.php","meta":{"footnotes":""},"class_list":["post-839","page","type-page","status-publish","hentry"],"yoast_head":"<!-- This site is optimized with the Yoast SEO plugin v26.9 - https:\/\/yoast.com\/product\/yoast-seo-wordpress\/ -->\n<title>Luxuri\u00f6se Suiten mit Wohnbereich | Crowne Plaza Venice<\/title>\n<meta name=\"description\" content=\"Genie\u00dfen Sie einen fabelhaften Aufenthalt in Luxus und Komfort, unsere Suiten sind bereit, Sie zu empfangen. Besuchen Sie uns im Crowne Plaza Venezia.\" \/>\n<meta name=\"robots\" content=\"index, follow, max-snippet:-1, max-image-preview:large, max-video-preview:-1\" \/>\n<link rel=\"canonical\" href=\"https:\/\/www.cpvenice.com\/de\/zimmer-und-suiten\/suite\/\" \/>\n<meta property=\"og:locale\" content=\"de_DE\" \/>\n<meta property=\"og:type\" content=\"article\" \/>\n<meta property=\"og:title\" content=\"Luxuri\u00f6se Suiten mit Wohnbereich | Crowne Plaza Venice\" \/>\n<meta property=\"og:description\" content=\"Genie\u00dfen Sie einen fabelhaften Aufenthalt in Luxus und Komfort, unsere Suiten sind bereit, Sie zu empfangen. Besuchen Sie uns im Crowne Plaza Venezia.\" \/>\n<meta property=\"og:url\" content=\"https:\/\/www.cpvenice.com\/de\/zimmer-und-suiten\/suite\/\" \/>\n<meta property=\"og:site_name\" content=\"Crowne Plaza Venice East\" \/>\n<meta property=\"article:modified_time\" content=\"2024-05-07T09:32:39+00:00\" \/>\n<meta property=\"og:image\" content=\"https:\/\/www.cpvenice.com\/wp-content\/uploads\/sites\/365\/2021\/12\/Crowne-Plaza-Venice-East-Rooms-Standard-Room-King-Accessible-bed.jpg\" \/>\n\t<meta property=\"og:image:width\" content=\"2200\" \/>\n\t<meta property=\"og:image:height\" content=\"1200\" \/>\n\t<meta property=\"og:image:type\" content=\"image\/jpeg\" \/>\n<meta name=\"twitter:card\" content=\"summary_large_image\" \/>\n<meta name=\"twitter:label1\" content=\"Gesch\u00e4tzte Lesezeit\" \/>\n\t<meta name=\"twitter:data1\" content=\"1 Minute\" \/>\n<script type=\"application\/ld+json\" class=\"yoast-schema-graph\">{\"@context\":\"https:\/\/schema.org\",\"@graph\":[{\"@type\":\"WebPage\",\"@id\":\"https:\/\/www.cpvenice.com\/de\/zimmer-und-suiten\/suite\/\",\"url\":\"https:\/\/www.cpvenice.com\/de\/zimmer-und-suiten\/suite\/\",\"name\":\"Luxuri\u00f6se Suiten mit Wohnbereich | Crowne Plaza Venice\",\"isPartOf\":{\"@id\":\"https:\/\/www.cpvenice.com\/de\/#website\"},\"datePublished\":\"2021-10-15T09:46:51+00:00\",\"dateModified\":\"2024-05-07T09:32:39+00:00\",\"description\":\"Genie\u00dfen Sie einen fabelhaften Aufenthalt in Luxus und Komfort, unsere Suiten sind bereit, Sie zu empfangen. Besuchen Sie uns im Crowne Plaza Venezia.\",\"breadcrumb\":{\"@id\":\"https:\/\/www.cpvenice.com\/de\/zimmer-und-suiten\/suite\/#breadcrumb\"},\"inLanguage\":\"de-DE\",\"potentialAction\":[{\"@type\":\"ReadAction\",\"target\":[\"https:\/\/www.cpvenice.com\/de\/zimmer-und-suiten\/suite\/\"]}]},{\"@type\":\"BreadcrumbList\",\"@id\":\"https:\/\/www.cpvenice.com\/de\/zimmer-und-suiten\/suite\/#breadcrumb\",\"itemListElement\":[{\"@type\":\"ListItem\",\"position\":1,\"name\":\"Home\",\"item\":\"https:\/\/www.cpvenice.com\/de\/\"},{\"@type\":\"ListItem\",\"position\":2,\"name\":\"Zimmer und Suiten\",\"item\":\"https:\/\/www.cpvenice.com\/de\/zimmer-und-suiten\/\"},{\"@type\":\"ListItem\",\"position\":3,\"name\":\"Suite\"}]},{\"@type\":\"WebSite\",\"@id\":\"https:\/\/www.cpvenice.com\/de\/#website\",\"url\":\"https:\/\/www.cpvenice.com\/de\/\",\"name\":\"Crowne Plaza Venice East\",\"description\":\"Just another ms.decms.eu site\",\"potentialAction\":[{\"@type\":\"SearchAction\",\"target\":{\"@type\":\"EntryPoint\",\"urlTemplate\":\"https:\/\/www.cpvenice.com\/de\/?s={search_term_string}\"},\"query-input\":{\"@type\":\"PropertyValueSpecification\",\"valueRequired\":true,\"valueName\":\"search_term_string\"}}],\"inLanguage\":\"de-DE\"}]}<\/script>\n<!-- \/ Yoast SEO plugin. -->","yoast_head_json":{"title":"Luxuri\u00f6se Suiten mit Wohnbereich | Crowne Plaza Venice","description":"Genie\u00dfen Sie einen fabelhaften Aufenthalt in Luxus und Komfort, unsere Suiten sind bereit, Sie zu empfangen. Besuchen Sie uns im Crowne Plaza Venezia.","robots":{"index":"index","follow":"follow","max-snippet":"max-snippet:-1","max-image-preview":"max-image-preview:large","max-video-preview":"max-video-preview:-1"},"canonical":"https:\/\/www.cpvenice.com\/de\/zimmer-und-suiten\/suite\/","og_locale":"de_DE","og_type":"article","og_title":"Luxuri\u00f6se Suiten mit Wohnbereich | Crowne Plaza Venice","og_description":"Genie\u00dfen Sie einen fabelhaften Aufenthalt in Luxus und Komfort, unsere Suiten sind bereit, Sie zu empfangen. Besuchen Sie uns im Crowne Plaza Venezia.","og_url":"https:\/\/www.cpvenice.com\/de\/zimmer-und-suiten\/suite\/","og_site_name":"Crowne Plaza Venice East","article_modified_time":"2024-05-07T09:32:39+00:00","og_image":[{"width":2200,"height":1200,"url":"https:\/\/www.cpvenice.com\/wp-content\/uploads\/sites\/365\/2021\/12\/Crowne-Plaza-Venice-East-Rooms-Standard-Room-King-Accessible-bed.jpg","type":"image\/jpeg"}],"twitter_card":"summary_large_image","twitter_misc":{"Gesch\u00e4tzte Lesezeit":"1 Minute"},"schema":{"@context":"https:\/\/schema.org","@graph":[{"@type":"WebPage","@id":"https:\/\/www.cpvenice.com\/de\/zimmer-und-suiten\/suite\/","url":"https:\/\/www.cpvenice.com\/de\/zimmer-und-suiten\/suite\/","name":"Luxuri\u00f6se Suiten mit Wohnbereich | Crowne Plaza Venice","isPartOf":{"@id":"https:\/\/www.cpvenice.com\/de\/#website"},"datePublished":"2021-10-15T09:46:51+00:00","dateModified":"2024-05-07T09:32:39+00:00","description":"Genie\u00dfen Sie einen fabelhaften Aufenthalt in Luxus und Komfort, unsere Suiten sind bereit, Sie zu empfangen. Besuchen Sie uns im Crowne Plaza Venezia.","breadcrumb":{"@id":"https:\/\/www.cpvenice.com\/de\/zimmer-und-suiten\/suite\/#breadcrumb"},"inLanguage":"de-DE","potentialAction":[{"@type":"ReadAction","target":["https:\/\/www.cpvenice.com\/de\/zimmer-und-suiten\/suite\/"]}]},{"@type":"BreadcrumbList","@id":"https:\/\/www.cpvenice.com\/de\/zimmer-und-suiten\/suite\/#breadcrumb","itemListElement":[{"@type":"ListItem","position":1,"name":"Home","item":"https:\/\/www.cpvenice.com\/de\/"},{"@type":"ListItem","position":2,"name":"Zimmer und Suiten","item":"https:\/\/www.cpvenice.com\/de\/zimmer-und-suiten\/"},{"@type":"ListItem","position":3,"name":"Suite"}]},{"@type":"WebSite","@id":"https:\/\/www.cpvenice.com\/de\/#website","url":"https:\/\/www.cpvenice.com\/de\/","name":"Crowne Plaza Venice East","description":"Just another ms.decms.eu site","potentialAction":[{"@type":"SearchAction","target":{"@type":"EntryPoint","urlTemplate":"https:\/\/www.cpvenice.com\/de\/?s={search_term_string}"},"query-input":{"@type":"PropertyValueSpecification","valueRequired":true,"valueName":"search_term_string"}}],"inLanguage":"de-DE"}]}},"acf":[],"_links":{"self":[{"href":"https:\/\/www.cpvenice.com\/de\/wp-json\/wp\/v2\/pages\/839","targetHints":{"allow":["GET"]}}],"collection":[{"href":"https:\/\/www.cpvenice.com\/de\/wp-json\/wp\/v2\/pages"}],"about":[{"href":"https:\/\/www.cpvenice.com\/de\/wp-json\/wp\/v2\/types\/page"}],"author":[{"embeddable":true,"href":"https:\/\/www.cpvenice.com\/de\/wp-json\/wp\/v2\/users\/36"}],"replies":[{"embeddable":true,"href":"https:\/\/www.cpvenice.com\/de\/wp-json\/wp\/v2\/comments?post=839"}],"version-history":[{"count":0,"href":"https:\/\/www.cpvenice.com\/de\/wp-json\/wp\/v2\/pages\/839\/revisions"}],"up":[{"embeddable":true,"href":"https:\/\/www.cpvenice.com\/de\/wp-json\/wp\/v2\/pages\/831"}],"wp:attachment":[{"href":"https:\/\/www.cpvenice.com\/de\/wp-json\/wp\/v2\/media?parent=839"}],"curies":[{"name":"wp","href":"https:\/\/api.w.org\/{rel}","templated":true}]}}