{"id":841,"date":"2021-10-15T09:58:47","date_gmt":"2021-10-15T09:58:47","guid":{"rendered":"https:\/\/www.cpvenice.com\/zimmer-und-suiten\/camere-accessibili\/"},"modified":"2024-05-07T09:28:55","modified_gmt":"2024-05-07T09:28:55","slug":"barrierefreien-zimmer","status":"publish","type":"page","link":"https:\/\/www.cpvenice.com\/de\/zimmer-und-suiten\/barrierefreien-zimmer\/","title":{"rendered":"barrierefreien Zimmer"},"content":{"rendered":"<p>Sie suchen eine barrierefreie Unterkunft f\u00fcr Ihren n\u00e4chsten Aufenthalt in Venedig &#8211; Quarto d&#8217;Altino? Entdecken Sie die <strong>eleganten und ger\u00e4umigen barrierefreien Zimmer<\/strong> des 4-Sterne-Hotels Crowne Plaza Venice East, die speziell f\u00fcr Ihre Bed\u00fcrfnisse entworfen wurden und es Ihnen erm\u00f6glichen, Ihren <strong>Aufenthalt ohne Einschr\u00e4nkungen und Kompromisse zu genie\u00dfen<\/strong>.<\/p>\n<p>W\u00e4hlen Sie aus unseren barrierefreien Zimmern die perfekte L\u00f6sung f\u00fcr Sie:<\/p>\n<ul>\n<li>barrierefreies Zimmer mit 2 Einzelbetten | maximale Belegung 2 Personen<\/li>\n<li>barrierefreies Zimmer mit 1 Kingsize-Bett | maximale Belegung 2 Personen<\/li>\n<\/ul>\n","protected":false},"excerpt":{"rendered":"<p>Sie suchen eine barrierefreie Unterkunft f\u00fcr Ihren n\u00e4chsten Aufenthalt in Venedig &#8211; Quarto d&#8217;Altino? Entdecken Sie die eleganten und ger\u00e4umigen barrierefreien Zimmer des 4-Sterne-Hotels Crowne Plaza Venice East, die speziell f\u00fcr Ihre Bed\u00fcrfnisse entworfen wurden und es Ihnen erm\u00f6glichen, Ihren Aufenthalt ohne Einschr\u00e4nkungen und Kompromisse zu genie\u00dfen. W\u00e4hlen Sie aus unseren barrierefreien Zimmern die perfekte [&hellip;]<\/p>\n","protected":false},"author":36,"featured_media":0,"parent":831,"menu_order":25,"comment_status":"closed","ping_status":"closed","template":"template-single-room.php","meta":{"footnotes":""},"class_list":["post-841","page","type-page","status-publish","hentry"],"yoast_head":"<!-- This site is optimized with the Yoast SEO plugin v26.9 - https:\/\/yoast.com\/product\/yoast-seo-wordpress\/ -->\n<title>Barrierefreie ger\u00e4umig Zimmer | Crowne Plaza Venice<\/title>\n<meta name=\"description\" content=\"Unsere R\u00e4ume verf\u00fcgen \u00fcber ausreichend Platz f\u00fcr ein barrierefreies Man\u00f6vrieren. Besuchen Sie uns im Hotel Crowne Plaza Venice.\" \/>\n<meta name=\"robots\" content=\"index, follow, max-snippet:-1, max-image-preview:large, max-video-preview:-1\" \/>\n<link rel=\"canonical\" href=\"https:\/\/www.cpvenice.com\/de\/zimmer-und-suiten\/barrierefreien-zimmer\/\" \/>\n<meta property=\"og:locale\" content=\"de_DE\" \/>\n<meta property=\"og:type\" content=\"article\" \/>\n<meta property=\"og:title\" content=\"Barrierefreie ger\u00e4umig Zimmer | Crowne Plaza Venice\" \/>\n<meta property=\"og:description\" content=\"Unsere R\u00e4ume verf\u00fcgen \u00fcber ausreichend Platz f\u00fcr ein barrierefreies Man\u00f6vrieren. Besuchen Sie uns im Hotel Crowne Plaza Venice.\" \/>\n<meta property=\"og:url\" content=\"https:\/\/www.cpvenice.com\/de\/zimmer-und-suiten\/barrierefreien-zimmer\/\" \/>\n<meta property=\"og:site_name\" content=\"Crowne Plaza Venice East\" \/>\n<meta property=\"article:modified_time\" content=\"2024-05-07T09:28:55+00:00\" \/>\n<meta property=\"og:image\" content=\"https:\/\/www.cpvenice.com\/wp-content\/uploads\/sites\/365\/2021\/12\/Crowne-Plaza-Venice-East-Rooms-Standard-Room-King-Accessible-bed.jpg\" \/>\n\t<meta property=\"og:image:width\" content=\"2200\" \/>\n\t<meta property=\"og:image:height\" content=\"1200\" \/>\n\t<meta property=\"og:image:type\" content=\"image\/jpeg\" \/>\n<meta name=\"twitter:card\" content=\"summary_large_image\" \/>\n<meta name=\"twitter:label1\" content=\"Gesch\u00e4tzte Lesezeit\" \/>\n\t<meta name=\"twitter:data1\" content=\"1 Minute\" \/>\n<script type=\"application\/ld+json\" class=\"yoast-schema-graph\">{\"@context\":\"https:\/\/schema.org\",\"@graph\":[{\"@type\":\"WebPage\",\"@id\":\"https:\/\/www.cpvenice.com\/de\/zimmer-und-suiten\/barrierefreien-zimmer\/\",\"url\":\"https:\/\/www.cpvenice.com\/de\/zimmer-und-suiten\/barrierefreien-zimmer\/\",\"name\":\"Barrierefreie ger\u00e4umig Zimmer | Crowne Plaza Venice\",\"isPartOf\":{\"@id\":\"https:\/\/www.cpvenice.com\/de\/#website\"},\"datePublished\":\"2021-10-15T09:58:47+00:00\",\"dateModified\":\"2024-05-07T09:28:55+00:00\",\"description\":\"Unsere R\u00e4ume verf\u00fcgen \u00fcber ausreichend Platz f\u00fcr ein barrierefreies Man\u00f6vrieren. Besuchen Sie uns im Hotel Crowne Plaza Venice.\",\"breadcrumb\":{\"@id\":\"https:\/\/www.cpvenice.com\/de\/zimmer-und-suiten\/barrierefreien-zimmer\/#breadcrumb\"},\"inLanguage\":\"de-DE\",\"potentialAction\":[{\"@type\":\"ReadAction\",\"target\":[\"https:\/\/www.cpvenice.com\/de\/zimmer-und-suiten\/barrierefreien-zimmer\/\"]}]},{\"@type\":\"BreadcrumbList\",\"@id\":\"https:\/\/www.cpvenice.com\/de\/zimmer-und-suiten\/barrierefreien-zimmer\/#breadcrumb\",\"itemListElement\":[{\"@type\":\"ListItem\",\"position\":1,\"name\":\"Home\",\"item\":\"https:\/\/www.cpvenice.com\/de\/\"},{\"@type\":\"ListItem\",\"position\":2,\"name\":\"Zimmer und Suiten\",\"item\":\"https:\/\/www.cpvenice.com\/de\/zimmer-und-suiten\/\"},{\"@type\":\"ListItem\",\"position\":3,\"name\":\"barrierefreien Zimmer\"}]},{\"@type\":\"WebSite\",\"@id\":\"https:\/\/www.cpvenice.com\/de\/#website\",\"url\":\"https:\/\/www.cpvenice.com\/de\/\",\"name\":\"Crowne Plaza Venice East\",\"description\":\"Just another ms.decms.eu site\",\"potentialAction\":[{\"@type\":\"SearchAction\",\"target\":{\"@type\":\"EntryPoint\",\"urlTemplate\":\"https:\/\/www.cpvenice.com\/de\/?s={search_term_string}\"},\"query-input\":{\"@type\":\"PropertyValueSpecification\",\"valueRequired\":true,\"valueName\":\"search_term_string\"}}],\"inLanguage\":\"de-DE\"}]}<\/script>\n<!-- \/ Yoast SEO plugin. -->","yoast_head_json":{"title":"Barrierefreie ger\u00e4umig Zimmer | Crowne Plaza Venice","description":"Unsere R\u00e4ume verf\u00fcgen \u00fcber ausreichend Platz f\u00fcr ein barrierefreies Man\u00f6vrieren. Besuchen Sie uns im Hotel Crowne Plaza Venice.","robots":{"index":"index","follow":"follow","max-snippet":"max-snippet:-1","max-image-preview":"max-image-preview:large","max-video-preview":"max-video-preview:-1"},"canonical":"https:\/\/www.cpvenice.com\/de\/zimmer-und-suiten\/barrierefreien-zimmer\/","og_locale":"de_DE","og_type":"article","og_title":"Barrierefreie ger\u00e4umig Zimmer | Crowne Plaza Venice","og_description":"Unsere R\u00e4ume verf\u00fcgen \u00fcber ausreichend Platz f\u00fcr ein barrierefreies Man\u00f6vrieren. Besuchen Sie uns im Hotel Crowne Plaza Venice.","og_url":"https:\/\/www.cpvenice.com\/de\/zimmer-und-suiten\/barrierefreien-zimmer\/","og_site_name":"Crowne Plaza Venice East","article_modified_time":"2024-05-07T09:28:55+00:00","og_image":[{"width":2200,"height":1200,"url":"https:\/\/www.cpvenice.com\/wp-content\/uploads\/sites\/365\/2021\/12\/Crowne-Plaza-Venice-East-Rooms-Standard-Room-King-Accessible-bed.jpg","type":"image\/jpeg"}],"twitter_card":"summary_large_image","twitter_misc":{"Gesch\u00e4tzte Lesezeit":"1 Minute"},"schema":{"@context":"https:\/\/schema.org","@graph":[{"@type":"WebPage","@id":"https:\/\/www.cpvenice.com\/de\/zimmer-und-suiten\/barrierefreien-zimmer\/","url":"https:\/\/www.cpvenice.com\/de\/zimmer-und-suiten\/barrierefreien-zimmer\/","name":"Barrierefreie ger\u00e4umig Zimmer | Crowne Plaza Venice","isPartOf":{"@id":"https:\/\/www.cpvenice.com\/de\/#website"},"datePublished":"2021-10-15T09:58:47+00:00","dateModified":"2024-05-07T09:28:55+00:00","description":"Unsere R\u00e4ume verf\u00fcgen \u00fcber ausreichend Platz f\u00fcr ein barrierefreies Man\u00f6vrieren. Besuchen Sie uns im Hotel Crowne Plaza Venice.","breadcrumb":{"@id":"https:\/\/www.cpvenice.com\/de\/zimmer-und-suiten\/barrierefreien-zimmer\/#breadcrumb"},"inLanguage":"de-DE","potentialAction":[{"@type":"ReadAction","target":["https:\/\/www.cpvenice.com\/de\/zimmer-und-suiten\/barrierefreien-zimmer\/"]}]},{"@type":"BreadcrumbList","@id":"https:\/\/www.cpvenice.com\/de\/zimmer-und-suiten\/barrierefreien-zimmer\/#breadcrumb","itemListElement":[{"@type":"ListItem","position":1,"name":"Home","item":"https:\/\/www.cpvenice.com\/de\/"},{"@type":"ListItem","position":2,"name":"Zimmer und Suiten","item":"https:\/\/www.cpvenice.com\/de\/zimmer-und-suiten\/"},{"@type":"ListItem","position":3,"name":"barrierefreien Zimmer"}]},{"@type":"WebSite","@id":"https:\/\/www.cpvenice.com\/de\/#website","url":"https:\/\/www.cpvenice.com\/de\/","name":"Crowne Plaza Venice East","description":"Just another ms.decms.eu site","potentialAction":[{"@type":"SearchAction","target":{"@type":"EntryPoint","urlTemplate":"https:\/\/www.cpvenice.com\/de\/?s={search_term_string}"},"query-input":{"@type":"PropertyValueSpecification","valueRequired":true,"valueName":"search_term_string"}}],"inLanguage":"de-DE"}]}},"acf":[],"_links":{"self":[{"href":"https:\/\/www.cpvenice.com\/de\/wp-json\/wp\/v2\/pages\/841","targetHints":{"allow":["GET"]}}],"collection":[{"href":"https:\/\/www.cpvenice.com\/de\/wp-json\/wp\/v2\/pages"}],"about":[{"href":"https:\/\/www.cpvenice.com\/de\/wp-json\/wp\/v2\/types\/page"}],"author":[{"embeddable":true,"href":"https:\/\/www.cpvenice.com\/de\/wp-json\/wp\/v2\/users\/36"}],"replies":[{"embeddable":true,"href":"https:\/\/www.cpvenice.com\/de\/wp-json\/wp\/v2\/comments?post=841"}],"version-history":[{"count":0,"href":"https:\/\/www.cpvenice.com\/de\/wp-json\/wp\/v2\/pages\/841\/revisions"}],"up":[{"embeddable":true,"href":"https:\/\/www.cpvenice.com\/de\/wp-json\/wp\/v2\/pages\/831"}],"wp:attachment":[{"href":"https:\/\/www.cpvenice.com\/de\/wp-json\/wp\/v2\/media?parent=841"}],"curies":[{"name":"wp","href":"https:\/\/api.w.org\/{rel}","templated":true}]}}