{"id":845,"date":"2021-10-18T08:25:12","date_gmt":"2021-10-18T08:25:12","guid":{"rendered":"https:\/\/www.cpvenice.com\/servizi\/"},"modified":"2024-05-02T12:50:01","modified_gmt":"2024-05-02T12:50:01","slug":"servizi","status":"publish","type":"page","link":"https:\/\/www.cpvenice.com\/de\/servizi\/","title":{"rendered":"Dienstleistungen"},"content":{"rendered":"<p>W\u00e4hlen Sie f\u00fcr Ihre n\u00e4chste Reise nach Venedig &#8211; Quarto d&#8217;Altino die exklusiven Serviceleistungen des 4-Sterne-Hotels Crowne Plaza Venice East. Wir widmen Ihnen viele Aufmerksamkeiten, um Ihren Aufenthalt angenehm und unvergesslich zu machen, wie z. B. ein <strong>professionelles und geschultes Team<\/strong>, das bereit ist, auf alle Ihre Fragen und Bed\u00fcrfnisse einzugehen, <strong>100% Nichtraucherzimmer<\/strong>, eine <strong>schnelle WLAN-Verbindung<\/strong> in den Zimmern und \u00f6ffentlichen Bereichen, die es Ihnen erm\u00f6glicht, jederzeit verbunden zu bleiben, sowie Vorteile, die den Mitgliedern des IHG\u00ae One Rewards-Programms vorbehalten sind.<br \/>\nUnd das ist noch nicht alles! Entdecken Sie mit uns die vielen weiteren Vorteile, die Sie erwarten, wenn Sie das 4-Sterne-Hotel Crowne Plaza Venice East w\u00e4hlen!<\/p>\n","protected":false},"excerpt":{"rendered":"<p>W\u00e4hlen Sie f\u00fcr Ihre n\u00e4chste Reise nach Venedig &#8211; Quarto d&#8217;Altino die exklusiven Serviceleistungen des 4-Sterne-Hotels Crowne Plaza Venice East. Wir widmen Ihnen viele Aufmerksamkeiten, um Ihren Aufenthalt angenehm und unvergesslich zu machen, wie z. B. ein professionelles und geschultes Team, das bereit ist, auf alle Ihre Fragen und Bed\u00fcrfnisse einzugehen, 100% Nichtraucherzimmer, eine schnelle [&hellip;]<\/p>\n","protected":false},"author":36,"featured_media":0,"parent":0,"menu_order":40,"comment_status":"closed","ping_status":"closed","template":"template-services.php","meta":{"footnotes":""},"class_list":["post-845","page","type-page","status-publish","hentry"],"yoast_head":"<!-- This site is optimized with the Yoast SEO plugin v26.9 - https:\/\/yoast.com\/product\/yoast-seo-wordpress\/ -->\n<title>Parkplatz und Transfer-Service | Crowne Plaza Venice.<\/title>\n<meta name=\"description\" content=\"Entdecken Sie alle exklusiven Dienstleistungen unseres Hotels: kostenloser Parkplatz, Fitness-Bereich, Temporary Office und kostenloser Shuttle-Service zum Flughafen.\" \/>\n<meta name=\"robots\" content=\"index, follow, max-snippet:-1, max-image-preview:large, max-video-preview:-1\" \/>\n<link rel=\"canonical\" href=\"https:\/\/www.cpvenice.com\/de\/servizi\/\" \/>\n<meta property=\"og:locale\" content=\"de_DE\" \/>\n<meta property=\"og:type\" content=\"article\" \/>\n<meta property=\"og:title\" content=\"Parkplatz und Transfer-Service | Crowne Plaza Venice.\" \/>\n<meta property=\"og:description\" content=\"Entdecken Sie alle exklusiven Dienstleistungen unseres Hotels: kostenloser Parkplatz, Fitness-Bereich, Temporary Office und kostenloser Shuttle-Service zum Flughafen.\" \/>\n<meta property=\"og:url\" content=\"https:\/\/www.cpvenice.com\/de\/servizi\/\" \/>\n<meta property=\"og:site_name\" content=\"Crowne Plaza Venice East\" \/>\n<meta property=\"article:modified_time\" content=\"2024-05-02T12:50:01+00:00\" \/>\n<meta property=\"og:image\" content=\"https:\/\/www.cpvenice.com\/wp-content\/uploads\/sites\/365\/2021\/12\/Crowne-Plaza-Venice-East-Rooms-Standard-Room-King-Accessible-bed.jpg\" \/>\n\t<meta property=\"og:image:width\" content=\"2200\" \/>\n\t<meta property=\"og:image:height\" content=\"1200\" \/>\n\t<meta property=\"og:image:type\" content=\"image\/jpeg\" \/>\n<meta name=\"twitter:card\" content=\"summary_large_image\" \/>\n<meta name=\"twitter:label1\" content=\"Gesch\u00e4tzte Lesezeit\" \/>\n\t<meta name=\"twitter:data1\" content=\"1 Minute\" \/>\n<script type=\"application\/ld+json\" class=\"yoast-schema-graph\">{\"@context\":\"https:\/\/schema.org\",\"@graph\":[{\"@type\":\"WebPage\",\"@id\":\"https:\/\/www.cpvenice.com\/de\/servizi\/\",\"url\":\"https:\/\/www.cpvenice.com\/de\/servizi\/\",\"name\":\"Parkplatz und Transfer-Service | Crowne Plaza Venice.\",\"isPartOf\":{\"@id\":\"https:\/\/www.cpvenice.com\/de\/#website\"},\"datePublished\":\"2021-10-18T08:25:12+00:00\",\"dateModified\":\"2024-05-02T12:50:01+00:00\",\"description\":\"Entdecken Sie alle exklusiven Dienstleistungen unseres Hotels: kostenloser Parkplatz, Fitness-Bereich, Temporary Office und kostenloser Shuttle-Service zum Flughafen.\",\"breadcrumb\":{\"@id\":\"https:\/\/www.cpvenice.com\/de\/servizi\/#breadcrumb\"},\"inLanguage\":\"de-DE\",\"potentialAction\":[{\"@type\":\"ReadAction\",\"target\":[\"https:\/\/www.cpvenice.com\/de\/servizi\/\"]}]},{\"@type\":\"BreadcrumbList\",\"@id\":\"https:\/\/www.cpvenice.com\/de\/servizi\/#breadcrumb\",\"itemListElement\":[{\"@type\":\"ListItem\",\"position\":1,\"name\":\"Home\",\"item\":\"https:\/\/www.cpvenice.com\/de\/\"},{\"@type\":\"ListItem\",\"position\":2,\"name\":\"Dienstleistungen\"}]},{\"@type\":\"WebSite\",\"@id\":\"https:\/\/www.cpvenice.com\/de\/#website\",\"url\":\"https:\/\/www.cpvenice.com\/de\/\",\"name\":\"Crowne Plaza Venice East\",\"description\":\"Just another ms.decms.eu site\",\"potentialAction\":[{\"@type\":\"SearchAction\",\"target\":{\"@type\":\"EntryPoint\",\"urlTemplate\":\"https:\/\/www.cpvenice.com\/de\/?s={search_term_string}\"},\"query-input\":{\"@type\":\"PropertyValueSpecification\",\"valueRequired\":true,\"valueName\":\"search_term_string\"}}],\"inLanguage\":\"de-DE\"}]}<\/script>\n<!-- \/ Yoast SEO plugin. -->","yoast_head_json":{"title":"Parkplatz und Transfer-Service | Crowne Plaza Venice.","description":"Entdecken Sie alle exklusiven Dienstleistungen unseres Hotels: kostenloser Parkplatz, Fitness-Bereich, Temporary Office und kostenloser Shuttle-Service zum Flughafen.","robots":{"index":"index","follow":"follow","max-snippet":"max-snippet:-1","max-image-preview":"max-image-preview:large","max-video-preview":"max-video-preview:-1"},"canonical":"https:\/\/www.cpvenice.com\/de\/servizi\/","og_locale":"de_DE","og_type":"article","og_title":"Parkplatz und Transfer-Service | Crowne Plaza Venice.","og_description":"Entdecken Sie alle exklusiven Dienstleistungen unseres Hotels: kostenloser Parkplatz, Fitness-Bereich, Temporary Office und kostenloser Shuttle-Service zum Flughafen.","og_url":"https:\/\/www.cpvenice.com\/de\/servizi\/","og_site_name":"Crowne Plaza Venice East","article_modified_time":"2024-05-02T12:50:01+00:00","og_image":[{"width":2200,"height":1200,"url":"https:\/\/www.cpvenice.com\/wp-content\/uploads\/sites\/365\/2021\/12\/Crowne-Plaza-Venice-East-Rooms-Standard-Room-King-Accessible-bed.jpg","type":"image\/jpeg"}],"twitter_card":"summary_large_image","twitter_misc":{"Gesch\u00e4tzte Lesezeit":"1 Minute"},"schema":{"@context":"https:\/\/schema.org","@graph":[{"@type":"WebPage","@id":"https:\/\/www.cpvenice.com\/de\/servizi\/","url":"https:\/\/www.cpvenice.com\/de\/servizi\/","name":"Parkplatz und Transfer-Service | Crowne Plaza Venice.","isPartOf":{"@id":"https:\/\/www.cpvenice.com\/de\/#website"},"datePublished":"2021-10-18T08:25:12+00:00","dateModified":"2024-05-02T12:50:01+00:00","description":"Entdecken Sie alle exklusiven Dienstleistungen unseres Hotels: kostenloser Parkplatz, Fitness-Bereich, Temporary Office und kostenloser Shuttle-Service zum Flughafen.","breadcrumb":{"@id":"https:\/\/www.cpvenice.com\/de\/servizi\/#breadcrumb"},"inLanguage":"de-DE","potentialAction":[{"@type":"ReadAction","target":["https:\/\/www.cpvenice.com\/de\/servizi\/"]}]},{"@type":"BreadcrumbList","@id":"https:\/\/www.cpvenice.com\/de\/servizi\/#breadcrumb","itemListElement":[{"@type":"ListItem","position":1,"name":"Home","item":"https:\/\/www.cpvenice.com\/de\/"},{"@type":"ListItem","position":2,"name":"Dienstleistungen"}]},{"@type":"WebSite","@id":"https:\/\/www.cpvenice.com\/de\/#website","url":"https:\/\/www.cpvenice.com\/de\/","name":"Crowne Plaza Venice East","description":"Just another ms.decms.eu site","potentialAction":[{"@type":"SearchAction","target":{"@type":"EntryPoint","urlTemplate":"https:\/\/www.cpvenice.com\/de\/?s={search_term_string}"},"query-input":{"@type":"PropertyValueSpecification","valueRequired":true,"valueName":"search_term_string"}}],"inLanguage":"de-DE"}]}},"acf":[],"_links":{"self":[{"href":"https:\/\/www.cpvenice.com\/de\/wp-json\/wp\/v2\/pages\/845","targetHints":{"allow":["GET"]}}],"collection":[{"href":"https:\/\/www.cpvenice.com\/de\/wp-json\/wp\/v2\/pages"}],"about":[{"href":"https:\/\/www.cpvenice.com\/de\/wp-json\/wp\/v2\/types\/page"}],"author":[{"embeddable":true,"href":"https:\/\/www.cpvenice.com\/de\/wp-json\/wp\/v2\/users\/36"}],"replies":[{"embeddable":true,"href":"https:\/\/www.cpvenice.com\/de\/wp-json\/wp\/v2\/comments?post=845"}],"version-history":[{"count":0,"href":"https:\/\/www.cpvenice.com\/de\/wp-json\/wp\/v2\/pages\/845\/revisions"}],"wp:attachment":[{"href":"https:\/\/www.cpvenice.com\/de\/wp-json\/wp\/v2\/media?parent=845"}],"curies":[{"name":"wp","href":"https:\/\/api.w.org\/{rel}","templated":true}]}}