{"id":847,"date":"2021-10-18T08:52:25","date_gmt":"2021-10-18T08:52:25","guid":{"rendered":"https:\/\/www.cpvenice.com\/servizi\/parcheggio-gratuito\/"},"modified":"2024-06-06T09:28:36","modified_gmt":"2024-06-06T09:28:36","slug":"kostenloser-parkplatz","status":"publish","type":"page","link":"https:\/\/www.cpvenice.com\/de\/servizi\/kostenloser-parkplatz\/","title":{"rendered":"Kostenloser Parkplatz"},"content":{"rendered":"<p>Parken in Venedig kann ein Alptraum sein, aber dank des 4-Sterne-Hotels Crowne Plaza Venice East wird die verzweifelte Suche nach einem Parkplatz nur noch eine blasse Erinnerung sein. Sie werden Ihren Aufenthalt genie\u00dfen k\u00f6nnen, da Sie Ihr Auto bis zum Moment der Abreise getrost vergessen d\u00fcrfen. Bei Ihrer Ankunft k\u00f6nnen Sie den <strong>bequemen und gro\u00dfz\u00fcgigen kostenlosen Parkplatz im Freien<\/strong> nutzen, der unseren G\u00e4sten zur <strong>Verf\u00fcgung<\/strong> steht. Eine bequeme \u00fcberdachte <strong>Garage<\/strong> mit einer begrenzten Anzahl an Parkpl\u00e4tzen und zwei <strong>Tesla Ladestationen<\/strong> f\u00fcr Elektroautos steht unseren G\u00e4sten ebenfalls zur Verf\u00fcgung.<br \/>\nWenn Sie sich f\u00fcr unser Hotel entscheiden, haben Sie au\u00dferdem die M\u00f6glichkeit, den <strong>bequemen kostenlosen Shuttle-Service<\/strong> zum Flughafen Venedig zu nutzen, der planm\u00e4\u00dfig verf\u00fcgbar ist und mindestens 24 Stunden im Voraus gebucht werden muss.<\/p>\n","protected":false},"excerpt":{"rendered":"<p>Parken in Venedig kann ein Alptraum sein, aber dank des 4-Sterne-Hotels Crowne Plaza Venice East wird die verzweifelte Suche nach einem Parkplatz nur noch eine blasse Erinnerung sein. Sie werden Ihren Aufenthalt genie\u00dfen k\u00f6nnen, da Sie Ihr Auto bis zum Moment der Abreise getrost vergessen d\u00fcrfen. Bei Ihrer Ankunft k\u00f6nnen Sie den bequemen und gro\u00dfz\u00fcgigen [&hellip;]<\/p>\n","protected":false},"author":36,"featured_media":0,"parent":845,"menu_order":5,"comment_status":"closed","ping_status":"closed","template":"template-default-2.php","meta":{"footnotes":""},"class_list":["post-847","page","type-page","status-publish","hentry"],"yoast_head":"<!-- This site is optimized with the Yoast SEO plugin v26.9 - https:\/\/yoast.com\/product\/yoast-seo-wordpress\/ -->\n<title>Parkplatz und \u00fcberwachte Garage | Crowne Plaza Venice<\/title>\n<meta name=\"description\" content=\"Das Crowne Plaza Venezia verf\u00fcgt \u00fcber einen kostenlosen Parkplatz und eine video\u00fcberwachte Garage. Genie\u00dfen Sie einen sorgenfreien Aufenthalt. Erfahren Sie mehr!\" \/>\n<meta name=\"robots\" content=\"index, follow, max-snippet:-1, max-image-preview:large, max-video-preview:-1\" \/>\n<link rel=\"canonical\" href=\"https:\/\/www.cpvenice.com\/de\/servizi\/kostenloser-parkplatz\/\" \/>\n<meta property=\"og:locale\" content=\"de_DE\" \/>\n<meta property=\"og:type\" content=\"article\" \/>\n<meta property=\"og:title\" content=\"Parkplatz und \u00fcberwachte Garage | Crowne Plaza Venice\" \/>\n<meta property=\"og:description\" content=\"Das Crowne Plaza Venezia verf\u00fcgt \u00fcber einen kostenlosen Parkplatz und eine video\u00fcberwachte Garage. Genie\u00dfen Sie einen sorgenfreien Aufenthalt. Erfahren Sie mehr!\" \/>\n<meta property=\"og:url\" content=\"https:\/\/www.cpvenice.com\/de\/servizi\/kostenloser-parkplatz\/\" \/>\n<meta property=\"og:site_name\" content=\"Crowne Plaza Venice East\" \/>\n<meta property=\"article:modified_time\" content=\"2024-06-06T09:28:36+00:00\" \/>\n<meta property=\"og:image\" content=\"https:\/\/www.cpvenice.com\/wp-content\/uploads\/sites\/365\/2021\/12\/Crowne-Plaza-Venice-East-Rooms-Standard-Room-King-Accessible-bed.jpg\" \/>\n\t<meta property=\"og:image:width\" content=\"2200\" \/>\n\t<meta property=\"og:image:height\" content=\"1200\" \/>\n\t<meta property=\"og:image:type\" content=\"image\/jpeg\" \/>\n<meta name=\"twitter:card\" content=\"summary_large_image\" \/>\n<meta name=\"twitter:label1\" content=\"Gesch\u00e4tzte Lesezeit\" \/>\n\t<meta name=\"twitter:data1\" content=\"1 Minute\" \/>\n<script type=\"application\/ld+json\" class=\"yoast-schema-graph\">{\"@context\":\"https:\/\/schema.org\",\"@graph\":[{\"@type\":\"WebPage\",\"@id\":\"https:\/\/www.cpvenice.com\/de\/servizi\/kostenloser-parkplatz\/\",\"url\":\"https:\/\/www.cpvenice.com\/de\/servizi\/kostenloser-parkplatz\/\",\"name\":\"Parkplatz und \u00fcberwachte Garage | Crowne Plaza Venice\",\"isPartOf\":{\"@id\":\"https:\/\/www.cpvenice.com\/de\/#website\"},\"datePublished\":\"2021-10-18T08:52:25+00:00\",\"dateModified\":\"2024-06-06T09:28:36+00:00\",\"description\":\"Das Crowne Plaza Venezia verf\u00fcgt \u00fcber einen kostenlosen Parkplatz und eine video\u00fcberwachte Garage. Genie\u00dfen Sie einen sorgenfreien Aufenthalt. Erfahren Sie mehr!\",\"breadcrumb\":{\"@id\":\"https:\/\/www.cpvenice.com\/de\/servizi\/kostenloser-parkplatz\/#breadcrumb\"},\"inLanguage\":\"de-DE\",\"potentialAction\":[{\"@type\":\"ReadAction\",\"target\":[\"https:\/\/www.cpvenice.com\/de\/servizi\/kostenloser-parkplatz\/\"]}]},{\"@type\":\"BreadcrumbList\",\"@id\":\"https:\/\/www.cpvenice.com\/de\/servizi\/kostenloser-parkplatz\/#breadcrumb\",\"itemListElement\":[{\"@type\":\"ListItem\",\"position\":1,\"name\":\"Home\",\"item\":\"https:\/\/www.cpvenice.com\/de\/\"},{\"@type\":\"ListItem\",\"position\":2,\"name\":\"Dienstleistungen\",\"item\":\"https:\/\/www.cpvenice.com\/de\/servizi\/\"},{\"@type\":\"ListItem\",\"position\":3,\"name\":\"Kostenloser Parkplatz\"}]},{\"@type\":\"WebSite\",\"@id\":\"https:\/\/www.cpvenice.com\/de\/#website\",\"url\":\"https:\/\/www.cpvenice.com\/de\/\",\"name\":\"Crowne Plaza Venice East\",\"description\":\"Just another ms.decms.eu site\",\"potentialAction\":[{\"@type\":\"SearchAction\",\"target\":{\"@type\":\"EntryPoint\",\"urlTemplate\":\"https:\/\/www.cpvenice.com\/de\/?s={search_term_string}\"},\"query-input\":{\"@type\":\"PropertyValueSpecification\",\"valueRequired\":true,\"valueName\":\"search_term_string\"}}],\"inLanguage\":\"de-DE\"}]}<\/script>\n<!-- \/ Yoast SEO plugin. -->","yoast_head_json":{"title":"Parkplatz und \u00fcberwachte Garage | Crowne Plaza Venice","description":"Das Crowne Plaza Venezia verf\u00fcgt \u00fcber einen kostenlosen Parkplatz und eine video\u00fcberwachte Garage. Genie\u00dfen Sie einen sorgenfreien Aufenthalt. Erfahren Sie mehr!","robots":{"index":"index","follow":"follow","max-snippet":"max-snippet:-1","max-image-preview":"max-image-preview:large","max-video-preview":"max-video-preview:-1"},"canonical":"https:\/\/www.cpvenice.com\/de\/servizi\/kostenloser-parkplatz\/","og_locale":"de_DE","og_type":"article","og_title":"Parkplatz und \u00fcberwachte Garage | Crowne Plaza Venice","og_description":"Das Crowne Plaza Venezia verf\u00fcgt \u00fcber einen kostenlosen Parkplatz und eine video\u00fcberwachte Garage. Genie\u00dfen Sie einen sorgenfreien Aufenthalt. Erfahren Sie mehr!","og_url":"https:\/\/www.cpvenice.com\/de\/servizi\/kostenloser-parkplatz\/","og_site_name":"Crowne Plaza Venice East","article_modified_time":"2024-06-06T09:28:36+00:00","og_image":[{"width":2200,"height":1200,"url":"https:\/\/www.cpvenice.com\/wp-content\/uploads\/sites\/365\/2021\/12\/Crowne-Plaza-Venice-East-Rooms-Standard-Room-King-Accessible-bed.jpg","type":"image\/jpeg"}],"twitter_card":"summary_large_image","twitter_misc":{"Gesch\u00e4tzte Lesezeit":"1 Minute"},"schema":{"@context":"https:\/\/schema.org","@graph":[{"@type":"WebPage","@id":"https:\/\/www.cpvenice.com\/de\/servizi\/kostenloser-parkplatz\/","url":"https:\/\/www.cpvenice.com\/de\/servizi\/kostenloser-parkplatz\/","name":"Parkplatz und \u00fcberwachte Garage | Crowne Plaza Venice","isPartOf":{"@id":"https:\/\/www.cpvenice.com\/de\/#website"},"datePublished":"2021-10-18T08:52:25+00:00","dateModified":"2024-06-06T09:28:36+00:00","description":"Das Crowne Plaza Venezia verf\u00fcgt \u00fcber einen kostenlosen Parkplatz und eine video\u00fcberwachte Garage. Genie\u00dfen Sie einen sorgenfreien Aufenthalt. Erfahren Sie mehr!","breadcrumb":{"@id":"https:\/\/www.cpvenice.com\/de\/servizi\/kostenloser-parkplatz\/#breadcrumb"},"inLanguage":"de-DE","potentialAction":[{"@type":"ReadAction","target":["https:\/\/www.cpvenice.com\/de\/servizi\/kostenloser-parkplatz\/"]}]},{"@type":"BreadcrumbList","@id":"https:\/\/www.cpvenice.com\/de\/servizi\/kostenloser-parkplatz\/#breadcrumb","itemListElement":[{"@type":"ListItem","position":1,"name":"Home","item":"https:\/\/www.cpvenice.com\/de\/"},{"@type":"ListItem","position":2,"name":"Dienstleistungen","item":"https:\/\/www.cpvenice.com\/de\/servizi\/"},{"@type":"ListItem","position":3,"name":"Kostenloser Parkplatz"}]},{"@type":"WebSite","@id":"https:\/\/www.cpvenice.com\/de\/#website","url":"https:\/\/www.cpvenice.com\/de\/","name":"Crowne Plaza Venice East","description":"Just another ms.decms.eu site","potentialAction":[{"@type":"SearchAction","target":{"@type":"EntryPoint","urlTemplate":"https:\/\/www.cpvenice.com\/de\/?s={search_term_string}"},"query-input":{"@type":"PropertyValueSpecification","valueRequired":true,"valueName":"search_term_string"}}],"inLanguage":"de-DE"}]}},"acf":[],"_links":{"self":[{"href":"https:\/\/www.cpvenice.com\/de\/wp-json\/wp\/v2\/pages\/847","targetHints":{"allow":["GET"]}}],"collection":[{"href":"https:\/\/www.cpvenice.com\/de\/wp-json\/wp\/v2\/pages"}],"about":[{"href":"https:\/\/www.cpvenice.com\/de\/wp-json\/wp\/v2\/types\/page"}],"author":[{"embeddable":true,"href":"https:\/\/www.cpvenice.com\/de\/wp-json\/wp\/v2\/users\/36"}],"replies":[{"embeddable":true,"href":"https:\/\/www.cpvenice.com\/de\/wp-json\/wp\/v2\/comments?post=847"}],"version-history":[{"count":0,"href":"https:\/\/www.cpvenice.com\/de\/wp-json\/wp\/v2\/pages\/847\/revisions"}],"up":[{"embeddable":true,"href":"https:\/\/www.cpvenice.com\/de\/wp-json\/wp\/v2\/pages\/845"}],"wp:attachment":[{"href":"https:\/\/www.cpvenice.com\/de\/wp-json\/wp\/v2\/media?parent=847"}],"curies":[{"name":"wp","href":"https:\/\/api.w.org\/{rel}","templated":true}]}}