{"id":849,"date":"2021-10-20T15:42:41","date_gmt":"2021-10-20T15:42:41","guid":{"rendered":"https:\/\/www.cpvenice.com\/servizi\/sala-fitness\/"},"modified":"2024-05-02T12:56:32","modified_gmt":"2024-05-02T12:56:32","slug":"fitnessraum","status":"publish","type":"page","link":"https:\/\/www.cpvenice.com\/de\/servizi\/fitnessraum\/","title":{"rendered":"Fitnessraum"},"content":{"rendered":"<p>Sich auch auf Reisen oder im Urlaub fit zu halten, ist m\u00f6glich, und wir im <strong>Crowne Plaza Venice East<\/strong> &#8211; einem modernen 4-Sterne-Hotel in Quarto d&#8217;Altino &#8211; haben genau daran gedacht und einen <strong>Raum<\/strong> geschaffen, der <strong>dem Wohlbefinden unserer G\u00e4ste gewidmet<\/strong> ist: einen <strong>Fitnessraum<\/strong> mit modernen Ger\u00e4ten und Maschinen.<\/p>\n<p>Profitieren Sie von unseren modernen, k\u00fcrzlich renovierten R\u00e4umlichkeiten und lassen Sie alle Spannungen von sich abfallen.<\/p>\n","protected":false},"excerpt":{"rendered":"<p>Sich auch auf Reisen oder im Urlaub fit zu halten, ist m\u00f6glich, und wir im Crowne Plaza Venice East &#8211; einem modernen 4-Sterne-Hotel in Quarto d&#8217;Altino &#8211; haben genau daran gedacht und einen Raum geschaffen, der dem Wohlbefinden unserer G\u00e4ste gewidmet ist: einen Fitnessraum mit modernen Ger\u00e4ten und Maschinen. Profitieren Sie von unseren modernen, k\u00fcrzlich [&hellip;]<\/p>\n","protected":false},"author":36,"featured_media":0,"parent":845,"menu_order":10,"comment_status":"closed","ping_status":"closed","template":"template-default-2.php","meta":{"footnotes":""},"class_list":["post-849","page","type-page","status-publish","hentry"],"yoast_head":"<!-- This site is optimized with the Yoast SEO plugin v26.9 - https:\/\/yoast.com\/product\/yoast-seo-wordpress\/ -->\n<title>Fitnesscenter: Hotel mit Fitnessstudio | Crowne Plaza Venice<\/title>\n<meta name=\"description\" content=\"Unser Hotel bietet seinen G\u00e4sten ein modernes, gut ausgestattetes Fitnesscenter, eine kleine Oase f\u00fcr Wellness und Work-out. Nutzen Sie die Gelegenheit!\" \/>\n<meta name=\"robots\" content=\"index, follow, max-snippet:-1, max-image-preview:large, max-video-preview:-1\" \/>\n<link rel=\"canonical\" href=\"https:\/\/www.cpvenice.com\/de\/servizi\/fitnessraum\/\" \/>\n<meta property=\"og:locale\" content=\"de_DE\" \/>\n<meta property=\"og:type\" content=\"article\" \/>\n<meta property=\"og:title\" content=\"Fitnesscenter: Hotel mit Fitnessstudio | Crowne Plaza Venice\" \/>\n<meta property=\"og:description\" content=\"Unser Hotel bietet seinen G\u00e4sten ein modernes, gut ausgestattetes Fitnesscenter, eine kleine Oase f\u00fcr Wellness und Work-out. Nutzen Sie die Gelegenheit!\" \/>\n<meta property=\"og:url\" content=\"https:\/\/www.cpvenice.com\/de\/servizi\/fitnessraum\/\" \/>\n<meta property=\"og:site_name\" content=\"Crowne Plaza Venice East\" \/>\n<meta property=\"article:modified_time\" content=\"2024-05-02T12:56:32+00:00\" \/>\n<meta property=\"og:image\" content=\"https:\/\/www.cpvenice.com\/wp-content\/uploads\/sites\/365\/2021\/12\/Crowne-Plaza-Venice-East-Rooms-Standard-Room-King-Accessible-bed.jpg\" \/>\n\t<meta property=\"og:image:width\" content=\"2200\" \/>\n\t<meta property=\"og:image:height\" content=\"1200\" \/>\n\t<meta property=\"og:image:type\" content=\"image\/jpeg\" \/>\n<meta name=\"twitter:card\" content=\"summary_large_image\" \/>\n<meta name=\"twitter:label1\" content=\"Gesch\u00e4tzte Lesezeit\" \/>\n\t<meta name=\"twitter:data1\" content=\"1 Minute\" \/>\n<script type=\"application\/ld+json\" class=\"yoast-schema-graph\">{\"@context\":\"https:\/\/schema.org\",\"@graph\":[{\"@type\":\"WebPage\",\"@id\":\"https:\/\/www.cpvenice.com\/de\/servizi\/fitnessraum\/\",\"url\":\"https:\/\/www.cpvenice.com\/de\/servizi\/fitnessraum\/\",\"name\":\"Fitnesscenter: Hotel mit Fitnessstudio | Crowne Plaza Venice\",\"isPartOf\":{\"@id\":\"https:\/\/www.cpvenice.com\/de\/#website\"},\"datePublished\":\"2021-10-20T15:42:41+00:00\",\"dateModified\":\"2024-05-02T12:56:32+00:00\",\"description\":\"Unser Hotel bietet seinen G\u00e4sten ein modernes, gut ausgestattetes Fitnesscenter, eine kleine Oase f\u00fcr Wellness und Work-out. Nutzen Sie die Gelegenheit!\",\"breadcrumb\":{\"@id\":\"https:\/\/www.cpvenice.com\/de\/servizi\/fitnessraum\/#breadcrumb\"},\"inLanguage\":\"de-DE\",\"potentialAction\":[{\"@type\":\"ReadAction\",\"target\":[\"https:\/\/www.cpvenice.com\/de\/servizi\/fitnessraum\/\"]}]},{\"@type\":\"BreadcrumbList\",\"@id\":\"https:\/\/www.cpvenice.com\/de\/servizi\/fitnessraum\/#breadcrumb\",\"itemListElement\":[{\"@type\":\"ListItem\",\"position\":1,\"name\":\"Home\",\"item\":\"https:\/\/www.cpvenice.com\/de\/\"},{\"@type\":\"ListItem\",\"position\":2,\"name\":\"Dienstleistungen\",\"item\":\"https:\/\/www.cpvenice.com\/de\/servizi\/\"},{\"@type\":\"ListItem\",\"position\":3,\"name\":\"Fitnessraum\"}]},{\"@type\":\"WebSite\",\"@id\":\"https:\/\/www.cpvenice.com\/de\/#website\",\"url\":\"https:\/\/www.cpvenice.com\/de\/\",\"name\":\"Crowne Plaza Venice East\",\"description\":\"Just another ms.decms.eu site\",\"potentialAction\":[{\"@type\":\"SearchAction\",\"target\":{\"@type\":\"EntryPoint\",\"urlTemplate\":\"https:\/\/www.cpvenice.com\/de\/?s={search_term_string}\"},\"query-input\":{\"@type\":\"PropertyValueSpecification\",\"valueRequired\":true,\"valueName\":\"search_term_string\"}}],\"inLanguage\":\"de-DE\"}]}<\/script>\n<!-- \/ Yoast SEO plugin. -->","yoast_head_json":{"title":"Fitnesscenter: Hotel mit Fitnessstudio | Crowne Plaza Venice","description":"Unser Hotel bietet seinen G\u00e4sten ein modernes, gut ausgestattetes Fitnesscenter, eine kleine Oase f\u00fcr Wellness und Work-out. Nutzen Sie die Gelegenheit!","robots":{"index":"index","follow":"follow","max-snippet":"max-snippet:-1","max-image-preview":"max-image-preview:large","max-video-preview":"max-video-preview:-1"},"canonical":"https:\/\/www.cpvenice.com\/de\/servizi\/fitnessraum\/","og_locale":"de_DE","og_type":"article","og_title":"Fitnesscenter: Hotel mit Fitnessstudio | Crowne Plaza Venice","og_description":"Unser Hotel bietet seinen G\u00e4sten ein modernes, gut ausgestattetes Fitnesscenter, eine kleine Oase f\u00fcr Wellness und Work-out. Nutzen Sie die Gelegenheit!","og_url":"https:\/\/www.cpvenice.com\/de\/servizi\/fitnessraum\/","og_site_name":"Crowne Plaza Venice East","article_modified_time":"2024-05-02T12:56:32+00:00","og_image":[{"width":2200,"height":1200,"url":"https:\/\/www.cpvenice.com\/wp-content\/uploads\/sites\/365\/2021\/12\/Crowne-Plaza-Venice-East-Rooms-Standard-Room-King-Accessible-bed.jpg","type":"image\/jpeg"}],"twitter_card":"summary_large_image","twitter_misc":{"Gesch\u00e4tzte Lesezeit":"1 Minute"},"schema":{"@context":"https:\/\/schema.org","@graph":[{"@type":"WebPage","@id":"https:\/\/www.cpvenice.com\/de\/servizi\/fitnessraum\/","url":"https:\/\/www.cpvenice.com\/de\/servizi\/fitnessraum\/","name":"Fitnesscenter: Hotel mit Fitnessstudio | Crowne Plaza Venice","isPartOf":{"@id":"https:\/\/www.cpvenice.com\/de\/#website"},"datePublished":"2021-10-20T15:42:41+00:00","dateModified":"2024-05-02T12:56:32+00:00","description":"Unser Hotel bietet seinen G\u00e4sten ein modernes, gut ausgestattetes Fitnesscenter, eine kleine Oase f\u00fcr Wellness und Work-out. Nutzen Sie die Gelegenheit!","breadcrumb":{"@id":"https:\/\/www.cpvenice.com\/de\/servizi\/fitnessraum\/#breadcrumb"},"inLanguage":"de-DE","potentialAction":[{"@type":"ReadAction","target":["https:\/\/www.cpvenice.com\/de\/servizi\/fitnessraum\/"]}]},{"@type":"BreadcrumbList","@id":"https:\/\/www.cpvenice.com\/de\/servizi\/fitnessraum\/#breadcrumb","itemListElement":[{"@type":"ListItem","position":1,"name":"Home","item":"https:\/\/www.cpvenice.com\/de\/"},{"@type":"ListItem","position":2,"name":"Dienstleistungen","item":"https:\/\/www.cpvenice.com\/de\/servizi\/"},{"@type":"ListItem","position":3,"name":"Fitnessraum"}]},{"@type":"WebSite","@id":"https:\/\/www.cpvenice.com\/de\/#website","url":"https:\/\/www.cpvenice.com\/de\/","name":"Crowne Plaza Venice East","description":"Just another ms.decms.eu site","potentialAction":[{"@type":"SearchAction","target":{"@type":"EntryPoint","urlTemplate":"https:\/\/www.cpvenice.com\/de\/?s={search_term_string}"},"query-input":{"@type":"PropertyValueSpecification","valueRequired":true,"valueName":"search_term_string"}}],"inLanguage":"de-DE"}]}},"acf":[],"_links":{"self":[{"href":"https:\/\/www.cpvenice.com\/de\/wp-json\/wp\/v2\/pages\/849","targetHints":{"allow":["GET"]}}],"collection":[{"href":"https:\/\/www.cpvenice.com\/de\/wp-json\/wp\/v2\/pages"}],"about":[{"href":"https:\/\/www.cpvenice.com\/de\/wp-json\/wp\/v2\/types\/page"}],"author":[{"embeddable":true,"href":"https:\/\/www.cpvenice.com\/de\/wp-json\/wp\/v2\/users\/36"}],"replies":[{"embeddable":true,"href":"https:\/\/www.cpvenice.com\/de\/wp-json\/wp\/v2\/comments?post=849"}],"version-history":[{"count":0,"href":"https:\/\/www.cpvenice.com\/de\/wp-json\/wp\/v2\/pages\/849\/revisions"}],"up":[{"embeddable":true,"href":"https:\/\/www.cpvenice.com\/de\/wp-json\/wp\/v2\/pages\/845"}],"wp:attachment":[{"href":"https:\/\/www.cpvenice.com\/de\/wp-json\/wp\/v2\/media?parent=849"}],"curies":[{"name":"wp","href":"https:\/\/api.w.org\/{rel}","templated":true}]}}