{"id":851,"date":"2021-10-21T09:25:03","date_gmt":"2021-10-21T09:25:03","guid":{"rendered":"https:\/\/www.cpvenice.com\/servizi\/temporary-office\/"},"modified":"2024-05-07T10:04:06","modified_gmt":"2024-05-07T10:04:06","slug":"temporary-office","status":"publish","type":"page","link":"https:\/\/www.cpvenice.com\/de\/servizi\/temporary-office\/","title":{"rendered":"Temporary Office"},"content":{"rendered":"<p>Suchen Sie einen Raum, der so ausgestattet ist, dass sie dort genau wie in Ihrem B\u00fcro arbeiten k\u00f6nnen? H\u00f6ren Sie auf zu suchen, dank des Crowne Plaza Venice East Hotels in Quarto d&#8217;Altino ist die L\u00f6sung bereits zur Stelle: unsere <strong>Temporary Offices<\/strong>! Hier finden Sie f\u00fcr Arbeitende <strong>speziell ausgestattete R\u00e4ume<\/strong> mit zentralem <strong>Sekretariatsdienst<\/strong>, die f\u00fcr Zeitr\u00e4ume von einer Stunde bis zu einem Tag zu reservieren sind, damit Sie sich mit maximaler Konzentration Ihrer Arbeit widmen k\u00f6nnen.<\/p>\n<p>Es steht Ihnen alles zur Verf\u00fcgung, was Sie zum <strong>hocheffizienten Arbeiten brauchen<\/strong>: von Telefon- und Datenleitungen bis hin zum Telefon- und Sekretariatsdienst, von Konferenzr\u00e4umen bis hin zu unserem Restaurant und unserer Bar.<\/p>\n","protected":false},"excerpt":{"rendered":"<p>Suchen Sie einen Raum, der so ausgestattet ist, dass sie dort genau wie in Ihrem B\u00fcro arbeiten k\u00f6nnen? H\u00f6ren Sie auf zu suchen, dank des Crowne Plaza Venice East Hotels in Quarto d&#8217;Altino ist die L\u00f6sung bereits zur Stelle: unsere Temporary Offices! Hier finden Sie f\u00fcr Arbeitende speziell ausgestattete R\u00e4ume mit zentralem Sekretariatsdienst, die f\u00fcr [&hellip;]<\/p>\n","protected":false},"author":36,"featured_media":0,"parent":845,"menu_order":20,"comment_status":"closed","ping_status":"closed","template":"template-default-2.php","meta":{"footnotes":""},"class_list":["post-851","page","type-page","status-publish","hentry"],"yoast_head":"<!-- This site is optimized with the Yoast SEO plugin v26.9 - https:\/\/yoast.com\/product\/yoast-seo-wordpress\/ -->\n<title>Smart-Working-Arbeitspl\u00e4tze | Crowne Plaza Venice<\/title>\n<meta name=\"description\" content=\"Wir haben unser Hotel mit Arbeitspl\u00e4tzen f\u00fcr das Smart Working ausgestattet. Entdecken Sie unsere Temporary Offices im Hotel Crowne Plaza Venice.\" \/>\n<meta name=\"robots\" content=\"index, follow, max-snippet:-1, max-image-preview:large, max-video-preview:-1\" \/>\n<link rel=\"canonical\" href=\"https:\/\/www.cpvenice.com\/de\/servizi\/temporary-office\/\" \/>\n<meta property=\"og:locale\" content=\"de_DE\" \/>\n<meta property=\"og:type\" content=\"article\" \/>\n<meta property=\"og:title\" content=\"Smart-Working-Arbeitspl\u00e4tze | Crowne Plaza Venice\" \/>\n<meta property=\"og:description\" content=\"Wir haben unser Hotel mit Arbeitspl\u00e4tzen f\u00fcr das Smart Working ausgestattet. Entdecken Sie unsere Temporary Offices im Hotel Crowne Plaza Venice.\" \/>\n<meta property=\"og:url\" content=\"https:\/\/www.cpvenice.com\/de\/servizi\/temporary-office\/\" \/>\n<meta property=\"og:site_name\" content=\"Crowne Plaza Venice East\" \/>\n<meta property=\"article:modified_time\" content=\"2024-05-07T10:04:06+00:00\" \/>\n<meta property=\"og:image\" content=\"https:\/\/www.cpvenice.com\/wp-content\/uploads\/sites\/365\/2021\/12\/Crowne-Plaza-Venice-East-Rooms-Standard-Room-King-Accessible-bed.jpg\" \/>\n\t<meta property=\"og:image:width\" content=\"2200\" \/>\n\t<meta property=\"og:image:height\" content=\"1200\" \/>\n\t<meta property=\"og:image:type\" content=\"image\/jpeg\" \/>\n<meta name=\"twitter:card\" content=\"summary_large_image\" \/>\n<meta name=\"twitter:label1\" content=\"Gesch\u00e4tzte Lesezeit\" \/>\n\t<meta name=\"twitter:data1\" content=\"1 Minute\" \/>\n<script type=\"application\/ld+json\" class=\"yoast-schema-graph\">{\"@context\":\"https:\/\/schema.org\",\"@graph\":[{\"@type\":\"WebPage\",\"@id\":\"https:\/\/www.cpvenice.com\/de\/servizi\/temporary-office\/\",\"url\":\"https:\/\/www.cpvenice.com\/de\/servizi\/temporary-office\/\",\"name\":\"Smart-Working-Arbeitspl\u00e4tze | Crowne Plaza Venice\",\"isPartOf\":{\"@id\":\"https:\/\/www.cpvenice.com\/de\/#website\"},\"datePublished\":\"2021-10-21T09:25:03+00:00\",\"dateModified\":\"2024-05-07T10:04:06+00:00\",\"description\":\"Wir haben unser Hotel mit Arbeitspl\u00e4tzen f\u00fcr das Smart Working ausgestattet. Entdecken Sie unsere Temporary Offices im Hotel Crowne Plaza Venice.\",\"breadcrumb\":{\"@id\":\"https:\/\/www.cpvenice.com\/de\/servizi\/temporary-office\/#breadcrumb\"},\"inLanguage\":\"de-DE\",\"potentialAction\":[{\"@type\":\"ReadAction\",\"target\":[\"https:\/\/www.cpvenice.com\/de\/servizi\/temporary-office\/\"]}]},{\"@type\":\"BreadcrumbList\",\"@id\":\"https:\/\/www.cpvenice.com\/de\/servizi\/temporary-office\/#breadcrumb\",\"itemListElement\":[{\"@type\":\"ListItem\",\"position\":1,\"name\":\"Home\",\"item\":\"https:\/\/www.cpvenice.com\/de\/\"},{\"@type\":\"ListItem\",\"position\":2,\"name\":\"Dienstleistungen\",\"item\":\"https:\/\/www.cpvenice.com\/de\/servizi\/\"},{\"@type\":\"ListItem\",\"position\":3,\"name\":\"Temporary Office\"}]},{\"@type\":\"WebSite\",\"@id\":\"https:\/\/www.cpvenice.com\/de\/#website\",\"url\":\"https:\/\/www.cpvenice.com\/de\/\",\"name\":\"Crowne Plaza Venice East\",\"description\":\"Just another ms.decms.eu site\",\"potentialAction\":[{\"@type\":\"SearchAction\",\"target\":{\"@type\":\"EntryPoint\",\"urlTemplate\":\"https:\/\/www.cpvenice.com\/de\/?s={search_term_string}\"},\"query-input\":{\"@type\":\"PropertyValueSpecification\",\"valueRequired\":true,\"valueName\":\"search_term_string\"}}],\"inLanguage\":\"de-DE\"}]}<\/script>\n<!-- \/ Yoast SEO plugin. -->","yoast_head_json":{"title":"Smart-Working-Arbeitspl\u00e4tze | Crowne Plaza Venice","description":"Wir haben unser Hotel mit Arbeitspl\u00e4tzen f\u00fcr das Smart Working ausgestattet. Entdecken Sie unsere Temporary Offices im Hotel Crowne Plaza Venice.","robots":{"index":"index","follow":"follow","max-snippet":"max-snippet:-1","max-image-preview":"max-image-preview:large","max-video-preview":"max-video-preview:-1"},"canonical":"https:\/\/www.cpvenice.com\/de\/servizi\/temporary-office\/","og_locale":"de_DE","og_type":"article","og_title":"Smart-Working-Arbeitspl\u00e4tze | Crowne Plaza Venice","og_description":"Wir haben unser Hotel mit Arbeitspl\u00e4tzen f\u00fcr das Smart Working ausgestattet. Entdecken Sie unsere Temporary Offices im Hotel Crowne Plaza Venice.","og_url":"https:\/\/www.cpvenice.com\/de\/servizi\/temporary-office\/","og_site_name":"Crowne Plaza Venice East","article_modified_time":"2024-05-07T10:04:06+00:00","og_image":[{"width":2200,"height":1200,"url":"https:\/\/www.cpvenice.com\/wp-content\/uploads\/sites\/365\/2021\/12\/Crowne-Plaza-Venice-East-Rooms-Standard-Room-King-Accessible-bed.jpg","type":"image\/jpeg"}],"twitter_card":"summary_large_image","twitter_misc":{"Gesch\u00e4tzte Lesezeit":"1 Minute"},"schema":{"@context":"https:\/\/schema.org","@graph":[{"@type":"WebPage","@id":"https:\/\/www.cpvenice.com\/de\/servizi\/temporary-office\/","url":"https:\/\/www.cpvenice.com\/de\/servizi\/temporary-office\/","name":"Smart-Working-Arbeitspl\u00e4tze | Crowne Plaza Venice","isPartOf":{"@id":"https:\/\/www.cpvenice.com\/de\/#website"},"datePublished":"2021-10-21T09:25:03+00:00","dateModified":"2024-05-07T10:04:06+00:00","description":"Wir haben unser Hotel mit Arbeitspl\u00e4tzen f\u00fcr das Smart Working ausgestattet. Entdecken Sie unsere Temporary Offices im Hotel Crowne Plaza Venice.","breadcrumb":{"@id":"https:\/\/www.cpvenice.com\/de\/servizi\/temporary-office\/#breadcrumb"},"inLanguage":"de-DE","potentialAction":[{"@type":"ReadAction","target":["https:\/\/www.cpvenice.com\/de\/servizi\/temporary-office\/"]}]},{"@type":"BreadcrumbList","@id":"https:\/\/www.cpvenice.com\/de\/servizi\/temporary-office\/#breadcrumb","itemListElement":[{"@type":"ListItem","position":1,"name":"Home","item":"https:\/\/www.cpvenice.com\/de\/"},{"@type":"ListItem","position":2,"name":"Dienstleistungen","item":"https:\/\/www.cpvenice.com\/de\/servizi\/"},{"@type":"ListItem","position":3,"name":"Temporary Office"}]},{"@type":"WebSite","@id":"https:\/\/www.cpvenice.com\/de\/#website","url":"https:\/\/www.cpvenice.com\/de\/","name":"Crowne Plaza Venice East","description":"Just another ms.decms.eu site","potentialAction":[{"@type":"SearchAction","target":{"@type":"EntryPoint","urlTemplate":"https:\/\/www.cpvenice.com\/de\/?s={search_term_string}"},"query-input":{"@type":"PropertyValueSpecification","valueRequired":true,"valueName":"search_term_string"}}],"inLanguage":"de-DE"}]}},"acf":[],"_links":{"self":[{"href":"https:\/\/www.cpvenice.com\/de\/wp-json\/wp\/v2\/pages\/851","targetHints":{"allow":["GET"]}}],"collection":[{"href":"https:\/\/www.cpvenice.com\/de\/wp-json\/wp\/v2\/pages"}],"about":[{"href":"https:\/\/www.cpvenice.com\/de\/wp-json\/wp\/v2\/types\/page"}],"author":[{"embeddable":true,"href":"https:\/\/www.cpvenice.com\/de\/wp-json\/wp\/v2\/users\/36"}],"replies":[{"embeddable":true,"href":"https:\/\/www.cpvenice.com\/de\/wp-json\/wp\/v2\/comments?post=851"}],"version-history":[{"count":0,"href":"https:\/\/www.cpvenice.com\/de\/wp-json\/wp\/v2\/pages\/851\/revisions"}],"up":[{"embeddable":true,"href":"https:\/\/www.cpvenice.com\/de\/wp-json\/wp\/v2\/pages\/845"}],"wp:attachment":[{"href":"https:\/\/www.cpvenice.com\/de\/wp-json\/wp\/v2\/media?parent=851"}],"curies":[{"name":"wp","href":"https:\/\/api.w.org\/{rel}","templated":true}]}}