{"id":861,"date":"2021-10-15T14:38:58","date_gmt":"2021-10-15T14:38:58","guid":{"rendered":"https:\/\/www.cpvenice.com\/meetings-und-veranstaltungen\/eventi-ibridi\/"},"modified":"2024-05-07T08:26:01","modified_gmt":"2024-05-07T08:26:01","slug":"hybride-veranstaltungen","status":"publish","type":"page","link":"https:\/\/www.cpvenice.com\/de\/meetings-und-veranstaltungen\/hybride-veranstaltungen\/","title":{"rendered":"Hybride Veranstaltungen"},"content":{"rendered":"<p>Hybride Veranstaltungen, die neue Dimension im Konferenzbereich, im Crowne Plaza Venice East in Quarto d&#8217;Altino werden sie bereits heute ausgerichtet. Vielseitige R\u00e4umlichkeiten mit <strong>modernster Ausstattung<\/strong> machen unser 4-Sterne-Hotel zum idealen und funktionalen Ort f\u00fcr die Organisation dieser <strong>Kombination aus pers\u00f6nlicher und virtueller Veranstaltung<\/strong>.<\/p>\n<p>Es sind unsere exklusiven Dienstleistungen und die Ausstattung, die Ihre Veranstaltung zu einem Erfolg machen werden: <strong>modernste Audio- und Videotechnik, Highspeed-Internet<\/strong>, aber vor allem <strong>ein Team, das bereit ist, alle Ihre W\u00fcnsche zu erf\u00fcllen<\/strong> und Sie bei der Organisation Ihrer Veranstaltung zu unterst\u00fctzen.<\/p>\n","protected":false},"excerpt":{"rendered":"<p>Hybride Veranstaltungen, die neue Dimension im Konferenzbereich, im Crowne Plaza Venice East in Quarto d&#8217;Altino werden sie bereits heute ausgerichtet. Vielseitige R\u00e4umlichkeiten mit modernster Ausstattung machen unser 4-Sterne-Hotel zum idealen und funktionalen Ort f\u00fcr die Organisation dieser Kombination aus pers\u00f6nlicher und virtueller Veranstaltung. Es sind unsere exklusiven Dienstleistungen und die Ausstattung, die Ihre Veranstaltung zu [&hellip;]<\/p>\n","protected":false},"author":36,"featured_media":0,"parent":855,"menu_order":15,"comment_status":"closed","ping_status":"closed","template":"template-default-3.php","meta":{"footnotes":""},"class_list":["post-861","page","type-page","status-publish","hentry"],"yoast_head":"<!-- This site is optimized with the Yoast SEO plugin v26.9 - https:\/\/yoast.com\/product\/yoast-seo-wordpress\/ -->\n<title>Hybride Events: vor Ort und virtuell | Crowne Plaza Venice<\/title>\n<meta name=\"description\" content=\"Hochmoderne Technologie und gro\u00dfz\u00fcgige R\u00e4umlichkeiten erm\u00f6glichen hybride Veranstaltungen mit vor Ort oder virtuell teilnehmenden G\u00e4sten. Erfahren Sie mehr!\" \/>\n<meta name=\"robots\" content=\"index, follow, max-snippet:-1, max-image-preview:large, max-video-preview:-1\" \/>\n<link rel=\"canonical\" href=\"https:\/\/www.cpvenice.com\/de\/meetings-und-veranstaltungen\/hybride-veranstaltungen\/\" \/>\n<meta property=\"og:locale\" content=\"de_DE\" \/>\n<meta property=\"og:type\" content=\"article\" \/>\n<meta property=\"og:title\" content=\"Hybride Events: vor Ort und virtuell | Crowne Plaza Venice\" \/>\n<meta property=\"og:description\" content=\"Hochmoderne Technologie und gro\u00dfz\u00fcgige R\u00e4umlichkeiten erm\u00f6glichen hybride Veranstaltungen mit vor Ort oder virtuell teilnehmenden G\u00e4sten. Erfahren Sie mehr!\" \/>\n<meta property=\"og:url\" content=\"https:\/\/www.cpvenice.com\/de\/meetings-und-veranstaltungen\/hybride-veranstaltungen\/\" \/>\n<meta property=\"og:site_name\" content=\"Crowne Plaza Venice East\" \/>\n<meta property=\"article:modified_time\" content=\"2024-05-07T08:26:01+00:00\" \/>\n<meta property=\"og:image\" content=\"https:\/\/www.cpvenice.com\/wp-content\/uploads\/sites\/365\/2021\/12\/Crowne-Plaza-Venice-East-Rooms-Standard-Room-King-Accessible-bed.jpg\" \/>\n\t<meta property=\"og:image:width\" content=\"2200\" \/>\n\t<meta property=\"og:image:height\" content=\"1200\" \/>\n\t<meta property=\"og:image:type\" content=\"image\/jpeg\" \/>\n<meta name=\"twitter:card\" content=\"summary_large_image\" \/>\n<meta name=\"twitter:label1\" content=\"Gesch\u00e4tzte Lesezeit\" \/>\n\t<meta name=\"twitter:data1\" content=\"1 Minute\" \/>\n<script type=\"application\/ld+json\" class=\"yoast-schema-graph\">{\"@context\":\"https:\/\/schema.org\",\"@graph\":[{\"@type\":\"WebPage\",\"@id\":\"https:\/\/www.cpvenice.com\/de\/meetings-und-veranstaltungen\/hybride-veranstaltungen\/\",\"url\":\"https:\/\/www.cpvenice.com\/de\/meetings-und-veranstaltungen\/hybride-veranstaltungen\/\",\"name\":\"Hybride Events: vor Ort und virtuell | Crowne Plaza Venice\",\"isPartOf\":{\"@id\":\"https:\/\/www.cpvenice.com\/de\/#website\"},\"datePublished\":\"2021-10-15T14:38:58+00:00\",\"dateModified\":\"2024-05-07T08:26:01+00:00\",\"description\":\"Hochmoderne Technologie und gro\u00dfz\u00fcgige R\u00e4umlichkeiten erm\u00f6glichen hybride Veranstaltungen mit vor Ort oder virtuell teilnehmenden G\u00e4sten. Erfahren Sie mehr!\",\"breadcrumb\":{\"@id\":\"https:\/\/www.cpvenice.com\/de\/meetings-und-veranstaltungen\/hybride-veranstaltungen\/#breadcrumb\"},\"inLanguage\":\"de-DE\",\"potentialAction\":[{\"@type\":\"ReadAction\",\"target\":[\"https:\/\/www.cpvenice.com\/de\/meetings-und-veranstaltungen\/hybride-veranstaltungen\/\"]}]},{\"@type\":\"BreadcrumbList\",\"@id\":\"https:\/\/www.cpvenice.com\/de\/meetings-und-veranstaltungen\/hybride-veranstaltungen\/#breadcrumb\",\"itemListElement\":[{\"@type\":\"ListItem\",\"position\":1,\"name\":\"Home\",\"item\":\"https:\/\/www.cpvenice.com\/de\/\"},{\"@type\":\"ListItem\",\"position\":2,\"name\":\"Meetings und Veranstaltungen\",\"item\":\"https:\/\/www.cpvenice.com\/de\/meetings-und-veranstaltungen\/\"},{\"@type\":\"ListItem\",\"position\":3,\"name\":\"Hybride Veranstaltungen\"}]},{\"@type\":\"WebSite\",\"@id\":\"https:\/\/www.cpvenice.com\/de\/#website\",\"url\":\"https:\/\/www.cpvenice.com\/de\/\",\"name\":\"Crowne Plaza Venice East\",\"description\":\"Just another ms.decms.eu site\",\"potentialAction\":[{\"@type\":\"SearchAction\",\"target\":{\"@type\":\"EntryPoint\",\"urlTemplate\":\"https:\/\/www.cpvenice.com\/de\/?s={search_term_string}\"},\"query-input\":{\"@type\":\"PropertyValueSpecification\",\"valueRequired\":true,\"valueName\":\"search_term_string\"}}],\"inLanguage\":\"de-DE\"}]}<\/script>\n<!-- \/ Yoast SEO plugin. -->","yoast_head_json":{"title":"Hybride Events: vor Ort und virtuell | Crowne Plaza Venice","description":"Hochmoderne Technologie und gro\u00dfz\u00fcgige R\u00e4umlichkeiten erm\u00f6glichen hybride Veranstaltungen mit vor Ort oder virtuell teilnehmenden G\u00e4sten. Erfahren Sie mehr!","robots":{"index":"index","follow":"follow","max-snippet":"max-snippet:-1","max-image-preview":"max-image-preview:large","max-video-preview":"max-video-preview:-1"},"canonical":"https:\/\/www.cpvenice.com\/de\/meetings-und-veranstaltungen\/hybride-veranstaltungen\/","og_locale":"de_DE","og_type":"article","og_title":"Hybride Events: vor Ort und virtuell | Crowne Plaza Venice","og_description":"Hochmoderne Technologie und gro\u00dfz\u00fcgige R\u00e4umlichkeiten erm\u00f6glichen hybride Veranstaltungen mit vor Ort oder virtuell teilnehmenden G\u00e4sten. Erfahren Sie mehr!","og_url":"https:\/\/www.cpvenice.com\/de\/meetings-und-veranstaltungen\/hybride-veranstaltungen\/","og_site_name":"Crowne Plaza Venice East","article_modified_time":"2024-05-07T08:26:01+00:00","og_image":[{"width":2200,"height":1200,"url":"https:\/\/www.cpvenice.com\/wp-content\/uploads\/sites\/365\/2021\/12\/Crowne-Plaza-Venice-East-Rooms-Standard-Room-King-Accessible-bed.jpg","type":"image\/jpeg"}],"twitter_card":"summary_large_image","twitter_misc":{"Gesch\u00e4tzte Lesezeit":"1 Minute"},"schema":{"@context":"https:\/\/schema.org","@graph":[{"@type":"WebPage","@id":"https:\/\/www.cpvenice.com\/de\/meetings-und-veranstaltungen\/hybride-veranstaltungen\/","url":"https:\/\/www.cpvenice.com\/de\/meetings-und-veranstaltungen\/hybride-veranstaltungen\/","name":"Hybride Events: vor Ort und virtuell | Crowne Plaza Venice","isPartOf":{"@id":"https:\/\/www.cpvenice.com\/de\/#website"},"datePublished":"2021-10-15T14:38:58+00:00","dateModified":"2024-05-07T08:26:01+00:00","description":"Hochmoderne Technologie und gro\u00dfz\u00fcgige R\u00e4umlichkeiten erm\u00f6glichen hybride Veranstaltungen mit vor Ort oder virtuell teilnehmenden G\u00e4sten. Erfahren Sie mehr!","breadcrumb":{"@id":"https:\/\/www.cpvenice.com\/de\/meetings-und-veranstaltungen\/hybride-veranstaltungen\/#breadcrumb"},"inLanguage":"de-DE","potentialAction":[{"@type":"ReadAction","target":["https:\/\/www.cpvenice.com\/de\/meetings-und-veranstaltungen\/hybride-veranstaltungen\/"]}]},{"@type":"BreadcrumbList","@id":"https:\/\/www.cpvenice.com\/de\/meetings-und-veranstaltungen\/hybride-veranstaltungen\/#breadcrumb","itemListElement":[{"@type":"ListItem","position":1,"name":"Home","item":"https:\/\/www.cpvenice.com\/de\/"},{"@type":"ListItem","position":2,"name":"Meetings und Veranstaltungen","item":"https:\/\/www.cpvenice.com\/de\/meetings-und-veranstaltungen\/"},{"@type":"ListItem","position":3,"name":"Hybride Veranstaltungen"}]},{"@type":"WebSite","@id":"https:\/\/www.cpvenice.com\/de\/#website","url":"https:\/\/www.cpvenice.com\/de\/","name":"Crowne Plaza Venice East","description":"Just another ms.decms.eu site","potentialAction":[{"@type":"SearchAction","target":{"@type":"EntryPoint","urlTemplate":"https:\/\/www.cpvenice.com\/de\/?s={search_term_string}"},"query-input":{"@type":"PropertyValueSpecification","valueRequired":true,"valueName":"search_term_string"}}],"inLanguage":"de-DE"}]}},"acf":[],"_links":{"self":[{"href":"https:\/\/www.cpvenice.com\/de\/wp-json\/wp\/v2\/pages\/861","targetHints":{"allow":["GET"]}}],"collection":[{"href":"https:\/\/www.cpvenice.com\/de\/wp-json\/wp\/v2\/pages"}],"about":[{"href":"https:\/\/www.cpvenice.com\/de\/wp-json\/wp\/v2\/types\/page"}],"author":[{"embeddable":true,"href":"https:\/\/www.cpvenice.com\/de\/wp-json\/wp\/v2\/users\/36"}],"replies":[{"embeddable":true,"href":"https:\/\/www.cpvenice.com\/de\/wp-json\/wp\/v2\/comments?post=861"}],"version-history":[{"count":0,"href":"https:\/\/www.cpvenice.com\/de\/wp-json\/wp\/v2\/pages\/861\/revisions"}],"up":[{"embeddable":true,"href":"https:\/\/www.cpvenice.com\/de\/wp-json\/wp\/v2\/pages\/855"}],"wp:attachment":[{"href":"https:\/\/www.cpvenice.com\/de\/wp-json\/wp\/v2\/media?parent=861"}],"curies":[{"name":"wp","href":"https:\/\/api.w.org\/{rel}","templated":true}]}}