{"id":863,"date":"2021-10-15T15:10:16","date_gmt":"2021-10-15T15:10:16","guid":{"rendered":"https:\/\/www.cpvenice.com\/meetings-und-veranstaltungen\/eventi-privati-ed-aziendali\/"},"modified":"2024-05-07T08:27:01","modified_gmt":"2024-05-07T08:27:01","slug":"privat-und-firmenveranstaltungen","status":"publish","type":"page","link":"https:\/\/www.cpvenice.com\/de\/meetings-und-veranstaltungen\/privat-und-firmenveranstaltungen\/","title":{"rendered":"Privat- und Firmenveranstaltungen"},"content":{"rendered":"<p>Welche Veranstaltung auch immer Sie organisieren m\u00f6chten &#8211; von Meetings, Firmenfeiern, Geburtstags- oder Abschlussfeiern bis hin zu Ausstellungen &#8211; hier im <strong>Crowne Plaza Venice East<\/strong> in Quarto d&#8217;Altino k\u00f6nnen Sie die Vielseitigkeit unserer R\u00e4umlichkeiten, die <strong>hohen Qualit\u00e4tsstandards<\/strong> unseres 4-Sterne-Hotels und die engagierte Betreuung durch unser <strong>geschultes und professionelles Personal<\/strong> miteinander kombinieren.<\/p>\n<p>Z\u00f6gern Sie nicht, fragen Sie uns direkt nach weiteren Informationen und wir werden Ihnen alle Einzelheiten \u00fcber unsere R\u00e4ume und die M\u00f6glichkeiten der individuellen Gestaltung dank unserer Dienstleistungen mitteilen, damit Ihre Veranstaltung absolut originell und unvergesslich wird. Um das Angebot zu vervollst\u00e4ndigen, stehen Ihnen in unserem 4-Sterne-Hotel auch <strong>Zimmer verschiedener Gr\u00f6\u00dfen und Kategorien<\/strong>, der <strong>Service unseres Restaurants<\/strong>, die hauseigene Bar und ein gro\u00dfer <strong>Parkplatz im Freien<\/strong> zur Verf\u00fcgung.<\/p>\n","protected":false},"excerpt":{"rendered":"<p>Welche Veranstaltung auch immer Sie organisieren m\u00f6chten &#8211; von Meetings, Firmenfeiern, Geburtstags- oder Abschlussfeiern bis hin zu Ausstellungen &#8211; hier im Crowne Plaza Venice East in Quarto d&#8217;Altino k\u00f6nnen Sie die Vielseitigkeit unserer R\u00e4umlichkeiten, die hohen Qualit\u00e4tsstandards unseres 4-Sterne-Hotels und die engagierte Betreuung durch unser geschultes und professionelles Personal miteinander kombinieren. Z\u00f6gern Sie nicht, fragen [&hellip;]<\/p>\n","protected":false},"author":36,"featured_media":0,"parent":855,"menu_order":20,"comment_status":"closed","ping_status":"closed","template":"template-default-3.php","meta":{"footnotes":""},"class_list":["post-863","page","type-page","status-publish","hentry"],"yoast_head":"<!-- This site is optimized with the Yoast SEO plugin v26.9 - https:\/\/yoast.com\/product\/yoast-seo-wordpress\/ -->\n<title>Privat- und Firmenveranstaltungen | Crowne Plaza Venice<\/title>\n<meta name=\"description\" content=\"Sie k\u00f6nnen die Veranstaltungsr\u00e4ume f\u00fcr Meetings und verschiedene Aktivit\u00e4ten reservieren. Kontaktieren Sie unser Team und informieren Sie sich \u00fcber alle Details!\" \/>\n<meta name=\"robots\" content=\"index, follow, max-snippet:-1, max-image-preview:large, max-video-preview:-1\" \/>\n<link rel=\"canonical\" href=\"https:\/\/www.cpvenice.com\/de\/meetings-und-veranstaltungen\/privat-und-firmenveranstaltungen\/\" \/>\n<meta property=\"og:locale\" content=\"de_DE\" \/>\n<meta property=\"og:type\" content=\"article\" \/>\n<meta property=\"og:title\" content=\"Privat- und Firmenveranstaltungen | Crowne Plaza Venice\" \/>\n<meta property=\"og:description\" content=\"Sie k\u00f6nnen die Veranstaltungsr\u00e4ume f\u00fcr Meetings und verschiedene Aktivit\u00e4ten reservieren. Kontaktieren Sie unser Team und informieren Sie sich \u00fcber alle Details!\" \/>\n<meta property=\"og:url\" content=\"https:\/\/www.cpvenice.com\/de\/meetings-und-veranstaltungen\/privat-und-firmenveranstaltungen\/\" \/>\n<meta property=\"og:site_name\" content=\"Crowne Plaza Venice East\" \/>\n<meta property=\"article:modified_time\" content=\"2024-05-07T08:27:01+00:00\" \/>\n<meta property=\"og:image\" content=\"https:\/\/www.cpvenice.com\/wp-content\/uploads\/sites\/365\/2021\/12\/Crowne-Plaza-Venice-East-Rooms-Standard-Room-King-Accessible-bed.jpg\" \/>\n\t<meta property=\"og:image:width\" content=\"2200\" \/>\n\t<meta property=\"og:image:height\" content=\"1200\" \/>\n\t<meta property=\"og:image:type\" content=\"image\/jpeg\" \/>\n<meta name=\"twitter:card\" content=\"summary_large_image\" \/>\n<meta name=\"twitter:label1\" content=\"Gesch\u00e4tzte Lesezeit\" \/>\n\t<meta name=\"twitter:data1\" content=\"1 Minute\" \/>\n<script type=\"application\/ld+json\" class=\"yoast-schema-graph\">{\"@context\":\"https:\/\/schema.org\",\"@graph\":[{\"@type\":\"WebPage\",\"@id\":\"https:\/\/www.cpvenice.com\/de\/meetings-und-veranstaltungen\/privat-und-firmenveranstaltungen\/\",\"url\":\"https:\/\/www.cpvenice.com\/de\/meetings-und-veranstaltungen\/privat-und-firmenveranstaltungen\/\",\"name\":\"Privat- und Firmenveranstaltungen | Crowne Plaza Venice\",\"isPartOf\":{\"@id\":\"https:\/\/www.cpvenice.com\/de\/#website\"},\"datePublished\":\"2021-10-15T15:10:16+00:00\",\"dateModified\":\"2024-05-07T08:27:01+00:00\",\"description\":\"Sie k\u00f6nnen die Veranstaltungsr\u00e4ume f\u00fcr Meetings und verschiedene Aktivit\u00e4ten reservieren. Kontaktieren Sie unser Team und informieren Sie sich \u00fcber alle Details!\",\"breadcrumb\":{\"@id\":\"https:\/\/www.cpvenice.com\/de\/meetings-und-veranstaltungen\/privat-und-firmenveranstaltungen\/#breadcrumb\"},\"inLanguage\":\"de-DE\",\"potentialAction\":[{\"@type\":\"ReadAction\",\"target\":[\"https:\/\/www.cpvenice.com\/de\/meetings-und-veranstaltungen\/privat-und-firmenveranstaltungen\/\"]}]},{\"@type\":\"BreadcrumbList\",\"@id\":\"https:\/\/www.cpvenice.com\/de\/meetings-und-veranstaltungen\/privat-und-firmenveranstaltungen\/#breadcrumb\",\"itemListElement\":[{\"@type\":\"ListItem\",\"position\":1,\"name\":\"Home\",\"item\":\"https:\/\/www.cpvenice.com\/de\/\"},{\"@type\":\"ListItem\",\"position\":2,\"name\":\"Meetings und Veranstaltungen\",\"item\":\"https:\/\/www.cpvenice.com\/de\/meetings-und-veranstaltungen\/\"},{\"@type\":\"ListItem\",\"position\":3,\"name\":\"Privat- und Firmenveranstaltungen\"}]},{\"@type\":\"WebSite\",\"@id\":\"https:\/\/www.cpvenice.com\/de\/#website\",\"url\":\"https:\/\/www.cpvenice.com\/de\/\",\"name\":\"Crowne Plaza Venice East\",\"description\":\"Just another ms.decms.eu site\",\"potentialAction\":[{\"@type\":\"SearchAction\",\"target\":{\"@type\":\"EntryPoint\",\"urlTemplate\":\"https:\/\/www.cpvenice.com\/de\/?s={search_term_string}\"},\"query-input\":{\"@type\":\"PropertyValueSpecification\",\"valueRequired\":true,\"valueName\":\"search_term_string\"}}],\"inLanguage\":\"de-DE\"}]}<\/script>\n<!-- \/ Yoast SEO plugin. -->","yoast_head_json":{"title":"Privat- und Firmenveranstaltungen | Crowne Plaza Venice","description":"Sie k\u00f6nnen die Veranstaltungsr\u00e4ume f\u00fcr Meetings und verschiedene Aktivit\u00e4ten reservieren. Kontaktieren Sie unser Team und informieren Sie sich \u00fcber alle Details!","robots":{"index":"index","follow":"follow","max-snippet":"max-snippet:-1","max-image-preview":"max-image-preview:large","max-video-preview":"max-video-preview:-1"},"canonical":"https:\/\/www.cpvenice.com\/de\/meetings-und-veranstaltungen\/privat-und-firmenveranstaltungen\/","og_locale":"de_DE","og_type":"article","og_title":"Privat- und Firmenveranstaltungen | Crowne Plaza Venice","og_description":"Sie k\u00f6nnen die Veranstaltungsr\u00e4ume f\u00fcr Meetings und verschiedene Aktivit\u00e4ten reservieren. Kontaktieren Sie unser Team und informieren Sie sich \u00fcber alle Details!","og_url":"https:\/\/www.cpvenice.com\/de\/meetings-und-veranstaltungen\/privat-und-firmenveranstaltungen\/","og_site_name":"Crowne Plaza Venice East","article_modified_time":"2024-05-07T08:27:01+00:00","og_image":[{"width":2200,"height":1200,"url":"https:\/\/www.cpvenice.com\/wp-content\/uploads\/sites\/365\/2021\/12\/Crowne-Plaza-Venice-East-Rooms-Standard-Room-King-Accessible-bed.jpg","type":"image\/jpeg"}],"twitter_card":"summary_large_image","twitter_misc":{"Gesch\u00e4tzte Lesezeit":"1 Minute"},"schema":{"@context":"https:\/\/schema.org","@graph":[{"@type":"WebPage","@id":"https:\/\/www.cpvenice.com\/de\/meetings-und-veranstaltungen\/privat-und-firmenveranstaltungen\/","url":"https:\/\/www.cpvenice.com\/de\/meetings-und-veranstaltungen\/privat-und-firmenveranstaltungen\/","name":"Privat- und Firmenveranstaltungen | Crowne Plaza Venice","isPartOf":{"@id":"https:\/\/www.cpvenice.com\/de\/#website"},"datePublished":"2021-10-15T15:10:16+00:00","dateModified":"2024-05-07T08:27:01+00:00","description":"Sie k\u00f6nnen die Veranstaltungsr\u00e4ume f\u00fcr Meetings und verschiedene Aktivit\u00e4ten reservieren. Kontaktieren Sie unser Team und informieren Sie sich \u00fcber alle Details!","breadcrumb":{"@id":"https:\/\/www.cpvenice.com\/de\/meetings-und-veranstaltungen\/privat-und-firmenveranstaltungen\/#breadcrumb"},"inLanguage":"de-DE","potentialAction":[{"@type":"ReadAction","target":["https:\/\/www.cpvenice.com\/de\/meetings-und-veranstaltungen\/privat-und-firmenveranstaltungen\/"]}]},{"@type":"BreadcrumbList","@id":"https:\/\/www.cpvenice.com\/de\/meetings-und-veranstaltungen\/privat-und-firmenveranstaltungen\/#breadcrumb","itemListElement":[{"@type":"ListItem","position":1,"name":"Home","item":"https:\/\/www.cpvenice.com\/de\/"},{"@type":"ListItem","position":2,"name":"Meetings und Veranstaltungen","item":"https:\/\/www.cpvenice.com\/de\/meetings-und-veranstaltungen\/"},{"@type":"ListItem","position":3,"name":"Privat- und Firmenveranstaltungen"}]},{"@type":"WebSite","@id":"https:\/\/www.cpvenice.com\/de\/#website","url":"https:\/\/www.cpvenice.com\/de\/","name":"Crowne Plaza Venice East","description":"Just another ms.decms.eu site","potentialAction":[{"@type":"SearchAction","target":{"@type":"EntryPoint","urlTemplate":"https:\/\/www.cpvenice.com\/de\/?s={search_term_string}"},"query-input":{"@type":"PropertyValueSpecification","valueRequired":true,"valueName":"search_term_string"}}],"inLanguage":"de-DE"}]}},"acf":[],"_links":{"self":[{"href":"https:\/\/www.cpvenice.com\/de\/wp-json\/wp\/v2\/pages\/863","targetHints":{"allow":["GET"]}}],"collection":[{"href":"https:\/\/www.cpvenice.com\/de\/wp-json\/wp\/v2\/pages"}],"about":[{"href":"https:\/\/www.cpvenice.com\/de\/wp-json\/wp\/v2\/types\/page"}],"author":[{"embeddable":true,"href":"https:\/\/www.cpvenice.com\/de\/wp-json\/wp\/v2\/users\/36"}],"replies":[{"embeddable":true,"href":"https:\/\/www.cpvenice.com\/de\/wp-json\/wp\/v2\/comments?post=863"}],"version-history":[{"count":0,"href":"https:\/\/www.cpvenice.com\/de\/wp-json\/wp\/v2\/pages\/863\/revisions"}],"up":[{"embeddable":true,"href":"https:\/\/www.cpvenice.com\/de\/wp-json\/wp\/v2\/pages\/855"}],"wp:attachment":[{"href":"https:\/\/www.cpvenice.com\/de\/wp-json\/wp\/v2\/media?parent=863"}],"curies":[{"name":"wp","href":"https:\/\/api.w.org\/{rel}","templated":true}]}}