{"id":865,"date":"2021-10-25T12:54:57","date_gmt":"2021-10-25T12:54:57","guid":{"rendered":"https:\/\/www.cpvenice.com\/dove-siamo\/"},"modified":"2024-06-06T09:31:42","modified_gmt":"2024-06-06T09:31:42","slug":"lage","status":"publish","type":"page","link":"https:\/\/www.cpvenice.com\/de\/lage\/","title":{"rendered":"Lage"},"content":{"rendered":"<p>W\u00e4hlen Sie f\u00fcr Ihre Venedig-Reise die <strong>g\u00fcnstige Lage<\/strong> des Crowne Plaza Venice East, eines modernen <strong>4-Sterne-Hotels in Quarto d&#8217;Altino<\/strong>. Dank seiner N\u00e4he zu den Flugh\u00e4fen von Venedig und Treviso, dem Hafen von Venedig und den wichtigsten Autobahnanschl\u00fcssen k\u00f6nnen Sie von hier aus <strong>ganz bequem Venedig erreichen<\/strong> und gleichzeitig alle Sehensw\u00fcrdigkeiten des Hinterlandes entdecken. Unser Hotel befindet sich hier:<\/p>\n<p>\u25cf 250 Meter vom Bahnhof Quarto d&#8217;Altino entfernt, von dem aus Sie schnell Venedig erreichen k\u00f6nnen<br \/>\n\u25cf 15 Minuten vom Flughafen Venedig Marco Polo entfernt<br \/>\n\u25cf 25 Minuten vom Flughafen Treviso Antonio Canova entfernt<\/p>\n<p>Au\u00dferdem finden Sie hier alle Annehmlichkeiten eines modernen 4-Sterne-Hotels wie einen <strong>gro\u00dfen kostenlosen Parkplatz<\/strong>, und <strong>\u00fcberdachte Garage mit Tesla-Ladestationen<\/strong>, einen Shuttle-Service zum Flughafen, ein hauseigenes <strong>Restaurant und eine Bar<\/strong> sowie einen <strong>Fitnessraum<\/strong>.<\/p>\n","protected":false},"excerpt":{"rendered":"<p>W\u00e4hlen Sie f\u00fcr Ihre Venedig-Reise die g\u00fcnstige Lage des Crowne Plaza Venice East, eines modernen 4-Sterne-Hotels in Quarto d&#8217;Altino. Dank seiner N\u00e4he zu den Flugh\u00e4fen von Venedig und Treviso, dem Hafen von Venedig und den wichtigsten Autobahnanschl\u00fcssen k\u00f6nnen Sie von hier aus ganz bequem Venedig erreichen und gleichzeitig alle Sehensw\u00fcrdigkeiten des Hinterlandes entdecken. Unser Hotel [&hellip;]<\/p>\n","protected":false},"author":36,"featured_media":0,"parent":0,"menu_order":70,"comment_status":"closed","ping_status":"closed","template":"template-location.php","meta":{"footnotes":""},"class_list":["post-865","page","type-page","status-publish","hentry"],"yoast_head":"<!-- This site is optimized with the Yoast SEO plugin v26.9 - https:\/\/yoast.com\/product\/yoast-seo-wordpress\/ -->\n<title>Quarto d&#039;Altino bei Mestre und Venedig | Crowne Plaza Venice<\/title>\n<meta name=\"description\" content=\"Das Hotel liegt in Quarto d&#039;Altino, zwischen der Umgehungsstra\u00dfe und dem Autobahnabschnitt Passante di Mestre, gegen\u00fcber dem Bahnhof, nahe Mestre und Venedig.\" \/>\n<meta name=\"robots\" content=\"index, follow, max-snippet:-1, max-image-preview:large, max-video-preview:-1\" \/>\n<link rel=\"canonical\" href=\"https:\/\/www.cpvenice.com\/de\/lage\/\" \/>\n<meta property=\"og:locale\" content=\"de_DE\" \/>\n<meta property=\"og:type\" content=\"article\" \/>\n<meta property=\"og:title\" content=\"Quarto d&#039;Altino bei Mestre und Venedig | Crowne Plaza Venice\" \/>\n<meta property=\"og:description\" content=\"Das Hotel liegt in Quarto d&#039;Altino, zwischen der Umgehungsstra\u00dfe und dem Autobahnabschnitt Passante di Mestre, gegen\u00fcber dem Bahnhof, nahe Mestre und Venedig.\" \/>\n<meta property=\"og:url\" content=\"https:\/\/www.cpvenice.com\/de\/lage\/\" \/>\n<meta property=\"og:site_name\" content=\"Crowne Plaza Venice East\" \/>\n<meta property=\"article:modified_time\" content=\"2024-06-06T09:31:42+00:00\" \/>\n<meta property=\"og:image\" content=\"https:\/\/www.cpvenice.com\/wp-content\/uploads\/sites\/365\/2021\/12\/Crowne-Plaza-Venice-East-Rooms-Standard-Room-King-Accessible-bed.jpg\" \/>\n\t<meta property=\"og:image:width\" content=\"2200\" \/>\n\t<meta property=\"og:image:height\" content=\"1200\" \/>\n\t<meta property=\"og:image:type\" content=\"image\/jpeg\" \/>\n<meta name=\"twitter:card\" content=\"summary_large_image\" \/>\n<meta name=\"twitter:label1\" content=\"Gesch\u00e4tzte Lesezeit\" \/>\n\t<meta name=\"twitter:data1\" content=\"1 Minute\" \/>\n<script type=\"application\/ld+json\" class=\"yoast-schema-graph\">{\"@context\":\"https:\/\/schema.org\",\"@graph\":[{\"@type\":\"WebPage\",\"@id\":\"https:\/\/www.cpvenice.com\/de\/lage\/\",\"url\":\"https:\/\/www.cpvenice.com\/de\/lage\/\",\"name\":\"Quarto d'Altino bei Mestre und Venedig | Crowne Plaza Venice\",\"isPartOf\":{\"@id\":\"https:\/\/www.cpvenice.com\/de\/#website\"},\"datePublished\":\"2021-10-25T12:54:57+00:00\",\"dateModified\":\"2024-06-06T09:31:42+00:00\",\"description\":\"Das Hotel liegt in Quarto d'Altino, zwischen der Umgehungsstra\u00dfe und dem Autobahnabschnitt Passante di Mestre, gegen\u00fcber dem Bahnhof, nahe Mestre und Venedig.\",\"breadcrumb\":{\"@id\":\"https:\/\/www.cpvenice.com\/de\/lage\/#breadcrumb\"},\"inLanguage\":\"de-DE\",\"potentialAction\":[{\"@type\":\"ReadAction\",\"target\":[\"https:\/\/www.cpvenice.com\/de\/lage\/\"]}]},{\"@type\":\"BreadcrumbList\",\"@id\":\"https:\/\/www.cpvenice.com\/de\/lage\/#breadcrumb\",\"itemListElement\":[{\"@type\":\"ListItem\",\"position\":1,\"name\":\"Home\",\"item\":\"https:\/\/www.cpvenice.com\/de\/\"},{\"@type\":\"ListItem\",\"position\":2,\"name\":\"Lage\"}]},{\"@type\":\"WebSite\",\"@id\":\"https:\/\/www.cpvenice.com\/de\/#website\",\"url\":\"https:\/\/www.cpvenice.com\/de\/\",\"name\":\"Crowne Plaza Venice East\",\"description\":\"Just another ms.decms.eu site\",\"potentialAction\":[{\"@type\":\"SearchAction\",\"target\":{\"@type\":\"EntryPoint\",\"urlTemplate\":\"https:\/\/www.cpvenice.com\/de\/?s={search_term_string}\"},\"query-input\":{\"@type\":\"PropertyValueSpecification\",\"valueRequired\":true,\"valueName\":\"search_term_string\"}}],\"inLanguage\":\"de-DE\"}]}<\/script>\n<!-- \/ Yoast SEO plugin. -->","yoast_head_json":{"title":"Quarto d'Altino bei Mestre und Venedig | Crowne Plaza Venice","description":"Das Hotel liegt in Quarto d'Altino, zwischen der Umgehungsstra\u00dfe und dem Autobahnabschnitt Passante di Mestre, gegen\u00fcber dem Bahnhof, nahe Mestre und Venedig.","robots":{"index":"index","follow":"follow","max-snippet":"max-snippet:-1","max-image-preview":"max-image-preview:large","max-video-preview":"max-video-preview:-1"},"canonical":"https:\/\/www.cpvenice.com\/de\/lage\/","og_locale":"de_DE","og_type":"article","og_title":"Quarto d'Altino bei Mestre und Venedig | Crowne Plaza Venice","og_description":"Das Hotel liegt in Quarto d'Altino, zwischen der Umgehungsstra\u00dfe und dem Autobahnabschnitt Passante di Mestre, gegen\u00fcber dem Bahnhof, nahe Mestre und Venedig.","og_url":"https:\/\/www.cpvenice.com\/de\/lage\/","og_site_name":"Crowne Plaza Venice East","article_modified_time":"2024-06-06T09:31:42+00:00","og_image":[{"width":2200,"height":1200,"url":"https:\/\/www.cpvenice.com\/wp-content\/uploads\/sites\/365\/2021\/12\/Crowne-Plaza-Venice-East-Rooms-Standard-Room-King-Accessible-bed.jpg","type":"image\/jpeg"}],"twitter_card":"summary_large_image","twitter_misc":{"Gesch\u00e4tzte Lesezeit":"1 Minute"},"schema":{"@context":"https:\/\/schema.org","@graph":[{"@type":"WebPage","@id":"https:\/\/www.cpvenice.com\/de\/lage\/","url":"https:\/\/www.cpvenice.com\/de\/lage\/","name":"Quarto d'Altino bei Mestre und Venedig | Crowne Plaza Venice","isPartOf":{"@id":"https:\/\/www.cpvenice.com\/de\/#website"},"datePublished":"2021-10-25T12:54:57+00:00","dateModified":"2024-06-06T09:31:42+00:00","description":"Das Hotel liegt in Quarto d'Altino, zwischen der Umgehungsstra\u00dfe und dem Autobahnabschnitt Passante di Mestre, gegen\u00fcber dem Bahnhof, nahe Mestre und Venedig.","breadcrumb":{"@id":"https:\/\/www.cpvenice.com\/de\/lage\/#breadcrumb"},"inLanguage":"de-DE","potentialAction":[{"@type":"ReadAction","target":["https:\/\/www.cpvenice.com\/de\/lage\/"]}]},{"@type":"BreadcrumbList","@id":"https:\/\/www.cpvenice.com\/de\/lage\/#breadcrumb","itemListElement":[{"@type":"ListItem","position":1,"name":"Home","item":"https:\/\/www.cpvenice.com\/de\/"},{"@type":"ListItem","position":2,"name":"Lage"}]},{"@type":"WebSite","@id":"https:\/\/www.cpvenice.com\/de\/#website","url":"https:\/\/www.cpvenice.com\/de\/","name":"Crowne Plaza Venice East","description":"Just another ms.decms.eu site","potentialAction":[{"@type":"SearchAction","target":{"@type":"EntryPoint","urlTemplate":"https:\/\/www.cpvenice.com\/de\/?s={search_term_string}"},"query-input":{"@type":"PropertyValueSpecification","valueRequired":true,"valueName":"search_term_string"}}],"inLanguage":"de-DE"}]}},"acf":[],"_links":{"self":[{"href":"https:\/\/www.cpvenice.com\/de\/wp-json\/wp\/v2\/pages\/865","targetHints":{"allow":["GET"]}}],"collection":[{"href":"https:\/\/www.cpvenice.com\/de\/wp-json\/wp\/v2\/pages"}],"about":[{"href":"https:\/\/www.cpvenice.com\/de\/wp-json\/wp\/v2\/types\/page"}],"author":[{"embeddable":true,"href":"https:\/\/www.cpvenice.com\/de\/wp-json\/wp\/v2\/users\/36"}],"replies":[{"embeddable":true,"href":"https:\/\/www.cpvenice.com\/de\/wp-json\/wp\/v2\/comments?post=865"}],"version-history":[{"count":0,"href":"https:\/\/www.cpvenice.com\/de\/wp-json\/wp\/v2\/pages\/865\/revisions"}],"wp:attachment":[{"href":"https:\/\/www.cpvenice.com\/de\/wp-json\/wp\/v2\/media?parent=865"}],"curies":[{"name":"wp","href":"https:\/\/api.w.org\/{rel}","templated":true}]}}