{"id":885,"date":"2021-10-25T10:00:38","date_gmt":"2021-10-25T10:00:38","guid":{"rendered":"https:\/\/www.cpvenice.com\/venedig-und-umgebung\/venezia\/"},"modified":"2024-05-02T14:10:56","modified_gmt":"2024-05-02T14:10:56","slug":"venezia","status":"publish","type":"page","link":"https:\/\/www.cpvenice.com\/de\/venedig-und-umgebung\/venezia\/","title":{"rendered":"Venedig"},"content":{"rendered":"<p>Niemand kann sich dem <strong>Charme Venedigs<\/strong> entziehen, einer Stadt, die jedes Jahr Besucher aus der ganzen Welt anzieht, die mit eigenen Augen die <strong>malerischen Calli<\/strong>, wie die typischen Str\u00e4\u00dfchen in Venedig hei\u00dfen, die pr\u00e4chtigen Pal\u00e4ste mit Blick auf die Kan\u00e4le und die Gondeln bewundern wollen. Unabh\u00e4ngig von der Jahreszeit, in der man Venedig besucht, bietet es dank seines <strong>unsch\u00e4tzbaren k\u00fcnstlerischen Erbes immer spektakul\u00e4re Ausblicke<\/strong>.<\/p>\n<p>Wenn auch Sie der Sch\u00f6nheit dieser unglaublichen Stadt erlegen sind, entdecken Sie mit dem<strong> Crowne Plaza Venice East<\/strong>, einem modernen <strong>4-Sterne-Hotel in Quarto d&#8217;Altino<\/strong>, das Beste, was Venedig zu bieten hat. Nutzen Sie alle unsere Inklusivleistungen wie die hauseigene <strong>Bar und das Restaurant<\/strong> &#8211; ideal f\u00fcr eine geschmackvolle Pause &#8211; den <strong>Fitnessraum<\/strong> und den gro\u00dfz\u00fcgigen <strong>Parkplatz im Freien<\/strong>.<\/p>\n","protected":false},"excerpt":{"rendered":"<p>Niemand kann sich dem Charme Venedigs entziehen, einer Stadt, die jedes Jahr Besucher aus der ganzen Welt anzieht, die mit eigenen Augen die malerischen Calli, wie die typischen Str\u00e4\u00dfchen in Venedig hei\u00dfen, die pr\u00e4chtigen Pal\u00e4ste mit Blick auf die Kan\u00e4le und die Gondeln bewundern wollen. Unabh\u00e4ngig von der Jahreszeit, in der man Venedig besucht, bietet [&hellip;]<\/p>\n","protected":false},"author":36,"featured_media":0,"parent":882,"menu_order":5,"comment_status":"closed","ping_status":"closed","template":"","meta":{"footnotes":""},"class_list":["post-885","page","type-page","status-publish","hentry"],"yoast_head":"<!-- This site is optimized with the Yoast SEO plugin v26.9 - https:\/\/yoast.com\/product\/yoast-seo-wordpress\/ -->\n<title>Venedig: Burano, Murano, Markusplatz | Crowne Plaza Venice<\/title>\n<meta name=\"description\" content=\"Der Charme der malerischen Stadt \u00fcber dem Wasser macht Venedig zu einem der suggestivsten Orte der Welt. Entdecken Sie mit uns die bedeutendsten Sch\u00e4tze der Stadt!\" \/>\n<meta name=\"robots\" content=\"index, follow, max-snippet:-1, max-image-preview:large, max-video-preview:-1\" \/>\n<link rel=\"canonical\" href=\"https:\/\/www.cpvenice.com\/de\/venedig-und-umgebung\/venezia\/\" \/>\n<meta property=\"og:locale\" content=\"de_DE\" \/>\n<meta property=\"og:type\" content=\"article\" \/>\n<meta property=\"og:title\" content=\"Venedig: Burano, Murano, Markusplatz | Crowne Plaza Venice\" \/>\n<meta property=\"og:description\" content=\"Der Charme der malerischen Stadt \u00fcber dem Wasser macht Venedig zu einem der suggestivsten Orte der Welt. Entdecken Sie mit uns die bedeutendsten Sch\u00e4tze der Stadt!\" \/>\n<meta property=\"og:url\" content=\"https:\/\/www.cpvenice.com\/de\/venedig-und-umgebung\/venezia\/\" \/>\n<meta property=\"og:site_name\" content=\"Crowne Plaza Venice East\" \/>\n<meta property=\"article:modified_time\" content=\"2024-05-02T14:10:56+00:00\" \/>\n<meta property=\"og:image\" content=\"https:\/\/www.cpvenice.com\/wp-content\/uploads\/sites\/365\/2021\/12\/Crowne-Plaza-Venice-East-Rooms-Standard-Room-King-Accessible-bed.jpg\" \/>\n\t<meta property=\"og:image:width\" content=\"2200\" \/>\n\t<meta property=\"og:image:height\" content=\"1200\" \/>\n\t<meta property=\"og:image:type\" content=\"image\/jpeg\" \/>\n<meta name=\"twitter:card\" content=\"summary_large_image\" \/>\n<meta name=\"twitter:label1\" content=\"Gesch\u00e4tzte Lesezeit\" \/>\n\t<meta name=\"twitter:data1\" content=\"1 Minute\" \/>\n<script type=\"application\/ld+json\" class=\"yoast-schema-graph\">{\"@context\":\"https:\/\/schema.org\",\"@graph\":[{\"@type\":\"WebPage\",\"@id\":\"https:\/\/www.cpvenice.com\/de\/venedig-und-umgebung\/venezia\/\",\"url\":\"https:\/\/www.cpvenice.com\/de\/venedig-und-umgebung\/venezia\/\",\"name\":\"Venedig: Burano, Murano, Markusplatz | Crowne Plaza Venice\",\"isPartOf\":{\"@id\":\"https:\/\/www.cpvenice.com\/de\/#website\"},\"datePublished\":\"2021-10-25T10:00:38+00:00\",\"dateModified\":\"2024-05-02T14:10:56+00:00\",\"description\":\"Der Charme der malerischen Stadt \u00fcber dem Wasser macht Venedig zu einem der suggestivsten Orte der Welt. Entdecken Sie mit uns die bedeutendsten Sch\u00e4tze der Stadt!\",\"breadcrumb\":{\"@id\":\"https:\/\/www.cpvenice.com\/de\/venedig-und-umgebung\/venezia\/#breadcrumb\"},\"inLanguage\":\"de-DE\",\"potentialAction\":[{\"@type\":\"ReadAction\",\"target\":[\"https:\/\/www.cpvenice.com\/de\/venedig-und-umgebung\/venezia\/\"]}]},{\"@type\":\"BreadcrumbList\",\"@id\":\"https:\/\/www.cpvenice.com\/de\/venedig-und-umgebung\/venezia\/#breadcrumb\",\"itemListElement\":[{\"@type\":\"ListItem\",\"position\":1,\"name\":\"Home\",\"item\":\"https:\/\/www.cpvenice.com\/de\/\"},{\"@type\":\"ListItem\",\"position\":2,\"name\":\"Venedig und Umgebung\",\"item\":\"https:\/\/www.cpvenice.com\/de\/venedig-und-umgebung\/\"},{\"@type\":\"ListItem\",\"position\":3,\"name\":\"Venedig\"}]},{\"@type\":\"WebSite\",\"@id\":\"https:\/\/www.cpvenice.com\/de\/#website\",\"url\":\"https:\/\/www.cpvenice.com\/de\/\",\"name\":\"Crowne Plaza Venice East\",\"description\":\"Just another ms.decms.eu site\",\"potentialAction\":[{\"@type\":\"SearchAction\",\"target\":{\"@type\":\"EntryPoint\",\"urlTemplate\":\"https:\/\/www.cpvenice.com\/de\/?s={search_term_string}\"},\"query-input\":{\"@type\":\"PropertyValueSpecification\",\"valueRequired\":true,\"valueName\":\"search_term_string\"}}],\"inLanguage\":\"de-DE\"}]}<\/script>\n<!-- \/ Yoast SEO plugin. -->","yoast_head_json":{"title":"Venedig: Burano, Murano, Markusplatz | Crowne Plaza Venice","description":"Der Charme der malerischen Stadt \u00fcber dem Wasser macht Venedig zu einem der suggestivsten Orte der Welt. Entdecken Sie mit uns die bedeutendsten Sch\u00e4tze der Stadt!","robots":{"index":"index","follow":"follow","max-snippet":"max-snippet:-1","max-image-preview":"max-image-preview:large","max-video-preview":"max-video-preview:-1"},"canonical":"https:\/\/www.cpvenice.com\/de\/venedig-und-umgebung\/venezia\/","og_locale":"de_DE","og_type":"article","og_title":"Venedig: Burano, Murano, Markusplatz | Crowne Plaza Venice","og_description":"Der Charme der malerischen Stadt \u00fcber dem Wasser macht Venedig zu einem der suggestivsten Orte der Welt. Entdecken Sie mit uns die bedeutendsten Sch\u00e4tze der Stadt!","og_url":"https:\/\/www.cpvenice.com\/de\/venedig-und-umgebung\/venezia\/","og_site_name":"Crowne Plaza Venice East","article_modified_time":"2024-05-02T14:10:56+00:00","og_image":[{"width":2200,"height":1200,"url":"https:\/\/www.cpvenice.com\/wp-content\/uploads\/sites\/365\/2021\/12\/Crowne-Plaza-Venice-East-Rooms-Standard-Room-King-Accessible-bed.jpg","type":"image\/jpeg"}],"twitter_card":"summary_large_image","twitter_misc":{"Gesch\u00e4tzte Lesezeit":"1 Minute"},"schema":{"@context":"https:\/\/schema.org","@graph":[{"@type":"WebPage","@id":"https:\/\/www.cpvenice.com\/de\/venedig-und-umgebung\/venezia\/","url":"https:\/\/www.cpvenice.com\/de\/venedig-und-umgebung\/venezia\/","name":"Venedig: Burano, Murano, Markusplatz | Crowne Plaza Venice","isPartOf":{"@id":"https:\/\/www.cpvenice.com\/de\/#website"},"datePublished":"2021-10-25T10:00:38+00:00","dateModified":"2024-05-02T14:10:56+00:00","description":"Der Charme der malerischen Stadt \u00fcber dem Wasser macht Venedig zu einem der suggestivsten Orte der Welt. Entdecken Sie mit uns die bedeutendsten Sch\u00e4tze der Stadt!","breadcrumb":{"@id":"https:\/\/www.cpvenice.com\/de\/venedig-und-umgebung\/venezia\/#breadcrumb"},"inLanguage":"de-DE","potentialAction":[{"@type":"ReadAction","target":["https:\/\/www.cpvenice.com\/de\/venedig-und-umgebung\/venezia\/"]}]},{"@type":"BreadcrumbList","@id":"https:\/\/www.cpvenice.com\/de\/venedig-und-umgebung\/venezia\/#breadcrumb","itemListElement":[{"@type":"ListItem","position":1,"name":"Home","item":"https:\/\/www.cpvenice.com\/de\/"},{"@type":"ListItem","position":2,"name":"Venedig und Umgebung","item":"https:\/\/www.cpvenice.com\/de\/venedig-und-umgebung\/"},{"@type":"ListItem","position":3,"name":"Venedig"}]},{"@type":"WebSite","@id":"https:\/\/www.cpvenice.com\/de\/#website","url":"https:\/\/www.cpvenice.com\/de\/","name":"Crowne Plaza Venice East","description":"Just another ms.decms.eu site","potentialAction":[{"@type":"SearchAction","target":{"@type":"EntryPoint","urlTemplate":"https:\/\/www.cpvenice.com\/de\/?s={search_term_string}"},"query-input":{"@type":"PropertyValueSpecification","valueRequired":true,"valueName":"search_term_string"}}],"inLanguage":"de-DE"}]}},"acf":[],"_links":{"self":[{"href":"https:\/\/www.cpvenice.com\/de\/wp-json\/wp\/v2\/pages\/885","targetHints":{"allow":["GET"]}}],"collection":[{"href":"https:\/\/www.cpvenice.com\/de\/wp-json\/wp\/v2\/pages"}],"about":[{"href":"https:\/\/www.cpvenice.com\/de\/wp-json\/wp\/v2\/types\/page"}],"author":[{"embeddable":true,"href":"https:\/\/www.cpvenice.com\/de\/wp-json\/wp\/v2\/users\/36"}],"replies":[{"embeddable":true,"href":"https:\/\/www.cpvenice.com\/de\/wp-json\/wp\/v2\/comments?post=885"}],"version-history":[{"count":0,"href":"https:\/\/www.cpvenice.com\/de\/wp-json\/wp\/v2\/pages\/885\/revisions"}],"up":[{"embeddable":true,"href":"https:\/\/www.cpvenice.com\/de\/wp-json\/wp\/v2\/pages\/882"}],"wp:attachment":[{"href":"https:\/\/www.cpvenice.com\/de\/wp-json\/wp\/v2\/media?parent=885"}],"curies":[{"name":"wp","href":"https:\/\/api.w.org\/{rel}","templated":true}]}}