{"id":887,"date":"2021-10-25T10:05:34","date_gmt":"2021-10-25T10:05:34","guid":{"rendered":"https:\/\/www.cpvenice.com\/venedig-und-umgebung\/venezia\/piazza-san-marco\/"},"modified":"2024-05-02T14:17:13","modified_gmt":"2024-05-02T14:17:13","slug":"dem-markusplatz","status":"publish","type":"page","link":"https:\/\/www.cpvenice.com\/de\/venedig-und-umgebung\/venezia\/dem-markusplatz\/","title":{"rendered":"dem Markusplatz"},"content":{"rendered":"<p>Der <strong>Markusplatz<\/strong>, einer der ber\u00fchmtesten Pl\u00e4tze Italiens und der Welt, wurde im 9. Jahrhundert erbaut und hat seither nie aufgeh\u00f6rt, seine Besucher zu faszinieren. Der Platz bietet nicht nur einen <strong>atemberaubenden Blick auf das Markusbecken<\/strong>, sondern beherbergt auch <strong>den gleichnamigen Markusdom<\/strong> mit den sterblichen \u00dcberresten des Schutzpatrons der Stadt. Die Kathedrale ist ein absolutes Muss f\u00fcr alle, die Venedig zum ersten Mal besuchen: Sie wurde wegen ihrer Erhabenheit und ihrer pr\u00e4chtigen Mosaike \u201eChiesa D&#8217;Oro\u201c (Goldene Kirche) genannt.<\/p>\n<p>Neben der ber\u00fchmten Basilika sollte man auch <strong>den Dogenpalast<\/strong>, den einstigen Sitz der politischen Macht der Repubblica Serenissima, nicht verpassen, ebenso wenig wie <strong>den Uhrenturm<\/strong> und die <strong>S\u00e4ulen des Heiligen Markus und des Heiligen Theodor<\/strong>, die f\u00fcr alle, die \u00fcber den Seeweg ankommen, die Tore der Stadt markieren.<\/p>\n","protected":false},"excerpt":{"rendered":"<p>Der Markusplatz, einer der ber\u00fchmtesten Pl\u00e4tze Italiens und der Welt, wurde im 9. Jahrhundert erbaut und hat seither nie aufgeh\u00f6rt, seine Besucher zu faszinieren. Der Platz bietet nicht nur einen atemberaubenden Blick auf das Markusbecken, sondern beherbergt auch den gleichnamigen Markusdom mit den sterblichen \u00dcberresten des Schutzpatrons der Stadt. Die Kathedrale ist ein absolutes Muss [&hellip;]<\/p>\n","protected":false},"author":36,"featured_media":0,"parent":885,"menu_order":5,"comment_status":"closed","ping_status":"closed","template":"","meta":{"footnotes":""},"class_list":["post-887","page","type-page","status-publish","hentry"],"yoast_head":"<!-- This site is optimized with the Yoast SEO plugin v26.9 - https:\/\/yoast.com\/product\/yoast-seo-wordpress\/ -->\n<title>Markusplatz in Venedig | Crowne Plaza Venice East<\/title>\n<meta name=\"description\" content=\"Hier schl\u00e4gt das Herz Venedigs: der Markusplatz. Reich an Kunst und Geschichte z\u00e4hlt er zu den sch\u00f6nsten Pl\u00e4tzen der Welt und ist nur wenige Minuten vom Hotel entfernt.\" \/>\n<meta name=\"robots\" content=\"index, follow, max-snippet:-1, max-image-preview:large, max-video-preview:-1\" \/>\n<link rel=\"canonical\" href=\"https:\/\/www.cpvenice.com\/de\/venedig-und-umgebung\/venezia\/dem-markusplatz\/\" \/>\n<meta property=\"og:locale\" content=\"de_DE\" \/>\n<meta property=\"og:type\" content=\"article\" \/>\n<meta property=\"og:title\" content=\"Markusplatz in Venedig | Crowne Plaza Venice East\" \/>\n<meta property=\"og:description\" content=\"Hier schl\u00e4gt das Herz Venedigs: der Markusplatz. Reich an Kunst und Geschichte z\u00e4hlt er zu den sch\u00f6nsten Pl\u00e4tzen der Welt und ist nur wenige Minuten vom Hotel entfernt.\" \/>\n<meta property=\"og:url\" content=\"https:\/\/www.cpvenice.com\/de\/venedig-und-umgebung\/venezia\/dem-markusplatz\/\" \/>\n<meta property=\"og:site_name\" content=\"Crowne Plaza Venice East\" \/>\n<meta property=\"article:modified_time\" content=\"2024-05-02T14:17:13+00:00\" \/>\n<meta property=\"og:image\" content=\"https:\/\/www.cpvenice.com\/wp-content\/uploads\/sites\/365\/2021\/12\/Crowne-Plaza-Venice-East-Rooms-Standard-Room-King-Accessible-bed.jpg\" \/>\n\t<meta property=\"og:image:width\" content=\"2200\" \/>\n\t<meta property=\"og:image:height\" content=\"1200\" \/>\n\t<meta property=\"og:image:type\" content=\"image\/jpeg\" \/>\n<meta name=\"twitter:card\" content=\"summary_large_image\" \/>\n<meta name=\"twitter:label1\" content=\"Gesch\u00e4tzte Lesezeit\" \/>\n\t<meta name=\"twitter:data1\" content=\"1 Minute\" \/>\n<script type=\"application\/ld+json\" class=\"yoast-schema-graph\">{\"@context\":\"https:\/\/schema.org\",\"@graph\":[{\"@type\":\"WebPage\",\"@id\":\"https:\/\/www.cpvenice.com\/de\/venedig-und-umgebung\/venezia\/dem-markusplatz\/\",\"url\":\"https:\/\/www.cpvenice.com\/de\/venedig-und-umgebung\/venezia\/dem-markusplatz\/\",\"name\":\"Markusplatz in Venedig | Crowne Plaza Venice East\",\"isPartOf\":{\"@id\":\"https:\/\/www.cpvenice.com\/de\/#website\"},\"datePublished\":\"2021-10-25T10:05:34+00:00\",\"dateModified\":\"2024-05-02T14:17:13+00:00\",\"description\":\"Hier schl\u00e4gt das Herz Venedigs: der Markusplatz. Reich an Kunst und Geschichte z\u00e4hlt er zu den sch\u00f6nsten Pl\u00e4tzen der Welt und ist nur wenige Minuten vom Hotel entfernt.\",\"breadcrumb\":{\"@id\":\"https:\/\/www.cpvenice.com\/de\/venedig-und-umgebung\/venezia\/dem-markusplatz\/#breadcrumb\"},\"inLanguage\":\"de-DE\",\"potentialAction\":[{\"@type\":\"ReadAction\",\"target\":[\"https:\/\/www.cpvenice.com\/de\/venedig-und-umgebung\/venezia\/dem-markusplatz\/\"]}]},{\"@type\":\"BreadcrumbList\",\"@id\":\"https:\/\/www.cpvenice.com\/de\/venedig-und-umgebung\/venezia\/dem-markusplatz\/#breadcrumb\",\"itemListElement\":[{\"@type\":\"ListItem\",\"position\":1,\"name\":\"Home\",\"item\":\"https:\/\/www.cpvenice.com\/de\/\"},{\"@type\":\"ListItem\",\"position\":2,\"name\":\"Venedig und Umgebung\",\"item\":\"https:\/\/www.cpvenice.com\/de\/venedig-und-umgebung\/\"},{\"@type\":\"ListItem\",\"position\":3,\"name\":\"Venedig\",\"item\":\"https:\/\/www.cpvenice.com\/de\/venedig-und-umgebung\/venezia\/\"},{\"@type\":\"ListItem\",\"position\":4,\"name\":\"dem Markusplatz\"}]},{\"@type\":\"WebSite\",\"@id\":\"https:\/\/www.cpvenice.com\/de\/#website\",\"url\":\"https:\/\/www.cpvenice.com\/de\/\",\"name\":\"Crowne Plaza Venice East\",\"description\":\"Just another ms.decms.eu site\",\"potentialAction\":[{\"@type\":\"SearchAction\",\"target\":{\"@type\":\"EntryPoint\",\"urlTemplate\":\"https:\/\/www.cpvenice.com\/de\/?s={search_term_string}\"},\"query-input\":{\"@type\":\"PropertyValueSpecification\",\"valueRequired\":true,\"valueName\":\"search_term_string\"}}],\"inLanguage\":\"de-DE\"}]}<\/script>\n<!-- \/ Yoast SEO plugin. -->","yoast_head_json":{"title":"Markusplatz in Venedig | Crowne Plaza Venice East","description":"Hier schl\u00e4gt das Herz Venedigs: der Markusplatz. Reich an Kunst und Geschichte z\u00e4hlt er zu den sch\u00f6nsten Pl\u00e4tzen der Welt und ist nur wenige Minuten vom Hotel entfernt.","robots":{"index":"index","follow":"follow","max-snippet":"max-snippet:-1","max-image-preview":"max-image-preview:large","max-video-preview":"max-video-preview:-1"},"canonical":"https:\/\/www.cpvenice.com\/de\/venedig-und-umgebung\/venezia\/dem-markusplatz\/","og_locale":"de_DE","og_type":"article","og_title":"Markusplatz in Venedig | Crowne Plaza Venice East","og_description":"Hier schl\u00e4gt das Herz Venedigs: der Markusplatz. Reich an Kunst und Geschichte z\u00e4hlt er zu den sch\u00f6nsten Pl\u00e4tzen der Welt und ist nur wenige Minuten vom Hotel entfernt.","og_url":"https:\/\/www.cpvenice.com\/de\/venedig-und-umgebung\/venezia\/dem-markusplatz\/","og_site_name":"Crowne Plaza Venice East","article_modified_time":"2024-05-02T14:17:13+00:00","og_image":[{"width":2200,"height":1200,"url":"https:\/\/www.cpvenice.com\/wp-content\/uploads\/sites\/365\/2021\/12\/Crowne-Plaza-Venice-East-Rooms-Standard-Room-King-Accessible-bed.jpg","type":"image\/jpeg"}],"twitter_card":"summary_large_image","twitter_misc":{"Gesch\u00e4tzte Lesezeit":"1 Minute"},"schema":{"@context":"https:\/\/schema.org","@graph":[{"@type":"WebPage","@id":"https:\/\/www.cpvenice.com\/de\/venedig-und-umgebung\/venezia\/dem-markusplatz\/","url":"https:\/\/www.cpvenice.com\/de\/venedig-und-umgebung\/venezia\/dem-markusplatz\/","name":"Markusplatz in Venedig | Crowne Plaza Venice East","isPartOf":{"@id":"https:\/\/www.cpvenice.com\/de\/#website"},"datePublished":"2021-10-25T10:05:34+00:00","dateModified":"2024-05-02T14:17:13+00:00","description":"Hier schl\u00e4gt das Herz Venedigs: der Markusplatz. Reich an Kunst und Geschichte z\u00e4hlt er zu den sch\u00f6nsten Pl\u00e4tzen der Welt und ist nur wenige Minuten vom Hotel entfernt.","breadcrumb":{"@id":"https:\/\/www.cpvenice.com\/de\/venedig-und-umgebung\/venezia\/dem-markusplatz\/#breadcrumb"},"inLanguage":"de-DE","potentialAction":[{"@type":"ReadAction","target":["https:\/\/www.cpvenice.com\/de\/venedig-und-umgebung\/venezia\/dem-markusplatz\/"]}]},{"@type":"BreadcrumbList","@id":"https:\/\/www.cpvenice.com\/de\/venedig-und-umgebung\/venezia\/dem-markusplatz\/#breadcrumb","itemListElement":[{"@type":"ListItem","position":1,"name":"Home","item":"https:\/\/www.cpvenice.com\/de\/"},{"@type":"ListItem","position":2,"name":"Venedig und Umgebung","item":"https:\/\/www.cpvenice.com\/de\/venedig-und-umgebung\/"},{"@type":"ListItem","position":3,"name":"Venedig","item":"https:\/\/www.cpvenice.com\/de\/venedig-und-umgebung\/venezia\/"},{"@type":"ListItem","position":4,"name":"dem Markusplatz"}]},{"@type":"WebSite","@id":"https:\/\/www.cpvenice.com\/de\/#website","url":"https:\/\/www.cpvenice.com\/de\/","name":"Crowne Plaza Venice East","description":"Just another ms.decms.eu site","potentialAction":[{"@type":"SearchAction","target":{"@type":"EntryPoint","urlTemplate":"https:\/\/www.cpvenice.com\/de\/?s={search_term_string}"},"query-input":{"@type":"PropertyValueSpecification","valueRequired":true,"valueName":"search_term_string"}}],"inLanguage":"de-DE"}]}},"acf":[],"_links":{"self":[{"href":"https:\/\/www.cpvenice.com\/de\/wp-json\/wp\/v2\/pages\/887","targetHints":{"allow":["GET"]}}],"collection":[{"href":"https:\/\/www.cpvenice.com\/de\/wp-json\/wp\/v2\/pages"}],"about":[{"href":"https:\/\/www.cpvenice.com\/de\/wp-json\/wp\/v2\/types\/page"}],"author":[{"embeddable":true,"href":"https:\/\/www.cpvenice.com\/de\/wp-json\/wp\/v2\/users\/36"}],"replies":[{"embeddable":true,"href":"https:\/\/www.cpvenice.com\/de\/wp-json\/wp\/v2\/comments?post=887"}],"version-history":[{"count":0,"href":"https:\/\/www.cpvenice.com\/de\/wp-json\/wp\/v2\/pages\/887\/revisions"}],"up":[{"embeddable":true,"href":"https:\/\/www.cpvenice.com\/de\/wp-json\/wp\/v2\/pages\/885"}],"wp:attachment":[{"href":"https:\/\/www.cpvenice.com\/de\/wp-json\/wp\/v2\/media?parent=887"}],"curies":[{"name":"wp","href":"https:\/\/api.w.org\/{rel}","templated":true}]}}