{"id":891,"date":"2021-10-25T10:17:39","date_gmt":"2021-10-25T10:17:39","guid":{"rendered":"https:\/\/www.cpvenice.com\/venedig-und-umgebung\/venezia\/ponte-di-rialto\/"},"modified":"2024-05-02T14:27:08","modified_gmt":"2024-05-02T14:27:08","slug":"rialto-bruecke","status":"publish","type":"page","link":"https:\/\/www.cpvenice.com\/de\/venedig-und-umgebung\/venezia\/rialto-bruecke\/","title":{"rendered":"Rialto-Br\u00fccke"},"content":{"rendered":"<p>Das unbestrittene Symbol der Stadt, aber vor allem die <strong>\u00e4lteste Br\u00fccke Venedigs<\/strong>, die Rialto-Br\u00fccke, darf auf Ihrer Entdeckungstour durch die Lagunenstadt nicht fehlen.<\/p>\n<p>Zusammen mit der Accademia-, der Scalzi- und der Costituzione-Br\u00fccke ist sie eine der <strong>vier Br\u00fccken, die den Canal Grande \u00fcberspannen<\/strong>, und es \u00fcberrascht nicht, dass sie eine der meistbesuchten Sehensw\u00fcrdigkeiten der Stadt ist. Ganz gleich, zu welcher Zeit Sie die Stadt besuchen, Sie werden immer einen Touristen finden, der das perfekte Foto schie\u00dfen will. Die Br\u00fccke bietet dank ihrer majest\u00e4tischen Struktur immer wieder <strong>beeindruckende Fotomotive<\/strong>, aber das ist noch nicht alles: Steigen Sie hinauf und verpassen Sie nicht die <strong>atemberaubende Aussicht<\/strong>, die Sie von der Br\u00fccke aus haben!<\/p>\n","protected":false},"excerpt":{"rendered":"<p>Das unbestrittene Symbol der Stadt, aber vor allem die \u00e4lteste Br\u00fccke Venedigs, die Rialto-Br\u00fccke, darf auf Ihrer Entdeckungstour durch die Lagunenstadt nicht fehlen. Zusammen mit der Accademia-, der Scalzi- und der Costituzione-Br\u00fccke ist sie eine der vier Br\u00fccken, die den Canal Grande \u00fcberspannen, und es \u00fcberrascht nicht, dass sie eine der meistbesuchten Sehensw\u00fcrdigkeiten der Stadt [&hellip;]<\/p>\n","protected":false},"author":36,"featured_media":0,"parent":885,"menu_order":15,"comment_status":"closed","ping_status":"closed","template":"","meta":{"footnotes":""},"class_list":["post-891","page","type-page","status-publish","hentry"],"yoast_head":"<!-- This site is optimized with the Yoast SEO plugin v26.9 - https:\/\/yoast.com\/product\/yoast-seo-wordpress\/ -->\n<title>Rialto-Br\u00fccke in Venedig | Hotel Crowne Plaza Venice<\/title>\n<meta name=\"description\" content=\"Die Rialto-Br\u00fccke ist die \u00e4lteste Br\u00fccke des Canal Grande. Seit jeher ein Symbol des Handels bietet sie einen beeindruckenden Ausblick auf die Stadt. Erfahren Sie mehr!\" \/>\n<meta name=\"robots\" content=\"index, follow, max-snippet:-1, max-image-preview:large, max-video-preview:-1\" \/>\n<link rel=\"canonical\" href=\"https:\/\/www.cpvenice.com\/de\/venedig-und-umgebung\/venezia\/rialto-bruecke\/\" \/>\n<meta property=\"og:locale\" content=\"de_DE\" \/>\n<meta property=\"og:type\" content=\"article\" \/>\n<meta property=\"og:title\" content=\"Rialto-Br\u00fccke in Venedig | Hotel Crowne Plaza Venice\" \/>\n<meta property=\"og:description\" content=\"Die Rialto-Br\u00fccke ist die \u00e4lteste Br\u00fccke des Canal Grande. Seit jeher ein Symbol des Handels bietet sie einen beeindruckenden Ausblick auf die Stadt. Erfahren Sie mehr!\" \/>\n<meta property=\"og:url\" content=\"https:\/\/www.cpvenice.com\/de\/venedig-und-umgebung\/venezia\/rialto-bruecke\/\" \/>\n<meta property=\"og:site_name\" content=\"Crowne Plaza Venice East\" \/>\n<meta property=\"article:modified_time\" content=\"2024-05-02T14:27:08+00:00\" \/>\n<meta property=\"og:image\" content=\"https:\/\/www.cpvenice.com\/wp-content\/uploads\/sites\/365\/2021\/12\/Crowne-Plaza-Venice-East-Rooms-Standard-Room-King-Accessible-bed.jpg\" \/>\n\t<meta property=\"og:image:width\" content=\"2200\" \/>\n\t<meta property=\"og:image:height\" content=\"1200\" \/>\n\t<meta property=\"og:image:type\" content=\"image\/jpeg\" \/>\n<meta name=\"twitter:card\" content=\"summary_large_image\" \/>\n<meta name=\"twitter:label1\" content=\"Gesch\u00e4tzte Lesezeit\" \/>\n\t<meta name=\"twitter:data1\" content=\"1 Minute\" \/>\n<script type=\"application\/ld+json\" class=\"yoast-schema-graph\">{\"@context\":\"https:\/\/schema.org\",\"@graph\":[{\"@type\":\"WebPage\",\"@id\":\"https:\/\/www.cpvenice.com\/de\/venedig-und-umgebung\/venezia\/rialto-bruecke\/\",\"url\":\"https:\/\/www.cpvenice.com\/de\/venedig-und-umgebung\/venezia\/rialto-bruecke\/\",\"name\":\"Rialto-Br\u00fccke in Venedig | Hotel Crowne Plaza Venice\",\"isPartOf\":{\"@id\":\"https:\/\/www.cpvenice.com\/de\/#website\"},\"datePublished\":\"2021-10-25T10:17:39+00:00\",\"dateModified\":\"2024-05-02T14:27:08+00:00\",\"description\":\"Die Rialto-Br\u00fccke ist die \u00e4lteste Br\u00fccke des Canal Grande. Seit jeher ein Symbol des Handels bietet sie einen beeindruckenden Ausblick auf die Stadt. Erfahren Sie mehr!\",\"breadcrumb\":{\"@id\":\"https:\/\/www.cpvenice.com\/de\/venedig-und-umgebung\/venezia\/rialto-bruecke\/#breadcrumb\"},\"inLanguage\":\"de-DE\",\"potentialAction\":[{\"@type\":\"ReadAction\",\"target\":[\"https:\/\/www.cpvenice.com\/de\/venedig-und-umgebung\/venezia\/rialto-bruecke\/\"]}]},{\"@type\":\"BreadcrumbList\",\"@id\":\"https:\/\/www.cpvenice.com\/de\/venedig-und-umgebung\/venezia\/rialto-bruecke\/#breadcrumb\",\"itemListElement\":[{\"@type\":\"ListItem\",\"position\":1,\"name\":\"Home\",\"item\":\"https:\/\/www.cpvenice.com\/de\/\"},{\"@type\":\"ListItem\",\"position\":2,\"name\":\"Venedig und Umgebung\",\"item\":\"https:\/\/www.cpvenice.com\/de\/venedig-und-umgebung\/\"},{\"@type\":\"ListItem\",\"position\":3,\"name\":\"Venedig\",\"item\":\"https:\/\/www.cpvenice.com\/de\/venedig-und-umgebung\/venezia\/\"},{\"@type\":\"ListItem\",\"position\":4,\"name\":\"Rialto-Br\u00fccke\"}]},{\"@type\":\"WebSite\",\"@id\":\"https:\/\/www.cpvenice.com\/de\/#website\",\"url\":\"https:\/\/www.cpvenice.com\/de\/\",\"name\":\"Crowne Plaza Venice East\",\"description\":\"Just another ms.decms.eu site\",\"potentialAction\":[{\"@type\":\"SearchAction\",\"target\":{\"@type\":\"EntryPoint\",\"urlTemplate\":\"https:\/\/www.cpvenice.com\/de\/?s={search_term_string}\"},\"query-input\":{\"@type\":\"PropertyValueSpecification\",\"valueRequired\":true,\"valueName\":\"search_term_string\"}}],\"inLanguage\":\"de-DE\"}]}<\/script>\n<!-- \/ Yoast SEO plugin. -->","yoast_head_json":{"title":"Rialto-Br\u00fccke in Venedig | Hotel Crowne Plaza Venice","description":"Die Rialto-Br\u00fccke ist die \u00e4lteste Br\u00fccke des Canal Grande. Seit jeher ein Symbol des Handels bietet sie einen beeindruckenden Ausblick auf die Stadt. Erfahren Sie mehr!","robots":{"index":"index","follow":"follow","max-snippet":"max-snippet:-1","max-image-preview":"max-image-preview:large","max-video-preview":"max-video-preview:-1"},"canonical":"https:\/\/www.cpvenice.com\/de\/venedig-und-umgebung\/venezia\/rialto-bruecke\/","og_locale":"de_DE","og_type":"article","og_title":"Rialto-Br\u00fccke in Venedig | Hotel Crowne Plaza Venice","og_description":"Die Rialto-Br\u00fccke ist die \u00e4lteste Br\u00fccke des Canal Grande. Seit jeher ein Symbol des Handels bietet sie einen beeindruckenden Ausblick auf die Stadt. Erfahren Sie mehr!","og_url":"https:\/\/www.cpvenice.com\/de\/venedig-und-umgebung\/venezia\/rialto-bruecke\/","og_site_name":"Crowne Plaza Venice East","article_modified_time":"2024-05-02T14:27:08+00:00","og_image":[{"width":2200,"height":1200,"url":"https:\/\/www.cpvenice.com\/wp-content\/uploads\/sites\/365\/2021\/12\/Crowne-Plaza-Venice-East-Rooms-Standard-Room-King-Accessible-bed.jpg","type":"image\/jpeg"}],"twitter_card":"summary_large_image","twitter_misc":{"Gesch\u00e4tzte Lesezeit":"1 Minute"},"schema":{"@context":"https:\/\/schema.org","@graph":[{"@type":"WebPage","@id":"https:\/\/www.cpvenice.com\/de\/venedig-und-umgebung\/venezia\/rialto-bruecke\/","url":"https:\/\/www.cpvenice.com\/de\/venedig-und-umgebung\/venezia\/rialto-bruecke\/","name":"Rialto-Br\u00fccke in Venedig | Hotel Crowne Plaza Venice","isPartOf":{"@id":"https:\/\/www.cpvenice.com\/de\/#website"},"datePublished":"2021-10-25T10:17:39+00:00","dateModified":"2024-05-02T14:27:08+00:00","description":"Die Rialto-Br\u00fccke ist die \u00e4lteste Br\u00fccke des Canal Grande. Seit jeher ein Symbol des Handels bietet sie einen beeindruckenden Ausblick auf die Stadt. Erfahren Sie mehr!","breadcrumb":{"@id":"https:\/\/www.cpvenice.com\/de\/venedig-und-umgebung\/venezia\/rialto-bruecke\/#breadcrumb"},"inLanguage":"de-DE","potentialAction":[{"@type":"ReadAction","target":["https:\/\/www.cpvenice.com\/de\/venedig-und-umgebung\/venezia\/rialto-bruecke\/"]}]},{"@type":"BreadcrumbList","@id":"https:\/\/www.cpvenice.com\/de\/venedig-und-umgebung\/venezia\/rialto-bruecke\/#breadcrumb","itemListElement":[{"@type":"ListItem","position":1,"name":"Home","item":"https:\/\/www.cpvenice.com\/de\/"},{"@type":"ListItem","position":2,"name":"Venedig und Umgebung","item":"https:\/\/www.cpvenice.com\/de\/venedig-und-umgebung\/"},{"@type":"ListItem","position":3,"name":"Venedig","item":"https:\/\/www.cpvenice.com\/de\/venedig-und-umgebung\/venezia\/"},{"@type":"ListItem","position":4,"name":"Rialto-Br\u00fccke"}]},{"@type":"WebSite","@id":"https:\/\/www.cpvenice.com\/de\/#website","url":"https:\/\/www.cpvenice.com\/de\/","name":"Crowne Plaza Venice East","description":"Just another ms.decms.eu site","potentialAction":[{"@type":"SearchAction","target":{"@type":"EntryPoint","urlTemplate":"https:\/\/www.cpvenice.com\/de\/?s={search_term_string}"},"query-input":{"@type":"PropertyValueSpecification","valueRequired":true,"valueName":"search_term_string"}}],"inLanguage":"de-DE"}]}},"acf":[],"_links":{"self":[{"href":"https:\/\/www.cpvenice.com\/de\/wp-json\/wp\/v2\/pages\/891","targetHints":{"allow":["GET"]}}],"collection":[{"href":"https:\/\/www.cpvenice.com\/de\/wp-json\/wp\/v2\/pages"}],"about":[{"href":"https:\/\/www.cpvenice.com\/de\/wp-json\/wp\/v2\/types\/page"}],"author":[{"embeddable":true,"href":"https:\/\/www.cpvenice.com\/de\/wp-json\/wp\/v2\/users\/36"}],"replies":[{"embeddable":true,"href":"https:\/\/www.cpvenice.com\/de\/wp-json\/wp\/v2\/comments?post=891"}],"version-history":[{"count":0,"href":"https:\/\/www.cpvenice.com\/de\/wp-json\/wp\/v2\/pages\/891\/revisions"}],"up":[{"embeddable":true,"href":"https:\/\/www.cpvenice.com\/de\/wp-json\/wp\/v2\/pages\/885"}],"wp:attachment":[{"href":"https:\/\/www.cpvenice.com\/de\/wp-json\/wp\/v2\/media?parent=891"}],"curies":[{"name":"wp","href":"https:\/\/api.w.org\/{rel}","templated":true}]}}