{"id":893,"date":"2021-10-25T10:20:46","date_gmt":"2021-10-25T10:20:46","guid":{"rendered":"https:\/\/www.cpvenice.com\/venedig-und-umgebung\/venezia\/murano-burano-e-torcello\/"},"modified":"2024-05-02T14:32:22","modified_gmt":"2024-05-02T14:32:22","slug":"murano-burano-und-torcello","status":"publish","type":"page","link":"https:\/\/www.cpvenice.com\/de\/venedig-und-umgebung\/venezia\/murano-burano-und-torcello\/","title":{"rendered":"Murano, Burano und Torcello"},"content":{"rendered":"<p>Sie bleiben ein paar Tage l\u00e4nger in Venedig? Vers\u00e4umen Sie nicht einen Besuch der <strong>wundersch\u00f6nen Inseln Murano, Burano und Torcello<\/strong>. Steigen Sie in das Vaporetto, das \u00c4quivalent eines \u201eWasserbusses\u201c, und machen Sie sich bereit, diese bezaubernden Inseln zu entdecken, die jedes Jahr Besucher aus der ganzen Welt anziehen.<\/p>\n<p>Murano wird Sie dank der antiken <strong>Kunst der Glasbl\u00e4serei<\/strong> faszinieren: Hier k\u00f6nnen Sie die Meister der Glasbl\u00e4serei bei der Arbeit bewundern, w\u00e4hrend sie dieses Material in wunderbare Kreationen verwandeln.<\/p>\n<p>Burano wird Sie mit den <strong>leuchtenden Farben seiner H\u00e4user<\/strong> und der Tradition der <strong>Spitzenkl\u00f6ppelei<\/strong> verzaubern: Verlieren Sie sich in den Stra\u00dfen dieser kleinen Insel, jede Ecke wird Sie zu einem perfekten Foto inspirieren!<\/p>\n<p>Torcello wird Sie dank seiner <strong>tief verwurzelten Geschichte<\/strong> in Erstaunen versetzen: <a href=\"https:\/\/www.cpvenice.com\/places\/altino-e-dintorni\/\">Torcello<\/a> war der Ort, der von den Bewohnern des Hinterlandes ausgew\u00e4hlt wurde, um eine der ersten Lagunensiedlungen nach den barbarischen Invasionen zu gr\u00fcnden.<\/p>\n","protected":false},"excerpt":{"rendered":"<p>Sie bleiben ein paar Tage l\u00e4nger in Venedig? Vers\u00e4umen Sie nicht einen Besuch der wundersch\u00f6nen Inseln Murano, Burano und Torcello. Steigen Sie in das Vaporetto, das \u00c4quivalent eines \u201eWasserbusses\u201c, und machen Sie sich bereit, diese bezaubernden Inseln zu entdecken, die jedes Jahr Besucher aus der ganzen Welt anziehen. Murano wird Sie dank der antiken Kunst [&hellip;]<\/p>\n","protected":false},"author":36,"featured_media":0,"parent":885,"menu_order":20,"comment_status":"closed","ping_status":"closed","template":"","meta":{"footnotes":""},"class_list":["post-893","page","type-page","status-publish","hentry"],"yoast_head":"<!-- This site is optimized with the Yoast SEO plugin v26.9 - https:\/\/yoast.com\/product\/yoast-seo-wordpress\/ -->\n<title>Murano, Burano und Torcello | Crowne Plaza Venice<\/title>\n<meta name=\"description\" content=\"Die Glash\u00fctten von Murano, die traditionellen bunten H\u00e4user von Burano und das arch\u00e4ologische Erbe von Torcello. Eine faszinierende Tour, die Sie nicht verpassen sollten!\" \/>\n<meta name=\"robots\" content=\"index, follow, max-snippet:-1, max-image-preview:large, max-video-preview:-1\" \/>\n<link rel=\"canonical\" href=\"https:\/\/www.cpvenice.com\/de\/venedig-und-umgebung\/venezia\/murano-burano-und-torcello\/\" \/>\n<meta property=\"og:locale\" content=\"de_DE\" \/>\n<meta property=\"og:type\" content=\"article\" \/>\n<meta property=\"og:title\" content=\"Murano, Burano und Torcello | Crowne Plaza Venice\" \/>\n<meta property=\"og:description\" content=\"Die Glash\u00fctten von Murano, die traditionellen bunten H\u00e4user von Burano und das arch\u00e4ologische Erbe von Torcello. Eine faszinierende Tour, die Sie nicht verpassen sollten!\" \/>\n<meta property=\"og:url\" content=\"https:\/\/www.cpvenice.com\/de\/venedig-und-umgebung\/venezia\/murano-burano-und-torcello\/\" \/>\n<meta property=\"og:site_name\" content=\"Crowne Plaza Venice East\" \/>\n<meta property=\"article:modified_time\" content=\"2024-05-02T14:32:22+00:00\" \/>\n<meta property=\"og:image\" content=\"https:\/\/www.cpvenice.com\/wp-content\/uploads\/sites\/365\/2021\/12\/Crowne-Plaza-Venice-East-Rooms-Standard-Room-King-Accessible-bed.jpg\" \/>\n\t<meta property=\"og:image:width\" content=\"2200\" \/>\n\t<meta property=\"og:image:height\" content=\"1200\" \/>\n\t<meta property=\"og:image:type\" content=\"image\/jpeg\" \/>\n<meta name=\"twitter:card\" content=\"summary_large_image\" \/>\n<meta name=\"twitter:label1\" content=\"Gesch\u00e4tzte Lesezeit\" \/>\n\t<meta name=\"twitter:data1\" content=\"1 Minute\" \/>\n<script type=\"application\/ld+json\" class=\"yoast-schema-graph\">{\"@context\":\"https:\/\/schema.org\",\"@graph\":[{\"@type\":\"WebPage\",\"@id\":\"https:\/\/www.cpvenice.com\/de\/venedig-und-umgebung\/venezia\/murano-burano-und-torcello\/\",\"url\":\"https:\/\/www.cpvenice.com\/de\/venedig-und-umgebung\/venezia\/murano-burano-und-torcello\/\",\"name\":\"Murano, Burano und Torcello | Crowne Plaza Venice\",\"isPartOf\":{\"@id\":\"https:\/\/www.cpvenice.com\/de\/#website\"},\"datePublished\":\"2021-10-25T10:20:46+00:00\",\"dateModified\":\"2024-05-02T14:32:22+00:00\",\"description\":\"Die Glash\u00fctten von Murano, die traditionellen bunten H\u00e4user von Burano und das arch\u00e4ologische Erbe von Torcello. Eine faszinierende Tour, die Sie nicht verpassen sollten!\",\"breadcrumb\":{\"@id\":\"https:\/\/www.cpvenice.com\/de\/venedig-und-umgebung\/venezia\/murano-burano-und-torcello\/#breadcrumb\"},\"inLanguage\":\"de-DE\",\"potentialAction\":[{\"@type\":\"ReadAction\",\"target\":[\"https:\/\/www.cpvenice.com\/de\/venedig-und-umgebung\/venezia\/murano-burano-und-torcello\/\"]}]},{\"@type\":\"BreadcrumbList\",\"@id\":\"https:\/\/www.cpvenice.com\/de\/venedig-und-umgebung\/venezia\/murano-burano-und-torcello\/#breadcrumb\",\"itemListElement\":[{\"@type\":\"ListItem\",\"position\":1,\"name\":\"Home\",\"item\":\"https:\/\/www.cpvenice.com\/de\/\"},{\"@type\":\"ListItem\",\"position\":2,\"name\":\"Venedig und Umgebung\",\"item\":\"https:\/\/www.cpvenice.com\/de\/venedig-und-umgebung\/\"},{\"@type\":\"ListItem\",\"position\":3,\"name\":\"Venedig\",\"item\":\"https:\/\/www.cpvenice.com\/de\/venedig-und-umgebung\/venezia\/\"},{\"@type\":\"ListItem\",\"position\":4,\"name\":\"Murano, Burano und Torcello\"}]},{\"@type\":\"WebSite\",\"@id\":\"https:\/\/www.cpvenice.com\/de\/#website\",\"url\":\"https:\/\/www.cpvenice.com\/de\/\",\"name\":\"Crowne Plaza Venice East\",\"description\":\"Just another ms.decms.eu site\",\"potentialAction\":[{\"@type\":\"SearchAction\",\"target\":{\"@type\":\"EntryPoint\",\"urlTemplate\":\"https:\/\/www.cpvenice.com\/de\/?s={search_term_string}\"},\"query-input\":{\"@type\":\"PropertyValueSpecification\",\"valueRequired\":true,\"valueName\":\"search_term_string\"}}],\"inLanguage\":\"de-DE\"}]}<\/script>\n<!-- \/ Yoast SEO plugin. -->","yoast_head_json":{"title":"Murano, Burano und Torcello | Crowne Plaza Venice","description":"Die Glash\u00fctten von Murano, die traditionellen bunten H\u00e4user von Burano und das arch\u00e4ologische Erbe von Torcello. Eine faszinierende Tour, die Sie nicht verpassen sollten!","robots":{"index":"index","follow":"follow","max-snippet":"max-snippet:-1","max-image-preview":"max-image-preview:large","max-video-preview":"max-video-preview:-1"},"canonical":"https:\/\/www.cpvenice.com\/de\/venedig-und-umgebung\/venezia\/murano-burano-und-torcello\/","og_locale":"de_DE","og_type":"article","og_title":"Murano, Burano und Torcello | Crowne Plaza Venice","og_description":"Die Glash\u00fctten von Murano, die traditionellen bunten H\u00e4user von Burano und das arch\u00e4ologische Erbe von Torcello. Eine faszinierende Tour, die Sie nicht verpassen sollten!","og_url":"https:\/\/www.cpvenice.com\/de\/venedig-und-umgebung\/venezia\/murano-burano-und-torcello\/","og_site_name":"Crowne Plaza Venice East","article_modified_time":"2024-05-02T14:32:22+00:00","og_image":[{"width":2200,"height":1200,"url":"https:\/\/www.cpvenice.com\/wp-content\/uploads\/sites\/365\/2021\/12\/Crowne-Plaza-Venice-East-Rooms-Standard-Room-King-Accessible-bed.jpg","type":"image\/jpeg"}],"twitter_card":"summary_large_image","twitter_misc":{"Gesch\u00e4tzte Lesezeit":"1 Minute"},"schema":{"@context":"https:\/\/schema.org","@graph":[{"@type":"WebPage","@id":"https:\/\/www.cpvenice.com\/de\/venedig-und-umgebung\/venezia\/murano-burano-und-torcello\/","url":"https:\/\/www.cpvenice.com\/de\/venedig-und-umgebung\/venezia\/murano-burano-und-torcello\/","name":"Murano, Burano und Torcello | Crowne Plaza Venice","isPartOf":{"@id":"https:\/\/www.cpvenice.com\/de\/#website"},"datePublished":"2021-10-25T10:20:46+00:00","dateModified":"2024-05-02T14:32:22+00:00","description":"Die Glash\u00fctten von Murano, die traditionellen bunten H\u00e4user von Burano und das arch\u00e4ologische Erbe von Torcello. Eine faszinierende Tour, die Sie nicht verpassen sollten!","breadcrumb":{"@id":"https:\/\/www.cpvenice.com\/de\/venedig-und-umgebung\/venezia\/murano-burano-und-torcello\/#breadcrumb"},"inLanguage":"de-DE","potentialAction":[{"@type":"ReadAction","target":["https:\/\/www.cpvenice.com\/de\/venedig-und-umgebung\/venezia\/murano-burano-und-torcello\/"]}]},{"@type":"BreadcrumbList","@id":"https:\/\/www.cpvenice.com\/de\/venedig-und-umgebung\/venezia\/murano-burano-und-torcello\/#breadcrumb","itemListElement":[{"@type":"ListItem","position":1,"name":"Home","item":"https:\/\/www.cpvenice.com\/de\/"},{"@type":"ListItem","position":2,"name":"Venedig und Umgebung","item":"https:\/\/www.cpvenice.com\/de\/venedig-und-umgebung\/"},{"@type":"ListItem","position":3,"name":"Venedig","item":"https:\/\/www.cpvenice.com\/de\/venedig-und-umgebung\/venezia\/"},{"@type":"ListItem","position":4,"name":"Murano, Burano und Torcello"}]},{"@type":"WebSite","@id":"https:\/\/www.cpvenice.com\/de\/#website","url":"https:\/\/www.cpvenice.com\/de\/","name":"Crowne Plaza Venice East","description":"Just another ms.decms.eu site","potentialAction":[{"@type":"SearchAction","target":{"@type":"EntryPoint","urlTemplate":"https:\/\/www.cpvenice.com\/de\/?s={search_term_string}"},"query-input":{"@type":"PropertyValueSpecification","valueRequired":true,"valueName":"search_term_string"}}],"inLanguage":"de-DE"}]}},"acf":[],"_links":{"self":[{"href":"https:\/\/www.cpvenice.com\/de\/wp-json\/wp\/v2\/pages\/893","targetHints":{"allow":["GET"]}}],"collection":[{"href":"https:\/\/www.cpvenice.com\/de\/wp-json\/wp\/v2\/pages"}],"about":[{"href":"https:\/\/www.cpvenice.com\/de\/wp-json\/wp\/v2\/types\/page"}],"author":[{"embeddable":true,"href":"https:\/\/www.cpvenice.com\/de\/wp-json\/wp\/v2\/users\/36"}],"replies":[{"embeddable":true,"href":"https:\/\/www.cpvenice.com\/de\/wp-json\/wp\/v2\/comments?post=893"}],"version-history":[{"count":0,"href":"https:\/\/www.cpvenice.com\/de\/wp-json\/wp\/v2\/pages\/893\/revisions"}],"up":[{"embeddable":true,"href":"https:\/\/www.cpvenice.com\/de\/wp-json\/wp\/v2\/pages\/885"}],"wp:attachment":[{"href":"https:\/\/www.cpvenice.com\/de\/wp-json\/wp\/v2\/media?parent=893"}],"curies":[{"name":"wp","href":"https:\/\/api.w.org\/{rel}","templated":true}]}}