{"id":897,"date":"2022-12-27T19:40:26","date_gmt":"2022-12-27T19:40:26","guid":{"rendered":"https:\/\/www.cpvenice.com\/venedig-und-umgebung\/venezia\/teatro-la-fenice\/"},"modified":"2024-05-13T12:12:09","modified_gmt":"2024-05-13T12:12:09","slug":"teatro-la-fenice","status":"publish","type":"page","link":"https:\/\/www.cpvenice.com\/de\/venedig-und-umgebung\/venezia\/teatro-la-fenice\/","title":{"rendered":"Teatro La Fenice"},"content":{"rendered":"<p>Das <strong>Teatro La Fenice<\/strong>, das sich auf dem Campo San Fantin im Stadtbezirk San Marco befindet, ist das wichtigste Opernhaus Venedigs und <strong>eines der renommiertesten der Welt<\/strong>. Der Name k\u00f6nnte nicht treffender sein: Wie das mythologische Wesen, das aus seiner eigenen Asche aufersteht, ist auch das Teatro La Fenice nach<strong> zwei verheerenden Br\u00e4nden<\/strong>, die es vollst\u00e4ndig zerst\u00f6rten, wiederauferstanden. Der erste Brand geht auf das Jahr <strong>1836<\/strong> zur\u00fcck, als aufgrund eines defekten Ofens Feuer ausbrach, und der zweite, der vors\u00e4tzlich herbeigef\u00fchrt wurde, auf das Jahr <strong>1996<\/strong>.<\/p>\n<p>Seit 2003 finden auf der begehrtesten B\u00fchne Venedigs wieder Opern und Konzerte statt, wobei der pr\u00e4chtige <strong>Stil des 18. Jahrhunderts<\/strong> in all seinen Teilen beibehalten wurde: Gold, Samt und Dekorationen tragen dazu bei, eine elegante Atmosph\u00e4re vergangener Zeiten zu schaffen. Bei beiden Br\u00e4nden bestand der starke Wunsch, das Theater in seinem einstigen Glanz wiederherzustellen, wobei der urspr\u00fcngliche Stil durchgehend beibehalten wurde.<\/p>\n<p>Das Teatro La Fenice ist<strong> architektonisch ein klassisches italienisches Theater<\/strong> mit f\u00fcnf Reihen geschlossener Logen, wie es der nationalen Tradition der damaligen Zeit entsprach.<\/p>\n","protected":false},"excerpt":{"rendered":"<p>Das Teatro La Fenice, das sich auf dem Campo San Fantin im Stadtbezirk San Marco befindet, ist das wichtigste Opernhaus Venedigs und eines der renommiertesten der Welt. Der Name k\u00f6nnte nicht treffender sein: Wie das mythologische Wesen, das aus seiner eigenen Asche aufersteht, ist auch das Teatro La Fenice nach zwei verheerenden Br\u00e4nden, die es [&hellip;]<\/p>\n","protected":false},"author":125,"featured_media":0,"parent":885,"menu_order":0,"comment_status":"closed","ping_status":"closed","template":"template-default-3.php","meta":{"footnotes":""},"class_list":["post-897","page","type-page","status-publish","hentry"],"yoast_head":"<!-- This site is optimized with the Yoast SEO plugin v26.9 - https:\/\/yoast.com\/product\/yoast-seo-wordpress\/ -->\n<title>Venedig besuchen: Teatro La Fenice | Crowne Plaza Venice<\/title>\n<meta name=\"description\" content=\"Das Teatro La Fenice, das wie das mythologische Wesen aus der Asche auferstand, ist das wichtigste Opernhaus Venedigs und eines der renommiertesten der Welt.\" \/>\n<meta name=\"robots\" content=\"index, follow, max-snippet:-1, max-image-preview:large, max-video-preview:-1\" \/>\n<link rel=\"canonical\" href=\"https:\/\/www.cpvenice.com\/de\/venedig-und-umgebung\/venezia\/teatro-la-fenice\/\" \/>\n<meta property=\"og:locale\" content=\"de_DE\" \/>\n<meta property=\"og:type\" content=\"article\" \/>\n<meta property=\"og:title\" content=\"Venedig besuchen: Teatro La Fenice | Crowne Plaza Venice\" \/>\n<meta property=\"og:description\" content=\"Das Teatro La Fenice, das wie das mythologische Wesen aus der Asche auferstand, ist das wichtigste Opernhaus Venedigs und eines der renommiertesten der Welt.\" \/>\n<meta property=\"og:url\" content=\"https:\/\/www.cpvenice.com\/de\/venedig-und-umgebung\/venezia\/teatro-la-fenice\/\" \/>\n<meta property=\"og:site_name\" content=\"Crowne Plaza Venice East\" \/>\n<meta property=\"article:modified_time\" content=\"2024-05-13T12:12:09+00:00\" \/>\n<meta property=\"og:image\" content=\"https:\/\/www.cpvenice.com\/wp-content\/uploads\/sites\/365\/2021\/12\/Crowne-Plaza-Venice-East-Rooms-Standard-Room-King-Accessible-bed.jpg\" \/>\n\t<meta property=\"og:image:width\" content=\"2200\" \/>\n\t<meta property=\"og:image:height\" content=\"1200\" \/>\n\t<meta property=\"og:image:type\" content=\"image\/jpeg\" \/>\n<meta name=\"twitter:card\" content=\"summary_large_image\" \/>\n<meta name=\"twitter:label1\" content=\"Gesch\u00e4tzte Lesezeit\" \/>\n\t<meta name=\"twitter:data1\" content=\"1 Minute\" \/>\n<script type=\"application\/ld+json\" class=\"yoast-schema-graph\">{\"@context\":\"https:\/\/schema.org\",\"@graph\":[{\"@type\":\"WebPage\",\"@id\":\"https:\/\/www.cpvenice.com\/de\/venedig-und-umgebung\/venezia\/teatro-la-fenice\/\",\"url\":\"https:\/\/www.cpvenice.com\/de\/venedig-und-umgebung\/venezia\/teatro-la-fenice\/\",\"name\":\"Venedig besuchen: Teatro La Fenice | Crowne Plaza Venice\",\"isPartOf\":{\"@id\":\"https:\/\/www.cpvenice.com\/de\/#website\"},\"datePublished\":\"2022-12-27T19:40:26+00:00\",\"dateModified\":\"2024-05-13T12:12:09+00:00\",\"description\":\"Das Teatro La Fenice, das wie das mythologische Wesen aus der Asche auferstand, ist das wichtigste Opernhaus Venedigs und eines der renommiertesten der Welt.\",\"breadcrumb\":{\"@id\":\"https:\/\/www.cpvenice.com\/de\/venedig-und-umgebung\/venezia\/teatro-la-fenice\/#breadcrumb\"},\"inLanguage\":\"de-DE\",\"potentialAction\":[{\"@type\":\"ReadAction\",\"target\":[\"https:\/\/www.cpvenice.com\/de\/venedig-und-umgebung\/venezia\/teatro-la-fenice\/\"]}]},{\"@type\":\"BreadcrumbList\",\"@id\":\"https:\/\/www.cpvenice.com\/de\/venedig-und-umgebung\/venezia\/teatro-la-fenice\/#breadcrumb\",\"itemListElement\":[{\"@type\":\"ListItem\",\"position\":1,\"name\":\"Home\",\"item\":\"https:\/\/www.cpvenice.com\/de\/\"},{\"@type\":\"ListItem\",\"position\":2,\"name\":\"Venedig und Umgebung\",\"item\":\"https:\/\/www.cpvenice.com\/de\/venedig-und-umgebung\/\"},{\"@type\":\"ListItem\",\"position\":3,\"name\":\"Venedig\",\"item\":\"https:\/\/www.cpvenice.com\/de\/venedig-und-umgebung\/venezia\/\"},{\"@type\":\"ListItem\",\"position\":4,\"name\":\"Teatro La Fenice\"}]},{\"@type\":\"WebSite\",\"@id\":\"https:\/\/www.cpvenice.com\/de\/#website\",\"url\":\"https:\/\/www.cpvenice.com\/de\/\",\"name\":\"Crowne Plaza Venice East\",\"description\":\"Just another ms.decms.eu site\",\"potentialAction\":[{\"@type\":\"SearchAction\",\"target\":{\"@type\":\"EntryPoint\",\"urlTemplate\":\"https:\/\/www.cpvenice.com\/de\/?s={search_term_string}\"},\"query-input\":{\"@type\":\"PropertyValueSpecification\",\"valueRequired\":true,\"valueName\":\"search_term_string\"}}],\"inLanguage\":\"de-DE\"}]}<\/script>\n<!-- \/ Yoast SEO plugin. -->","yoast_head_json":{"title":"Venedig besuchen: Teatro La Fenice | Crowne Plaza Venice","description":"Das Teatro La Fenice, das wie das mythologische Wesen aus der Asche auferstand, ist das wichtigste Opernhaus Venedigs und eines der renommiertesten der Welt.","robots":{"index":"index","follow":"follow","max-snippet":"max-snippet:-1","max-image-preview":"max-image-preview:large","max-video-preview":"max-video-preview:-1"},"canonical":"https:\/\/www.cpvenice.com\/de\/venedig-und-umgebung\/venezia\/teatro-la-fenice\/","og_locale":"de_DE","og_type":"article","og_title":"Venedig besuchen: Teatro La Fenice | Crowne Plaza Venice","og_description":"Das Teatro La Fenice, das wie das mythologische Wesen aus der Asche auferstand, ist das wichtigste Opernhaus Venedigs und eines der renommiertesten der Welt.","og_url":"https:\/\/www.cpvenice.com\/de\/venedig-und-umgebung\/venezia\/teatro-la-fenice\/","og_site_name":"Crowne Plaza Venice East","article_modified_time":"2024-05-13T12:12:09+00:00","og_image":[{"width":2200,"height":1200,"url":"https:\/\/www.cpvenice.com\/wp-content\/uploads\/sites\/365\/2021\/12\/Crowne-Plaza-Venice-East-Rooms-Standard-Room-King-Accessible-bed.jpg","type":"image\/jpeg"}],"twitter_card":"summary_large_image","twitter_misc":{"Gesch\u00e4tzte Lesezeit":"1 Minute"},"schema":{"@context":"https:\/\/schema.org","@graph":[{"@type":"WebPage","@id":"https:\/\/www.cpvenice.com\/de\/venedig-und-umgebung\/venezia\/teatro-la-fenice\/","url":"https:\/\/www.cpvenice.com\/de\/venedig-und-umgebung\/venezia\/teatro-la-fenice\/","name":"Venedig besuchen: Teatro La Fenice | Crowne Plaza Venice","isPartOf":{"@id":"https:\/\/www.cpvenice.com\/de\/#website"},"datePublished":"2022-12-27T19:40:26+00:00","dateModified":"2024-05-13T12:12:09+00:00","description":"Das Teatro La Fenice, das wie das mythologische Wesen aus der Asche auferstand, ist das wichtigste Opernhaus Venedigs und eines der renommiertesten der Welt.","breadcrumb":{"@id":"https:\/\/www.cpvenice.com\/de\/venedig-und-umgebung\/venezia\/teatro-la-fenice\/#breadcrumb"},"inLanguage":"de-DE","potentialAction":[{"@type":"ReadAction","target":["https:\/\/www.cpvenice.com\/de\/venedig-und-umgebung\/venezia\/teatro-la-fenice\/"]}]},{"@type":"BreadcrumbList","@id":"https:\/\/www.cpvenice.com\/de\/venedig-und-umgebung\/venezia\/teatro-la-fenice\/#breadcrumb","itemListElement":[{"@type":"ListItem","position":1,"name":"Home","item":"https:\/\/www.cpvenice.com\/de\/"},{"@type":"ListItem","position":2,"name":"Venedig und Umgebung","item":"https:\/\/www.cpvenice.com\/de\/venedig-und-umgebung\/"},{"@type":"ListItem","position":3,"name":"Venedig","item":"https:\/\/www.cpvenice.com\/de\/venedig-und-umgebung\/venezia\/"},{"@type":"ListItem","position":4,"name":"Teatro La Fenice"}]},{"@type":"WebSite","@id":"https:\/\/www.cpvenice.com\/de\/#website","url":"https:\/\/www.cpvenice.com\/de\/","name":"Crowne Plaza Venice East","description":"Just another ms.decms.eu site","potentialAction":[{"@type":"SearchAction","target":{"@type":"EntryPoint","urlTemplate":"https:\/\/www.cpvenice.com\/de\/?s={search_term_string}"},"query-input":{"@type":"PropertyValueSpecification","valueRequired":true,"valueName":"search_term_string"}}],"inLanguage":"de-DE"}]}},"acf":[],"_links":{"self":[{"href":"https:\/\/www.cpvenice.com\/de\/wp-json\/wp\/v2\/pages\/897","targetHints":{"allow":["GET"]}}],"collection":[{"href":"https:\/\/www.cpvenice.com\/de\/wp-json\/wp\/v2\/pages"}],"about":[{"href":"https:\/\/www.cpvenice.com\/de\/wp-json\/wp\/v2\/types\/page"}],"author":[{"embeddable":true,"href":"https:\/\/www.cpvenice.com\/de\/wp-json\/wp\/v2\/users\/125"}],"replies":[{"embeddable":true,"href":"https:\/\/www.cpvenice.com\/de\/wp-json\/wp\/v2\/comments?post=897"}],"version-history":[{"count":0,"href":"https:\/\/www.cpvenice.com\/de\/wp-json\/wp\/v2\/pages\/897\/revisions"}],"up":[{"embeddable":true,"href":"https:\/\/www.cpvenice.com\/de\/wp-json\/wp\/v2\/pages\/885"}],"wp:attachment":[{"href":"https:\/\/www.cpvenice.com\/de\/wp-json\/wp\/v2\/media?parent=897"}],"curies":[{"name":"wp","href":"https:\/\/api.w.org\/{rel}","templated":true}]}}