{"id":899,"date":"2021-10-25T10:26:57","date_gmt":"2021-10-25T10:26:57","guid":{"rendered":"https:\/\/www.cpvenice.com\/venedig-und-umgebung\/nei-dintorni\/"},"modified":"2024-05-21T09:34:23","modified_gmt":"2024-05-21T09:34:23","slug":"die-umgebung","status":"publish","type":"page","link":"https:\/\/www.cpvenice.com\/de\/venedig-und-umgebung\/die-umgebung\/","title":{"rendered":"Die Umgebung"},"content":{"rendered":"<p>Das moderne 4-Sterne-Hotel Crowne Plaza Venice East in <strong>Quarto d&#8217;Altino<\/strong> ist nicht nur ein idealer Ausgangspunkt f\u00fcr die <strong>Entdeckung des venezianischen Hinterlandes<\/strong>: die arch\u00e4ologische St\u00e4tte von Altino, Treviso und die Mark, Padua und schlie\u00dflich Jesolo, f\u00fcr diejenigen, die nicht auf das Meer verzichten wollen.<\/p>\n","protected":false},"excerpt":{"rendered":"<p>Das moderne 4-Sterne-Hotel Crowne Plaza Venice East in Quarto d&#8217;Altino ist nicht nur ein idealer Ausgangspunkt f\u00fcr die Entdeckung des venezianischen Hinterlandes: die arch\u00e4ologische St\u00e4tte von Altino, Treviso und die Mark, Padua und schlie\u00dflich Jesolo, f\u00fcr diejenigen, die nicht auf das Meer verzichten wollen.<\/p>\n","protected":false},"author":36,"featured_media":0,"parent":882,"menu_order":10,"comment_status":"closed","ping_status":"closed","template":"template-surroundings.php","meta":{"footnotes":""},"class_list":["post-899","page","type-page","status-publish","hentry"],"yoast_head":"<!-- This site is optimized with the Yoast SEO plugin v26.9 - https:\/\/yoast.com\/product\/yoast-seo-wordpress\/ -->\n<title>Nahe Venedig: Treviso, Padua, Jesolo | Crowne Plaza Venice<\/title>\n<meta name=\"description\" content=\"Nur wenige Kilometer entfernt, auf dem Festland, k\u00f6nnen Sie andere wundersch\u00f6ne Orte besuchen: Altino, Treviso, Padua und Jesolo. Gehen Sie mit uns auf Entdeckungsreise!\" \/>\n<meta name=\"robots\" content=\"index, follow, max-snippet:-1, max-image-preview:large, max-video-preview:-1\" \/>\n<link rel=\"canonical\" href=\"https:\/\/www.cpvenice.com\/de\/venedig-und-umgebung\/die-umgebung\/\" \/>\n<meta property=\"og:locale\" content=\"de_DE\" \/>\n<meta property=\"og:type\" content=\"article\" \/>\n<meta property=\"og:title\" content=\"Nahe Venedig: Treviso, Padua, Jesolo | Crowne Plaza Venice\" \/>\n<meta property=\"og:description\" content=\"Nur wenige Kilometer entfernt, auf dem Festland, k\u00f6nnen Sie andere wundersch\u00f6ne Orte besuchen: Altino, Treviso, Padua und Jesolo. Gehen Sie mit uns auf Entdeckungsreise!\" \/>\n<meta property=\"og:url\" content=\"https:\/\/www.cpvenice.com\/de\/venedig-und-umgebung\/die-umgebung\/\" \/>\n<meta property=\"og:site_name\" content=\"Crowne Plaza Venice East\" \/>\n<meta property=\"article:modified_time\" content=\"2024-05-21T09:34:23+00:00\" \/>\n<meta property=\"og:image\" content=\"https:\/\/www.cpvenice.com\/wp-content\/uploads\/sites\/365\/2021\/12\/Crowne-Plaza-Venice-East-Rooms-Standard-Room-King-Accessible-bed.jpg\" \/>\n\t<meta property=\"og:image:width\" content=\"2200\" \/>\n\t<meta property=\"og:image:height\" content=\"1200\" \/>\n\t<meta property=\"og:image:type\" content=\"image\/jpeg\" \/>\n<meta name=\"twitter:card\" content=\"summary_large_image\" \/>\n<meta name=\"twitter:label1\" content=\"Gesch\u00e4tzte Lesezeit\" \/>\n\t<meta name=\"twitter:data1\" content=\"1 Minute\" \/>\n<script type=\"application\/ld+json\" class=\"yoast-schema-graph\">{\"@context\":\"https:\/\/schema.org\",\"@graph\":[{\"@type\":\"WebPage\",\"@id\":\"https:\/\/www.cpvenice.com\/de\/venedig-und-umgebung\/die-umgebung\/\",\"url\":\"https:\/\/www.cpvenice.com\/de\/venedig-und-umgebung\/die-umgebung\/\",\"name\":\"Nahe Venedig: Treviso, Padua, Jesolo | Crowne Plaza Venice\",\"isPartOf\":{\"@id\":\"https:\/\/www.cpvenice.com\/de\/#website\"},\"datePublished\":\"2021-10-25T10:26:57+00:00\",\"dateModified\":\"2024-05-21T09:34:23+00:00\",\"description\":\"Nur wenige Kilometer entfernt, auf dem Festland, k\u00f6nnen Sie andere wundersch\u00f6ne Orte besuchen: Altino, Treviso, Padua und Jesolo. Gehen Sie mit uns auf Entdeckungsreise!\",\"breadcrumb\":{\"@id\":\"https:\/\/www.cpvenice.com\/de\/venedig-und-umgebung\/die-umgebung\/#breadcrumb\"},\"inLanguage\":\"de-DE\",\"potentialAction\":[{\"@type\":\"ReadAction\",\"target\":[\"https:\/\/www.cpvenice.com\/de\/venedig-und-umgebung\/die-umgebung\/\"]}]},{\"@type\":\"BreadcrumbList\",\"@id\":\"https:\/\/www.cpvenice.com\/de\/venedig-und-umgebung\/die-umgebung\/#breadcrumb\",\"itemListElement\":[{\"@type\":\"ListItem\",\"position\":1,\"name\":\"Home\",\"item\":\"https:\/\/www.cpvenice.com\/de\/\"},{\"@type\":\"ListItem\",\"position\":2,\"name\":\"Venedig und Umgebung\",\"item\":\"https:\/\/www.cpvenice.com\/de\/venedig-und-umgebung\/\"},{\"@type\":\"ListItem\",\"position\":3,\"name\":\"Die Umgebung\"}]},{\"@type\":\"WebSite\",\"@id\":\"https:\/\/www.cpvenice.com\/de\/#website\",\"url\":\"https:\/\/www.cpvenice.com\/de\/\",\"name\":\"Crowne Plaza Venice East\",\"description\":\"Just another ms.decms.eu site\",\"potentialAction\":[{\"@type\":\"SearchAction\",\"target\":{\"@type\":\"EntryPoint\",\"urlTemplate\":\"https:\/\/www.cpvenice.com\/de\/?s={search_term_string}\"},\"query-input\":{\"@type\":\"PropertyValueSpecification\",\"valueRequired\":true,\"valueName\":\"search_term_string\"}}],\"inLanguage\":\"de-DE\"}]}<\/script>\n<!-- \/ Yoast SEO plugin. -->","yoast_head_json":{"title":"Nahe Venedig: Treviso, Padua, Jesolo | Crowne Plaza Venice","description":"Nur wenige Kilometer entfernt, auf dem Festland, k\u00f6nnen Sie andere wundersch\u00f6ne Orte besuchen: Altino, Treviso, Padua und Jesolo. Gehen Sie mit uns auf Entdeckungsreise!","robots":{"index":"index","follow":"follow","max-snippet":"max-snippet:-1","max-image-preview":"max-image-preview:large","max-video-preview":"max-video-preview:-1"},"canonical":"https:\/\/www.cpvenice.com\/de\/venedig-und-umgebung\/die-umgebung\/","og_locale":"de_DE","og_type":"article","og_title":"Nahe Venedig: Treviso, Padua, Jesolo | Crowne Plaza Venice","og_description":"Nur wenige Kilometer entfernt, auf dem Festland, k\u00f6nnen Sie andere wundersch\u00f6ne Orte besuchen: Altino, Treviso, Padua und Jesolo. Gehen Sie mit uns auf Entdeckungsreise!","og_url":"https:\/\/www.cpvenice.com\/de\/venedig-und-umgebung\/die-umgebung\/","og_site_name":"Crowne Plaza Venice East","article_modified_time":"2024-05-21T09:34:23+00:00","og_image":[{"width":2200,"height":1200,"url":"https:\/\/www.cpvenice.com\/wp-content\/uploads\/sites\/365\/2021\/12\/Crowne-Plaza-Venice-East-Rooms-Standard-Room-King-Accessible-bed.jpg","type":"image\/jpeg"}],"twitter_card":"summary_large_image","twitter_misc":{"Gesch\u00e4tzte Lesezeit":"1 Minute"},"schema":{"@context":"https:\/\/schema.org","@graph":[{"@type":"WebPage","@id":"https:\/\/www.cpvenice.com\/de\/venedig-und-umgebung\/die-umgebung\/","url":"https:\/\/www.cpvenice.com\/de\/venedig-und-umgebung\/die-umgebung\/","name":"Nahe Venedig: Treviso, Padua, Jesolo | Crowne Plaza Venice","isPartOf":{"@id":"https:\/\/www.cpvenice.com\/de\/#website"},"datePublished":"2021-10-25T10:26:57+00:00","dateModified":"2024-05-21T09:34:23+00:00","description":"Nur wenige Kilometer entfernt, auf dem Festland, k\u00f6nnen Sie andere wundersch\u00f6ne Orte besuchen: Altino, Treviso, Padua und Jesolo. Gehen Sie mit uns auf Entdeckungsreise!","breadcrumb":{"@id":"https:\/\/www.cpvenice.com\/de\/venedig-und-umgebung\/die-umgebung\/#breadcrumb"},"inLanguage":"de-DE","potentialAction":[{"@type":"ReadAction","target":["https:\/\/www.cpvenice.com\/de\/venedig-und-umgebung\/die-umgebung\/"]}]},{"@type":"BreadcrumbList","@id":"https:\/\/www.cpvenice.com\/de\/venedig-und-umgebung\/die-umgebung\/#breadcrumb","itemListElement":[{"@type":"ListItem","position":1,"name":"Home","item":"https:\/\/www.cpvenice.com\/de\/"},{"@type":"ListItem","position":2,"name":"Venedig und Umgebung","item":"https:\/\/www.cpvenice.com\/de\/venedig-und-umgebung\/"},{"@type":"ListItem","position":3,"name":"Die Umgebung"}]},{"@type":"WebSite","@id":"https:\/\/www.cpvenice.com\/de\/#website","url":"https:\/\/www.cpvenice.com\/de\/","name":"Crowne Plaza Venice East","description":"Just another ms.decms.eu site","potentialAction":[{"@type":"SearchAction","target":{"@type":"EntryPoint","urlTemplate":"https:\/\/www.cpvenice.com\/de\/?s={search_term_string}"},"query-input":{"@type":"PropertyValueSpecification","valueRequired":true,"valueName":"search_term_string"}}],"inLanguage":"de-DE"}]}},"acf":[],"_links":{"self":[{"href":"https:\/\/www.cpvenice.com\/de\/wp-json\/wp\/v2\/pages\/899","targetHints":{"allow":["GET"]}}],"collection":[{"href":"https:\/\/www.cpvenice.com\/de\/wp-json\/wp\/v2\/pages"}],"about":[{"href":"https:\/\/www.cpvenice.com\/de\/wp-json\/wp\/v2\/types\/page"}],"author":[{"embeddable":true,"href":"https:\/\/www.cpvenice.com\/de\/wp-json\/wp\/v2\/users\/36"}],"replies":[{"embeddable":true,"href":"https:\/\/www.cpvenice.com\/de\/wp-json\/wp\/v2\/comments?post=899"}],"version-history":[{"count":0,"href":"https:\/\/www.cpvenice.com\/de\/wp-json\/wp\/v2\/pages\/899\/revisions"}],"up":[{"embeddable":true,"href":"https:\/\/www.cpvenice.com\/de\/wp-json\/wp\/v2\/pages\/882"}],"wp:attachment":[{"href":"https:\/\/www.cpvenice.com\/de\/wp-json\/wp\/v2\/media?parent=899"}],"curies":[{"name":"wp","href":"https:\/\/api.w.org\/{rel}","templated":true}]}}