{"id":909,"date":"2021-10-22T07:08:44","date_gmt":"2021-10-22T07:08:44","guid":{"rendered":"https:\/\/www.cpvenice.com\/angebote-und-pakete\/offerta-day-use\/"},"modified":"2024-10-07T15:42:43","modified_gmt":"2024-10-07T15:42:43","slug":"angebot-zur-tagesnutzung","status":"publish","type":"page","link":"https:\/\/www.cpvenice.com\/de\/angebote-und-pakete\/angebot-zur-tagesnutzung\/","title":{"rendered":"Angebot zur Tagesnutzung"},"content":{"rendered":"<p>Noch nie war es so einfach, ein <strong>4-Sterne-Erlebnis<\/strong> zu genie\u00dfen: <strong>Das<\/strong> <strong>Hotel Crowne Plaza Venice East<\/strong> stellt seine Zimmer und Dienstleistungen jetzt auch f\u00fcr <strong>Tagesg\u00e4ste<\/strong> zur Verf\u00fcgung!<\/p>\n","protected":false},"excerpt":{"rendered":"<p>Noch nie war es so einfach, ein 4-Sterne-Erlebnis zu genie\u00dfen: Das Hotel Crowne Plaza Venice East stellt seine Zimmer und Dienstleistungen jetzt auch f\u00fcr Tagesg\u00e4ste zur Verf\u00fcgung!<\/p>\n","protected":false},"author":36,"featured_media":1113,"parent":906,"menu_order":8,"comment_status":"closed","ping_status":"closed","template":"template-default-2.php","meta":{"footnotes":""},"class_list":["post-909","page","type-page","status-publish","has-post-thumbnail","hentry"],"yoast_head":"<!-- This site is optimized with the Yoast SEO plugin v26.9 - https:\/\/yoast.com\/product\/yoast-seo-wordpress\/ -->\n<title>Tagesnutzung f\u00fcr Zimmer und Service | Crowne Plaza Venice<\/title>\n<meta name=\"description\" content=\"Dank der Tagesnutzung genie\u00dfen Sie unsere R\u00e4ume und Dienstleistungen, ohne zu \u00fcbernachten. Entdecken Sie alle Details auf der Website des Crowne Plaza Venice!\" \/>\n<meta name=\"robots\" content=\"index, follow, max-snippet:-1, max-image-preview:large, max-video-preview:-1\" \/>\n<link rel=\"canonical\" href=\"https:\/\/www.cpvenice.com\/de\/angebote-und-pakete\/angebot-zur-tagesnutzung\/\" \/>\n<meta property=\"og:locale\" content=\"de_DE\" \/>\n<meta property=\"og:type\" content=\"article\" \/>\n<meta property=\"og:title\" content=\"Tagesnutzung f\u00fcr Zimmer und Service | Crowne Plaza Venice\" \/>\n<meta property=\"og:description\" content=\"Dank der Tagesnutzung genie\u00dfen Sie unsere R\u00e4ume und Dienstleistungen, ohne zu \u00fcbernachten. Entdecken Sie alle Details auf der Website des Crowne Plaza Venice!\" \/>\n<meta property=\"og:url\" content=\"https:\/\/www.cpvenice.com\/de\/angebote-und-pakete\/angebot-zur-tagesnutzung\/\" \/>\n<meta property=\"og:site_name\" content=\"Crowne Plaza Venice East\" \/>\n<meta property=\"article:modified_time\" content=\"2024-10-07T15:42:43+00:00\" \/>\n<meta property=\"og:image\" content=\"https:\/\/www.cpvenice.com\/wp-content\/uploads\/sites\/365\/2024\/10\/CrownePlazaVenice-9881.jpg\" \/>\n\t<meta property=\"og:image:width\" content=\"1800\" \/>\n\t<meta property=\"og:image:height\" content=\"1200\" \/>\n\t<meta property=\"og:image:type\" content=\"image\/jpeg\" \/>\n<meta name=\"twitter:card\" content=\"summary_large_image\" \/>\n<meta name=\"twitter:label1\" content=\"Gesch\u00e4tzte Lesezeit\" \/>\n\t<meta name=\"twitter:data1\" content=\"1 Minute\" \/>\n<script type=\"application\/ld+json\" class=\"yoast-schema-graph\">{\"@context\":\"https:\/\/schema.org\",\"@graph\":[{\"@type\":\"WebPage\",\"@id\":\"https:\/\/www.cpvenice.com\/de\/angebote-und-pakete\/angebot-zur-tagesnutzung\/\",\"url\":\"https:\/\/www.cpvenice.com\/de\/angebote-und-pakete\/angebot-zur-tagesnutzung\/\",\"name\":\"Tagesnutzung f\u00fcr Zimmer und Service | Crowne Plaza Venice\",\"isPartOf\":{\"@id\":\"https:\/\/www.cpvenice.com\/de\/#website\"},\"primaryImageOfPage\":{\"@id\":\"https:\/\/www.cpvenice.com\/de\/angebote-und-pakete\/angebot-zur-tagesnutzung\/#primaryimage\"},\"image\":{\"@id\":\"https:\/\/www.cpvenice.com\/de\/angebote-und-pakete\/angebot-zur-tagesnutzung\/#primaryimage\"},\"thumbnailUrl\":\"https:\/\/www.cpvenice.com\/wp-content\/uploads\/sites\/365\/2024\/10\/CrownePlazaVenice-9881.jpg\",\"datePublished\":\"2021-10-22T07:08:44+00:00\",\"dateModified\":\"2024-10-07T15:42:43+00:00\",\"description\":\"Dank der Tagesnutzung genie\u00dfen Sie unsere R\u00e4ume und Dienstleistungen, ohne zu \u00fcbernachten. Entdecken Sie alle Details auf der Website des Crowne Plaza Venice!\",\"breadcrumb\":{\"@id\":\"https:\/\/www.cpvenice.com\/de\/angebote-und-pakete\/angebot-zur-tagesnutzung\/#breadcrumb\"},\"inLanguage\":\"de-DE\",\"potentialAction\":[{\"@type\":\"ReadAction\",\"target\":[\"https:\/\/www.cpvenice.com\/de\/angebote-und-pakete\/angebot-zur-tagesnutzung\/\"]}]},{\"@type\":\"ImageObject\",\"inLanguage\":\"de-DE\",\"@id\":\"https:\/\/www.cpvenice.com\/de\/angebote-und-pakete\/angebot-zur-tagesnutzung\/#primaryimage\",\"url\":\"https:\/\/www.cpvenice.com\/wp-content\/uploads\/sites\/365\/2024\/10\/CrownePlazaVenice-9881.jpg\",\"contentUrl\":\"https:\/\/www.cpvenice.com\/wp-content\/uploads\/sites\/365\/2024\/10\/CrownePlazaVenice-9881.jpg\",\"width\":1800,\"height\":1200},{\"@type\":\"BreadcrumbList\",\"@id\":\"https:\/\/www.cpvenice.com\/de\/angebote-und-pakete\/angebot-zur-tagesnutzung\/#breadcrumb\",\"itemListElement\":[{\"@type\":\"ListItem\",\"position\":1,\"name\":\"Home\",\"item\":\"https:\/\/www.cpvenice.com\/de\/\"},{\"@type\":\"ListItem\",\"position\":2,\"name\":\"Angebote und Pakete\",\"item\":\"https:\/\/www.cpvenice.com\/de\/angebote-und-pakete\/\"},{\"@type\":\"ListItem\",\"position\":3,\"name\":\"Angebot zur Tagesnutzung\"}]},{\"@type\":\"WebSite\",\"@id\":\"https:\/\/www.cpvenice.com\/de\/#website\",\"url\":\"https:\/\/www.cpvenice.com\/de\/\",\"name\":\"Crowne Plaza Venice East\",\"description\":\"Just another ms.decms.eu site\",\"potentialAction\":[{\"@type\":\"SearchAction\",\"target\":{\"@type\":\"EntryPoint\",\"urlTemplate\":\"https:\/\/www.cpvenice.com\/de\/?s={search_term_string}\"},\"query-input\":{\"@type\":\"PropertyValueSpecification\",\"valueRequired\":true,\"valueName\":\"search_term_string\"}}],\"inLanguage\":\"de-DE\"}]}<\/script>\n<!-- \/ Yoast SEO plugin. -->","yoast_head_json":{"title":"Tagesnutzung f\u00fcr Zimmer und Service | Crowne Plaza Venice","description":"Dank der Tagesnutzung genie\u00dfen Sie unsere R\u00e4ume und Dienstleistungen, ohne zu \u00fcbernachten. Entdecken Sie alle Details auf der Website des Crowne Plaza Venice!","robots":{"index":"index","follow":"follow","max-snippet":"max-snippet:-1","max-image-preview":"max-image-preview:large","max-video-preview":"max-video-preview:-1"},"canonical":"https:\/\/www.cpvenice.com\/de\/angebote-und-pakete\/angebot-zur-tagesnutzung\/","og_locale":"de_DE","og_type":"article","og_title":"Tagesnutzung f\u00fcr Zimmer und Service | Crowne Plaza Venice","og_description":"Dank der Tagesnutzung genie\u00dfen Sie unsere R\u00e4ume und Dienstleistungen, ohne zu \u00fcbernachten. Entdecken Sie alle Details auf der Website des Crowne Plaza Venice!","og_url":"https:\/\/www.cpvenice.com\/de\/angebote-und-pakete\/angebot-zur-tagesnutzung\/","og_site_name":"Crowne Plaza Venice East","article_modified_time":"2024-10-07T15:42:43+00:00","og_image":[{"width":1800,"height":1200,"url":"https:\/\/www.cpvenice.com\/wp-content\/uploads\/sites\/365\/2024\/10\/CrownePlazaVenice-9881.jpg","type":"image\/jpeg"}],"twitter_card":"summary_large_image","twitter_misc":{"Gesch\u00e4tzte Lesezeit":"1 Minute"},"schema":{"@context":"https:\/\/schema.org","@graph":[{"@type":"WebPage","@id":"https:\/\/www.cpvenice.com\/de\/angebote-und-pakete\/angebot-zur-tagesnutzung\/","url":"https:\/\/www.cpvenice.com\/de\/angebote-und-pakete\/angebot-zur-tagesnutzung\/","name":"Tagesnutzung f\u00fcr Zimmer und Service | Crowne Plaza Venice","isPartOf":{"@id":"https:\/\/www.cpvenice.com\/de\/#website"},"primaryImageOfPage":{"@id":"https:\/\/www.cpvenice.com\/de\/angebote-und-pakete\/angebot-zur-tagesnutzung\/#primaryimage"},"image":{"@id":"https:\/\/www.cpvenice.com\/de\/angebote-und-pakete\/angebot-zur-tagesnutzung\/#primaryimage"},"thumbnailUrl":"https:\/\/www.cpvenice.com\/wp-content\/uploads\/sites\/365\/2024\/10\/CrownePlazaVenice-9881.jpg","datePublished":"2021-10-22T07:08:44+00:00","dateModified":"2024-10-07T15:42:43+00:00","description":"Dank der Tagesnutzung genie\u00dfen Sie unsere R\u00e4ume und Dienstleistungen, ohne zu \u00fcbernachten. Entdecken Sie alle Details auf der Website des Crowne Plaza Venice!","breadcrumb":{"@id":"https:\/\/www.cpvenice.com\/de\/angebote-und-pakete\/angebot-zur-tagesnutzung\/#breadcrumb"},"inLanguage":"de-DE","potentialAction":[{"@type":"ReadAction","target":["https:\/\/www.cpvenice.com\/de\/angebote-und-pakete\/angebot-zur-tagesnutzung\/"]}]},{"@type":"ImageObject","inLanguage":"de-DE","@id":"https:\/\/www.cpvenice.com\/de\/angebote-und-pakete\/angebot-zur-tagesnutzung\/#primaryimage","url":"https:\/\/www.cpvenice.com\/wp-content\/uploads\/sites\/365\/2024\/10\/CrownePlazaVenice-9881.jpg","contentUrl":"https:\/\/www.cpvenice.com\/wp-content\/uploads\/sites\/365\/2024\/10\/CrownePlazaVenice-9881.jpg","width":1800,"height":1200},{"@type":"BreadcrumbList","@id":"https:\/\/www.cpvenice.com\/de\/angebote-und-pakete\/angebot-zur-tagesnutzung\/#breadcrumb","itemListElement":[{"@type":"ListItem","position":1,"name":"Home","item":"https:\/\/www.cpvenice.com\/de\/"},{"@type":"ListItem","position":2,"name":"Angebote und Pakete","item":"https:\/\/www.cpvenice.com\/de\/angebote-und-pakete\/"},{"@type":"ListItem","position":3,"name":"Angebot zur Tagesnutzung"}]},{"@type":"WebSite","@id":"https:\/\/www.cpvenice.com\/de\/#website","url":"https:\/\/www.cpvenice.com\/de\/","name":"Crowne Plaza Venice East","description":"Just another ms.decms.eu site","potentialAction":[{"@type":"SearchAction","target":{"@type":"EntryPoint","urlTemplate":"https:\/\/www.cpvenice.com\/de\/?s={search_term_string}"},"query-input":{"@type":"PropertyValueSpecification","valueRequired":true,"valueName":"search_term_string"}}],"inLanguage":"de-DE"}]}},"acf":[],"_links":{"self":[{"href":"https:\/\/www.cpvenice.com\/de\/wp-json\/wp\/v2\/pages\/909","targetHints":{"allow":["GET"]}}],"collection":[{"href":"https:\/\/www.cpvenice.com\/de\/wp-json\/wp\/v2\/pages"}],"about":[{"href":"https:\/\/www.cpvenice.com\/de\/wp-json\/wp\/v2\/types\/page"}],"author":[{"embeddable":true,"href":"https:\/\/www.cpvenice.com\/de\/wp-json\/wp\/v2\/users\/36"}],"replies":[{"embeddable":true,"href":"https:\/\/www.cpvenice.com\/de\/wp-json\/wp\/v2\/comments?post=909"}],"version-history":[{"count":0,"href":"https:\/\/www.cpvenice.com\/de\/wp-json\/wp\/v2\/pages\/909\/revisions"}],"up":[{"embeddable":true,"href":"https:\/\/www.cpvenice.com\/de\/wp-json\/wp\/v2\/pages\/906"}],"wp:featuredmedia":[{"embeddable":true,"href":"https:\/\/www.cpvenice.com\/de\/wp-json\/wp\/v2\/media\/1113"}],"wp:attachment":[{"href":"https:\/\/www.cpvenice.com\/de\/wp-json\/wp\/v2\/media?parent=909"}],"curies":[{"name":"wp","href":"https:\/\/api.w.org\/{rel}","templated":true}]}}