{"id":913,"date":"2021-10-22T15:57:46","date_gmt":"2021-10-22T15:57:46","guid":{"rendered":"https:\/\/www.cpvenice.com\/angebote-und-pakete\/pacchetto-easy-venice\/"},"modified":"2024-06-12T13:58:51","modified_gmt":"2024-06-12T13:58:51","slug":"paket-easy-venice","status":"publish","type":"page","link":"https:\/\/www.cpvenice.com\/de\/angebote-und-pakete\/paket-easy-venice\/","title":{"rendered":"Paket Easy Venice"},"content":{"rendered":"<p>Entdecken Sie diese Stadt mit zeitlosem Charme mit dem <strong>Paket Easy Venice im Crowne Plaza Venice East, einem 4-Sterne-Hotel in Quarto d&#8217;Altino. Die strategische Lage unseres Hotels, dank der N\u00e4he zum Flughafen, zum Bahnhof Quarto d&#8217;Altino und dem Vorhandensein eines bequemen Parkplatzes, macht unser Hotel zum perfekten Ausgangspunkt f\u00fcr Ihre Venedig-Erkundungen!<\/strong><\/p>\n<p>W\u00e4hlen Sie f\u00fcr Ihren n\u00e4chsten Aufenthalt Easy Venice, mit vielen Vorteilen wie: leckeres <strong>Fr\u00fchst\u00fcck<\/strong> inbegriffen, bequemer <strong>Parkplatz inbegriffen<\/strong>, so dass Sie Ihr Auto w\u00e4hrend Ihres Aufenthalts getrost vergessen k\u00f6nnen und <strong>1 Hin-und R\u00fcckfahrticket f\u00fcr den Zug pro Person, um Venedig bequem vom Bahnhof Quarto d&#8217;Altino zu erreichen, nur 250 m von unserem Hotel entfernt. <\/strong>Reisen Sie mit <strong>Kindern? <\/strong>F\u00fcr sie gibt es als Geschenk eine spezielle <strong>Puppy Box<\/strong> mit Spielen und Aktivit\u00e4ten zum Ausmalen!<strong>\u00a0 Profitieren Sie jetzt von unserem Angebot!<\/strong><\/p>\n<p>G\u00f6nnen Sie sich Venedig, g\u00f6nnen Sie sich die Crowne Plaza-Erfahrung. In unserem modernen 4-Sterne-Hotel k\u00f6nnen Sie zahlreiche <strong>Annehmlichkeiten<\/strong> wie einen <strong>LCD-Fernseher, ein Set f\u00fcr die Zubereitung von Tee und Kaffee<\/strong> und schnelles <strong>WLAN<\/strong> nutzen. Au\u00dferdem stehen Ihnen zahlreiche Hoteleinrichtungen wie eine <strong>Bar und ein Restaurant<\/strong>, ein modern ausgestatteter <strong>Fitnessraum<\/strong> und ein gro\u00dfer <strong>Parkplatz im Freien<\/strong> zur Verf\u00fcgung.<\/p>\n","protected":false},"excerpt":{"rendered":"<p>Entdecken Sie diese Stadt mit zeitlosem Charme mit dem Paket Easy Venice im Crowne Plaza Venice East, einem 4-Sterne-Hotel in Quarto d&#8217;Altino. Die strategische Lage unseres Hotels, dank der N\u00e4he zum Flughafen, zum Bahnhof Quarto d&#8217;Altino und dem Vorhandensein eines bequemen Parkplatzes, macht unser Hotel zum perfekten Ausgangspunkt f\u00fcr Ihre Venedig-Erkundungen! W\u00e4hlen Sie f\u00fcr Ihren [&hellip;]<\/p>\n","protected":false},"author":36,"featured_media":0,"parent":906,"menu_order":2,"comment_status":"closed","ping_status":"closed","template":"template-default-2.php","meta":{"footnotes":""},"class_list":["post-913","page","type-page","status-publish","hentry"],"yoast_head":"<!-- This site is optimized with the Yoast SEO plugin v26.9 - https:\/\/yoast.com\/product\/yoast-seo-wordpress\/ -->\n<title>Paket Easy Venice: exklusive Vorteile | Crowne Plaza Venice<\/title>\n<meta name=\"description\" content=\"Das Paket Easy Venice wurde entwickelt, um Ihnen ein magisches Erlebnis bei der Entdeckung Venedigs zu bieten: Fr\u00fchst\u00fcck, Hin- und R\u00fcckfahrkarten, Garage und vieles mehr!\" \/>\n<meta name=\"robots\" content=\"index, follow, max-snippet:-1, max-image-preview:large, max-video-preview:-1\" \/>\n<link rel=\"canonical\" href=\"https:\/\/www.cpvenice.com\/de\/angebote-und-pakete\/paket-easy-venice\/\" \/>\n<meta property=\"og:locale\" content=\"de_DE\" \/>\n<meta property=\"og:type\" content=\"article\" \/>\n<meta property=\"og:title\" content=\"Paket Easy Venice: exklusive Vorteile | Crowne Plaza Venice\" \/>\n<meta property=\"og:description\" content=\"Das Paket Easy Venice wurde entwickelt, um Ihnen ein magisches Erlebnis bei der Entdeckung Venedigs zu bieten: Fr\u00fchst\u00fcck, Hin- und R\u00fcckfahrkarten, Garage und vieles mehr!\" \/>\n<meta property=\"og:url\" content=\"https:\/\/www.cpvenice.com\/de\/angebote-und-pakete\/paket-easy-venice\/\" \/>\n<meta property=\"og:site_name\" content=\"Crowne Plaza Venice East\" \/>\n<meta property=\"article:modified_time\" content=\"2024-06-12T13:58:51+00:00\" \/>\n<meta property=\"og:image\" content=\"https:\/\/www.cpvenice.com\/wp-content\/uploads\/sites\/365\/2021\/12\/Crowne-Plaza-Venice-East-Rooms-Standard-Room-King-Accessible-bed.jpg\" \/>\n\t<meta property=\"og:image:width\" content=\"2200\" \/>\n\t<meta property=\"og:image:height\" content=\"1200\" \/>\n\t<meta property=\"og:image:type\" content=\"image\/jpeg\" \/>\n<meta name=\"twitter:card\" content=\"summary_large_image\" \/>\n<meta name=\"twitter:label1\" content=\"Gesch\u00e4tzte Lesezeit\" \/>\n\t<meta name=\"twitter:data1\" content=\"1 Minute\" \/>\n<script type=\"application\/ld+json\" class=\"yoast-schema-graph\">{\"@context\":\"https:\/\/schema.org\",\"@graph\":[{\"@type\":\"WebPage\",\"@id\":\"https:\/\/www.cpvenice.com\/de\/angebote-und-pakete\/paket-easy-venice\/\",\"url\":\"https:\/\/www.cpvenice.com\/de\/angebote-und-pakete\/paket-easy-venice\/\",\"name\":\"Paket Easy Venice: exklusive Vorteile | Crowne Plaza Venice\",\"isPartOf\":{\"@id\":\"https:\/\/www.cpvenice.com\/de\/#website\"},\"datePublished\":\"2021-10-22T15:57:46+00:00\",\"dateModified\":\"2024-06-12T13:58:51+00:00\",\"description\":\"Das Paket Easy Venice wurde entwickelt, um Ihnen ein magisches Erlebnis bei der Entdeckung Venedigs zu bieten: Fr\u00fchst\u00fcck, Hin- und R\u00fcckfahrkarten, Garage und vieles mehr!\",\"breadcrumb\":{\"@id\":\"https:\/\/www.cpvenice.com\/de\/angebote-und-pakete\/paket-easy-venice\/#breadcrumb\"},\"inLanguage\":\"de-DE\",\"potentialAction\":[{\"@type\":\"ReadAction\",\"target\":[\"https:\/\/www.cpvenice.com\/de\/angebote-und-pakete\/paket-easy-venice\/\"]}]},{\"@type\":\"BreadcrumbList\",\"@id\":\"https:\/\/www.cpvenice.com\/de\/angebote-und-pakete\/paket-easy-venice\/#breadcrumb\",\"itemListElement\":[{\"@type\":\"ListItem\",\"position\":1,\"name\":\"Home\",\"item\":\"https:\/\/www.cpvenice.com\/de\/\"},{\"@type\":\"ListItem\",\"position\":2,\"name\":\"Angebote und Pakete\",\"item\":\"https:\/\/www.cpvenice.com\/de\/angebote-und-pakete\/\"},{\"@type\":\"ListItem\",\"position\":3,\"name\":\"Paket Easy Venice\"}]},{\"@type\":\"WebSite\",\"@id\":\"https:\/\/www.cpvenice.com\/de\/#website\",\"url\":\"https:\/\/www.cpvenice.com\/de\/\",\"name\":\"Crowne Plaza Venice East\",\"description\":\"Just another ms.decms.eu site\",\"potentialAction\":[{\"@type\":\"SearchAction\",\"target\":{\"@type\":\"EntryPoint\",\"urlTemplate\":\"https:\/\/www.cpvenice.com\/de\/?s={search_term_string}\"},\"query-input\":{\"@type\":\"PropertyValueSpecification\",\"valueRequired\":true,\"valueName\":\"search_term_string\"}}],\"inLanguage\":\"de-DE\"}]}<\/script>\n<!-- \/ Yoast SEO plugin. -->","yoast_head_json":{"title":"Paket Easy Venice: exklusive Vorteile | Crowne Plaza Venice","description":"Das Paket Easy Venice wurde entwickelt, um Ihnen ein magisches Erlebnis bei der Entdeckung Venedigs zu bieten: Fr\u00fchst\u00fcck, Hin- und R\u00fcckfahrkarten, Garage und vieles mehr!","robots":{"index":"index","follow":"follow","max-snippet":"max-snippet:-1","max-image-preview":"max-image-preview:large","max-video-preview":"max-video-preview:-1"},"canonical":"https:\/\/www.cpvenice.com\/de\/angebote-und-pakete\/paket-easy-venice\/","og_locale":"de_DE","og_type":"article","og_title":"Paket Easy Venice: exklusive Vorteile | Crowne Plaza Venice","og_description":"Das Paket Easy Venice wurde entwickelt, um Ihnen ein magisches Erlebnis bei der Entdeckung Venedigs zu bieten: Fr\u00fchst\u00fcck, Hin- und R\u00fcckfahrkarten, Garage und vieles mehr!","og_url":"https:\/\/www.cpvenice.com\/de\/angebote-und-pakete\/paket-easy-venice\/","og_site_name":"Crowne Plaza Venice East","article_modified_time":"2024-06-12T13:58:51+00:00","og_image":[{"width":2200,"height":1200,"url":"https:\/\/www.cpvenice.com\/wp-content\/uploads\/sites\/365\/2021\/12\/Crowne-Plaza-Venice-East-Rooms-Standard-Room-King-Accessible-bed.jpg","type":"image\/jpeg"}],"twitter_card":"summary_large_image","twitter_misc":{"Gesch\u00e4tzte Lesezeit":"1 Minute"},"schema":{"@context":"https:\/\/schema.org","@graph":[{"@type":"WebPage","@id":"https:\/\/www.cpvenice.com\/de\/angebote-und-pakete\/paket-easy-venice\/","url":"https:\/\/www.cpvenice.com\/de\/angebote-und-pakete\/paket-easy-venice\/","name":"Paket Easy Venice: exklusive Vorteile | Crowne Plaza Venice","isPartOf":{"@id":"https:\/\/www.cpvenice.com\/de\/#website"},"datePublished":"2021-10-22T15:57:46+00:00","dateModified":"2024-06-12T13:58:51+00:00","description":"Das Paket Easy Venice wurde entwickelt, um Ihnen ein magisches Erlebnis bei der Entdeckung Venedigs zu bieten: Fr\u00fchst\u00fcck, Hin- und R\u00fcckfahrkarten, Garage und vieles mehr!","breadcrumb":{"@id":"https:\/\/www.cpvenice.com\/de\/angebote-und-pakete\/paket-easy-venice\/#breadcrumb"},"inLanguage":"de-DE","potentialAction":[{"@type":"ReadAction","target":["https:\/\/www.cpvenice.com\/de\/angebote-und-pakete\/paket-easy-venice\/"]}]},{"@type":"BreadcrumbList","@id":"https:\/\/www.cpvenice.com\/de\/angebote-und-pakete\/paket-easy-venice\/#breadcrumb","itemListElement":[{"@type":"ListItem","position":1,"name":"Home","item":"https:\/\/www.cpvenice.com\/de\/"},{"@type":"ListItem","position":2,"name":"Angebote und Pakete","item":"https:\/\/www.cpvenice.com\/de\/angebote-und-pakete\/"},{"@type":"ListItem","position":3,"name":"Paket Easy Venice"}]},{"@type":"WebSite","@id":"https:\/\/www.cpvenice.com\/de\/#website","url":"https:\/\/www.cpvenice.com\/de\/","name":"Crowne Plaza Venice East","description":"Just another ms.decms.eu site","potentialAction":[{"@type":"SearchAction","target":{"@type":"EntryPoint","urlTemplate":"https:\/\/www.cpvenice.com\/de\/?s={search_term_string}"},"query-input":{"@type":"PropertyValueSpecification","valueRequired":true,"valueName":"search_term_string"}}],"inLanguage":"de-DE"}]}},"acf":[],"_links":{"self":[{"href":"https:\/\/www.cpvenice.com\/de\/wp-json\/wp\/v2\/pages\/913","targetHints":{"allow":["GET"]}}],"collection":[{"href":"https:\/\/www.cpvenice.com\/de\/wp-json\/wp\/v2\/pages"}],"about":[{"href":"https:\/\/www.cpvenice.com\/de\/wp-json\/wp\/v2\/types\/page"}],"author":[{"embeddable":true,"href":"https:\/\/www.cpvenice.com\/de\/wp-json\/wp\/v2\/users\/36"}],"replies":[{"embeddable":true,"href":"https:\/\/www.cpvenice.com\/de\/wp-json\/wp\/v2\/comments?post=913"}],"version-history":[{"count":0,"href":"https:\/\/www.cpvenice.com\/de\/wp-json\/wp\/v2\/pages\/913\/revisions"}],"up":[{"embeddable":true,"href":"https:\/\/www.cpvenice.com\/de\/wp-json\/wp\/v2\/pages\/906"}],"wp:attachment":[{"href":"https:\/\/www.cpvenice.com\/de\/wp-json\/wp\/v2\/media?parent=913"}],"curies":[{"name":"wp","href":"https:\/\/api.w.org\/{rel}","templated":true}]}}