{"id":917,"date":"2022-05-18T08:59:31","date_gmt":"2022-05-18T08:59:31","guid":{"rendered":"https:\/\/www.cpvenice.com\/angebote-und-pakete\/offerta-book-early-and-save\/"},"modified":"2025-01-07T13:46:38","modified_gmt":"2025-01-07T13:46:38","slug":"book-early-and-save-angebot","status":"publish","type":"page","link":"https:\/\/www.cpvenice.com\/de\/angebote-und-pakete\/book-early-and-save-angebot\/","title":{"rendered":"Book Early And Save Angebot"},"content":{"rendered":"<p>Buchen Sie jetzt Ihren Aufenthalt in Venedig und <strong>sparen Sie bis zu 25% mit Crowne Plaza<\/strong>! G\u00f6nnen Sie sich einen unvergesslichen Urlaub in der Stadt, die \u00fcber dem Wasser schwebt, dank der exklusiven Dienstleistungen des 4-Sterne-Hotels Crowne Plaza Venice East in Quarto d&#8217;Altino.<\/p>\n<p>Mit dem <strong>speziellen &#8222;Book Early And Save&#8220;-Angebot, das bis zu 5 Tage vor dem Ankunftsdatum gebucht werden kann<\/strong>, erhalten Sie nicht nur einen Rabatt von bis zu 25% auf Ihren Aufenthalt, <strong>sondern auch zahlreiche Inklusivleistungen<\/strong>, die Ihren Aufenthalt einzigartig machen: ausreichend kostenlose Parkpl\u00e4tze im Freien, Tee- und Kaffeezubereiter, LCD-TV, Fitnessraum und vieles mehr!<\/p>\n<p>Dank sein<strong>er strategischen Lage<\/strong>, die es<strong> leicht mit dem Auto erreichbar<\/strong> macht, und seiner N\u00e4he zum Bahnhof Quarto D&#8217;Altino, die es Ihnen erm\u00f6glicht,<strong> Venedig in kurzer Zeit leicht zu erreichen<\/strong>, ist das Hotel Crowne Plaza Venice East der ideale Ort f\u00fcr Ihr n\u00e4chstes Wochenende au\u00dferhalb der Stadt, um das Zentrum und die Umgebung des wundersch\u00f6nen Venedigs zu entdecken.<\/p>\n<p>Worauf wartest du? Buchen Sie jetzt Ihren Aufenthalt, indem Sie das Sonderangebot &#8222;Book Early And Save&#8220; nutzen und sich von unserem aufmerksamen und geschulten Personal verw\u00f6hnen lassen. Klicken Sie auf die Schaltfl\u00e4che &#8222;Jetzt buchen&#8220;, <strong>w\u00e4hlen Sie den Tarifplan &#8222;Book Early And Save&#8220;<\/strong> und beginnen Sie mit der Planung eines unvergesslichen Wochenendes in Venedig!<\/p>\n","protected":false},"excerpt":{"rendered":"<p>Buchen Sie jetzt Ihren Aufenthalt in Venedig und sparen Sie bis zu 25% mit Crowne Plaza! G\u00f6nnen Sie sich einen unvergesslichen Urlaub in der Stadt, die \u00fcber dem Wasser schwebt, dank der exklusiven Dienstleistungen des 4-Sterne-Hotels Crowne Plaza Venice East in Quarto d&#8217;Altino. Mit dem speziellen &#8222;Book Early And Save&#8220;-Angebot, das bis zu 5 Tage [&hellip;]<\/p>\n","protected":false},"author":360,"featured_media":0,"parent":906,"menu_order":4,"comment_status":"closed","ping_status":"closed","template":"template-default-2.php","meta":{"footnotes":""},"class_list":["post-917","page","type-page","status-publish","hentry"],"yoast_head":"<!-- This site is optimized with the Yoast SEO plugin v26.9 - https:\/\/yoast.com\/product\/yoast-seo-wordpress\/ -->\n<title>Book Early And Save Angebot | Crowne Plaza Venice East<\/title>\n<meta name=\"description\" content=\"G\u00f6nnen Sie sich einen Urlaub in Venedig mit dem Book Early And Save Angebot: bis zu 25 % Rabatt und exklusive Vorteile wie Parkplatz, LCD-Fernseher und vieles mehr!\" \/>\n<meta name=\"robots\" content=\"index, follow, max-snippet:-1, max-image-preview:large, max-video-preview:-1\" \/>\n<link rel=\"canonical\" href=\"https:\/\/www.cpvenice.com\/de\/angebote-und-pakete\/book-early-and-save-angebot\/\" \/>\n<meta property=\"og:locale\" content=\"de_DE\" \/>\n<meta property=\"og:type\" content=\"article\" \/>\n<meta property=\"og:title\" content=\"Book Early And Save Angebot | Crowne Plaza Venice East\" \/>\n<meta property=\"og:description\" content=\"G\u00f6nnen Sie sich einen Urlaub in Venedig mit dem Book Early And Save Angebot: bis zu 25 % Rabatt und exklusive Vorteile wie Parkplatz, LCD-Fernseher und vieles mehr!\" \/>\n<meta property=\"og:url\" content=\"https:\/\/www.cpvenice.com\/de\/angebote-und-pakete\/book-early-and-save-angebot\/\" \/>\n<meta property=\"og:site_name\" content=\"Crowne Plaza Venice East\" \/>\n<meta property=\"article:modified_time\" content=\"2025-01-07T13:46:38+00:00\" \/>\n<meta property=\"og:image\" content=\"https:\/\/www.cpvenice.com\/wp-content\/uploads\/sites\/365\/2021\/12\/Crowne-Plaza-Venice-East-Rooms-Standard-Room-King-Accessible-bed.jpg\" \/>\n\t<meta property=\"og:image:width\" content=\"2200\" \/>\n\t<meta property=\"og:image:height\" content=\"1200\" \/>\n\t<meta property=\"og:image:type\" content=\"image\/jpeg\" \/>\n<meta name=\"twitter:card\" content=\"summary_large_image\" \/>\n<meta name=\"twitter:label1\" content=\"Gesch\u00e4tzte Lesezeit\" \/>\n\t<meta name=\"twitter:data1\" content=\"1 Minute\" \/>\n<script type=\"application\/ld+json\" class=\"yoast-schema-graph\">{\"@context\":\"https:\/\/schema.org\",\"@graph\":[{\"@type\":\"WebPage\",\"@id\":\"https:\/\/www.cpvenice.com\/de\/angebote-und-pakete\/book-early-and-save-angebot\/\",\"url\":\"https:\/\/www.cpvenice.com\/de\/angebote-und-pakete\/book-early-and-save-angebot\/\",\"name\":\"Book Early And Save Angebot | Crowne Plaza Venice East\",\"isPartOf\":{\"@id\":\"https:\/\/www.cpvenice.com\/de\/#website\"},\"datePublished\":\"2022-05-18T08:59:31+00:00\",\"dateModified\":\"2025-01-07T13:46:38+00:00\",\"description\":\"G\u00f6nnen Sie sich einen Urlaub in Venedig mit dem Book Early And Save Angebot: bis zu 25 % Rabatt und exklusive Vorteile wie Parkplatz, LCD-Fernseher und vieles mehr!\",\"breadcrumb\":{\"@id\":\"https:\/\/www.cpvenice.com\/de\/angebote-und-pakete\/book-early-and-save-angebot\/#breadcrumb\"},\"inLanguage\":\"de-DE\",\"potentialAction\":[{\"@type\":\"ReadAction\",\"target\":[\"https:\/\/www.cpvenice.com\/de\/angebote-und-pakete\/book-early-and-save-angebot\/\"]}]},{\"@type\":\"BreadcrumbList\",\"@id\":\"https:\/\/www.cpvenice.com\/de\/angebote-und-pakete\/book-early-and-save-angebot\/#breadcrumb\",\"itemListElement\":[{\"@type\":\"ListItem\",\"position\":1,\"name\":\"Home\",\"item\":\"https:\/\/www.cpvenice.com\/de\/\"},{\"@type\":\"ListItem\",\"position\":2,\"name\":\"Angebote und Pakete\",\"item\":\"https:\/\/www.cpvenice.com\/de\/angebote-und-pakete\/\"},{\"@type\":\"ListItem\",\"position\":3,\"name\":\"Book Early And Save Angebot\"}]},{\"@type\":\"WebSite\",\"@id\":\"https:\/\/www.cpvenice.com\/de\/#website\",\"url\":\"https:\/\/www.cpvenice.com\/de\/\",\"name\":\"Crowne Plaza Venice East\",\"description\":\"Just another ms.decms.eu site\",\"potentialAction\":[{\"@type\":\"SearchAction\",\"target\":{\"@type\":\"EntryPoint\",\"urlTemplate\":\"https:\/\/www.cpvenice.com\/de\/?s={search_term_string}\"},\"query-input\":{\"@type\":\"PropertyValueSpecification\",\"valueRequired\":true,\"valueName\":\"search_term_string\"}}],\"inLanguage\":\"de-DE\"}]}<\/script>\n<!-- \/ Yoast SEO plugin. -->","yoast_head_json":{"title":"Book Early And Save Angebot | Crowne Plaza Venice East","description":"G\u00f6nnen Sie sich einen Urlaub in Venedig mit dem Book Early And Save Angebot: bis zu 25 % Rabatt und exklusive Vorteile wie Parkplatz, LCD-Fernseher und vieles mehr!","robots":{"index":"index","follow":"follow","max-snippet":"max-snippet:-1","max-image-preview":"max-image-preview:large","max-video-preview":"max-video-preview:-1"},"canonical":"https:\/\/www.cpvenice.com\/de\/angebote-und-pakete\/book-early-and-save-angebot\/","og_locale":"de_DE","og_type":"article","og_title":"Book Early And Save Angebot | Crowne Plaza Venice East","og_description":"G\u00f6nnen Sie sich einen Urlaub in Venedig mit dem Book Early And Save Angebot: bis zu 25 % Rabatt und exklusive Vorteile wie Parkplatz, LCD-Fernseher und vieles mehr!","og_url":"https:\/\/www.cpvenice.com\/de\/angebote-und-pakete\/book-early-and-save-angebot\/","og_site_name":"Crowne Plaza Venice East","article_modified_time":"2025-01-07T13:46:38+00:00","og_image":[{"width":2200,"height":1200,"url":"https:\/\/www.cpvenice.com\/wp-content\/uploads\/sites\/365\/2021\/12\/Crowne-Plaza-Venice-East-Rooms-Standard-Room-King-Accessible-bed.jpg","type":"image\/jpeg"}],"twitter_card":"summary_large_image","twitter_misc":{"Gesch\u00e4tzte Lesezeit":"1 Minute"},"schema":{"@context":"https:\/\/schema.org","@graph":[{"@type":"WebPage","@id":"https:\/\/www.cpvenice.com\/de\/angebote-und-pakete\/book-early-and-save-angebot\/","url":"https:\/\/www.cpvenice.com\/de\/angebote-und-pakete\/book-early-and-save-angebot\/","name":"Book Early And Save Angebot | Crowne Plaza Venice East","isPartOf":{"@id":"https:\/\/www.cpvenice.com\/de\/#website"},"datePublished":"2022-05-18T08:59:31+00:00","dateModified":"2025-01-07T13:46:38+00:00","description":"G\u00f6nnen Sie sich einen Urlaub in Venedig mit dem Book Early And Save Angebot: bis zu 25 % Rabatt und exklusive Vorteile wie Parkplatz, LCD-Fernseher und vieles mehr!","breadcrumb":{"@id":"https:\/\/www.cpvenice.com\/de\/angebote-und-pakete\/book-early-and-save-angebot\/#breadcrumb"},"inLanguage":"de-DE","potentialAction":[{"@type":"ReadAction","target":["https:\/\/www.cpvenice.com\/de\/angebote-und-pakete\/book-early-and-save-angebot\/"]}]},{"@type":"BreadcrumbList","@id":"https:\/\/www.cpvenice.com\/de\/angebote-und-pakete\/book-early-and-save-angebot\/#breadcrumb","itemListElement":[{"@type":"ListItem","position":1,"name":"Home","item":"https:\/\/www.cpvenice.com\/de\/"},{"@type":"ListItem","position":2,"name":"Angebote und Pakete","item":"https:\/\/www.cpvenice.com\/de\/angebote-und-pakete\/"},{"@type":"ListItem","position":3,"name":"Book Early And Save Angebot"}]},{"@type":"WebSite","@id":"https:\/\/www.cpvenice.com\/de\/#website","url":"https:\/\/www.cpvenice.com\/de\/","name":"Crowne Plaza Venice East","description":"Just another ms.decms.eu site","potentialAction":[{"@type":"SearchAction","target":{"@type":"EntryPoint","urlTemplate":"https:\/\/www.cpvenice.com\/de\/?s={search_term_string}"},"query-input":{"@type":"PropertyValueSpecification","valueRequired":true,"valueName":"search_term_string"}}],"inLanguage":"de-DE"}]}},"acf":[],"_links":{"self":[{"href":"https:\/\/www.cpvenice.com\/de\/wp-json\/wp\/v2\/pages\/917","targetHints":{"allow":["GET"]}}],"collection":[{"href":"https:\/\/www.cpvenice.com\/de\/wp-json\/wp\/v2\/pages"}],"about":[{"href":"https:\/\/www.cpvenice.com\/de\/wp-json\/wp\/v2\/types\/page"}],"author":[{"embeddable":true,"href":"https:\/\/www.cpvenice.com\/de\/wp-json\/wp\/v2\/users\/360"}],"replies":[{"embeddable":true,"href":"https:\/\/www.cpvenice.com\/de\/wp-json\/wp\/v2\/comments?post=917"}],"version-history":[{"count":0,"href":"https:\/\/www.cpvenice.com\/de\/wp-json\/wp\/v2\/pages\/917\/revisions"}],"up":[{"embeddable":true,"href":"https:\/\/www.cpvenice.com\/de\/wp-json\/wp\/v2\/pages\/906"}],"wp:attachment":[{"href":"https:\/\/www.cpvenice.com\/de\/wp-json\/wp\/v2\/media?parent=917"}],"curies":[{"name":"wp","href":"https:\/\/api.w.org\/{rel}","templated":true}]}}