{"id":1071,"date":"2022-12-28T15:31:29","date_gmt":"2022-12-28T15:31:29","guid":{"rendered":"https:\/\/www.cpvenice.com\/venise-et-ses-environs\/eventi-a-venezia\/"},"modified":"2024-07-30T13:41:09","modified_gmt":"2024-07-30T13:41:09","slug":"eventi-a-venezia","status":"publish","type":"page","link":"https:\/\/www.cpvenice.com\/fr\/venise-et-ses-environs\/eventi-a-venezia\/","title":{"rendered":"\u00c9v\u00e9nements \u00e0 Venise"},"content":{"rendered":"<p>D\u00e9couvrez Venise \u00e0 travers les plus beaux \u00e9v\u00e9nements qui animent la ville \u00e0 chaque saison de l&rsquo;ann\u00e9e. Des occasions o\u00f9 la musique, l&rsquo;art et la tradition contribuent \u00e0 rendre la visite encore plus m\u00e9morable.<\/p>\n","protected":false},"excerpt":{"rendered":"<p>D\u00e9couvrez Venise \u00e0 travers les plus beaux \u00e9v\u00e9nements qui animent la ville \u00e0 chaque saison de l&rsquo;ann\u00e9e. Des occasions o\u00f9 la musique, l&rsquo;art et la tradition contribuent \u00e0 rendre la visite encore plus m\u00e9morable.<\/p>\n","protected":false},"author":125,"featured_media":0,"parent":799,"menu_order":0,"comment_status":"closed","ping_status":"closed","template":"template-events.php","meta":{"footnotes":""},"class_list":["post-1071","page","type-page","status-publish","hentry"],"yoast_head":"<!-- This site is optimized with the Yoast SEO plugin v26.9 - https:\/\/yoast.com\/product\/yoast-seo-wordpress\/ -->\n<title>\u00c9v\u00e9nements \u00e0 Venise - Crowne Plaza Venice East -<\/title>\n<meta name=\"description\" content=\"D\u00e9couvrez Venise \u00e0 travers les plus beaux \u00e9v\u00e9nements qui animent la ville \u00e0 chaque saison de l&#039;ann\u00e9e. Des occasions o\u00f9 la musique, l&#039;art et la tradition contribuent \u00e0 rendre la visite encore plus m\u00e9morable.\" \/>\n<meta name=\"robots\" content=\"index, follow, max-snippet:-1, max-image-preview:large, max-video-preview:-1\" \/>\n<link rel=\"canonical\" href=\"https:\/\/www.cpvenice.com\/fr\/venise-et-ses-environs\/eventi-a-venezia\/\" \/>\n<meta property=\"og:locale\" content=\"fr_FR\" \/>\n<meta property=\"og:type\" content=\"article\" \/>\n<meta property=\"og:title\" content=\"\u00c9v\u00e9nements \u00e0 Venise - Crowne Plaza Venice East -\" \/>\n<meta property=\"og:description\" content=\"D\u00e9couvrez Venise \u00e0 travers les plus beaux \u00e9v\u00e9nements qui animent la ville \u00e0 chaque saison de l&#039;ann\u00e9e. Des occasions o\u00f9 la musique, l&#039;art et la tradition contribuent \u00e0 rendre la visite encore plus m\u00e9morable.\" \/>\n<meta property=\"og:url\" content=\"https:\/\/www.cpvenice.com\/fr\/venise-et-ses-environs\/eventi-a-venezia\/\" \/>\n<meta property=\"og:site_name\" content=\"Crowne Plaza Venice East\" \/>\n<meta property=\"article:modified_time\" content=\"2024-07-30T13:41:09+00:00\" \/>\n<meta property=\"og:image\" content=\"https:\/\/www.cpvenice.com\/wp-content\/uploads\/sites\/365\/2021\/12\/Crowne-Plaza-Venice-East-Rooms-Standard-Room-King-Accessible-bed.jpg\" \/>\n\t<meta property=\"og:image:width\" content=\"2200\" \/>\n\t<meta property=\"og:image:height\" content=\"1200\" \/>\n\t<meta property=\"og:image:type\" content=\"image\/jpeg\" \/>\n<meta name=\"twitter:card\" content=\"summary_large_image\" \/>\n<script type=\"application\/ld+json\" class=\"yoast-schema-graph\">{\"@context\":\"https:\/\/schema.org\",\"@graph\":[{\"@type\":\"WebPage\",\"@id\":\"https:\/\/www.cpvenice.com\/fr\/venise-et-ses-environs\/eventi-a-venezia\/\",\"url\":\"https:\/\/www.cpvenice.com\/fr\/venise-et-ses-environs\/eventi-a-venezia\/\",\"name\":\"\u00c9v\u00e9nements \u00e0 Venise - Crowne Plaza Venice East -\",\"isPartOf\":{\"@id\":\"https:\/\/www.cpvenice.com\/fr\/#website\"},\"datePublished\":\"2022-12-28T15:31:29+00:00\",\"dateModified\":\"2024-07-30T13:41:09+00:00\",\"description\":\"D\u00e9couvrez Venise \u00e0 travers les plus beaux \u00e9v\u00e9nements qui animent la ville \u00e0 chaque saison de l'ann\u00e9e. Des occasions o\u00f9 la musique, l'art et la tradition contribuent \u00e0 rendre la visite encore plus m\u00e9morable.\",\"breadcrumb\":{\"@id\":\"https:\/\/www.cpvenice.com\/fr\/venise-et-ses-environs\/eventi-a-venezia\/#breadcrumb\"},\"inLanguage\":\"fr-FR\",\"potentialAction\":[{\"@type\":\"ReadAction\",\"target\":[\"https:\/\/www.cpvenice.com\/fr\/venise-et-ses-environs\/eventi-a-venezia\/\"]}]},{\"@type\":\"BreadcrumbList\",\"@id\":\"https:\/\/www.cpvenice.com\/fr\/venise-et-ses-environs\/eventi-a-venezia\/#breadcrumb\",\"itemListElement\":[{\"@type\":\"ListItem\",\"position\":1,\"name\":\"Home\",\"item\":\"https:\/\/www.cpvenice.com\/fr\/\"},{\"@type\":\"ListItem\",\"position\":2,\"name\":\"Venise et ses environs\",\"item\":\"https:\/\/www.cpvenice.com\/fr\/venise-et-ses-environs\/\"},{\"@type\":\"ListItem\",\"position\":3,\"name\":\"\u00c9v\u00e9nements \u00e0 Venise\"}]},{\"@type\":\"WebSite\",\"@id\":\"https:\/\/www.cpvenice.com\/fr\/#website\",\"url\":\"https:\/\/www.cpvenice.com\/fr\/\",\"name\":\"Crowne Plaza Venice East\",\"description\":\"Just another ms.decms.eu site\",\"potentialAction\":[{\"@type\":\"SearchAction\",\"target\":{\"@type\":\"EntryPoint\",\"urlTemplate\":\"https:\/\/www.cpvenice.com\/fr\/?s={search_term_string}\"},\"query-input\":{\"@type\":\"PropertyValueSpecification\",\"valueRequired\":true,\"valueName\":\"search_term_string\"}}],\"inLanguage\":\"fr-FR\"}]}<\/script>\n<!-- \/ Yoast SEO plugin. -->","yoast_head_json":{"title":"\u00c9v\u00e9nements \u00e0 Venise - Crowne Plaza Venice East -","description":"D\u00e9couvrez Venise \u00e0 travers les plus beaux \u00e9v\u00e9nements qui animent la ville \u00e0 chaque saison de l'ann\u00e9e. Des occasions o\u00f9 la musique, l'art et la tradition contribuent \u00e0 rendre la visite encore plus m\u00e9morable.","robots":{"index":"index","follow":"follow","max-snippet":"max-snippet:-1","max-image-preview":"max-image-preview:large","max-video-preview":"max-video-preview:-1"},"canonical":"https:\/\/www.cpvenice.com\/fr\/venise-et-ses-environs\/eventi-a-venezia\/","og_locale":"fr_FR","og_type":"article","og_title":"\u00c9v\u00e9nements \u00e0 Venise - Crowne Plaza Venice East -","og_description":"D\u00e9couvrez Venise \u00e0 travers les plus beaux \u00e9v\u00e9nements qui animent la ville \u00e0 chaque saison de l'ann\u00e9e. Des occasions o\u00f9 la musique, l'art et la tradition contribuent \u00e0 rendre la visite encore plus m\u00e9morable.","og_url":"https:\/\/www.cpvenice.com\/fr\/venise-et-ses-environs\/eventi-a-venezia\/","og_site_name":"Crowne Plaza Venice East","article_modified_time":"2024-07-30T13:41:09+00:00","og_image":[{"width":2200,"height":1200,"url":"https:\/\/www.cpvenice.com\/wp-content\/uploads\/sites\/365\/2021\/12\/Crowne-Plaza-Venice-East-Rooms-Standard-Room-King-Accessible-bed.jpg","type":"image\/jpeg"}],"twitter_card":"summary_large_image","schema":{"@context":"https:\/\/schema.org","@graph":[{"@type":"WebPage","@id":"https:\/\/www.cpvenice.com\/fr\/venise-et-ses-environs\/eventi-a-venezia\/","url":"https:\/\/www.cpvenice.com\/fr\/venise-et-ses-environs\/eventi-a-venezia\/","name":"\u00c9v\u00e9nements \u00e0 Venise - Crowne Plaza Venice East -","isPartOf":{"@id":"https:\/\/www.cpvenice.com\/fr\/#website"},"datePublished":"2022-12-28T15:31:29+00:00","dateModified":"2024-07-30T13:41:09+00:00","description":"D\u00e9couvrez Venise \u00e0 travers les plus beaux \u00e9v\u00e9nements qui animent la ville \u00e0 chaque saison de l'ann\u00e9e. Des occasions o\u00f9 la musique, l'art et la tradition contribuent \u00e0 rendre la visite encore plus m\u00e9morable.","breadcrumb":{"@id":"https:\/\/www.cpvenice.com\/fr\/venise-et-ses-environs\/eventi-a-venezia\/#breadcrumb"},"inLanguage":"fr-FR","potentialAction":[{"@type":"ReadAction","target":["https:\/\/www.cpvenice.com\/fr\/venise-et-ses-environs\/eventi-a-venezia\/"]}]},{"@type":"BreadcrumbList","@id":"https:\/\/www.cpvenice.com\/fr\/venise-et-ses-environs\/eventi-a-venezia\/#breadcrumb","itemListElement":[{"@type":"ListItem","position":1,"name":"Home","item":"https:\/\/www.cpvenice.com\/fr\/"},{"@type":"ListItem","position":2,"name":"Venise et ses environs","item":"https:\/\/www.cpvenice.com\/fr\/venise-et-ses-environs\/"},{"@type":"ListItem","position":3,"name":"\u00c9v\u00e9nements \u00e0 Venise"}]},{"@type":"WebSite","@id":"https:\/\/www.cpvenice.com\/fr\/#website","url":"https:\/\/www.cpvenice.com\/fr\/","name":"Crowne Plaza Venice East","description":"Just another ms.decms.eu site","potentialAction":[{"@type":"SearchAction","target":{"@type":"EntryPoint","urlTemplate":"https:\/\/www.cpvenice.com\/fr\/?s={search_term_string}"},"query-input":{"@type":"PropertyValueSpecification","valueRequired":true,"valueName":"search_term_string"}}],"inLanguage":"fr-FR"}]}},"acf":[],"_links":{"self":[{"href":"https:\/\/www.cpvenice.com\/fr\/wp-json\/wp\/v2\/pages\/1071","targetHints":{"allow":["GET"]}}],"collection":[{"href":"https:\/\/www.cpvenice.com\/fr\/wp-json\/wp\/v2\/pages"}],"about":[{"href":"https:\/\/www.cpvenice.com\/fr\/wp-json\/wp\/v2\/types\/page"}],"author":[{"embeddable":true,"href":"https:\/\/www.cpvenice.com\/fr\/wp-json\/wp\/v2\/users\/125"}],"replies":[{"embeddable":true,"href":"https:\/\/www.cpvenice.com\/fr\/wp-json\/wp\/v2\/comments?post=1071"}],"version-history":[{"count":0,"href":"https:\/\/www.cpvenice.com\/fr\/wp-json\/wp\/v2\/pages\/1071\/revisions"}],"up":[{"embeddable":true,"href":"https:\/\/www.cpvenice.com\/fr\/wp-json\/wp\/v2\/pages\/799"}],"wp:attachment":[{"href":"https:\/\/www.cpvenice.com\/fr\/wp-json\/wp\/v2\/media?parent=1071"}],"curies":[{"name":"wp","href":"https:\/\/api.w.org\/{rel}","templated":true}]}}