{"id":1182,"date":"2026-04-21T08:43:38","date_gmt":"2026-04-21T08:43:38","guid":{"rendered":"https:\/\/www.cpvenice.com\/?page_id=1182"},"modified":"2026-04-21T08:43:38","modified_gmt":"2026-04-21T08:43:38","slug":"sejour-biennale-de-venise","status":"publish","type":"page","link":"https:\/\/www.cpvenice.com\/fr\/offres-et-formules\/sejour-biennale-de-venise\/","title":{"rendered":"S\u00e9jour Biennale de Venise"},"content":{"rendered":"<p data-start=\"100\" data-end=\"424\">Vous n\u2019avez pas encore r\u00e9serv\u00e9 votre s\u00e9jour pour la Biennale de Venise 2026 ?<br data-start=\"181\" data-end=\"184\" \/>Avec le <strong data-start=\"192\" data-end=\"253\">S\u00e9jour Biennale Escape <\/strong>du<strong data-start=\"192\" data-end=\"253\"> Crowne Plaza Venice East 4*<\/strong>, profitez d\u2019une offre exclusive pens\u00e9e pour allier confort et simplicit\u00e9. D\u00e9couvrez l\u2019une des <strong data-start=\"348\" data-end=\"404\">plus grandes expositions d\u2019art contemporain au monde<\/strong>, en toute s\u00e9r\u00e9nit\u00e9.<\/p>\n<p data-start=\"426\" data-end=\"758\">S\u00e9journez dans notre <strong data-start=\"447\" data-end=\"474\">h\u00f4tel 4 \u00e9toiles moderne<\/strong> et profitez de prestations de qualit\u00e9. Situ\u00e9 \u00e0 <strong data-start=\"522\" data-end=\"563\">Quarto d\u2019Altino, aux portes de Venise<\/strong>, l\u2019h\u00f4tel offre un acc\u00e8s facile au centre historique. La gare se trouve \u00e0 seulement <strong data-start=\"647\" data-end=\"680\">250 m\u00e8tres (3 minutes \u00e0 pied)<\/strong>. Vous rejoignez Venise rapidement et profitez de la Biennale <strong data-start=\"742\" data-end=\"757\">sans stress<\/strong>.<\/p>\n<p data-start=\"760\" data-end=\"993\">Passez vos journ\u00e9es entre pavillons et installations. Puis retrouvez le calme de nos <strong data-start=\"845\" data-end=\"896\">chambres lumineuses, spacieuses et silencieuses<\/strong>. Vous voyagez en famille ? Des <strong data-start=\"928\" data-end=\"954\">chambres communicantes<\/strong> sont disponibles pour plus de confort.<\/p>\n<p data-start=\"995\" data-end=\"1286\">Tout est pens\u00e9 pour un s\u00e9jour simple et agr\u00e9able. Commencez la journ\u00e9e avec un <strong data-start=\"1074\" data-end=\"1108\">petit-d\u00e9jeuner buffet g\u00e9n\u00e9reux<\/strong>. Terminez-la avec un <strong data-start=\"1130\" data-end=\"1160\">ap\u00e9ritif th\u00e9matique au bar<\/strong>. Profitez \u00e9galement d\u2019une <strong data-start=\"1187\" data-end=\"1249\">r\u00e9duction exclusive de 20 % sur les billets de la Biennale<\/strong> et du <strong data-start=\"1256\" data-end=\"1285\">parking gratuit \u00e0 l\u2019h\u00f4tel<\/strong>.<\/p>\n<p data-start=\"1288\" data-end=\"1439\"><strong data-start=\"1288\" data-end=\"1374\">Offrez-vous Venise. Offrez-vous la Biennale Arte 2026 au Crowne Plaza Venice East.<\/strong><br data-start=\"1374\" data-end=\"1377\" \/>Le parfait \u00e9quilibre entre <strong data-start=\"1404\" data-end=\"1438\">culture, d\u00e9couverte et d\u00e9tente<\/strong>.<\/p>\n","protected":false},"excerpt":{"rendered":"<p>Vous n\u2019avez pas encore r\u00e9serv\u00e9 votre s\u00e9jour pour la Biennale de Venise 2026 ?Avec le S\u00e9jour Biennale Escape du Crowne Plaza Venice East 4*, profitez d\u2019une offre exclusive pens\u00e9e pour allier confort et simplicit\u00e9. D\u00e9couvrez l\u2019une des plus grandes expositions d\u2019art contemporain au monde, en toute s\u00e9r\u00e9nit\u00e9. S\u00e9journez dans notre h\u00f4tel 4 \u00e9toiles moderne et [&hellip;]<\/p>\n","protected":false},"author":499,"featured_media":664,"parent":775,"menu_order":0,"comment_status":"closed","ping_status":"closed","template":"template-default-2.php","meta":{"footnotes":""},"class_list":["post-1182","page","type-page","status-publish","has-post-thumbnail","hentry"],"yoast_head":"<!-- This site is optimized with the Yoast SEO plugin v26.9 - https:\/\/yoast.com\/product\/yoast-seo-wordpress\/ -->\n<title>S\u00e9jour Biennale de Venise | H\u00f4tel 4* Crowne Plaza Venice East<\/title>\n<meta name=\"description\" content=\"D\u00e9couvrez le S\u00e9jour Biennale de Venise \u00e0 l\u2019H\u00f4tel 4* Crowne Plaza Venice East! Petit-d\u00e9jeuner, -20 % sur les billets, train A\/R et ap\u00e9ritif inclus.\" \/>\n<meta name=\"robots\" content=\"index, follow, max-snippet:-1, max-image-preview:large, max-video-preview:-1\" \/>\n<link rel=\"canonical\" href=\"https:\/\/www.cpvenice.com\/fr\/offres-et-formules\/sejour-biennale-de-venise\/\" \/>\n<meta property=\"og:locale\" content=\"fr_FR\" \/>\n<meta property=\"og:type\" content=\"article\" \/>\n<meta property=\"og:title\" content=\"S\u00e9jour Biennale de Venise | H\u00f4tel 4* Crowne Plaza Venice East\" \/>\n<meta property=\"og:description\" content=\"D\u00e9couvrez le S\u00e9jour Biennale de Venise \u00e0 l\u2019H\u00f4tel 4* Crowne Plaza Venice East! Petit-d\u00e9jeuner, -20 % sur les billets, train A\/R et ap\u00e9ritif inclus.\" \/>\n<meta property=\"og:url\" content=\"https:\/\/www.cpvenice.com\/fr\/offres-et-formules\/sejour-biennale-de-venise\/\" \/>\n<meta property=\"og:site_name\" content=\"Crowne Plaza Venice East\" \/>\n<meta property=\"og:image\" content=\"https:\/\/www.cpvenice.com\/wp-content\/uploads\/sites\/365\/2022\/12\/biennale-padiglione-centrale.jpg\" \/>\n\t<meta property=\"og:image:width\" content=\"1300\" \/>\n\t<meta property=\"og:image:height\" content=\"600\" \/>\n\t<meta property=\"og:image:type\" content=\"image\/jpeg\" \/>\n<meta name=\"twitter:card\" content=\"summary_large_image\" \/>\n<meta name=\"twitter:label1\" content=\"Dur\u00e9e de lecture estim\u00e9e\" \/>\n\t<meta name=\"twitter:data1\" content=\"1 minute\" \/>\n<script type=\"application\/ld+json\" class=\"yoast-schema-graph\">{\"@context\":\"https:\/\/schema.org\",\"@graph\":[{\"@type\":\"WebPage\",\"@id\":\"https:\/\/www.cpvenice.com\/fr\/offres-et-formules\/sejour-biennale-de-venise\/\",\"url\":\"https:\/\/www.cpvenice.com\/fr\/offres-et-formules\/sejour-biennale-de-venise\/\",\"name\":\"S\u00e9jour Biennale de Venise | H\u00f4tel 4* Crowne Plaza Venice East\",\"isPartOf\":{\"@id\":\"https:\/\/www.cpvenice.com\/fr\/#website\"},\"primaryImageOfPage\":{\"@id\":\"https:\/\/www.cpvenice.com\/fr\/offres-et-formules\/sejour-biennale-de-venise\/#primaryimage\"},\"image\":{\"@id\":\"https:\/\/www.cpvenice.com\/fr\/offres-et-formules\/sejour-biennale-de-venise\/#primaryimage\"},\"thumbnailUrl\":\"https:\/\/www.cpvenice.com\/wp-content\/uploads\/sites\/365\/2022\/12\/biennale-padiglione-centrale.jpg\",\"datePublished\":\"2026-04-21T08:43:38+00:00\",\"description\":\"D\u00e9couvrez le S\u00e9jour Biennale de Venise \u00e0 l\u2019H\u00f4tel 4* Crowne Plaza Venice East! Petit-d\u00e9jeuner, -20 % sur les billets, train A\/R et ap\u00e9ritif inclus.\",\"breadcrumb\":{\"@id\":\"https:\/\/www.cpvenice.com\/fr\/offres-et-formules\/sejour-biennale-de-venise\/#breadcrumb\"},\"inLanguage\":\"fr-FR\",\"potentialAction\":[{\"@type\":\"ReadAction\",\"target\":[\"https:\/\/www.cpvenice.com\/fr\/offres-et-formules\/sejour-biennale-de-venise\/\"]}]},{\"@type\":\"ImageObject\",\"inLanguage\":\"fr-FR\",\"@id\":\"https:\/\/www.cpvenice.com\/fr\/offres-et-formules\/sejour-biennale-de-venise\/#primaryimage\",\"url\":\"https:\/\/www.cpvenice.com\/wp-content\/uploads\/sites\/365\/2022\/12\/biennale-padiglione-centrale.jpg\",\"contentUrl\":\"https:\/\/www.cpvenice.com\/wp-content\/uploads\/sites\/365\/2022\/12\/biennale-padiglione-centrale.jpg\",\"width\":1300,\"height\":600,\"caption\":\"biennale di venezia\"},{\"@type\":\"BreadcrumbList\",\"@id\":\"https:\/\/www.cpvenice.com\/fr\/offres-et-formules\/sejour-biennale-de-venise\/#breadcrumb\",\"itemListElement\":[{\"@type\":\"ListItem\",\"position\":1,\"name\":\"Home\",\"item\":\"https:\/\/www.cpvenice.com\/fr\/\"},{\"@type\":\"ListItem\",\"position\":2,\"name\":\"Offres et Formules\",\"item\":\"https:\/\/www.cpvenice.com\/fr\/offres-et-formules\/\"},{\"@type\":\"ListItem\",\"position\":3,\"name\":\"S\u00e9jour Biennale de Venise\"}]},{\"@type\":\"WebSite\",\"@id\":\"https:\/\/www.cpvenice.com\/fr\/#website\",\"url\":\"https:\/\/www.cpvenice.com\/fr\/\",\"name\":\"Crowne Plaza Venice East\",\"description\":\"Just another ms.decms.eu site\",\"potentialAction\":[{\"@type\":\"SearchAction\",\"target\":{\"@type\":\"EntryPoint\",\"urlTemplate\":\"https:\/\/www.cpvenice.com\/fr\/?s={search_term_string}\"},\"query-input\":{\"@type\":\"PropertyValueSpecification\",\"valueRequired\":true,\"valueName\":\"search_term_string\"}}],\"inLanguage\":\"fr-FR\"}]}<\/script>\n<!-- \/ Yoast SEO plugin. -->","yoast_head_json":{"title":"S\u00e9jour Biennale de Venise | H\u00f4tel 4* Crowne Plaza Venice East","description":"D\u00e9couvrez le S\u00e9jour Biennale de Venise \u00e0 l\u2019H\u00f4tel 4* Crowne Plaza Venice East! Petit-d\u00e9jeuner, -20 % sur les billets, train A\/R et ap\u00e9ritif inclus.","robots":{"index":"index","follow":"follow","max-snippet":"max-snippet:-1","max-image-preview":"max-image-preview:large","max-video-preview":"max-video-preview:-1"},"canonical":"https:\/\/www.cpvenice.com\/fr\/offres-et-formules\/sejour-biennale-de-venise\/","og_locale":"fr_FR","og_type":"article","og_title":"S\u00e9jour Biennale de Venise | H\u00f4tel 4* Crowne Plaza Venice East","og_description":"D\u00e9couvrez le S\u00e9jour Biennale de Venise \u00e0 l\u2019H\u00f4tel 4* Crowne Plaza Venice East! Petit-d\u00e9jeuner, -20 % sur les billets, train A\/R et ap\u00e9ritif inclus.","og_url":"https:\/\/www.cpvenice.com\/fr\/offres-et-formules\/sejour-biennale-de-venise\/","og_site_name":"Crowne Plaza Venice East","og_image":[{"width":1300,"height":600,"url":"https:\/\/www.cpvenice.com\/wp-content\/uploads\/sites\/365\/2022\/12\/biennale-padiglione-centrale.jpg","type":"image\/jpeg"}],"twitter_card":"summary_large_image","twitter_misc":{"Dur\u00e9e de lecture estim\u00e9e":"1 minute"},"schema":{"@context":"https:\/\/schema.org","@graph":[{"@type":"WebPage","@id":"https:\/\/www.cpvenice.com\/fr\/offres-et-formules\/sejour-biennale-de-venise\/","url":"https:\/\/www.cpvenice.com\/fr\/offres-et-formules\/sejour-biennale-de-venise\/","name":"S\u00e9jour Biennale de Venise | H\u00f4tel 4* Crowne Plaza Venice East","isPartOf":{"@id":"https:\/\/www.cpvenice.com\/fr\/#website"},"primaryImageOfPage":{"@id":"https:\/\/www.cpvenice.com\/fr\/offres-et-formules\/sejour-biennale-de-venise\/#primaryimage"},"image":{"@id":"https:\/\/www.cpvenice.com\/fr\/offres-et-formules\/sejour-biennale-de-venise\/#primaryimage"},"thumbnailUrl":"https:\/\/www.cpvenice.com\/wp-content\/uploads\/sites\/365\/2022\/12\/biennale-padiglione-centrale.jpg","datePublished":"2026-04-21T08:43:38+00:00","description":"D\u00e9couvrez le S\u00e9jour Biennale de Venise \u00e0 l\u2019H\u00f4tel 4* Crowne Plaza Venice East! Petit-d\u00e9jeuner, -20 % sur les billets, train A\/R et ap\u00e9ritif inclus.","breadcrumb":{"@id":"https:\/\/www.cpvenice.com\/fr\/offres-et-formules\/sejour-biennale-de-venise\/#breadcrumb"},"inLanguage":"fr-FR","potentialAction":[{"@type":"ReadAction","target":["https:\/\/www.cpvenice.com\/fr\/offres-et-formules\/sejour-biennale-de-venise\/"]}]},{"@type":"ImageObject","inLanguage":"fr-FR","@id":"https:\/\/www.cpvenice.com\/fr\/offres-et-formules\/sejour-biennale-de-venise\/#primaryimage","url":"https:\/\/www.cpvenice.com\/wp-content\/uploads\/sites\/365\/2022\/12\/biennale-padiglione-centrale.jpg","contentUrl":"https:\/\/www.cpvenice.com\/wp-content\/uploads\/sites\/365\/2022\/12\/biennale-padiglione-centrale.jpg","width":1300,"height":600,"caption":"biennale di venezia"},{"@type":"BreadcrumbList","@id":"https:\/\/www.cpvenice.com\/fr\/offres-et-formules\/sejour-biennale-de-venise\/#breadcrumb","itemListElement":[{"@type":"ListItem","position":1,"name":"Home","item":"https:\/\/www.cpvenice.com\/fr\/"},{"@type":"ListItem","position":2,"name":"Offres et Formules","item":"https:\/\/www.cpvenice.com\/fr\/offres-et-formules\/"},{"@type":"ListItem","position":3,"name":"S\u00e9jour Biennale de Venise"}]},{"@type":"WebSite","@id":"https:\/\/www.cpvenice.com\/fr\/#website","url":"https:\/\/www.cpvenice.com\/fr\/","name":"Crowne Plaza Venice East","description":"Just another ms.decms.eu site","potentialAction":[{"@type":"SearchAction","target":{"@type":"EntryPoint","urlTemplate":"https:\/\/www.cpvenice.com\/fr\/?s={search_term_string}"},"query-input":{"@type":"PropertyValueSpecification","valueRequired":true,"valueName":"search_term_string"}}],"inLanguage":"fr-FR"}]}},"acf":[],"_links":{"self":[{"href":"https:\/\/www.cpvenice.com\/fr\/wp-json\/wp\/v2\/pages\/1182","targetHints":{"allow":["GET"]}}],"collection":[{"href":"https:\/\/www.cpvenice.com\/fr\/wp-json\/wp\/v2\/pages"}],"about":[{"href":"https:\/\/www.cpvenice.com\/fr\/wp-json\/wp\/v2\/types\/page"}],"author":[{"embeddable":true,"href":"https:\/\/www.cpvenice.com\/fr\/wp-json\/wp\/v2\/users\/499"}],"replies":[{"embeddable":true,"href":"https:\/\/www.cpvenice.com\/fr\/wp-json\/wp\/v2\/comments?post=1182"}],"version-history":[{"count":0,"href":"https:\/\/www.cpvenice.com\/fr\/wp-json\/wp\/v2\/pages\/1182\/revisions"}],"up":[{"embeddable":true,"href":"https:\/\/www.cpvenice.com\/fr\/wp-json\/wp\/v2\/pages\/775"}],"wp:featuredmedia":[{"embeddable":true,"href":"https:\/\/www.cpvenice.com\/fr\/wp-json\/wp\/v2\/media\/664"}],"wp:attachment":[{"href":"https:\/\/www.cpvenice.com\/fr\/wp-json\/wp\/v2\/media?parent=1182"}],"curies":[{"name":"wp","href":"https:\/\/api.w.org\/{rel}","templated":true}]}}