{"id":728,"date":"2021-10-12T13:47:40","date_gmt":"2021-10-12T13:47:40","guid":{"rendered":"https:\/\/www.cpvenice.com\/crowne-plaza-venice-east\/"},"modified":"2026-03-24T11:49:55","modified_gmt":"2026-03-24T11:49:55","slug":"crowne-plaza-venice-east","status":"publish","type":"page","link":"https:\/\/www.cpvenice.com\/fr\/","title":{"rendered":"Crowne Plaza Venice East"},"content":{"rendered":"<p>Quel que soit le but de votre voyage, le Crowne Plaza Venice East vous r\u00e9serve un s\u00e9jour \u00e0 l\u2019enseigne d\u2019une qualit\u00e9 haut de gamme avec des services sp\u00e9cialement con\u00e7us pour vous ! Choisissez le Crowne Plaza, notre <strong>accueillant h\u00f4tel 4 \u00e9toiles<\/strong> situ\u00e9 \u00e0 Venise &#8211; Quarto d&rsquo;Altino, en <strong> position strat\u00e9gique<\/strong>, accessible \u00e0 la fois par les transports en commun et en voiture gr\u00e2ce \u00e0 son grand <strong>parking ext\u00e9rieur gratuit<\/strong>. En effet, notre structure est id\u00e9alement situ\u00e9e pour acc\u00e9der facilement au centre historique de Venise, au port de la ville et aux a\u00e9roports Marco Polo de Venise et Antonio Canova de Tr\u00e9vise.<\/p>\n","protected":false},"excerpt":{"rendered":"<p>Quel que soit le but de votre voyage, le Crowne Plaza Venice East vous r\u00e9serve un s\u00e9jour \u00e0 l\u2019enseigne d\u2019une qualit\u00e9 haut de gamme avec des services sp\u00e9cialement con\u00e7us pour vous ! Choisissez le Crowne Plaza, notre accueillant h\u00f4tel 4 \u00e9toiles situ\u00e9 \u00e0 Venise &#8211; Quarto d&rsquo;Altino, en position strat\u00e9gique, accessible \u00e0 la fois par [&hellip;]<\/p>\n","protected":false},"author":36,"featured_media":0,"parent":0,"menu_order":0,"comment_status":"closed","ping_status":"closed","template":"","meta":{"footnotes":""},"class_list":["post-728","page","type-page","status-publish","hentry"],"yoast_head":"<!-- This site is optimized with the Yoast SEO plugin v26.9 - https:\/\/yoast.com\/product\/yoast-seo-wordpress\/ -->\n<title>H\u00f4tel pr\u00e8s de l&#039;a\u00e9roport de Venise | Crowne Plaza Venice<\/title>\n<meta name=\"description\" content=\"Le Crowne Plaza Venice East Hotel est situ\u00e9 \u00e0 seulement 12 minutes de Venise, \u00e0 Quarto d&#039;Altino. Profitez de notre emplacement strat\u00e9gique et de nos services !\" \/>\n<meta name=\"robots\" content=\"index, follow, max-snippet:-1, max-image-preview:large, max-video-preview:-1\" \/>\n<link rel=\"canonical\" href=\"https:\/\/www.cpvenice.com\/fr\/\" \/>\n<meta property=\"og:locale\" content=\"fr_FR\" \/>\n<meta property=\"og:type\" content=\"article\" \/>\n<meta property=\"og:title\" content=\"H\u00f4tel pr\u00e8s de l&#039;a\u00e9roport de Venise | Crowne Plaza Venice\" \/>\n<meta property=\"og:description\" content=\"Le Crowne Plaza Venice East Hotel est situ\u00e9 \u00e0 seulement 12 minutes de Venise, \u00e0 Quarto d&#039;Altino. Profitez de notre emplacement strat\u00e9gique et de nos services !\" \/>\n<meta property=\"og:url\" content=\"https:\/\/www.cpvenice.com\/fr\/\" \/>\n<meta property=\"og:site_name\" content=\"Crowne Plaza Venice East\" \/>\n<meta property=\"article:modified_time\" content=\"2026-03-24T11:49:55+00:00\" \/>\n<meta property=\"og:image\" content=\"https:\/\/www.cpvenice.com\/wp-content\/uploads\/sites\/365\/2021\/12\/Crowne-Plaza-Venice-East-Rooms-Standard-Room-King-Accessible-bed.jpg\" \/>\n\t<meta property=\"og:image:width\" content=\"2200\" \/>\n\t<meta property=\"og:image:height\" content=\"1200\" \/>\n\t<meta property=\"og:image:type\" content=\"image\/jpeg\" \/>\n<meta name=\"twitter:card\" content=\"summary_large_image\" \/>\n<meta name=\"twitter:label1\" content=\"Dur\u00e9e de lecture estim\u00e9e\" \/>\n\t<meta name=\"twitter:data1\" content=\"1 minute\" \/>\n<script type=\"application\/ld+json\" class=\"yoast-schema-graph\">{\"@context\":\"https:\/\/schema.org\",\"@graph\":[{\"@type\":\"WebPage\",\"@id\":\"https:\/\/www.cpvenice.com\/fr\/\",\"url\":\"https:\/\/www.cpvenice.com\/fr\/\",\"name\":\"H\u00f4tel pr\u00e8s de l'a\u00e9roport de Venise | Crowne Plaza Venice\",\"isPartOf\":{\"@id\":\"https:\/\/www.cpvenice.com\/fr\/#website\"},\"datePublished\":\"2021-10-12T13:47:40+00:00\",\"dateModified\":\"2026-03-24T11:49:55+00:00\",\"description\":\"Le Crowne Plaza Venice East Hotel est situ\u00e9 \u00e0 seulement 12 minutes de Venise, \u00e0 Quarto d'Altino. Profitez de notre emplacement strat\u00e9gique et de nos services !\",\"breadcrumb\":{\"@id\":\"https:\/\/www.cpvenice.com\/fr\/#breadcrumb\"},\"inLanguage\":\"fr-FR\",\"potentialAction\":[{\"@type\":\"ReadAction\",\"target\":[\"https:\/\/www.cpvenice.com\/fr\/\"]}]},{\"@type\":\"BreadcrumbList\",\"@id\":\"https:\/\/www.cpvenice.com\/fr\/#breadcrumb\",\"itemListElement\":[{\"@type\":\"ListItem\",\"position\":1,\"name\":\"Home\",\"item\":\"https:\/\/www.cpvenice.com\/fr\/\"},{\"@type\":\"ListItem\",\"position\":2,\"name\":\"Crowne Plaza Venice East\"}]},{\"@type\":\"WebSite\",\"@id\":\"https:\/\/www.cpvenice.com\/fr\/#website\",\"url\":\"https:\/\/www.cpvenice.com\/fr\/\",\"name\":\"Crowne Plaza Venice East\",\"description\":\"Just another ms.decms.eu site\",\"potentialAction\":[{\"@type\":\"SearchAction\",\"target\":{\"@type\":\"EntryPoint\",\"urlTemplate\":\"https:\/\/www.cpvenice.com\/fr\/?s={search_term_string}\"},\"query-input\":{\"@type\":\"PropertyValueSpecification\",\"valueRequired\":true,\"valueName\":\"search_term_string\"}}],\"inLanguage\":\"fr-FR\"}]}<\/script>\n<!-- \/ Yoast SEO plugin. -->","yoast_head_json":{"title":"H\u00f4tel pr\u00e8s de l'a\u00e9roport de Venise | Crowne Plaza Venice","description":"Le Crowne Plaza Venice East Hotel est situ\u00e9 \u00e0 seulement 12 minutes de Venise, \u00e0 Quarto d'Altino. Profitez de notre emplacement strat\u00e9gique et de nos services !","robots":{"index":"index","follow":"follow","max-snippet":"max-snippet:-1","max-image-preview":"max-image-preview:large","max-video-preview":"max-video-preview:-1"},"canonical":"https:\/\/www.cpvenice.com\/fr\/","og_locale":"fr_FR","og_type":"article","og_title":"H\u00f4tel pr\u00e8s de l'a\u00e9roport de Venise | Crowne Plaza Venice","og_description":"Le Crowne Plaza Venice East Hotel est situ\u00e9 \u00e0 seulement 12 minutes de Venise, \u00e0 Quarto d'Altino. Profitez de notre emplacement strat\u00e9gique et de nos services !","og_url":"https:\/\/www.cpvenice.com\/fr\/","og_site_name":"Crowne Plaza Venice East","article_modified_time":"2026-03-24T11:49:55+00:00","og_image":[{"width":2200,"height":1200,"url":"https:\/\/www.cpvenice.com\/wp-content\/uploads\/sites\/365\/2021\/12\/Crowne-Plaza-Venice-East-Rooms-Standard-Room-King-Accessible-bed.jpg","type":"image\/jpeg"}],"twitter_card":"summary_large_image","twitter_misc":{"Dur\u00e9e de lecture estim\u00e9e":"1 minute"},"schema":{"@context":"https:\/\/schema.org","@graph":[{"@type":"WebPage","@id":"https:\/\/www.cpvenice.com\/fr\/","url":"https:\/\/www.cpvenice.com\/fr\/","name":"H\u00f4tel pr\u00e8s de l'a\u00e9roport de Venise | Crowne Plaza Venice","isPartOf":{"@id":"https:\/\/www.cpvenice.com\/fr\/#website"},"datePublished":"2021-10-12T13:47:40+00:00","dateModified":"2026-03-24T11:49:55+00:00","description":"Le Crowne Plaza Venice East Hotel est situ\u00e9 \u00e0 seulement 12 minutes de Venise, \u00e0 Quarto d'Altino. Profitez de notre emplacement strat\u00e9gique et de nos services !","breadcrumb":{"@id":"https:\/\/www.cpvenice.com\/fr\/#breadcrumb"},"inLanguage":"fr-FR","potentialAction":[{"@type":"ReadAction","target":["https:\/\/www.cpvenice.com\/fr\/"]}]},{"@type":"BreadcrumbList","@id":"https:\/\/www.cpvenice.com\/fr\/#breadcrumb","itemListElement":[{"@type":"ListItem","position":1,"name":"Home","item":"https:\/\/www.cpvenice.com\/fr\/"},{"@type":"ListItem","position":2,"name":"Crowne Plaza Venice East"}]},{"@type":"WebSite","@id":"https:\/\/www.cpvenice.com\/fr\/#website","url":"https:\/\/www.cpvenice.com\/fr\/","name":"Crowne Plaza Venice East","description":"Just another ms.decms.eu site","potentialAction":[{"@type":"SearchAction","target":{"@type":"EntryPoint","urlTemplate":"https:\/\/www.cpvenice.com\/fr\/?s={search_term_string}"},"query-input":{"@type":"PropertyValueSpecification","valueRequired":true,"valueName":"search_term_string"}}],"inLanguage":"fr-FR"}]}},"acf":[],"_links":{"self":[{"href":"https:\/\/www.cpvenice.com\/fr\/wp-json\/wp\/v2\/pages\/728","targetHints":{"allow":["GET"]}}],"collection":[{"href":"https:\/\/www.cpvenice.com\/fr\/wp-json\/wp\/v2\/pages"}],"about":[{"href":"https:\/\/www.cpvenice.com\/fr\/wp-json\/wp\/v2\/types\/page"}],"author":[{"embeddable":true,"href":"https:\/\/www.cpvenice.com\/fr\/wp-json\/wp\/v2\/users\/36"}],"replies":[{"embeddable":true,"href":"https:\/\/www.cpvenice.com\/fr\/wp-json\/wp\/v2\/comments?post=728"}],"version-history":[{"count":0,"href":"https:\/\/www.cpvenice.com\/fr\/wp-json\/wp\/v2\/pages\/728\/revisions"}],"wp:attachment":[{"href":"https:\/\/www.cpvenice.com\/fr\/wp-json\/wp\/v2\/media?parent=728"}],"curies":[{"name":"wp","href":"https:\/\/api.w.org\/{rel}","templated":true}]}}