{"id":730,"date":"2021-10-13T13:44:46","date_gmt":"2021-10-13T13:44:46","guid":{"rendered":"https:\/\/www.cpvenice.com\/business-hotel\/"},"modified":"2025-05-22T08:45:27","modified_gmt":"2025-05-22T08:45:27","slug":"business-hotel","status":"publish","type":"page","link":"https:\/\/www.cpvenice.com\/fr\/lhotel\/business-hotel\/","title":{"rendered":"Business Hotel"},"content":{"rendered":"<p>Vous \u00eates souvent en <strong>d\u00e9placement pour des raisons professionnelles<\/strong> et recherchez un \u00e9tablissement \u00e0 la hauteur de vos exigences ? Optez pour les services Business de l&rsquo;Hotel <strong>Crowne Plaza Venice East<\/strong>, un moderne h\u00f4tel 4 \u00e9toiles o\u00f9 <strong>les voyageurs d&rsquo;affaires<\/strong> peuvent profiter d&rsquo;<strong>une exp\u00e9rience<\/strong>sur mesure. Uniquement sur notre site officiel vous trouverez le meilleur tarif garanti!<\/p>\n<ul>\n<li><strong>Grand parking <\/strong> ext\u00e9rieur gratuit<\/li>\n<li><strong>Connexion Wi-Fi rapide <\/strong> dans toutes les chambres et les espaces communs<\/li>\n<li><strong>Restaurant Il Campiello<\/strong> et bar Ca&rsquo; D&rsquo;Oro<\/li>\n<li><strong>Salle de fitness <\/strong> \u00e9quip\u00e9e de machines et appareils professionnels<\/li>\n<li><strong>Service navette <\/strong> gratuit vers l&rsquo;a\u00e9roport<\/li>\n<li><strong>TV \u00e0 \u00e9cran plat<\/strong> dans les chambres<\/li>\n<li><strong>Smart Working Room<\/strong> et chambres disponibles en formule day-use<\/li>\n<\/ul>\n","protected":false},"excerpt":{"rendered":"<p>Vous \u00eates souvent en d\u00e9placement pour des raisons professionnelles et recherchez un \u00e9tablissement \u00e0 la hauteur de vos exigences ? Optez pour les services Business de l&rsquo;Hotel Crowne Plaza Venice East, un moderne h\u00f4tel 4 \u00e9toiles o\u00f9 les voyageurs d&rsquo;affaires peuvent profiter d&rsquo;une exp\u00e9riencesur mesure. Uniquement sur notre site officiel vous trouverez le meilleur tarif [&hellip;]<\/p>\n","protected":false},"author":36,"featured_media":0,"parent":732,"menu_order":10,"comment_status":"closed","ping_status":"closed","template":"template-default-2.php","meta":{"footnotes":""},"class_list":["post-730","page","type-page","status-publish","hentry"],"yoast_head":"<!-- This site is optimized with the Yoast SEO plugin v26.9 - https:\/\/yoast.com\/product\/yoast-seo-wordpress\/ -->\n<title>H\u00f4tel Business : services voyage d&#039;affaires | Crowne Plaza Venice<\/title>\n<meta name=\"description\" content=\"Notre h\u00f4tel vous propose services et \u00e9quipements sur mesure pour les voyageurs d&#039;affaires. D\u00e9couvrez tout le confort Business de l&#039;Hotel Crowne Plaza.\" \/>\n<meta name=\"robots\" content=\"index, follow, max-snippet:-1, max-image-preview:large, max-video-preview:-1\" \/>\n<link rel=\"canonical\" href=\"https:\/\/www.cpvenice.com\/fr\/lhotel\/business-hotel\/\" \/>\n<meta property=\"og:locale\" content=\"fr_FR\" \/>\n<meta property=\"og:type\" content=\"article\" \/>\n<meta property=\"og:title\" content=\"H\u00f4tel Business : services voyage d&#039;affaires | Crowne Plaza Venice\" \/>\n<meta property=\"og:description\" content=\"Notre h\u00f4tel vous propose services et \u00e9quipements sur mesure pour les voyageurs d&#039;affaires. D\u00e9couvrez tout le confort Business de l&#039;Hotel Crowne Plaza.\" \/>\n<meta property=\"og:url\" content=\"https:\/\/www.cpvenice.com\/fr\/lhotel\/business-hotel\/\" \/>\n<meta property=\"og:site_name\" content=\"Crowne Plaza Venice East\" \/>\n<meta property=\"article:modified_time\" content=\"2025-05-22T08:45:27+00:00\" \/>\n<meta property=\"og:image\" content=\"https:\/\/www.cpvenice.com\/wp-content\/uploads\/sites\/365\/2021\/12\/Crowne-Plaza-Venice-East-Rooms-Standard-Room-King-Accessible-bed.jpg\" \/>\n\t<meta property=\"og:image:width\" content=\"2200\" \/>\n\t<meta property=\"og:image:height\" content=\"1200\" \/>\n\t<meta property=\"og:image:type\" content=\"image\/jpeg\" \/>\n<meta name=\"twitter:card\" content=\"summary_large_image\" \/>\n<meta name=\"twitter:label1\" content=\"Dur\u00e9e de lecture estim\u00e9e\" \/>\n\t<meta name=\"twitter:data1\" content=\"1 minute\" \/>\n<script type=\"application\/ld+json\" class=\"yoast-schema-graph\">{\"@context\":\"https:\/\/schema.org\",\"@graph\":[{\"@type\":\"WebPage\",\"@id\":\"https:\/\/www.cpvenice.com\/fr\/lhotel\/business-hotel\/\",\"url\":\"https:\/\/www.cpvenice.com\/fr\/lhotel\/business-hotel\/\",\"name\":\"H\u00f4tel Business : services voyage d'affaires | Crowne Plaza Venice\",\"isPartOf\":{\"@id\":\"https:\/\/www.cpvenice.com\/fr\/#website\"},\"datePublished\":\"2021-10-13T13:44:46+00:00\",\"dateModified\":\"2025-05-22T08:45:27+00:00\",\"description\":\"Notre h\u00f4tel vous propose services et \u00e9quipements sur mesure pour les voyageurs d'affaires. D\u00e9couvrez tout le confort Business de l'Hotel Crowne Plaza.\",\"breadcrumb\":{\"@id\":\"https:\/\/www.cpvenice.com\/fr\/lhotel\/business-hotel\/#breadcrumb\"},\"inLanguage\":\"fr-FR\",\"potentialAction\":[{\"@type\":\"ReadAction\",\"target\":[\"https:\/\/www.cpvenice.com\/fr\/lhotel\/business-hotel\/\"]}]},{\"@type\":\"BreadcrumbList\",\"@id\":\"https:\/\/www.cpvenice.com\/fr\/lhotel\/business-hotel\/#breadcrumb\",\"itemListElement\":[{\"@type\":\"ListItem\",\"position\":1,\"name\":\"Home\",\"item\":\"https:\/\/www.cpvenice.com\/fr\/\"},{\"@type\":\"ListItem\",\"position\":2,\"name\":\"L&#8217;Hotel\",\"item\":\"https:\/\/www.cpvenice.com\/fr\/lhotel\/\"},{\"@type\":\"ListItem\",\"position\":3,\"name\":\"Business Hotel\"}]},{\"@type\":\"WebSite\",\"@id\":\"https:\/\/www.cpvenice.com\/fr\/#website\",\"url\":\"https:\/\/www.cpvenice.com\/fr\/\",\"name\":\"Crowne Plaza Venice East\",\"description\":\"Just another ms.decms.eu site\",\"potentialAction\":[{\"@type\":\"SearchAction\",\"target\":{\"@type\":\"EntryPoint\",\"urlTemplate\":\"https:\/\/www.cpvenice.com\/fr\/?s={search_term_string}\"},\"query-input\":{\"@type\":\"PropertyValueSpecification\",\"valueRequired\":true,\"valueName\":\"search_term_string\"}}],\"inLanguage\":\"fr-FR\"}]}<\/script>\n<!-- \/ Yoast SEO plugin. -->","yoast_head_json":{"title":"H\u00f4tel Business : services voyage d'affaires | Crowne Plaza Venice","description":"Notre h\u00f4tel vous propose services et \u00e9quipements sur mesure pour les voyageurs d'affaires. D\u00e9couvrez tout le confort Business de l'Hotel Crowne Plaza.","robots":{"index":"index","follow":"follow","max-snippet":"max-snippet:-1","max-image-preview":"max-image-preview:large","max-video-preview":"max-video-preview:-1"},"canonical":"https:\/\/www.cpvenice.com\/fr\/lhotel\/business-hotel\/","og_locale":"fr_FR","og_type":"article","og_title":"H\u00f4tel Business : services voyage d'affaires | Crowne Plaza Venice","og_description":"Notre h\u00f4tel vous propose services et \u00e9quipements sur mesure pour les voyageurs d'affaires. D\u00e9couvrez tout le confort Business de l'Hotel Crowne Plaza.","og_url":"https:\/\/www.cpvenice.com\/fr\/lhotel\/business-hotel\/","og_site_name":"Crowne Plaza Venice East","article_modified_time":"2025-05-22T08:45:27+00:00","og_image":[{"width":2200,"height":1200,"url":"https:\/\/www.cpvenice.com\/wp-content\/uploads\/sites\/365\/2021\/12\/Crowne-Plaza-Venice-East-Rooms-Standard-Room-King-Accessible-bed.jpg","type":"image\/jpeg"}],"twitter_card":"summary_large_image","twitter_misc":{"Dur\u00e9e de lecture estim\u00e9e":"1 minute"},"schema":{"@context":"https:\/\/schema.org","@graph":[{"@type":"WebPage","@id":"https:\/\/www.cpvenice.com\/fr\/lhotel\/business-hotel\/","url":"https:\/\/www.cpvenice.com\/fr\/lhotel\/business-hotel\/","name":"H\u00f4tel Business : services voyage d'affaires | Crowne Plaza Venice","isPartOf":{"@id":"https:\/\/www.cpvenice.com\/fr\/#website"},"datePublished":"2021-10-13T13:44:46+00:00","dateModified":"2025-05-22T08:45:27+00:00","description":"Notre h\u00f4tel vous propose services et \u00e9quipements sur mesure pour les voyageurs d'affaires. D\u00e9couvrez tout le confort Business de l'Hotel Crowne Plaza.","breadcrumb":{"@id":"https:\/\/www.cpvenice.com\/fr\/lhotel\/business-hotel\/#breadcrumb"},"inLanguage":"fr-FR","potentialAction":[{"@type":"ReadAction","target":["https:\/\/www.cpvenice.com\/fr\/lhotel\/business-hotel\/"]}]},{"@type":"BreadcrumbList","@id":"https:\/\/www.cpvenice.com\/fr\/lhotel\/business-hotel\/#breadcrumb","itemListElement":[{"@type":"ListItem","position":1,"name":"Home","item":"https:\/\/www.cpvenice.com\/fr\/"},{"@type":"ListItem","position":2,"name":"L&#8217;Hotel","item":"https:\/\/www.cpvenice.com\/fr\/lhotel\/"},{"@type":"ListItem","position":3,"name":"Business Hotel"}]},{"@type":"WebSite","@id":"https:\/\/www.cpvenice.com\/fr\/#website","url":"https:\/\/www.cpvenice.com\/fr\/","name":"Crowne Plaza Venice East","description":"Just another ms.decms.eu site","potentialAction":[{"@type":"SearchAction","target":{"@type":"EntryPoint","urlTemplate":"https:\/\/www.cpvenice.com\/fr\/?s={search_term_string}"},"query-input":{"@type":"PropertyValueSpecification","valueRequired":true,"valueName":"search_term_string"}}],"inLanguage":"fr-FR"}]}},"acf":[],"_links":{"self":[{"href":"https:\/\/www.cpvenice.com\/fr\/wp-json\/wp\/v2\/pages\/730","targetHints":{"allow":["GET"]}}],"collection":[{"href":"https:\/\/www.cpvenice.com\/fr\/wp-json\/wp\/v2\/pages"}],"about":[{"href":"https:\/\/www.cpvenice.com\/fr\/wp-json\/wp\/v2\/types\/page"}],"author":[{"embeddable":true,"href":"https:\/\/www.cpvenice.com\/fr\/wp-json\/wp\/v2\/users\/36"}],"replies":[{"embeddable":true,"href":"https:\/\/www.cpvenice.com\/fr\/wp-json\/wp\/v2\/comments?post=730"}],"version-history":[{"count":0,"href":"https:\/\/www.cpvenice.com\/fr\/wp-json\/wp\/v2\/pages\/730\/revisions"}],"up":[{"embeddable":true,"href":"https:\/\/www.cpvenice.com\/fr\/wp-json\/wp\/v2\/pages\/732"}],"wp:attachment":[{"href":"https:\/\/www.cpvenice.com\/fr\/wp-json\/wp\/v2\/media?parent=730"}],"curies":[{"name":"wp","href":"https:\/\/api.w.org\/{rel}","templated":true}]}}