{"id":734,"date":"2021-10-13T14:24:13","date_gmt":"2021-10-13T14:24:13","guid":{"rendered":"https:\/\/www.cpvenice.com\/lhotel\/pet-friendly-hotel\/"},"modified":"2024-04-23T12:36:20","modified_gmt":"2024-04-23T12:36:20","slug":"pet-friendly-hotel","status":"publish","type":"page","link":"https:\/\/www.cpvenice.com\/fr\/lhotel\/pet-friendly-hotel\/","title":{"rendered":"Hotel Pet Friendly"},"content":{"rendered":"<p>Offrez-vous un  <strong>s\u00e9jour avec votre animal de compagnie<\/strong>, l&rsquo;Hotel Crowne Plaza Venice East sera heureux de vous accueillir pour vous faire d\u00e9couvrir Venise et ses environs. Notre moderne h\u00f4tel 4 \u00e9toiles, facilement accessible en voiture ou en transports en commun, offre un <strong>confort et des services d\u00e9di\u00e9s \u00e9galement \u00e0 nos amis les animaux ! <\/strong>!<br \/>\n<strong>Notre politique en mati\u00e8re d&rsquo;animaux domestiques<\/strong>, vous permet de <strong>s\u00e9journer avec votre fid\u00e8le compagnon<\/strong> moyennant un petit <strong>suppl\u00e9ment de 10,00 \u20ac par nuit.<\/strong>. \u00c0 votre arriv\u00e9e, un <strong>sympathique cadeau<\/strong> attend votre animal dans la chambre.<br \/>\nMerci de nous indiquer au moment de la r\u00e9servation que vous serez accompagn\u00e9 de votre animal, nous nous occuperons du reste !<\/p>\n","protected":false},"excerpt":{"rendered":"<p>Offrez-vous un s\u00e9jour avec votre animal de compagnie, l&rsquo;Hotel Crowne Plaza Venice East sera heureux de vous accueillir pour vous faire d\u00e9couvrir Venise et ses environs. Notre moderne h\u00f4tel 4 \u00e9toiles, facilement accessible en voiture ou en transports en commun, offre un confort et des services d\u00e9di\u00e9s \u00e9galement \u00e0 nos amis les animaux ! ! [&hellip;]<\/p>\n","protected":false},"author":36,"featured_media":0,"parent":732,"menu_order":15,"comment_status":"closed","ping_status":"closed","template":"template-default-2.php","meta":{"footnotes":""},"class_list":["post-734","page","type-page","status-publish","hentry"],"yoast_head":"<!-- This site is optimized with the Yoast SEO plugin v26.9 - https:\/\/yoast.com\/product\/yoast-seo-wordpress\/ -->\n<title>H\u00f4tel Pet Friendly pr\u00e8s de Venise | Crowne Plaza Venice<\/title>\n<meta name=\"description\" content=\"\u00c0 l&#039;Hotel Crowne Plaza Venise, votre compagnon \u00e0 4 pattes est le bienvenu. Profitez de votre s\u00e9jour en sa compagnie ! Nous vous attendons !\" \/>\n<meta name=\"robots\" content=\"index, follow, max-snippet:-1, max-image-preview:large, max-video-preview:-1\" \/>\n<link rel=\"canonical\" href=\"https:\/\/www.cpvenice.com\/fr\/lhotel\/pet-friendly-hotel\/\" \/>\n<meta property=\"og:locale\" content=\"fr_FR\" \/>\n<meta property=\"og:type\" content=\"article\" \/>\n<meta property=\"og:title\" content=\"H\u00f4tel Pet Friendly pr\u00e8s de Venise | Crowne Plaza Venice\" \/>\n<meta property=\"og:description\" content=\"\u00c0 l&#039;Hotel Crowne Plaza Venise, votre compagnon \u00e0 4 pattes est le bienvenu. Profitez de votre s\u00e9jour en sa compagnie ! Nous vous attendons !\" \/>\n<meta property=\"og:url\" content=\"https:\/\/www.cpvenice.com\/fr\/lhotel\/pet-friendly-hotel\/\" \/>\n<meta property=\"og:site_name\" content=\"Crowne Plaza Venice East\" \/>\n<meta property=\"article:modified_time\" content=\"2024-04-23T12:36:20+00:00\" \/>\n<meta property=\"og:image\" content=\"https:\/\/www.cpvenice.com\/wp-content\/uploads\/sites\/365\/2021\/12\/Crowne-Plaza-Venice-East-Rooms-Standard-Room-King-Accessible-bed.jpg\" \/>\n\t<meta property=\"og:image:width\" content=\"2200\" \/>\n\t<meta property=\"og:image:height\" content=\"1200\" \/>\n\t<meta property=\"og:image:type\" content=\"image\/jpeg\" \/>\n<meta name=\"twitter:card\" content=\"summary_large_image\" \/>\n<meta name=\"twitter:label1\" content=\"Dur\u00e9e de lecture estim\u00e9e\" \/>\n\t<meta name=\"twitter:data1\" content=\"1 minute\" \/>\n<script type=\"application\/ld+json\" class=\"yoast-schema-graph\">{\"@context\":\"https:\/\/schema.org\",\"@graph\":[{\"@type\":\"WebPage\",\"@id\":\"https:\/\/www.cpvenice.com\/fr\/lhotel\/pet-friendly-hotel\/\",\"url\":\"https:\/\/www.cpvenice.com\/fr\/lhotel\/pet-friendly-hotel\/\",\"name\":\"H\u00f4tel Pet Friendly pr\u00e8s de Venise | Crowne Plaza Venice\",\"isPartOf\":{\"@id\":\"https:\/\/www.cpvenice.com\/fr\/#website\"},\"datePublished\":\"2021-10-13T14:24:13+00:00\",\"dateModified\":\"2024-04-23T12:36:20+00:00\",\"description\":\"\u00c0 l'Hotel Crowne Plaza Venise, votre compagnon \u00e0 4 pattes est le bienvenu. Profitez de votre s\u00e9jour en sa compagnie ! Nous vous attendons !\",\"breadcrumb\":{\"@id\":\"https:\/\/www.cpvenice.com\/fr\/lhotel\/pet-friendly-hotel\/#breadcrumb\"},\"inLanguage\":\"fr-FR\",\"potentialAction\":[{\"@type\":\"ReadAction\",\"target\":[\"https:\/\/www.cpvenice.com\/fr\/lhotel\/pet-friendly-hotel\/\"]}]},{\"@type\":\"BreadcrumbList\",\"@id\":\"https:\/\/www.cpvenice.com\/fr\/lhotel\/pet-friendly-hotel\/#breadcrumb\",\"itemListElement\":[{\"@type\":\"ListItem\",\"position\":1,\"name\":\"Home\",\"item\":\"https:\/\/www.cpvenice.com\/fr\/\"},{\"@type\":\"ListItem\",\"position\":2,\"name\":\"L&#8217;Hotel\",\"item\":\"https:\/\/www.cpvenice.com\/fr\/lhotel\/\"},{\"@type\":\"ListItem\",\"position\":3,\"name\":\"Hotel Pet Friendly\"}]},{\"@type\":\"WebSite\",\"@id\":\"https:\/\/www.cpvenice.com\/fr\/#website\",\"url\":\"https:\/\/www.cpvenice.com\/fr\/\",\"name\":\"Crowne Plaza Venice East\",\"description\":\"Just another ms.decms.eu site\",\"potentialAction\":[{\"@type\":\"SearchAction\",\"target\":{\"@type\":\"EntryPoint\",\"urlTemplate\":\"https:\/\/www.cpvenice.com\/fr\/?s={search_term_string}\"},\"query-input\":{\"@type\":\"PropertyValueSpecification\",\"valueRequired\":true,\"valueName\":\"search_term_string\"}}],\"inLanguage\":\"fr-FR\"}]}<\/script>\n<!-- \/ Yoast SEO plugin. -->","yoast_head_json":{"title":"H\u00f4tel Pet Friendly pr\u00e8s de Venise | Crowne Plaza Venice","description":"\u00c0 l'Hotel Crowne Plaza Venise, votre compagnon \u00e0 4 pattes est le bienvenu. Profitez de votre s\u00e9jour en sa compagnie ! Nous vous attendons !","robots":{"index":"index","follow":"follow","max-snippet":"max-snippet:-1","max-image-preview":"max-image-preview:large","max-video-preview":"max-video-preview:-1"},"canonical":"https:\/\/www.cpvenice.com\/fr\/lhotel\/pet-friendly-hotel\/","og_locale":"fr_FR","og_type":"article","og_title":"H\u00f4tel Pet Friendly pr\u00e8s de Venise | Crowne Plaza Venice","og_description":"\u00c0 l'Hotel Crowne Plaza Venise, votre compagnon \u00e0 4 pattes est le bienvenu. Profitez de votre s\u00e9jour en sa compagnie ! Nous vous attendons !","og_url":"https:\/\/www.cpvenice.com\/fr\/lhotel\/pet-friendly-hotel\/","og_site_name":"Crowne Plaza Venice East","article_modified_time":"2024-04-23T12:36:20+00:00","og_image":[{"width":2200,"height":1200,"url":"https:\/\/www.cpvenice.com\/wp-content\/uploads\/sites\/365\/2021\/12\/Crowne-Plaza-Venice-East-Rooms-Standard-Room-King-Accessible-bed.jpg","type":"image\/jpeg"}],"twitter_card":"summary_large_image","twitter_misc":{"Dur\u00e9e de lecture estim\u00e9e":"1 minute"},"schema":{"@context":"https:\/\/schema.org","@graph":[{"@type":"WebPage","@id":"https:\/\/www.cpvenice.com\/fr\/lhotel\/pet-friendly-hotel\/","url":"https:\/\/www.cpvenice.com\/fr\/lhotel\/pet-friendly-hotel\/","name":"H\u00f4tel Pet Friendly pr\u00e8s de Venise | Crowne Plaza Venice","isPartOf":{"@id":"https:\/\/www.cpvenice.com\/fr\/#website"},"datePublished":"2021-10-13T14:24:13+00:00","dateModified":"2024-04-23T12:36:20+00:00","description":"\u00c0 l'Hotel Crowne Plaza Venise, votre compagnon \u00e0 4 pattes est le bienvenu. Profitez de votre s\u00e9jour en sa compagnie ! Nous vous attendons !","breadcrumb":{"@id":"https:\/\/www.cpvenice.com\/fr\/lhotel\/pet-friendly-hotel\/#breadcrumb"},"inLanguage":"fr-FR","potentialAction":[{"@type":"ReadAction","target":["https:\/\/www.cpvenice.com\/fr\/lhotel\/pet-friendly-hotel\/"]}]},{"@type":"BreadcrumbList","@id":"https:\/\/www.cpvenice.com\/fr\/lhotel\/pet-friendly-hotel\/#breadcrumb","itemListElement":[{"@type":"ListItem","position":1,"name":"Home","item":"https:\/\/www.cpvenice.com\/fr\/"},{"@type":"ListItem","position":2,"name":"L&#8217;Hotel","item":"https:\/\/www.cpvenice.com\/fr\/lhotel\/"},{"@type":"ListItem","position":3,"name":"Hotel Pet Friendly"}]},{"@type":"WebSite","@id":"https:\/\/www.cpvenice.com\/fr\/#website","url":"https:\/\/www.cpvenice.com\/fr\/","name":"Crowne Plaza Venice East","description":"Just another ms.decms.eu site","potentialAction":[{"@type":"SearchAction","target":{"@type":"EntryPoint","urlTemplate":"https:\/\/www.cpvenice.com\/fr\/?s={search_term_string}"},"query-input":{"@type":"PropertyValueSpecification","valueRequired":true,"valueName":"search_term_string"}}],"inLanguage":"fr-FR"}]}},"acf":[],"_links":{"self":[{"href":"https:\/\/www.cpvenice.com\/fr\/wp-json\/wp\/v2\/pages\/734","targetHints":{"allow":["GET"]}}],"collection":[{"href":"https:\/\/www.cpvenice.com\/fr\/wp-json\/wp\/v2\/pages"}],"about":[{"href":"https:\/\/www.cpvenice.com\/fr\/wp-json\/wp\/v2\/types\/page"}],"author":[{"embeddable":true,"href":"https:\/\/www.cpvenice.com\/fr\/wp-json\/wp\/v2\/users\/36"}],"replies":[{"embeddable":true,"href":"https:\/\/www.cpvenice.com\/fr\/wp-json\/wp\/v2\/comments?post=734"}],"version-history":[{"count":0,"href":"https:\/\/www.cpvenice.com\/fr\/wp-json\/wp\/v2\/pages\/734\/revisions"}],"up":[{"embeddable":true,"href":"https:\/\/www.cpvenice.com\/fr\/wp-json\/wp\/v2\/pages\/732"}],"wp:attachment":[{"href":"https:\/\/www.cpvenice.com\/fr\/wp-json\/wp\/v2\/media?parent=734"}],"curies":[{"name":"wp","href":"https:\/\/api.w.org\/{rel}","templated":true}]}}