{"id":739,"date":"2021-10-13T15:16:29","date_gmt":"2021-10-13T15:16:29","guid":{"rendered":"https:\/\/www.cpvenice.com\/camere-e-suites\/"},"modified":"2024-04-23T12:49:24","modified_gmt":"2024-04-23T12:49:24","slug":"camere-e-suites","status":"publish","type":"page","link":"https:\/\/www.cpvenice.com\/fr\/camere-e-suites\/","title":{"rendered":"Chambres et Suites"},"content":{"rendered":"<p>Le moderne h\u00f4tel 4 \u00e9toiles Crowne Plaza Venice East dispose de 153 <strong>chambres non-fumeurs<\/strong> de diff\u00e9rentes typologies et dimensions, ce qui nous permet de vous proposer<strong> un s\u00e9jour sur mesure<\/strong> en fonction de vos besoins. Ici, des chambres douillettes, lumineuses et silencieuses vous attendent, \u00e9quip\u00e9es d&rsquo;un espace pour le smart-working destin\u00e9 aux voyageurs d&rsquo;affaires, de <strong> grandes chambres ou de chambres communicantes<\/strong> pour ceux qui voyagent en famille et\/ou avec des amis, et \u00e9galement de suites r\u00e9parties sur plusieurs pi\u00e8ces pour tous ceux qui souhaitent profiter d&rsquo;un s\u00e9jour \u00e0 l\u2019enseigne du confort. <\/p>\n<p>Toutes offrent un<strong> haut standard de qualit\u00e9<\/strong> garanti par la marque Crowne Plaza, des  <strong>espaces g\u00e9n\u00e9reux<\/strong> et des  <strong>services exclusifs<\/strong> comme TV LCD, un plateau de courtoisie avec th\u00e9 et caf\u00e9, une connexion Wi-Fi rapide et bien plus encore. Qu&rsquo;attendez-vous ? D\u00e9couvrez nos chambres et commencez \u00e0 planifier votre prochain s\u00e9jour \u00e0 Venise &#8211; Quarto d&rsquo;Altino !<\/p>\n","protected":false},"excerpt":{"rendered":"<p>Le moderne h\u00f4tel 4 \u00e9toiles Crowne Plaza Venice East dispose de 153 chambres non-fumeurs de diff\u00e9rentes typologies et dimensions, ce qui nous permet de vous proposer un s\u00e9jour sur mesure en fonction de vos besoins. Ici, des chambres douillettes, lumineuses et silencieuses vous attendent, \u00e9quip\u00e9es d&rsquo;un espace pour le smart-working destin\u00e9 aux voyageurs d&rsquo;affaires, de [&hellip;]<\/p>\n","protected":false},"author":36,"featured_media":0,"parent":0,"menu_order":15,"comment_status":"closed","ping_status":"closed","template":"template-rooms.php","meta":{"footnotes":""},"class_list":["post-739","page","type-page","status-publish","hentry"],"yoast_head":"<!-- This site is optimized with the Yoast SEO plugin v26.9 - https:\/\/yoast.com\/product\/yoast-seo-wordpress\/ -->\n<title>Chambres standard, superior, family &amp; suite | Crowne Plaza Venice<\/title>\n<meta name=\"description\" content=\"Le Crowne Plaza Venice East dispose de 153 chambres modernes et spacieuses. Choisissez la chambre id\u00e9ale pour votre s\u00e9jour et passez un s\u00e9jour inoubliable !\" \/>\n<meta name=\"robots\" content=\"index, follow, max-snippet:-1, max-image-preview:large, max-video-preview:-1\" \/>\n<link rel=\"canonical\" href=\"https:\/\/www.cpvenice.com\/fr\/camere-e-suites\/\" \/>\n<meta property=\"og:locale\" content=\"fr_FR\" \/>\n<meta property=\"og:type\" content=\"article\" \/>\n<meta property=\"og:title\" content=\"Chambres standard, superior, family &amp; suite | Crowne Plaza Venice\" \/>\n<meta property=\"og:description\" content=\"Le Crowne Plaza Venice East dispose de 153 chambres modernes et spacieuses. Choisissez la chambre id\u00e9ale pour votre s\u00e9jour et passez un s\u00e9jour inoubliable !\" \/>\n<meta property=\"og:url\" content=\"https:\/\/www.cpvenice.com\/fr\/camere-e-suites\/\" \/>\n<meta property=\"og:site_name\" content=\"Crowne Plaza Venice East\" \/>\n<meta property=\"article:modified_time\" content=\"2024-04-23T12:49:24+00:00\" \/>\n<meta property=\"og:image\" content=\"https:\/\/www.cpvenice.com\/wp-content\/uploads\/sites\/365\/2021\/12\/Crowne-Plaza-Venice-East-Rooms-Standard-Room-King-Accessible-bed.jpg\" \/>\n\t<meta property=\"og:image:width\" content=\"2200\" \/>\n\t<meta property=\"og:image:height\" content=\"1200\" \/>\n\t<meta property=\"og:image:type\" content=\"image\/jpeg\" \/>\n<meta name=\"twitter:card\" content=\"summary_large_image\" \/>\n<meta name=\"twitter:label1\" content=\"Dur\u00e9e de lecture estim\u00e9e\" \/>\n\t<meta name=\"twitter:data1\" content=\"1 minute\" \/>\n<script type=\"application\/ld+json\" class=\"yoast-schema-graph\">{\"@context\":\"https:\/\/schema.org\",\"@graph\":[{\"@type\":\"WebPage\",\"@id\":\"https:\/\/www.cpvenice.com\/fr\/camere-e-suites\/\",\"url\":\"https:\/\/www.cpvenice.com\/fr\/camere-e-suites\/\",\"name\":\"Chambres standard, superior, family & suite | Crowne Plaza Venice\",\"isPartOf\":{\"@id\":\"https:\/\/www.cpvenice.com\/fr\/#website\"},\"datePublished\":\"2021-10-13T15:16:29+00:00\",\"dateModified\":\"2024-04-23T12:49:24+00:00\",\"description\":\"Le Crowne Plaza Venice East dispose de 153 chambres modernes et spacieuses. Choisissez la chambre id\u00e9ale pour votre s\u00e9jour et passez un s\u00e9jour inoubliable !\",\"breadcrumb\":{\"@id\":\"https:\/\/www.cpvenice.com\/fr\/camere-e-suites\/#breadcrumb\"},\"inLanguage\":\"fr-FR\",\"potentialAction\":[{\"@type\":\"ReadAction\",\"target\":[\"https:\/\/www.cpvenice.com\/fr\/camere-e-suites\/\"]}]},{\"@type\":\"BreadcrumbList\",\"@id\":\"https:\/\/www.cpvenice.com\/fr\/camere-e-suites\/#breadcrumb\",\"itemListElement\":[{\"@type\":\"ListItem\",\"position\":1,\"name\":\"Home\",\"item\":\"https:\/\/www.cpvenice.com\/fr\/\"},{\"@type\":\"ListItem\",\"position\":2,\"name\":\"Chambres et Suites\"}]},{\"@type\":\"WebSite\",\"@id\":\"https:\/\/www.cpvenice.com\/fr\/#website\",\"url\":\"https:\/\/www.cpvenice.com\/fr\/\",\"name\":\"Crowne Plaza Venice East\",\"description\":\"Just another ms.decms.eu site\",\"potentialAction\":[{\"@type\":\"SearchAction\",\"target\":{\"@type\":\"EntryPoint\",\"urlTemplate\":\"https:\/\/www.cpvenice.com\/fr\/?s={search_term_string}\"},\"query-input\":{\"@type\":\"PropertyValueSpecification\",\"valueRequired\":true,\"valueName\":\"search_term_string\"}}],\"inLanguage\":\"fr-FR\"}]}<\/script>\n<!-- \/ Yoast SEO plugin. -->","yoast_head_json":{"title":"Chambres standard, superior, family & suite | Crowne Plaza Venice","description":"Le Crowne Plaza Venice East dispose de 153 chambres modernes et spacieuses. Choisissez la chambre id\u00e9ale pour votre s\u00e9jour et passez un s\u00e9jour inoubliable !","robots":{"index":"index","follow":"follow","max-snippet":"max-snippet:-1","max-image-preview":"max-image-preview:large","max-video-preview":"max-video-preview:-1"},"canonical":"https:\/\/www.cpvenice.com\/fr\/camere-e-suites\/","og_locale":"fr_FR","og_type":"article","og_title":"Chambres standard, superior, family & suite | Crowne Plaza Venice","og_description":"Le Crowne Plaza Venice East dispose de 153 chambres modernes et spacieuses. Choisissez la chambre id\u00e9ale pour votre s\u00e9jour et passez un s\u00e9jour inoubliable !","og_url":"https:\/\/www.cpvenice.com\/fr\/camere-e-suites\/","og_site_name":"Crowne Plaza Venice East","article_modified_time":"2024-04-23T12:49:24+00:00","og_image":[{"width":2200,"height":1200,"url":"https:\/\/www.cpvenice.com\/wp-content\/uploads\/sites\/365\/2021\/12\/Crowne-Plaza-Venice-East-Rooms-Standard-Room-King-Accessible-bed.jpg","type":"image\/jpeg"}],"twitter_card":"summary_large_image","twitter_misc":{"Dur\u00e9e de lecture estim\u00e9e":"1 minute"},"schema":{"@context":"https:\/\/schema.org","@graph":[{"@type":"WebPage","@id":"https:\/\/www.cpvenice.com\/fr\/camere-e-suites\/","url":"https:\/\/www.cpvenice.com\/fr\/camere-e-suites\/","name":"Chambres standard, superior, family & suite | Crowne Plaza Venice","isPartOf":{"@id":"https:\/\/www.cpvenice.com\/fr\/#website"},"datePublished":"2021-10-13T15:16:29+00:00","dateModified":"2024-04-23T12:49:24+00:00","description":"Le Crowne Plaza Venice East dispose de 153 chambres modernes et spacieuses. Choisissez la chambre id\u00e9ale pour votre s\u00e9jour et passez un s\u00e9jour inoubliable !","breadcrumb":{"@id":"https:\/\/www.cpvenice.com\/fr\/camere-e-suites\/#breadcrumb"},"inLanguage":"fr-FR","potentialAction":[{"@type":"ReadAction","target":["https:\/\/www.cpvenice.com\/fr\/camere-e-suites\/"]}]},{"@type":"BreadcrumbList","@id":"https:\/\/www.cpvenice.com\/fr\/camere-e-suites\/#breadcrumb","itemListElement":[{"@type":"ListItem","position":1,"name":"Home","item":"https:\/\/www.cpvenice.com\/fr\/"},{"@type":"ListItem","position":2,"name":"Chambres et Suites"}]},{"@type":"WebSite","@id":"https:\/\/www.cpvenice.com\/fr\/#website","url":"https:\/\/www.cpvenice.com\/fr\/","name":"Crowne Plaza Venice East","description":"Just another ms.decms.eu site","potentialAction":[{"@type":"SearchAction","target":{"@type":"EntryPoint","urlTemplate":"https:\/\/www.cpvenice.com\/fr\/?s={search_term_string}"},"query-input":{"@type":"PropertyValueSpecification","valueRequired":true,"valueName":"search_term_string"}}],"inLanguage":"fr-FR"}]}},"acf":[],"_links":{"self":[{"href":"https:\/\/www.cpvenice.com\/fr\/wp-json\/wp\/v2\/pages\/739","targetHints":{"allow":["GET"]}}],"collection":[{"href":"https:\/\/www.cpvenice.com\/fr\/wp-json\/wp\/v2\/pages"}],"about":[{"href":"https:\/\/www.cpvenice.com\/fr\/wp-json\/wp\/v2\/types\/page"}],"author":[{"embeddable":true,"href":"https:\/\/www.cpvenice.com\/fr\/wp-json\/wp\/v2\/users\/36"}],"replies":[{"embeddable":true,"href":"https:\/\/www.cpvenice.com\/fr\/wp-json\/wp\/v2\/comments?post=739"}],"version-history":[{"count":0,"href":"https:\/\/www.cpvenice.com\/fr\/wp-json\/wp\/v2\/pages\/739\/revisions"}],"wp:attachment":[{"href":"https:\/\/www.cpvenice.com\/fr\/wp-json\/wp\/v2\/media?parent=739"}],"curies":[{"name":"wp","href":"https:\/\/api.w.org\/{rel}","templated":true}]}}