{"id":741,"date":"2021-10-13T15:36:55","date_gmt":"2021-10-13T15:36:55","guid":{"rendered":"https:\/\/www.cpvenice.com\/camere-e-suites\/camere-standard\/"},"modified":"2024-05-07T09:26:08","modified_gmt":"2024-05-07T09:26:08","slug":"camere-standard","status":"publish","type":"page","link":"https:\/\/www.cpvenice.com\/fr\/camere-e-suites\/camere-standard\/","title":{"rendered":"Chambres Standard"},"content":{"rendered":"<p>Offrez-vous un s\u00e9jour \u00e0 Venise &#8211; Quarto d&rsquo;Altino avec les chambres lumineuses et accueillantes de l&rsquo;Hotel 4 \u00e9toiles Crowne Plaza Venice East. Avec une <strong>superficie comprise entre 20 et 27 m2<\/strong> et leurs <strong>diff\u00e9rents am\u00e9nagements disponibles<\/strong>, nos chambres sont la promesse d\u2019un s\u00e9jour sur mesure.<\/p>\n<p>Choisissez la solution qui vous convient parmi nos Chambres Standard :<\/p>\n<ul>\n<li style=\"list-style-type: none;\">\n<ul>\n<li>avec lit queen | occupation maximale 2 personnes<\/li>\n<li>avec lit king-size | occupation maximale 2 personnes<\/li>\n<li>avec 2 lits simples | occupation maximale 2 personnes<\/li>\n<li>avec 1 lit king et un canap\u00e9-lit | occupation maximale 3 personnes<\/li>\n<\/ul>\n<\/li>\n<\/ul>\n","protected":false},"excerpt":{"rendered":"<p>Offrez-vous un s\u00e9jour \u00e0 Venise &#8211; Quarto d&rsquo;Altino avec les chambres lumineuses et accueillantes de l&rsquo;Hotel 4 \u00e9toiles Crowne Plaza Venice East. Avec une superficie comprise entre 20 et 27 m2 et leurs diff\u00e9rents am\u00e9nagements disponibles, nos chambres sont la promesse d\u2019un s\u00e9jour sur mesure. Choisissez la solution qui vous convient parmi nos Chambres Standard [&hellip;]<\/p>\n","protected":false},"author":36,"featured_media":0,"parent":739,"menu_order":5,"comment_status":"closed","ping_status":"closed","template":"template-single-room.php","meta":{"footnotes":""},"class_list":["post-741","page","type-page","status-publish","hentry"],"yoast_head":"<!-- This site is optimized with the Yoast SEO plugin v26.9 - https:\/\/yoast.com\/product\/yoast-seo-wordpress\/ -->\n<title>Chambres standard : lit king, triple ou quadruple | Crowne Plaza<\/title>\n<meta name=\"description\" content=\"Une superficie g\u00e9n\u00e9reuse o\u00f9 se m\u00ealent confort et \u00e9l\u00e9gance pour distiller une ambiance relaxante, pour les pauses d\u00e9tente durant votre s\u00e9jour. En savoir plus !\" \/>\n<meta name=\"robots\" content=\"index, follow, max-snippet:-1, max-image-preview:large, max-video-preview:-1\" \/>\n<link rel=\"canonical\" href=\"https:\/\/www.cpvenice.com\/fr\/camere-e-suites\/camere-standard\/\" \/>\n<meta property=\"og:locale\" content=\"fr_FR\" \/>\n<meta property=\"og:type\" content=\"article\" \/>\n<meta property=\"og:title\" content=\"Chambres standard : lit king, triple ou quadruple | Crowne Plaza\" \/>\n<meta property=\"og:description\" content=\"Une superficie g\u00e9n\u00e9reuse o\u00f9 se m\u00ealent confort et \u00e9l\u00e9gance pour distiller une ambiance relaxante, pour les pauses d\u00e9tente durant votre s\u00e9jour. En savoir plus !\" \/>\n<meta property=\"og:url\" content=\"https:\/\/www.cpvenice.com\/fr\/camere-e-suites\/camere-standard\/\" \/>\n<meta property=\"og:site_name\" content=\"Crowne Plaza Venice East\" \/>\n<meta property=\"article:modified_time\" content=\"2024-05-07T09:26:08+00:00\" \/>\n<meta property=\"og:image\" content=\"https:\/\/www.cpvenice.com\/wp-content\/uploads\/sites\/365\/2021\/12\/Crowne-Plaza-Venice-East-Rooms-Standard-Room-King-Accessible-bed.jpg\" \/>\n\t<meta property=\"og:image:width\" content=\"2200\" \/>\n\t<meta property=\"og:image:height\" content=\"1200\" \/>\n\t<meta property=\"og:image:type\" content=\"image\/jpeg\" \/>\n<meta name=\"twitter:card\" content=\"summary_large_image\" \/>\n<meta name=\"twitter:label1\" content=\"Dur\u00e9e de lecture estim\u00e9e\" \/>\n\t<meta name=\"twitter:data1\" content=\"1 minute\" \/>\n<script type=\"application\/ld+json\" class=\"yoast-schema-graph\">{\"@context\":\"https:\/\/schema.org\",\"@graph\":[{\"@type\":\"WebPage\",\"@id\":\"https:\/\/www.cpvenice.com\/fr\/camere-e-suites\/camere-standard\/\",\"url\":\"https:\/\/www.cpvenice.com\/fr\/camere-e-suites\/camere-standard\/\",\"name\":\"Chambres standard : lit king, triple ou quadruple | Crowne Plaza\",\"isPartOf\":{\"@id\":\"https:\/\/www.cpvenice.com\/fr\/#website\"},\"datePublished\":\"2021-10-13T15:36:55+00:00\",\"dateModified\":\"2024-05-07T09:26:08+00:00\",\"description\":\"Une superficie g\u00e9n\u00e9reuse o\u00f9 se m\u00ealent confort et \u00e9l\u00e9gance pour distiller une ambiance relaxante, pour les pauses d\u00e9tente durant votre s\u00e9jour. En savoir plus !\",\"breadcrumb\":{\"@id\":\"https:\/\/www.cpvenice.com\/fr\/camere-e-suites\/camere-standard\/#breadcrumb\"},\"inLanguage\":\"fr-FR\",\"potentialAction\":[{\"@type\":\"ReadAction\",\"target\":[\"https:\/\/www.cpvenice.com\/fr\/camere-e-suites\/camere-standard\/\"]}]},{\"@type\":\"BreadcrumbList\",\"@id\":\"https:\/\/www.cpvenice.com\/fr\/camere-e-suites\/camere-standard\/#breadcrumb\",\"itemListElement\":[{\"@type\":\"ListItem\",\"position\":1,\"name\":\"Home\",\"item\":\"https:\/\/www.cpvenice.com\/fr\/\"},{\"@type\":\"ListItem\",\"position\":2,\"name\":\"Chambres et Suites\",\"item\":\"https:\/\/www.cpvenice.com\/fr\/camere-e-suites\/\"},{\"@type\":\"ListItem\",\"position\":3,\"name\":\"Chambres Standard\"}]},{\"@type\":\"WebSite\",\"@id\":\"https:\/\/www.cpvenice.com\/fr\/#website\",\"url\":\"https:\/\/www.cpvenice.com\/fr\/\",\"name\":\"Crowne Plaza Venice East\",\"description\":\"Just another ms.decms.eu site\",\"potentialAction\":[{\"@type\":\"SearchAction\",\"target\":{\"@type\":\"EntryPoint\",\"urlTemplate\":\"https:\/\/www.cpvenice.com\/fr\/?s={search_term_string}\"},\"query-input\":{\"@type\":\"PropertyValueSpecification\",\"valueRequired\":true,\"valueName\":\"search_term_string\"}}],\"inLanguage\":\"fr-FR\"}]}<\/script>\n<!-- \/ Yoast SEO plugin. -->","yoast_head_json":{"title":"Chambres standard : lit king, triple ou quadruple | Crowne Plaza","description":"Une superficie g\u00e9n\u00e9reuse o\u00f9 se m\u00ealent confort et \u00e9l\u00e9gance pour distiller une ambiance relaxante, pour les pauses d\u00e9tente durant votre s\u00e9jour. En savoir plus !","robots":{"index":"index","follow":"follow","max-snippet":"max-snippet:-1","max-image-preview":"max-image-preview:large","max-video-preview":"max-video-preview:-1"},"canonical":"https:\/\/www.cpvenice.com\/fr\/camere-e-suites\/camere-standard\/","og_locale":"fr_FR","og_type":"article","og_title":"Chambres standard : lit king, triple ou quadruple | Crowne Plaza","og_description":"Une superficie g\u00e9n\u00e9reuse o\u00f9 se m\u00ealent confort et \u00e9l\u00e9gance pour distiller une ambiance relaxante, pour les pauses d\u00e9tente durant votre s\u00e9jour. En savoir plus !","og_url":"https:\/\/www.cpvenice.com\/fr\/camere-e-suites\/camere-standard\/","og_site_name":"Crowne Plaza Venice East","article_modified_time":"2024-05-07T09:26:08+00:00","og_image":[{"width":2200,"height":1200,"url":"https:\/\/www.cpvenice.com\/wp-content\/uploads\/sites\/365\/2021\/12\/Crowne-Plaza-Venice-East-Rooms-Standard-Room-King-Accessible-bed.jpg","type":"image\/jpeg"}],"twitter_card":"summary_large_image","twitter_misc":{"Dur\u00e9e de lecture estim\u00e9e":"1 minute"},"schema":{"@context":"https:\/\/schema.org","@graph":[{"@type":"WebPage","@id":"https:\/\/www.cpvenice.com\/fr\/camere-e-suites\/camere-standard\/","url":"https:\/\/www.cpvenice.com\/fr\/camere-e-suites\/camere-standard\/","name":"Chambres standard : lit king, triple ou quadruple | Crowne Plaza","isPartOf":{"@id":"https:\/\/www.cpvenice.com\/fr\/#website"},"datePublished":"2021-10-13T15:36:55+00:00","dateModified":"2024-05-07T09:26:08+00:00","description":"Une superficie g\u00e9n\u00e9reuse o\u00f9 se m\u00ealent confort et \u00e9l\u00e9gance pour distiller une ambiance relaxante, pour les pauses d\u00e9tente durant votre s\u00e9jour. En savoir plus !","breadcrumb":{"@id":"https:\/\/www.cpvenice.com\/fr\/camere-e-suites\/camere-standard\/#breadcrumb"},"inLanguage":"fr-FR","potentialAction":[{"@type":"ReadAction","target":["https:\/\/www.cpvenice.com\/fr\/camere-e-suites\/camere-standard\/"]}]},{"@type":"BreadcrumbList","@id":"https:\/\/www.cpvenice.com\/fr\/camere-e-suites\/camere-standard\/#breadcrumb","itemListElement":[{"@type":"ListItem","position":1,"name":"Home","item":"https:\/\/www.cpvenice.com\/fr\/"},{"@type":"ListItem","position":2,"name":"Chambres et Suites","item":"https:\/\/www.cpvenice.com\/fr\/camere-e-suites\/"},{"@type":"ListItem","position":3,"name":"Chambres Standard"}]},{"@type":"WebSite","@id":"https:\/\/www.cpvenice.com\/fr\/#website","url":"https:\/\/www.cpvenice.com\/fr\/","name":"Crowne Plaza Venice East","description":"Just another ms.decms.eu site","potentialAction":[{"@type":"SearchAction","target":{"@type":"EntryPoint","urlTemplate":"https:\/\/www.cpvenice.com\/fr\/?s={search_term_string}"},"query-input":{"@type":"PropertyValueSpecification","valueRequired":true,"valueName":"search_term_string"}}],"inLanguage":"fr-FR"}]}},"acf":[],"_links":{"self":[{"href":"https:\/\/www.cpvenice.com\/fr\/wp-json\/wp\/v2\/pages\/741","targetHints":{"allow":["GET"]}}],"collection":[{"href":"https:\/\/www.cpvenice.com\/fr\/wp-json\/wp\/v2\/pages"}],"about":[{"href":"https:\/\/www.cpvenice.com\/fr\/wp-json\/wp\/v2\/types\/page"}],"author":[{"embeddable":true,"href":"https:\/\/www.cpvenice.com\/fr\/wp-json\/wp\/v2\/users\/36"}],"replies":[{"embeddable":true,"href":"https:\/\/www.cpvenice.com\/fr\/wp-json\/wp\/v2\/comments?post=741"}],"version-history":[{"count":0,"href":"https:\/\/www.cpvenice.com\/fr\/wp-json\/wp\/v2\/pages\/741\/revisions"}],"up":[{"embeddable":true,"href":"https:\/\/www.cpvenice.com\/fr\/wp-json\/wp\/v2\/pages\/739"}],"wp:attachment":[{"href":"https:\/\/www.cpvenice.com\/fr\/wp-json\/wp\/v2\/media?parent=741"}],"curies":[{"name":"wp","href":"https:\/\/api.w.org\/{rel}","templated":true}]}}