{"id":749,"date":"2021-10-15T09:46:51","date_gmt":"2021-10-15T09:46:51","guid":{"rendered":"https:\/\/www.cpvenice.com\/camere-e-suites\/suite\/"},"modified":"2024-05-07T09:26:13","modified_gmt":"2024-05-07T09:26:13","slug":"suite","status":"publish","type":"page","link":"https:\/\/www.cpvenice.com\/fr\/camere-e-suites\/suite\/","title":{"rendered":"Suites"},"content":{"rendered":"<p>Si, pour votre prochain s\u00e9jour \u00e0 Venise &#8211; Quarto d&rsquo;Altino, vous \u00eates \u00e0 la recherche d\u2019une solution alliant \u00e9l\u00e9gance, espace et confort, optez pour les spacieuses et raffin\u00e9es <strong>Family Suites <\/strong> de l&rsquo;Hotel 4 \u00e9toiles Crowne Plaza Venice East. Avec un <strong>espace de 54 m2<\/strong> r\u00e9parti sur <strong>plusieurs pi\u00e8ces<\/strong> \u00e9quip\u00e9es d&rsquo;un confortable <strong>lit king-size<\/strong>, d&rsquo;un<strong> canap\u00e9-lit 2 places<\/strong> et d&rsquo;un <strong>fauteuil convertible 1 place<\/strong>: ces chambres sont l\u2019id\u00e9al pour une escapade romantique, comme pour un s\u00e9jour en famille ou entre amis, et adapt\u00e9es \u00e0 tous ceux qui souhaitent partager un s\u00e9jour convivial, tout en disposant chacun de son propre espace.<\/p>\n","protected":false},"excerpt":{"rendered":"<p>Si, pour votre prochain s\u00e9jour \u00e0 Venise &#8211; Quarto d&rsquo;Altino, vous \u00eates \u00e0 la recherche d\u2019une solution alliant \u00e9l\u00e9gance, espace et confort, optez pour les spacieuses et raffin\u00e9es Family Suites de l&rsquo;Hotel 4 \u00e9toiles Crowne Plaza Venice East. Avec un espace de 54 m2 r\u00e9parti sur plusieurs pi\u00e8ces \u00e9quip\u00e9es d&rsquo;un confortable lit king-size, d&rsquo;un canap\u00e9-lit [&hellip;]<\/p>\n","protected":false},"author":36,"featured_media":0,"parent":739,"menu_order":20,"comment_status":"closed","ping_status":"closed","template":"template-single-room.php","meta":{"footnotes":""},"class_list":["post-749","page","type-page","status-publish","hentry"],"yoast_head":"<!-- This site is optimized with the Yoast SEO plugin v26.9 - https:\/\/yoast.com\/product\/yoast-seo-wordpress\/ -->\n<title>Luxueuses Suites avec salon | Crowne Plaza Venice<\/title>\n<meta name=\"description\" content=\"Offrez-vous un s\u00e9jour de r\u00eave \u00e0 l\u2019enseigne du luxe dans nos accueillantes suites tout confort. Rendez-nous visite au Crowne Plaza \u00e0 Venise.\" \/>\n<meta name=\"robots\" content=\"index, follow, max-snippet:-1, max-image-preview:large, max-video-preview:-1\" \/>\n<link rel=\"canonical\" href=\"https:\/\/www.cpvenice.com\/fr\/camere-e-suites\/suite\/\" \/>\n<meta property=\"og:locale\" content=\"fr_FR\" \/>\n<meta property=\"og:type\" content=\"article\" \/>\n<meta property=\"og:title\" content=\"Luxueuses Suites avec salon | Crowne Plaza Venice\" \/>\n<meta property=\"og:description\" content=\"Offrez-vous un s\u00e9jour de r\u00eave \u00e0 l\u2019enseigne du luxe dans nos accueillantes suites tout confort. Rendez-nous visite au Crowne Plaza \u00e0 Venise.\" \/>\n<meta property=\"og:url\" content=\"https:\/\/www.cpvenice.com\/fr\/camere-e-suites\/suite\/\" \/>\n<meta property=\"og:site_name\" content=\"Crowne Plaza Venice East\" \/>\n<meta property=\"article:modified_time\" content=\"2024-05-07T09:26:13+00:00\" \/>\n<meta property=\"og:image\" content=\"https:\/\/www.cpvenice.com\/wp-content\/uploads\/sites\/365\/2021\/12\/Crowne-Plaza-Venice-East-Rooms-Standard-Room-King-Accessible-bed.jpg\" \/>\n\t<meta property=\"og:image:width\" content=\"2200\" \/>\n\t<meta property=\"og:image:height\" content=\"1200\" \/>\n\t<meta property=\"og:image:type\" content=\"image\/jpeg\" \/>\n<meta name=\"twitter:card\" content=\"summary_large_image\" \/>\n<meta name=\"twitter:label1\" content=\"Dur\u00e9e de lecture estim\u00e9e\" \/>\n\t<meta name=\"twitter:data1\" content=\"1 minute\" \/>\n<script type=\"application\/ld+json\" class=\"yoast-schema-graph\">{\"@context\":\"https:\/\/schema.org\",\"@graph\":[{\"@type\":\"WebPage\",\"@id\":\"https:\/\/www.cpvenice.com\/fr\/camere-e-suites\/suite\/\",\"url\":\"https:\/\/www.cpvenice.com\/fr\/camere-e-suites\/suite\/\",\"name\":\"Luxueuses Suites avec salon | Crowne Plaza Venice\",\"isPartOf\":{\"@id\":\"https:\/\/www.cpvenice.com\/fr\/#website\"},\"datePublished\":\"2021-10-15T09:46:51+00:00\",\"dateModified\":\"2024-05-07T09:26:13+00:00\",\"description\":\"Offrez-vous un s\u00e9jour de r\u00eave \u00e0 l\u2019enseigne du luxe dans nos accueillantes suites tout confort. Rendez-nous visite au Crowne Plaza \u00e0 Venise.\",\"breadcrumb\":{\"@id\":\"https:\/\/www.cpvenice.com\/fr\/camere-e-suites\/suite\/#breadcrumb\"},\"inLanguage\":\"fr-FR\",\"potentialAction\":[{\"@type\":\"ReadAction\",\"target\":[\"https:\/\/www.cpvenice.com\/fr\/camere-e-suites\/suite\/\"]}]},{\"@type\":\"BreadcrumbList\",\"@id\":\"https:\/\/www.cpvenice.com\/fr\/camere-e-suites\/suite\/#breadcrumb\",\"itemListElement\":[{\"@type\":\"ListItem\",\"position\":1,\"name\":\"Home\",\"item\":\"https:\/\/www.cpvenice.com\/fr\/\"},{\"@type\":\"ListItem\",\"position\":2,\"name\":\"Chambres et Suites\",\"item\":\"https:\/\/www.cpvenice.com\/fr\/camere-e-suites\/\"},{\"@type\":\"ListItem\",\"position\":3,\"name\":\"Suites\"}]},{\"@type\":\"WebSite\",\"@id\":\"https:\/\/www.cpvenice.com\/fr\/#website\",\"url\":\"https:\/\/www.cpvenice.com\/fr\/\",\"name\":\"Crowne Plaza Venice East\",\"description\":\"Just another ms.decms.eu site\",\"potentialAction\":[{\"@type\":\"SearchAction\",\"target\":{\"@type\":\"EntryPoint\",\"urlTemplate\":\"https:\/\/www.cpvenice.com\/fr\/?s={search_term_string}\"},\"query-input\":{\"@type\":\"PropertyValueSpecification\",\"valueRequired\":true,\"valueName\":\"search_term_string\"}}],\"inLanguage\":\"fr-FR\"}]}<\/script>\n<!-- \/ Yoast SEO plugin. -->","yoast_head_json":{"title":"Luxueuses Suites avec salon | Crowne Plaza Venice","description":"Offrez-vous un s\u00e9jour de r\u00eave \u00e0 l\u2019enseigne du luxe dans nos accueillantes suites tout confort. Rendez-nous visite au Crowne Plaza \u00e0 Venise.","robots":{"index":"index","follow":"follow","max-snippet":"max-snippet:-1","max-image-preview":"max-image-preview:large","max-video-preview":"max-video-preview:-1"},"canonical":"https:\/\/www.cpvenice.com\/fr\/camere-e-suites\/suite\/","og_locale":"fr_FR","og_type":"article","og_title":"Luxueuses Suites avec salon | Crowne Plaza Venice","og_description":"Offrez-vous un s\u00e9jour de r\u00eave \u00e0 l\u2019enseigne du luxe dans nos accueillantes suites tout confort. Rendez-nous visite au Crowne Plaza \u00e0 Venise.","og_url":"https:\/\/www.cpvenice.com\/fr\/camere-e-suites\/suite\/","og_site_name":"Crowne Plaza Venice East","article_modified_time":"2024-05-07T09:26:13+00:00","og_image":[{"width":2200,"height":1200,"url":"https:\/\/www.cpvenice.com\/wp-content\/uploads\/sites\/365\/2021\/12\/Crowne-Plaza-Venice-East-Rooms-Standard-Room-King-Accessible-bed.jpg","type":"image\/jpeg"}],"twitter_card":"summary_large_image","twitter_misc":{"Dur\u00e9e de lecture estim\u00e9e":"1 minute"},"schema":{"@context":"https:\/\/schema.org","@graph":[{"@type":"WebPage","@id":"https:\/\/www.cpvenice.com\/fr\/camere-e-suites\/suite\/","url":"https:\/\/www.cpvenice.com\/fr\/camere-e-suites\/suite\/","name":"Luxueuses Suites avec salon | Crowne Plaza Venice","isPartOf":{"@id":"https:\/\/www.cpvenice.com\/fr\/#website"},"datePublished":"2021-10-15T09:46:51+00:00","dateModified":"2024-05-07T09:26:13+00:00","description":"Offrez-vous un s\u00e9jour de r\u00eave \u00e0 l\u2019enseigne du luxe dans nos accueillantes suites tout confort. Rendez-nous visite au Crowne Plaza \u00e0 Venise.","breadcrumb":{"@id":"https:\/\/www.cpvenice.com\/fr\/camere-e-suites\/suite\/#breadcrumb"},"inLanguage":"fr-FR","potentialAction":[{"@type":"ReadAction","target":["https:\/\/www.cpvenice.com\/fr\/camere-e-suites\/suite\/"]}]},{"@type":"BreadcrumbList","@id":"https:\/\/www.cpvenice.com\/fr\/camere-e-suites\/suite\/#breadcrumb","itemListElement":[{"@type":"ListItem","position":1,"name":"Home","item":"https:\/\/www.cpvenice.com\/fr\/"},{"@type":"ListItem","position":2,"name":"Chambres et Suites","item":"https:\/\/www.cpvenice.com\/fr\/camere-e-suites\/"},{"@type":"ListItem","position":3,"name":"Suites"}]},{"@type":"WebSite","@id":"https:\/\/www.cpvenice.com\/fr\/#website","url":"https:\/\/www.cpvenice.com\/fr\/","name":"Crowne Plaza Venice East","description":"Just another ms.decms.eu site","potentialAction":[{"@type":"SearchAction","target":{"@type":"EntryPoint","urlTemplate":"https:\/\/www.cpvenice.com\/fr\/?s={search_term_string}"},"query-input":{"@type":"PropertyValueSpecification","valueRequired":true,"valueName":"search_term_string"}}],"inLanguage":"fr-FR"}]}},"acf":[],"_links":{"self":[{"href":"https:\/\/www.cpvenice.com\/fr\/wp-json\/wp\/v2\/pages\/749","targetHints":{"allow":["GET"]}}],"collection":[{"href":"https:\/\/www.cpvenice.com\/fr\/wp-json\/wp\/v2\/pages"}],"about":[{"href":"https:\/\/www.cpvenice.com\/fr\/wp-json\/wp\/v2\/types\/page"}],"author":[{"embeddable":true,"href":"https:\/\/www.cpvenice.com\/fr\/wp-json\/wp\/v2\/users\/36"}],"replies":[{"embeddable":true,"href":"https:\/\/www.cpvenice.com\/fr\/wp-json\/wp\/v2\/comments?post=749"}],"version-history":[{"count":0,"href":"https:\/\/www.cpvenice.com\/fr\/wp-json\/wp\/v2\/pages\/749\/revisions"}],"up":[{"embeddable":true,"href":"https:\/\/www.cpvenice.com\/fr\/wp-json\/wp\/v2\/pages\/739"}],"wp:attachment":[{"href":"https:\/\/www.cpvenice.com\/fr\/wp-json\/wp\/v2\/media?parent=749"}],"curies":[{"name":"wp","href":"https:\/\/api.w.org\/{rel}","templated":true}]}}