{"id":755,"date":"2021-10-18T08:25:12","date_gmt":"2021-10-18T08:25:12","guid":{"rendered":"https:\/\/www.cpvenice.com\/servizi\/"},"modified":"2024-04-23T13:41:39","modified_gmt":"2024-04-23T13:41:39","slug":"servizi","status":"publish","type":"page","link":"https:\/\/www.cpvenice.com\/fr\/servizi\/","title":{"rendered":"Services"},"content":{"rendered":"<p>Pour votre prochain voyage \u00e0 Venise &#8211; Quarto d&rsquo;Altino, optez pour les services exclusifs de l&rsquo;Hotel 4 \u00e9toiles Crowne Plaza Venice East. De multiples attentions vous sont d\u00e9di\u00e9es pour vous choyer et rendre votre s\u00e9jour unique : une  <strong>\u00e9quipe professionnelle \u00e0 votre \u00e9coute<\/strong> pr\u00eate \u00e0 r\u00e9pondre \u00e0 toutes vos questions et \u00e0 vos besoins, des <strong>chambres 100% non-fumeurs<\/strong>, une <strong>connexion Wi-Fi rapide<\/strong> dans les chambres et les parties communes pour rester toujours connect\u00e9, et tous les avantages r\u00e9serv\u00e9s aux membres du programme IHG\u00ae One Rewards.<\/p>\n<p>Et ce n&rsquo;est pas tout ! D\u00e9couvrez avec nous les nombreux autres avantages qui vous attendent en choisissant l&rsquo;Hotel Crowne Plaza Venice East 4 \u00e9toiles !<\/p>\n","protected":false},"excerpt":{"rendered":"<p>Pour votre prochain voyage \u00e0 Venise &#8211; Quarto d&rsquo;Altino, optez pour les services exclusifs de l&rsquo;Hotel 4 \u00e9toiles Crowne Plaza Venice East. De multiples attentions vous sont d\u00e9di\u00e9es pour vous choyer et rendre votre s\u00e9jour unique : une \u00e9quipe professionnelle \u00e0 votre \u00e9coute pr\u00eate \u00e0 r\u00e9pondre \u00e0 toutes vos questions et \u00e0 vos besoins, des [&hellip;]<\/p>\n","protected":false},"author":36,"featured_media":0,"parent":0,"menu_order":40,"comment_status":"closed","ping_status":"closed","template":"template-services.php","meta":{"footnotes":""},"class_list":["post-755","page","type-page","status-publish","hentry"],"yoast_head":"<!-- This site is optimized with the Yoast SEO plugin v26.9 - https:\/\/yoast.com\/product\/yoast-seo-wordpress\/ -->\n<title>Services : parking gratuit, transfert a\u00e9roport | Crowne Plaza Venice<\/title>\n<meta name=\"description\" content=\"D\u00e9couvrez tous les services exclusifs de notre h\u00f4tel : parking gratuit, espace fitness, bureau temporaire et navette gratuite pour l&#039;a\u00e9roport.\" \/>\n<meta name=\"robots\" content=\"index, follow, max-snippet:-1, max-image-preview:large, max-video-preview:-1\" \/>\n<link rel=\"canonical\" href=\"https:\/\/www.cpvenice.com\/fr\/servizi\/\" \/>\n<meta property=\"og:locale\" content=\"fr_FR\" \/>\n<meta property=\"og:type\" content=\"article\" \/>\n<meta property=\"og:title\" content=\"Services : parking gratuit, transfert a\u00e9roport | Crowne Plaza Venice\" \/>\n<meta property=\"og:description\" content=\"D\u00e9couvrez tous les services exclusifs de notre h\u00f4tel : parking gratuit, espace fitness, bureau temporaire et navette gratuite pour l&#039;a\u00e9roport.\" \/>\n<meta property=\"og:url\" content=\"https:\/\/www.cpvenice.com\/fr\/servizi\/\" \/>\n<meta property=\"og:site_name\" content=\"Crowne Plaza Venice East\" \/>\n<meta property=\"article:modified_time\" content=\"2024-04-23T13:41:39+00:00\" \/>\n<meta property=\"og:image\" content=\"https:\/\/www.cpvenice.com\/wp-content\/uploads\/sites\/365\/2021\/12\/Crowne-Plaza-Venice-East-Rooms-Standard-Room-King-Accessible-bed.jpg\" \/>\n\t<meta property=\"og:image:width\" content=\"2200\" \/>\n\t<meta property=\"og:image:height\" content=\"1200\" \/>\n\t<meta property=\"og:image:type\" content=\"image\/jpeg\" \/>\n<meta name=\"twitter:card\" content=\"summary_large_image\" \/>\n<meta name=\"twitter:label1\" content=\"Dur\u00e9e de lecture estim\u00e9e\" \/>\n\t<meta name=\"twitter:data1\" content=\"1 minute\" \/>\n<script type=\"application\/ld+json\" class=\"yoast-schema-graph\">{\"@context\":\"https:\/\/schema.org\",\"@graph\":[{\"@type\":\"WebPage\",\"@id\":\"https:\/\/www.cpvenice.com\/fr\/servizi\/\",\"url\":\"https:\/\/www.cpvenice.com\/fr\/servizi\/\",\"name\":\"Services : parking gratuit, transfert a\u00e9roport | Crowne Plaza Venice\",\"isPartOf\":{\"@id\":\"https:\/\/www.cpvenice.com\/fr\/#website\"},\"datePublished\":\"2021-10-18T08:25:12+00:00\",\"dateModified\":\"2024-04-23T13:41:39+00:00\",\"description\":\"D\u00e9couvrez tous les services exclusifs de notre h\u00f4tel : parking gratuit, espace fitness, bureau temporaire et navette gratuite pour l'a\u00e9roport.\",\"breadcrumb\":{\"@id\":\"https:\/\/www.cpvenice.com\/fr\/servizi\/#breadcrumb\"},\"inLanguage\":\"fr-FR\",\"potentialAction\":[{\"@type\":\"ReadAction\",\"target\":[\"https:\/\/www.cpvenice.com\/fr\/servizi\/\"]}]},{\"@type\":\"BreadcrumbList\",\"@id\":\"https:\/\/www.cpvenice.com\/fr\/servizi\/#breadcrumb\",\"itemListElement\":[{\"@type\":\"ListItem\",\"position\":1,\"name\":\"Home\",\"item\":\"https:\/\/www.cpvenice.com\/fr\/\"},{\"@type\":\"ListItem\",\"position\":2,\"name\":\"Services\"}]},{\"@type\":\"WebSite\",\"@id\":\"https:\/\/www.cpvenice.com\/fr\/#website\",\"url\":\"https:\/\/www.cpvenice.com\/fr\/\",\"name\":\"Crowne Plaza Venice East\",\"description\":\"Just another ms.decms.eu site\",\"potentialAction\":[{\"@type\":\"SearchAction\",\"target\":{\"@type\":\"EntryPoint\",\"urlTemplate\":\"https:\/\/www.cpvenice.com\/fr\/?s={search_term_string}\"},\"query-input\":{\"@type\":\"PropertyValueSpecification\",\"valueRequired\":true,\"valueName\":\"search_term_string\"}}],\"inLanguage\":\"fr-FR\"}]}<\/script>\n<!-- \/ Yoast SEO plugin. -->","yoast_head_json":{"title":"Services : parking gratuit, transfert a\u00e9roport | Crowne Plaza Venice","description":"D\u00e9couvrez tous les services exclusifs de notre h\u00f4tel : parking gratuit, espace fitness, bureau temporaire et navette gratuite pour l'a\u00e9roport.","robots":{"index":"index","follow":"follow","max-snippet":"max-snippet:-1","max-image-preview":"max-image-preview:large","max-video-preview":"max-video-preview:-1"},"canonical":"https:\/\/www.cpvenice.com\/fr\/servizi\/","og_locale":"fr_FR","og_type":"article","og_title":"Services : parking gratuit, transfert a\u00e9roport | Crowne Plaza Venice","og_description":"D\u00e9couvrez tous les services exclusifs de notre h\u00f4tel : parking gratuit, espace fitness, bureau temporaire et navette gratuite pour l'a\u00e9roport.","og_url":"https:\/\/www.cpvenice.com\/fr\/servizi\/","og_site_name":"Crowne Plaza Venice East","article_modified_time":"2024-04-23T13:41:39+00:00","og_image":[{"width":2200,"height":1200,"url":"https:\/\/www.cpvenice.com\/wp-content\/uploads\/sites\/365\/2021\/12\/Crowne-Plaza-Venice-East-Rooms-Standard-Room-King-Accessible-bed.jpg","type":"image\/jpeg"}],"twitter_card":"summary_large_image","twitter_misc":{"Dur\u00e9e de lecture estim\u00e9e":"1 minute"},"schema":{"@context":"https:\/\/schema.org","@graph":[{"@type":"WebPage","@id":"https:\/\/www.cpvenice.com\/fr\/servizi\/","url":"https:\/\/www.cpvenice.com\/fr\/servizi\/","name":"Services : parking gratuit, transfert a\u00e9roport | Crowne Plaza Venice","isPartOf":{"@id":"https:\/\/www.cpvenice.com\/fr\/#website"},"datePublished":"2021-10-18T08:25:12+00:00","dateModified":"2024-04-23T13:41:39+00:00","description":"D\u00e9couvrez tous les services exclusifs de notre h\u00f4tel : parking gratuit, espace fitness, bureau temporaire et navette gratuite pour l'a\u00e9roport.","breadcrumb":{"@id":"https:\/\/www.cpvenice.com\/fr\/servizi\/#breadcrumb"},"inLanguage":"fr-FR","potentialAction":[{"@type":"ReadAction","target":["https:\/\/www.cpvenice.com\/fr\/servizi\/"]}]},{"@type":"BreadcrumbList","@id":"https:\/\/www.cpvenice.com\/fr\/servizi\/#breadcrumb","itemListElement":[{"@type":"ListItem","position":1,"name":"Home","item":"https:\/\/www.cpvenice.com\/fr\/"},{"@type":"ListItem","position":2,"name":"Services"}]},{"@type":"WebSite","@id":"https:\/\/www.cpvenice.com\/fr\/#website","url":"https:\/\/www.cpvenice.com\/fr\/","name":"Crowne Plaza Venice East","description":"Just another ms.decms.eu site","potentialAction":[{"@type":"SearchAction","target":{"@type":"EntryPoint","urlTemplate":"https:\/\/www.cpvenice.com\/fr\/?s={search_term_string}"},"query-input":{"@type":"PropertyValueSpecification","valueRequired":true,"valueName":"search_term_string"}}],"inLanguage":"fr-FR"}]}},"acf":[],"_links":{"self":[{"href":"https:\/\/www.cpvenice.com\/fr\/wp-json\/wp\/v2\/pages\/755","targetHints":{"allow":["GET"]}}],"collection":[{"href":"https:\/\/www.cpvenice.com\/fr\/wp-json\/wp\/v2\/pages"}],"about":[{"href":"https:\/\/www.cpvenice.com\/fr\/wp-json\/wp\/v2\/types\/page"}],"author":[{"embeddable":true,"href":"https:\/\/www.cpvenice.com\/fr\/wp-json\/wp\/v2\/users\/36"}],"replies":[{"embeddable":true,"href":"https:\/\/www.cpvenice.com\/fr\/wp-json\/wp\/v2\/comments?post=755"}],"version-history":[{"count":0,"href":"https:\/\/www.cpvenice.com\/fr\/wp-json\/wp\/v2\/pages\/755\/revisions"}],"wp:attachment":[{"href":"https:\/\/www.cpvenice.com\/fr\/wp-json\/wp\/v2\/media?parent=755"}],"curies":[{"name":"wp","href":"https:\/\/api.w.org\/{rel}","templated":true}]}}