{"id":761,"date":"2021-10-21T09:25:03","date_gmt":"2021-10-21T09:25:03","guid":{"rendered":"https:\/\/www.cpvenice.com\/servizi\/temporary-office\/"},"modified":"2024-05-07T10:03:59","modified_gmt":"2024-05-07T10:03:59","slug":"temporary-office","status":"publish","type":"page","link":"https:\/\/www.cpvenice.com\/fr\/servizi\/temporary-office\/","title":{"rendered":"Temporary Offices"},"content":{"rendered":"<p>Vous recherchez un espace \u00e9quip\u00e9 pour travailler comme depuis votre bureau ? Ne cherchez plus ! \u00c0 l&rsquo;Hotel Crowne Plaza Venice East \u00e0 Quarto d&rsquo;Altino, la solution est \u00e0 port\u00e9e de main : nos <strong>bureaux temporaires<\/strong>! Vous y trouverez des <strong>espaces sp\u00e9cialement am\u00e9nag\u00e9s<\/strong> pour les travailleurs en distanciel et <strong>\u00e9quip\u00e9s de services de secr\u00e9tariat<\/strong> centralis\u00e9s, que vous pourrez r\u00e9server pour une dur\u00e9e d&rsquo;une heure jusqu\u2019\u00e0 une journ\u00e9e, afin de vous consacrer \u00e0 votre travail avec un maximum de concentration. .<\/p>\n<p><strong>Tout ce dont vous avez besoin pour travailler de fa\u00e7on optimale <\/strong> est \u00e0 votre disposition : des lignes t\u00e9l\u00e9phoniques et de donn\u00e9es \u00e0 l&rsquo;assistance t\u00e9l\u00e9phonique, jusqu\u2019aux salles de r\u00e9union et \u00e0 notre restaurant et bar.<\/p>\n","protected":false},"excerpt":{"rendered":"<p>Vous recherchez un espace \u00e9quip\u00e9 pour travailler comme depuis votre bureau ? Ne cherchez plus ! \u00c0 l&rsquo;Hotel Crowne Plaza Venice East \u00e0 Quarto d&rsquo;Altino, la solution est \u00e0 port\u00e9e de main : nos bureaux temporaires! Vous y trouverez des espaces sp\u00e9cialement am\u00e9nag\u00e9s pour les travailleurs en distanciel et \u00e9quip\u00e9s de services de secr\u00e9tariat centralis\u00e9s, [&hellip;]<\/p>\n","protected":false},"author":36,"featured_media":0,"parent":755,"menu_order":20,"comment_status":"closed","ping_status":"closed","template":"template-default-2.php","meta":{"footnotes":""},"class_list":["post-761","page","type-page","status-publish","hentry"],"yoast_head":"<!-- This site is optimized with the Yoast SEO plugin v26.9 - https:\/\/yoast.com\/product\/yoast-seo-wordpress\/ -->\n<title>Home office : espaces smart working | Crowne Plaza Venice<\/title>\n<meta name=\"description\" content=\"Nous avons dot\u00e9 notre h\u00f4tel d\u2019espaces priv\u00e9s pour le smart working. Venez d\u00e9couvrir nos Temporary Office \u00e0 l&#039;Hotel Crowne Plaza Venice.\" \/>\n<meta name=\"robots\" content=\"index, follow, max-snippet:-1, max-image-preview:large, max-video-preview:-1\" \/>\n<link rel=\"canonical\" href=\"https:\/\/www.cpvenice.com\/fr\/servizi\/temporary-office\/\" \/>\n<meta property=\"og:locale\" content=\"fr_FR\" \/>\n<meta property=\"og:type\" content=\"article\" \/>\n<meta property=\"og:title\" content=\"Home office : espaces smart working | Crowne Plaza Venice\" \/>\n<meta property=\"og:description\" content=\"Nous avons dot\u00e9 notre h\u00f4tel d\u2019espaces priv\u00e9s pour le smart working. Venez d\u00e9couvrir nos Temporary Office \u00e0 l&#039;Hotel Crowne Plaza Venice.\" \/>\n<meta property=\"og:url\" content=\"https:\/\/www.cpvenice.com\/fr\/servizi\/temporary-office\/\" \/>\n<meta property=\"og:site_name\" content=\"Crowne Plaza Venice East\" \/>\n<meta property=\"article:modified_time\" content=\"2024-05-07T10:03:59+00:00\" \/>\n<meta property=\"og:image\" content=\"https:\/\/www.cpvenice.com\/wp-content\/uploads\/sites\/365\/2021\/12\/Crowne-Plaza-Venice-East-Rooms-Standard-Room-King-Accessible-bed.jpg\" \/>\n\t<meta property=\"og:image:width\" content=\"2200\" \/>\n\t<meta property=\"og:image:height\" content=\"1200\" \/>\n\t<meta property=\"og:image:type\" content=\"image\/jpeg\" \/>\n<meta name=\"twitter:card\" content=\"summary_large_image\" \/>\n<meta name=\"twitter:label1\" content=\"Dur\u00e9e de lecture estim\u00e9e\" \/>\n\t<meta name=\"twitter:data1\" content=\"1 minute\" \/>\n<script type=\"application\/ld+json\" class=\"yoast-schema-graph\">{\"@context\":\"https:\/\/schema.org\",\"@graph\":[{\"@type\":\"WebPage\",\"@id\":\"https:\/\/www.cpvenice.com\/fr\/servizi\/temporary-office\/\",\"url\":\"https:\/\/www.cpvenice.com\/fr\/servizi\/temporary-office\/\",\"name\":\"Home office : espaces smart working | Crowne Plaza Venice\",\"isPartOf\":{\"@id\":\"https:\/\/www.cpvenice.com\/fr\/#website\"},\"datePublished\":\"2021-10-21T09:25:03+00:00\",\"dateModified\":\"2024-05-07T10:03:59+00:00\",\"description\":\"Nous avons dot\u00e9 notre h\u00f4tel d\u2019espaces priv\u00e9s pour le smart working. Venez d\u00e9couvrir nos Temporary Office \u00e0 l'Hotel Crowne Plaza Venice.\",\"breadcrumb\":{\"@id\":\"https:\/\/www.cpvenice.com\/fr\/servizi\/temporary-office\/#breadcrumb\"},\"inLanguage\":\"fr-FR\",\"potentialAction\":[{\"@type\":\"ReadAction\",\"target\":[\"https:\/\/www.cpvenice.com\/fr\/servizi\/temporary-office\/\"]}]},{\"@type\":\"BreadcrumbList\",\"@id\":\"https:\/\/www.cpvenice.com\/fr\/servizi\/temporary-office\/#breadcrumb\",\"itemListElement\":[{\"@type\":\"ListItem\",\"position\":1,\"name\":\"Home\",\"item\":\"https:\/\/www.cpvenice.com\/fr\/\"},{\"@type\":\"ListItem\",\"position\":2,\"name\":\"Services\",\"item\":\"https:\/\/www.cpvenice.com\/fr\/servizi\/\"},{\"@type\":\"ListItem\",\"position\":3,\"name\":\"Temporary Offices\"}]},{\"@type\":\"WebSite\",\"@id\":\"https:\/\/www.cpvenice.com\/fr\/#website\",\"url\":\"https:\/\/www.cpvenice.com\/fr\/\",\"name\":\"Crowne Plaza Venice East\",\"description\":\"Just another ms.decms.eu site\",\"potentialAction\":[{\"@type\":\"SearchAction\",\"target\":{\"@type\":\"EntryPoint\",\"urlTemplate\":\"https:\/\/www.cpvenice.com\/fr\/?s={search_term_string}\"},\"query-input\":{\"@type\":\"PropertyValueSpecification\",\"valueRequired\":true,\"valueName\":\"search_term_string\"}}],\"inLanguage\":\"fr-FR\"}]}<\/script>\n<!-- \/ Yoast SEO plugin. -->","yoast_head_json":{"title":"Home office : espaces smart working | Crowne Plaza Venice","description":"Nous avons dot\u00e9 notre h\u00f4tel d\u2019espaces priv\u00e9s pour le smart working. Venez d\u00e9couvrir nos Temporary Office \u00e0 l'Hotel Crowne Plaza Venice.","robots":{"index":"index","follow":"follow","max-snippet":"max-snippet:-1","max-image-preview":"max-image-preview:large","max-video-preview":"max-video-preview:-1"},"canonical":"https:\/\/www.cpvenice.com\/fr\/servizi\/temporary-office\/","og_locale":"fr_FR","og_type":"article","og_title":"Home office : espaces smart working | Crowne Plaza Venice","og_description":"Nous avons dot\u00e9 notre h\u00f4tel d\u2019espaces priv\u00e9s pour le smart working. Venez d\u00e9couvrir nos Temporary Office \u00e0 l'Hotel Crowne Plaza Venice.","og_url":"https:\/\/www.cpvenice.com\/fr\/servizi\/temporary-office\/","og_site_name":"Crowne Plaza Venice East","article_modified_time":"2024-05-07T10:03:59+00:00","og_image":[{"width":2200,"height":1200,"url":"https:\/\/www.cpvenice.com\/wp-content\/uploads\/sites\/365\/2021\/12\/Crowne-Plaza-Venice-East-Rooms-Standard-Room-King-Accessible-bed.jpg","type":"image\/jpeg"}],"twitter_card":"summary_large_image","twitter_misc":{"Dur\u00e9e de lecture estim\u00e9e":"1 minute"},"schema":{"@context":"https:\/\/schema.org","@graph":[{"@type":"WebPage","@id":"https:\/\/www.cpvenice.com\/fr\/servizi\/temporary-office\/","url":"https:\/\/www.cpvenice.com\/fr\/servizi\/temporary-office\/","name":"Home office : espaces smart working | Crowne Plaza Venice","isPartOf":{"@id":"https:\/\/www.cpvenice.com\/fr\/#website"},"datePublished":"2021-10-21T09:25:03+00:00","dateModified":"2024-05-07T10:03:59+00:00","description":"Nous avons dot\u00e9 notre h\u00f4tel d\u2019espaces priv\u00e9s pour le smart working. Venez d\u00e9couvrir nos Temporary Office \u00e0 l'Hotel Crowne Plaza Venice.","breadcrumb":{"@id":"https:\/\/www.cpvenice.com\/fr\/servizi\/temporary-office\/#breadcrumb"},"inLanguage":"fr-FR","potentialAction":[{"@type":"ReadAction","target":["https:\/\/www.cpvenice.com\/fr\/servizi\/temporary-office\/"]}]},{"@type":"BreadcrumbList","@id":"https:\/\/www.cpvenice.com\/fr\/servizi\/temporary-office\/#breadcrumb","itemListElement":[{"@type":"ListItem","position":1,"name":"Home","item":"https:\/\/www.cpvenice.com\/fr\/"},{"@type":"ListItem","position":2,"name":"Services","item":"https:\/\/www.cpvenice.com\/fr\/servizi\/"},{"@type":"ListItem","position":3,"name":"Temporary Offices"}]},{"@type":"WebSite","@id":"https:\/\/www.cpvenice.com\/fr\/#website","url":"https:\/\/www.cpvenice.com\/fr\/","name":"Crowne Plaza Venice East","description":"Just another ms.decms.eu site","potentialAction":[{"@type":"SearchAction","target":{"@type":"EntryPoint","urlTemplate":"https:\/\/www.cpvenice.com\/fr\/?s={search_term_string}"},"query-input":{"@type":"PropertyValueSpecification","valueRequired":true,"valueName":"search_term_string"}}],"inLanguage":"fr-FR"}]}},"acf":[],"_links":{"self":[{"href":"https:\/\/www.cpvenice.com\/fr\/wp-json\/wp\/v2\/pages\/761","targetHints":{"allow":["GET"]}}],"collection":[{"href":"https:\/\/www.cpvenice.com\/fr\/wp-json\/wp\/v2\/pages"}],"about":[{"href":"https:\/\/www.cpvenice.com\/fr\/wp-json\/wp\/v2\/types\/page"}],"author":[{"embeddable":true,"href":"https:\/\/www.cpvenice.com\/fr\/wp-json\/wp\/v2\/users\/36"}],"replies":[{"embeddable":true,"href":"https:\/\/www.cpvenice.com\/fr\/wp-json\/wp\/v2\/comments?post=761"}],"version-history":[{"count":0,"href":"https:\/\/www.cpvenice.com\/fr\/wp-json\/wp\/v2\/pages\/761\/revisions"}],"up":[{"embeddable":true,"href":"https:\/\/www.cpvenice.com\/fr\/wp-json\/wp\/v2\/pages\/755"}],"wp:attachment":[{"href":"https:\/\/www.cpvenice.com\/fr\/wp-json\/wp\/v2\/media?parent=761"}],"curies":[{"name":"wp","href":"https:\/\/api.w.org\/{rel}","templated":true}]}}