{"id":763,"date":"2021-10-21T10:10:54","date_gmt":"2021-10-21T10:10:54","guid":{"rendered":"https:\/\/www.cpvenice.com\/servizi\/servizio-navetta\/"},"modified":"2024-04-23T14:25:08","modified_gmt":"2024-04-23T14:25:08","slug":"service-de-navette","status":"publish","type":"page","link":"https:\/\/www.cpvenice.com\/fr\/servizi\/service-de-navette\/","title":{"rendered":"Service de navette"},"content":{"rendered":"<p>Vous recherchez un <strong>h\u00f4tel id\u00e9alement situ\u00e9<\/strong> pour rejoindre facilement l&rsquo;a\u00e9roport Marco Polo de Venise? L&rsquo;Hotel 4 \u00e9toiles Crowne Plaza Venice East de Quarto d&rsquo;Altino est la solution id\u00e9ale, gr\u00e2ce \u00e0 son <strong>service de navette gratuite vers\/depuis l&rsquo;a\u00e9roport Marco Polo de Venise. <\/strong><\/p>\n<p>Nous rappelons \u00e0 nos h\u00f4tes que le service de navette est disponible \u00e0 heures fixes (de 5 h \u00e0 23 h env.).  <strong>ATTENTION :<\/strong> <strong>Le service de navette est disponible uniquement sur r\u00e9servation. Merci de nous indiquer l&rsquo;horaire des vols un minimum de 24 heures \u00e0 l&rsquo;avance en contactant la r\u00e9ception par e-mail.<\/strong> Notre navette dispose d\u2019un nombre de places limit\u00e9es, alors ne tardez pas \u00e0 faire votre r\u00e9servation par e-mail.<\/p>\n<p>En outre, faire le choix du Crowne Plaza Venice East vous permet de b\u00e9n\u00e9ficier de nombreux services 4 \u00e9toiles pour rendre votre s\u00e9jour encore plus confortable, notamment un <strong>parking ext\u00e9rieur gratuit<\/strong>.<\/p>\n","protected":false},"excerpt":{"rendered":"<p>Vous recherchez un h\u00f4tel id\u00e9alement situ\u00e9 pour rejoindre facilement l&rsquo;a\u00e9roport Marco Polo de Venise? L&rsquo;Hotel 4 \u00e9toiles Crowne Plaza Venice East de Quarto d&rsquo;Altino est la solution id\u00e9ale, gr\u00e2ce \u00e0 son service de navette gratuite vers\/depuis l&rsquo;a\u00e9roport Marco Polo de Venise. Nous rappelons \u00e0 nos h\u00f4tes que le service de navette est disponible \u00e0 heures [&hellip;]<\/p>\n","protected":false},"author":36,"featured_media":0,"parent":755,"menu_order":25,"comment_status":"closed","ping_status":"closed","template":"template-default-2.php","meta":{"footnotes":""},"class_list":["post-763","page","type-page","status-publish","hentry"],"yoast_head":"<!-- This site is optimized with the Yoast SEO plugin v26.9 - https:\/\/yoast.com\/product\/yoast-seo-wordpress\/ -->\n<title>Transfert gratuit a\u00e9roport et port Venise | Hotel Crowne Plaza<\/title>\n<meta name=\"description\" content=\"Profitez de nos transferts depuis et vers le port et l&#039;a\u00e9roport Marco Polo de Venise ! Un service exclusif r\u00e9serv\u00e9 aux h\u00f4tes de l&#039;Hotel Crowne Plaza.\" \/>\n<meta name=\"robots\" content=\"index, follow, max-snippet:-1, max-image-preview:large, max-video-preview:-1\" \/>\n<link rel=\"canonical\" href=\"https:\/\/www.cpvenice.com\/fr\/servizi\/service-de-navette\/\" \/>\n<meta property=\"og:locale\" content=\"fr_FR\" \/>\n<meta property=\"og:type\" content=\"article\" \/>\n<meta property=\"og:title\" content=\"Transfert gratuit a\u00e9roport et port Venise | Hotel Crowne Plaza\" \/>\n<meta property=\"og:description\" content=\"Profitez de nos transferts depuis et vers le port et l&#039;a\u00e9roport Marco Polo de Venise ! Un service exclusif r\u00e9serv\u00e9 aux h\u00f4tes de l&#039;Hotel Crowne Plaza.\" \/>\n<meta property=\"og:url\" content=\"https:\/\/www.cpvenice.com\/fr\/servizi\/service-de-navette\/\" \/>\n<meta property=\"og:site_name\" content=\"Crowne Plaza Venice East\" \/>\n<meta property=\"article:modified_time\" content=\"2024-04-23T14:25:08+00:00\" \/>\n<meta property=\"og:image\" content=\"https:\/\/www.cpvenice.com\/wp-content\/uploads\/sites\/365\/2021\/12\/Crowne-Plaza-Venice-East-Rooms-Standard-Room-King-Accessible-bed.jpg\" \/>\n\t<meta property=\"og:image:width\" content=\"2200\" \/>\n\t<meta property=\"og:image:height\" content=\"1200\" \/>\n\t<meta property=\"og:image:type\" content=\"image\/jpeg\" \/>\n<meta name=\"twitter:card\" content=\"summary_large_image\" \/>\n<meta name=\"twitter:label1\" content=\"Dur\u00e9e de lecture estim\u00e9e\" \/>\n\t<meta name=\"twitter:data1\" content=\"1 minute\" \/>\n<script type=\"application\/ld+json\" class=\"yoast-schema-graph\">{\"@context\":\"https:\/\/schema.org\",\"@graph\":[{\"@type\":\"WebPage\",\"@id\":\"https:\/\/www.cpvenice.com\/fr\/servizi\/service-de-navette\/\",\"url\":\"https:\/\/www.cpvenice.com\/fr\/servizi\/service-de-navette\/\",\"name\":\"Transfert gratuit a\u00e9roport et port Venise | Hotel Crowne Plaza\",\"isPartOf\":{\"@id\":\"https:\/\/www.cpvenice.com\/fr\/#website\"},\"datePublished\":\"2021-10-21T10:10:54+00:00\",\"dateModified\":\"2024-04-23T14:25:08+00:00\",\"description\":\"Profitez de nos transferts depuis et vers le port et l'a\u00e9roport Marco Polo de Venise ! Un service exclusif r\u00e9serv\u00e9 aux h\u00f4tes de l'Hotel Crowne Plaza.\",\"breadcrumb\":{\"@id\":\"https:\/\/www.cpvenice.com\/fr\/servizi\/service-de-navette\/#breadcrumb\"},\"inLanguage\":\"fr-FR\",\"potentialAction\":[{\"@type\":\"ReadAction\",\"target\":[\"https:\/\/www.cpvenice.com\/fr\/servizi\/service-de-navette\/\"]}]},{\"@type\":\"BreadcrumbList\",\"@id\":\"https:\/\/www.cpvenice.com\/fr\/servizi\/service-de-navette\/#breadcrumb\",\"itemListElement\":[{\"@type\":\"ListItem\",\"position\":1,\"name\":\"Home\",\"item\":\"https:\/\/www.cpvenice.com\/fr\/\"},{\"@type\":\"ListItem\",\"position\":2,\"name\":\"Services\",\"item\":\"https:\/\/www.cpvenice.com\/fr\/servizi\/\"},{\"@type\":\"ListItem\",\"position\":3,\"name\":\"Service de navette\"}]},{\"@type\":\"WebSite\",\"@id\":\"https:\/\/www.cpvenice.com\/fr\/#website\",\"url\":\"https:\/\/www.cpvenice.com\/fr\/\",\"name\":\"Crowne Plaza Venice East\",\"description\":\"Just another ms.decms.eu site\",\"potentialAction\":[{\"@type\":\"SearchAction\",\"target\":{\"@type\":\"EntryPoint\",\"urlTemplate\":\"https:\/\/www.cpvenice.com\/fr\/?s={search_term_string}\"},\"query-input\":{\"@type\":\"PropertyValueSpecification\",\"valueRequired\":true,\"valueName\":\"search_term_string\"}}],\"inLanguage\":\"fr-FR\"}]}<\/script>\n<!-- \/ Yoast SEO plugin. -->","yoast_head_json":{"title":"Transfert gratuit a\u00e9roport et port Venise | Hotel Crowne Plaza","description":"Profitez de nos transferts depuis et vers le port et l'a\u00e9roport Marco Polo de Venise ! Un service exclusif r\u00e9serv\u00e9 aux h\u00f4tes de l'Hotel Crowne Plaza.","robots":{"index":"index","follow":"follow","max-snippet":"max-snippet:-1","max-image-preview":"max-image-preview:large","max-video-preview":"max-video-preview:-1"},"canonical":"https:\/\/www.cpvenice.com\/fr\/servizi\/service-de-navette\/","og_locale":"fr_FR","og_type":"article","og_title":"Transfert gratuit a\u00e9roport et port Venise | Hotel Crowne Plaza","og_description":"Profitez de nos transferts depuis et vers le port et l'a\u00e9roport Marco Polo de Venise ! Un service exclusif r\u00e9serv\u00e9 aux h\u00f4tes de l'Hotel Crowne Plaza.","og_url":"https:\/\/www.cpvenice.com\/fr\/servizi\/service-de-navette\/","og_site_name":"Crowne Plaza Venice East","article_modified_time":"2024-04-23T14:25:08+00:00","og_image":[{"width":2200,"height":1200,"url":"https:\/\/www.cpvenice.com\/wp-content\/uploads\/sites\/365\/2021\/12\/Crowne-Plaza-Venice-East-Rooms-Standard-Room-King-Accessible-bed.jpg","type":"image\/jpeg"}],"twitter_card":"summary_large_image","twitter_misc":{"Dur\u00e9e de lecture estim\u00e9e":"1 minute"},"schema":{"@context":"https:\/\/schema.org","@graph":[{"@type":"WebPage","@id":"https:\/\/www.cpvenice.com\/fr\/servizi\/service-de-navette\/","url":"https:\/\/www.cpvenice.com\/fr\/servizi\/service-de-navette\/","name":"Transfert gratuit a\u00e9roport et port Venise | Hotel Crowne Plaza","isPartOf":{"@id":"https:\/\/www.cpvenice.com\/fr\/#website"},"datePublished":"2021-10-21T10:10:54+00:00","dateModified":"2024-04-23T14:25:08+00:00","description":"Profitez de nos transferts depuis et vers le port et l'a\u00e9roport Marco Polo de Venise ! Un service exclusif r\u00e9serv\u00e9 aux h\u00f4tes de l'Hotel Crowne Plaza.","breadcrumb":{"@id":"https:\/\/www.cpvenice.com\/fr\/servizi\/service-de-navette\/#breadcrumb"},"inLanguage":"fr-FR","potentialAction":[{"@type":"ReadAction","target":["https:\/\/www.cpvenice.com\/fr\/servizi\/service-de-navette\/"]}]},{"@type":"BreadcrumbList","@id":"https:\/\/www.cpvenice.com\/fr\/servizi\/service-de-navette\/#breadcrumb","itemListElement":[{"@type":"ListItem","position":1,"name":"Home","item":"https:\/\/www.cpvenice.com\/fr\/"},{"@type":"ListItem","position":2,"name":"Services","item":"https:\/\/www.cpvenice.com\/fr\/servizi\/"},{"@type":"ListItem","position":3,"name":"Service de navette"}]},{"@type":"WebSite","@id":"https:\/\/www.cpvenice.com\/fr\/#website","url":"https:\/\/www.cpvenice.com\/fr\/","name":"Crowne Plaza Venice East","description":"Just another ms.decms.eu site","potentialAction":[{"@type":"SearchAction","target":{"@type":"EntryPoint","urlTemplate":"https:\/\/www.cpvenice.com\/fr\/?s={search_term_string}"},"query-input":{"@type":"PropertyValueSpecification","valueRequired":true,"valueName":"search_term_string"}}],"inLanguage":"fr-FR"}]}},"acf":[],"_links":{"self":[{"href":"https:\/\/www.cpvenice.com\/fr\/wp-json\/wp\/v2\/pages\/763","targetHints":{"allow":["GET"]}}],"collection":[{"href":"https:\/\/www.cpvenice.com\/fr\/wp-json\/wp\/v2\/pages"}],"about":[{"href":"https:\/\/www.cpvenice.com\/fr\/wp-json\/wp\/v2\/types\/page"}],"author":[{"embeddable":true,"href":"https:\/\/www.cpvenice.com\/fr\/wp-json\/wp\/v2\/users\/36"}],"replies":[{"embeddable":true,"href":"https:\/\/www.cpvenice.com\/fr\/wp-json\/wp\/v2\/comments?post=763"}],"version-history":[{"count":0,"href":"https:\/\/www.cpvenice.com\/fr\/wp-json\/wp\/v2\/pages\/763\/revisions"}],"up":[{"embeddable":true,"href":"https:\/\/www.cpvenice.com\/fr\/wp-json\/wp\/v2\/pages\/755"}],"wp:attachment":[{"href":"https:\/\/www.cpvenice.com\/fr\/wp-json\/wp\/v2\/media?parent=763"}],"curies":[{"name":"wp","href":"https:\/\/api.w.org\/{rel}","templated":true}]}}