{"id":765,"date":"2021-10-15T13:29:18","date_gmt":"2021-10-15T13:29:18","guid":{"rendered":"https:\/\/www.cpvenice.com\/meeting-ed-eventi\/"},"modified":"2024-05-07T08:16:42","modified_gmt":"2024-05-07T08:16:42","slug":"meeting-evenements","status":"publish","type":"page","link":"https:\/\/www.cpvenice.com\/fr\/meeting-evenements\/","title":{"rendered":"Meeting &#038; \u00c9v\u00e9nements"},"content":{"rendered":"<p>Vous cherchez le lieu id\u00e9al pour organiser votre prochain <strong>\u00e9v\u00e9nement \u00e0 Venise &#8211; Quarto d&rsquo;Altino<\/strong>? Avec ses <strong>services 4 \u00e9toiles<\/strong> et son centre de conf\u00e9rence \u00e9quip\u00e9 de <strong>6 salles modulables<\/strong>, l&rsquo;Hotel Crowne Plaza Venice East est la solution id\u00e9ale !<\/p>\n<p><strong>Une r\u00e9union de grande envergure, ou plus intimiste, une exposition, un banquet, des sessions de formation ou un \u00e9v\u00e9nement hybride<\/strong>: quels que soient vos besoins, nos espaces modernes et \u00e9l\u00e9gants sont \u00e0 m\u00eame d\u2019y r\u00e9pondre.<\/p>\n<p>Avec ses environnements multiples, le centre peut accueillir<strong> jusqu&rsquo;\u00e0 250 personnes<\/strong> et toutes les salles disposent d&rsquo;une <strong>connexion Wi-Fi rapide<\/strong>et d&rsquo;un \u00e9quipement de pointe. Qu&rsquo;attendez-vous ? Faites confiance \u00e0 notre \u00e9quipe professionnelle pour organiser votre prochain \u00e9v\u00e9nement et d\u00e9couvrez tous les services qui vous sont d\u00e9di\u00e9s.<\/p>\n","protected":false},"excerpt":{"rendered":"<p>Vous cherchez le lieu id\u00e9al pour organiser votre prochain \u00e9v\u00e9nement \u00e0 Venise &#8211; Quarto d&rsquo;Altino? Avec ses services 4 \u00e9toiles et son centre de conf\u00e9rence \u00e9quip\u00e9 de 6 salles modulables, l&rsquo;Hotel Crowne Plaza Venice East est la solution id\u00e9ale ! Une r\u00e9union de grande envergure, ou plus intimiste, une exposition, un banquet, des sessions de [&hellip;]<\/p>\n","protected":false},"author":36,"featured_media":0,"parent":0,"menu_order":20,"comment_status":"closed","ping_status":"closed","template":"template-meeting.php","meta":{"footnotes":""},"class_list":["post-765","page","type-page","status-publish","hentry"],"yoast_head":"<!-- This site is optimized with the Yoast SEO plugin v26.9 - https:\/\/yoast.com\/product\/yoast-seo-wordpress\/ -->\n<title>R\u00e9unions et \u00e9v\u00e9nements priv\u00e9s et d&#039;entreprise | Crowne Plaza Venice<\/title>\n<meta name=\"description\" content=\"Six salles de r\u00e9union, modernes et lumineuses, pouvant accueillir jusqu&#039;\u00e0 400 personnes. Organisez ici votre prochaine r\u00e9union ou \u00e9v\u00e9nement ! Contactez-nous.\" \/>\n<meta name=\"robots\" content=\"index, follow, max-snippet:-1, max-image-preview:large, max-video-preview:-1\" \/>\n<link rel=\"canonical\" href=\"https:\/\/www.cpvenice.com\/fr\/meeting-evenements\/\" \/>\n<meta property=\"og:locale\" content=\"fr_FR\" \/>\n<meta property=\"og:type\" content=\"article\" \/>\n<meta property=\"og:title\" content=\"R\u00e9unions et \u00e9v\u00e9nements priv\u00e9s et d&#039;entreprise | Crowne Plaza Venice\" \/>\n<meta property=\"og:description\" content=\"Six salles de r\u00e9union, modernes et lumineuses, pouvant accueillir jusqu&#039;\u00e0 400 personnes. Organisez ici votre prochaine r\u00e9union ou \u00e9v\u00e9nement ! Contactez-nous.\" \/>\n<meta property=\"og:url\" content=\"https:\/\/www.cpvenice.com\/fr\/meeting-evenements\/\" \/>\n<meta property=\"og:site_name\" content=\"Crowne Plaza Venice East\" \/>\n<meta property=\"article:modified_time\" content=\"2024-05-07T08:16:42+00:00\" \/>\n<meta property=\"og:image\" content=\"https:\/\/www.cpvenice.com\/wp-content\/uploads\/sites\/365\/2021\/12\/Crowne-Plaza-Venice-East-Rooms-Standard-Room-King-Accessible-bed.jpg\" \/>\n\t<meta property=\"og:image:width\" content=\"2200\" \/>\n\t<meta property=\"og:image:height\" content=\"1200\" \/>\n\t<meta property=\"og:image:type\" content=\"image\/jpeg\" \/>\n<meta name=\"twitter:card\" content=\"summary_large_image\" \/>\n<meta name=\"twitter:label1\" content=\"Dur\u00e9e de lecture estim\u00e9e\" \/>\n\t<meta name=\"twitter:data1\" content=\"1 minute\" \/>\n<script type=\"application\/ld+json\" class=\"yoast-schema-graph\">{\"@context\":\"https:\/\/schema.org\",\"@graph\":[{\"@type\":\"WebPage\",\"@id\":\"https:\/\/www.cpvenice.com\/fr\/meeting-evenements\/\",\"url\":\"https:\/\/www.cpvenice.com\/fr\/meeting-evenements\/\",\"name\":\"R\u00e9unions et \u00e9v\u00e9nements priv\u00e9s et d'entreprise | Crowne Plaza Venice\",\"isPartOf\":{\"@id\":\"https:\/\/www.cpvenice.com\/fr\/#website\"},\"datePublished\":\"2021-10-15T13:29:18+00:00\",\"dateModified\":\"2024-05-07T08:16:42+00:00\",\"description\":\"Six salles de r\u00e9union, modernes et lumineuses, pouvant accueillir jusqu'\u00e0 400 personnes. Organisez ici votre prochaine r\u00e9union ou \u00e9v\u00e9nement ! Contactez-nous.\",\"breadcrumb\":{\"@id\":\"https:\/\/www.cpvenice.com\/fr\/meeting-evenements\/#breadcrumb\"},\"inLanguage\":\"fr-FR\",\"potentialAction\":[{\"@type\":\"ReadAction\",\"target\":[\"https:\/\/www.cpvenice.com\/fr\/meeting-evenements\/\"]}]},{\"@type\":\"BreadcrumbList\",\"@id\":\"https:\/\/www.cpvenice.com\/fr\/meeting-evenements\/#breadcrumb\",\"itemListElement\":[{\"@type\":\"ListItem\",\"position\":1,\"name\":\"Home\",\"item\":\"https:\/\/www.cpvenice.com\/fr\/\"},{\"@type\":\"ListItem\",\"position\":2,\"name\":\"Meeting &#038; \u00c9v\u00e9nements\"}]},{\"@type\":\"WebSite\",\"@id\":\"https:\/\/www.cpvenice.com\/fr\/#website\",\"url\":\"https:\/\/www.cpvenice.com\/fr\/\",\"name\":\"Crowne Plaza Venice East\",\"description\":\"Just another ms.decms.eu site\",\"potentialAction\":[{\"@type\":\"SearchAction\",\"target\":{\"@type\":\"EntryPoint\",\"urlTemplate\":\"https:\/\/www.cpvenice.com\/fr\/?s={search_term_string}\"},\"query-input\":{\"@type\":\"PropertyValueSpecification\",\"valueRequired\":true,\"valueName\":\"search_term_string\"}}],\"inLanguage\":\"fr-FR\"}]}<\/script>\n<!-- \/ Yoast SEO plugin. -->","yoast_head_json":{"title":"R\u00e9unions et \u00e9v\u00e9nements priv\u00e9s et d'entreprise | Crowne Plaza Venice","description":"Six salles de r\u00e9union, modernes et lumineuses, pouvant accueillir jusqu'\u00e0 400 personnes. Organisez ici votre prochaine r\u00e9union ou \u00e9v\u00e9nement ! Contactez-nous.","robots":{"index":"index","follow":"follow","max-snippet":"max-snippet:-1","max-image-preview":"max-image-preview:large","max-video-preview":"max-video-preview:-1"},"canonical":"https:\/\/www.cpvenice.com\/fr\/meeting-evenements\/","og_locale":"fr_FR","og_type":"article","og_title":"R\u00e9unions et \u00e9v\u00e9nements priv\u00e9s et d'entreprise | Crowne Plaza Venice","og_description":"Six salles de r\u00e9union, modernes et lumineuses, pouvant accueillir jusqu'\u00e0 400 personnes. Organisez ici votre prochaine r\u00e9union ou \u00e9v\u00e9nement ! Contactez-nous.","og_url":"https:\/\/www.cpvenice.com\/fr\/meeting-evenements\/","og_site_name":"Crowne Plaza Venice East","article_modified_time":"2024-05-07T08:16:42+00:00","og_image":[{"width":2200,"height":1200,"url":"https:\/\/www.cpvenice.com\/wp-content\/uploads\/sites\/365\/2021\/12\/Crowne-Plaza-Venice-East-Rooms-Standard-Room-King-Accessible-bed.jpg","type":"image\/jpeg"}],"twitter_card":"summary_large_image","twitter_misc":{"Dur\u00e9e de lecture estim\u00e9e":"1 minute"},"schema":{"@context":"https:\/\/schema.org","@graph":[{"@type":"WebPage","@id":"https:\/\/www.cpvenice.com\/fr\/meeting-evenements\/","url":"https:\/\/www.cpvenice.com\/fr\/meeting-evenements\/","name":"R\u00e9unions et \u00e9v\u00e9nements priv\u00e9s et d'entreprise | Crowne Plaza Venice","isPartOf":{"@id":"https:\/\/www.cpvenice.com\/fr\/#website"},"datePublished":"2021-10-15T13:29:18+00:00","dateModified":"2024-05-07T08:16:42+00:00","description":"Six salles de r\u00e9union, modernes et lumineuses, pouvant accueillir jusqu'\u00e0 400 personnes. Organisez ici votre prochaine r\u00e9union ou \u00e9v\u00e9nement ! Contactez-nous.","breadcrumb":{"@id":"https:\/\/www.cpvenice.com\/fr\/meeting-evenements\/#breadcrumb"},"inLanguage":"fr-FR","potentialAction":[{"@type":"ReadAction","target":["https:\/\/www.cpvenice.com\/fr\/meeting-evenements\/"]}]},{"@type":"BreadcrumbList","@id":"https:\/\/www.cpvenice.com\/fr\/meeting-evenements\/#breadcrumb","itemListElement":[{"@type":"ListItem","position":1,"name":"Home","item":"https:\/\/www.cpvenice.com\/fr\/"},{"@type":"ListItem","position":2,"name":"Meeting &#038; \u00c9v\u00e9nements"}]},{"@type":"WebSite","@id":"https:\/\/www.cpvenice.com\/fr\/#website","url":"https:\/\/www.cpvenice.com\/fr\/","name":"Crowne Plaza Venice East","description":"Just another ms.decms.eu site","potentialAction":[{"@type":"SearchAction","target":{"@type":"EntryPoint","urlTemplate":"https:\/\/www.cpvenice.com\/fr\/?s={search_term_string}"},"query-input":{"@type":"PropertyValueSpecification","valueRequired":true,"valueName":"search_term_string"}}],"inLanguage":"fr-FR"}]}},"acf":[],"_links":{"self":[{"href":"https:\/\/www.cpvenice.com\/fr\/wp-json\/wp\/v2\/pages\/765","targetHints":{"allow":["GET"]}}],"collection":[{"href":"https:\/\/www.cpvenice.com\/fr\/wp-json\/wp\/v2\/pages"}],"about":[{"href":"https:\/\/www.cpvenice.com\/fr\/wp-json\/wp\/v2\/types\/page"}],"author":[{"embeddable":true,"href":"https:\/\/www.cpvenice.com\/fr\/wp-json\/wp\/v2\/users\/36"}],"replies":[{"embeddable":true,"href":"https:\/\/www.cpvenice.com\/fr\/wp-json\/wp\/v2\/comments?post=765"}],"version-history":[{"count":0,"href":"https:\/\/www.cpvenice.com\/fr\/wp-json\/wp\/v2\/pages\/765\/revisions"}],"wp:attachment":[{"href":"https:\/\/www.cpvenice.com\/fr\/wp-json\/wp\/v2\/media?parent=765"}],"curies":[{"name":"wp","href":"https:\/\/api.w.org\/{rel}","templated":true}]}}