{"id":767,"date":"2021-10-15T14:05:52","date_gmt":"2021-10-15T14:05:52","guid":{"rendered":"https:\/\/www.cpvenice.com\/meeting-evenements\/le-sale\/"},"modified":"2024-05-09T12:40:01","modified_gmt":"2024-05-09T12:40:01","slug":"les-salles","status":"publish","type":"page","link":"https:\/\/www.cpvenice.com\/fr\/meeting-evenements\/les-salles\/","title":{"rendered":"Les Salles"},"content":{"rendered":"<p>Les espaces \u00e9v\u00e9nementiels de l&rsquo;Hotel 4 \u00e9toiles Crowne Plaza Venice East de Quarto d&rsquo;Altino sont tous situ\u00e9s au <strong>rez-de-chauss\u00e9e<\/strong>, baign\u00e9s de <strong>lumi\u00e8re naturelle<\/strong> et <strong>modulables<\/strong> pour r\u00e9pondre aux exigences de vos divers \u00e9v\u00e9nements professionnels.<\/p>\n<p>Dot\u00e9es d&rsquo; <strong>\u00e9quipements de pointe <\/strong> &#8211; <strong>syst\u00e8me audio-vid\u00e9o, vid\u00e9oprojecteurs, tableaux \u00e0 feuilles mobiles, amplificateurs audio, tables de mixage et microphones<\/strong> haute performance &#8211; les salles de notre centre de conf\u00e9rence vous offrent une solution polyvalente et r\u00e9pondent aux exigences organisationnelles des \u00e9v\u00e9nements de nouvelle g\u00e9n\u00e9ration.<\/p>\n<p>L&rsquo;offre est compl\u00e9t\u00e9e par une <strong>\u00e9quipe professionnelle d\u00e9di\u00e9e <\/strong> qui vous assiste dans l\u2019organisation de chaque d\u00e9tail de votre \u00e9v\u00e9nement \u00e0 Venise &#8211; Quarto d&rsquo;Altino et par tous les <strong>services exclusifs de notre h\u00f4tel 4 \u00e9toiles.<\/strong>.<\/p>\n","protected":false},"excerpt":{"rendered":"<p>Les espaces \u00e9v\u00e9nementiels de l&rsquo;Hotel 4 \u00e9toiles Crowne Plaza Venice East de Quarto d&rsquo;Altino sont tous situ\u00e9s au rez-de-chauss\u00e9e, baign\u00e9s de lumi\u00e8re naturelle et modulables pour r\u00e9pondre aux exigences de vos divers \u00e9v\u00e9nements professionnels. Dot\u00e9es d&rsquo; \u00e9quipements de pointe &#8211; syst\u00e8me audio-vid\u00e9o, vid\u00e9oprojecteurs, tableaux \u00e0 feuilles mobiles, amplificateurs audio, tables de mixage et microphones haute [&hellip;]<\/p>\n","protected":false},"author":36,"featured_media":0,"parent":765,"menu_order":5,"comment_status":"closed","ping_status":"closed","template":"template-default-3.php","meta":{"footnotes":""},"class_list":["post-767","page","type-page","status-publish","hentry"],"yoast_head":"<!-- This site is optimized with the Yoast SEO plugin v26.9 - https:\/\/yoast.com\/product\/yoast-seo-wordpress\/ -->\n<title>Les salles de r\u00e9union du centre de conf\u00e9rence | Crowne Plaza Venice<\/title>\n<meta name=\"description\" content=\"\u00c9quipement de nos modernes salles de r\u00e9union : Wi-Fi, fauteuils ergonomiques, vid\u00e9oprojecteurs, tableaux blancs et \u00e9crans muraux. Organisez ici votre prochain meeting !\" \/>\n<meta name=\"robots\" content=\"index, follow, max-snippet:-1, max-image-preview:large, max-video-preview:-1\" \/>\n<link rel=\"canonical\" href=\"https:\/\/www.cpvenice.com\/fr\/meeting-evenements\/les-salles\/\" \/>\n<meta property=\"og:locale\" content=\"fr_FR\" \/>\n<meta property=\"og:type\" content=\"article\" \/>\n<meta property=\"og:title\" content=\"Les salles de r\u00e9union du centre de conf\u00e9rence | Crowne Plaza Venice\" \/>\n<meta property=\"og:description\" content=\"\u00c9quipement de nos modernes salles de r\u00e9union : Wi-Fi, fauteuils ergonomiques, vid\u00e9oprojecteurs, tableaux blancs et \u00e9crans muraux. Organisez ici votre prochain meeting !\" \/>\n<meta property=\"og:url\" content=\"https:\/\/www.cpvenice.com\/fr\/meeting-evenements\/les-salles\/\" \/>\n<meta property=\"og:site_name\" content=\"Crowne Plaza Venice East\" \/>\n<meta property=\"article:modified_time\" content=\"2024-05-09T12:40:01+00:00\" \/>\n<meta property=\"og:image\" content=\"https:\/\/www.cpvenice.com\/wp-content\/uploads\/sites\/365\/2021\/12\/Crowne-Plaza-Venice-East-Rooms-Standard-Room-King-Accessible-bed.jpg\" \/>\n\t<meta property=\"og:image:width\" content=\"2200\" \/>\n\t<meta property=\"og:image:height\" content=\"1200\" \/>\n\t<meta property=\"og:image:type\" content=\"image\/jpeg\" \/>\n<meta name=\"twitter:card\" content=\"summary_large_image\" \/>\n<meta name=\"twitter:label1\" content=\"Dur\u00e9e de lecture estim\u00e9e\" \/>\n\t<meta name=\"twitter:data1\" content=\"1 minute\" \/>\n<script type=\"application\/ld+json\" class=\"yoast-schema-graph\">{\"@context\":\"https:\/\/schema.org\",\"@graph\":[{\"@type\":\"WebPage\",\"@id\":\"https:\/\/www.cpvenice.com\/fr\/meeting-evenements\/les-salles\/\",\"url\":\"https:\/\/www.cpvenice.com\/fr\/meeting-evenements\/les-salles\/\",\"name\":\"Les salles de r\u00e9union du centre de conf\u00e9rence | Crowne Plaza Venice\",\"isPartOf\":{\"@id\":\"https:\/\/www.cpvenice.com\/fr\/#website\"},\"datePublished\":\"2021-10-15T14:05:52+00:00\",\"dateModified\":\"2024-05-09T12:40:01+00:00\",\"description\":\"\u00c9quipement de nos modernes salles de r\u00e9union : Wi-Fi, fauteuils ergonomiques, vid\u00e9oprojecteurs, tableaux blancs et \u00e9crans muraux. Organisez ici votre prochain meeting !\",\"breadcrumb\":{\"@id\":\"https:\/\/www.cpvenice.com\/fr\/meeting-evenements\/les-salles\/#breadcrumb\"},\"inLanguage\":\"fr-FR\",\"potentialAction\":[{\"@type\":\"ReadAction\",\"target\":[\"https:\/\/www.cpvenice.com\/fr\/meeting-evenements\/les-salles\/\"]}]},{\"@type\":\"BreadcrumbList\",\"@id\":\"https:\/\/www.cpvenice.com\/fr\/meeting-evenements\/les-salles\/#breadcrumb\",\"itemListElement\":[{\"@type\":\"ListItem\",\"position\":1,\"name\":\"Home\",\"item\":\"https:\/\/www.cpvenice.com\/fr\/\"},{\"@type\":\"ListItem\",\"position\":2,\"name\":\"Meeting &#038; \u00c9v\u00e9nements\",\"item\":\"https:\/\/www.cpvenice.com\/fr\/meeting-evenements\/\"},{\"@type\":\"ListItem\",\"position\":3,\"name\":\"Les Salles\"}]},{\"@type\":\"WebSite\",\"@id\":\"https:\/\/www.cpvenice.com\/fr\/#website\",\"url\":\"https:\/\/www.cpvenice.com\/fr\/\",\"name\":\"Crowne Plaza Venice East\",\"description\":\"Just another ms.decms.eu site\",\"potentialAction\":[{\"@type\":\"SearchAction\",\"target\":{\"@type\":\"EntryPoint\",\"urlTemplate\":\"https:\/\/www.cpvenice.com\/fr\/?s={search_term_string}\"},\"query-input\":{\"@type\":\"PropertyValueSpecification\",\"valueRequired\":true,\"valueName\":\"search_term_string\"}}],\"inLanguage\":\"fr-FR\"}]}<\/script>\n<!-- \/ Yoast SEO plugin. -->","yoast_head_json":{"title":"Les salles de r\u00e9union du centre de conf\u00e9rence | Crowne Plaza Venice","description":"\u00c9quipement de nos modernes salles de r\u00e9union : Wi-Fi, fauteuils ergonomiques, vid\u00e9oprojecteurs, tableaux blancs et \u00e9crans muraux. Organisez ici votre prochain meeting !","robots":{"index":"index","follow":"follow","max-snippet":"max-snippet:-1","max-image-preview":"max-image-preview:large","max-video-preview":"max-video-preview:-1"},"canonical":"https:\/\/www.cpvenice.com\/fr\/meeting-evenements\/les-salles\/","og_locale":"fr_FR","og_type":"article","og_title":"Les salles de r\u00e9union du centre de conf\u00e9rence | Crowne Plaza Venice","og_description":"\u00c9quipement de nos modernes salles de r\u00e9union : Wi-Fi, fauteuils ergonomiques, vid\u00e9oprojecteurs, tableaux blancs et \u00e9crans muraux. Organisez ici votre prochain meeting !","og_url":"https:\/\/www.cpvenice.com\/fr\/meeting-evenements\/les-salles\/","og_site_name":"Crowne Plaza Venice East","article_modified_time":"2024-05-09T12:40:01+00:00","og_image":[{"width":2200,"height":1200,"url":"https:\/\/www.cpvenice.com\/wp-content\/uploads\/sites\/365\/2021\/12\/Crowne-Plaza-Venice-East-Rooms-Standard-Room-King-Accessible-bed.jpg","type":"image\/jpeg"}],"twitter_card":"summary_large_image","twitter_misc":{"Dur\u00e9e de lecture estim\u00e9e":"1 minute"},"schema":{"@context":"https:\/\/schema.org","@graph":[{"@type":"WebPage","@id":"https:\/\/www.cpvenice.com\/fr\/meeting-evenements\/les-salles\/","url":"https:\/\/www.cpvenice.com\/fr\/meeting-evenements\/les-salles\/","name":"Les salles de r\u00e9union du centre de conf\u00e9rence | Crowne Plaza Venice","isPartOf":{"@id":"https:\/\/www.cpvenice.com\/fr\/#website"},"datePublished":"2021-10-15T14:05:52+00:00","dateModified":"2024-05-09T12:40:01+00:00","description":"\u00c9quipement de nos modernes salles de r\u00e9union : Wi-Fi, fauteuils ergonomiques, vid\u00e9oprojecteurs, tableaux blancs et \u00e9crans muraux. Organisez ici votre prochain meeting !","breadcrumb":{"@id":"https:\/\/www.cpvenice.com\/fr\/meeting-evenements\/les-salles\/#breadcrumb"},"inLanguage":"fr-FR","potentialAction":[{"@type":"ReadAction","target":["https:\/\/www.cpvenice.com\/fr\/meeting-evenements\/les-salles\/"]}]},{"@type":"BreadcrumbList","@id":"https:\/\/www.cpvenice.com\/fr\/meeting-evenements\/les-salles\/#breadcrumb","itemListElement":[{"@type":"ListItem","position":1,"name":"Home","item":"https:\/\/www.cpvenice.com\/fr\/"},{"@type":"ListItem","position":2,"name":"Meeting &#038; \u00c9v\u00e9nements","item":"https:\/\/www.cpvenice.com\/fr\/meeting-evenements\/"},{"@type":"ListItem","position":3,"name":"Les Salles"}]},{"@type":"WebSite","@id":"https:\/\/www.cpvenice.com\/fr\/#website","url":"https:\/\/www.cpvenice.com\/fr\/","name":"Crowne Plaza Venice East","description":"Just another ms.decms.eu site","potentialAction":[{"@type":"SearchAction","target":{"@type":"EntryPoint","urlTemplate":"https:\/\/www.cpvenice.com\/fr\/?s={search_term_string}"},"query-input":{"@type":"PropertyValueSpecification","valueRequired":true,"valueName":"search_term_string"}}],"inLanguage":"fr-FR"}]}},"acf":[],"_links":{"self":[{"href":"https:\/\/www.cpvenice.com\/fr\/wp-json\/wp\/v2\/pages\/767","targetHints":{"allow":["GET"]}}],"collection":[{"href":"https:\/\/www.cpvenice.com\/fr\/wp-json\/wp\/v2\/pages"}],"about":[{"href":"https:\/\/www.cpvenice.com\/fr\/wp-json\/wp\/v2\/types\/page"}],"author":[{"embeddable":true,"href":"https:\/\/www.cpvenice.com\/fr\/wp-json\/wp\/v2\/users\/36"}],"replies":[{"embeddable":true,"href":"https:\/\/www.cpvenice.com\/fr\/wp-json\/wp\/v2\/comments?post=767"}],"version-history":[{"count":0,"href":"https:\/\/www.cpvenice.com\/fr\/wp-json\/wp\/v2\/pages\/767\/revisions"}],"up":[{"embeddable":true,"href":"https:\/\/www.cpvenice.com\/fr\/wp-json\/wp\/v2\/pages\/765"}],"wp:attachment":[{"href":"https:\/\/www.cpvenice.com\/fr\/wp-json\/wp\/v2\/media?parent=767"}],"curies":[{"name":"wp","href":"https:\/\/api.w.org\/{rel}","templated":true}]}}