{"id":771,"date":"2021-10-15T14:38:58","date_gmt":"2021-10-15T14:38:58","guid":{"rendered":"https:\/\/www.cpvenice.com\/meeting-evenements\/eventi-ibridi\/"},"modified":"2024-05-09T12:40:09","modified_gmt":"2024-05-09T12:40:09","slug":"evenements-hybrides","status":"publish","type":"page","link":"https:\/\/www.cpvenice.com\/fr\/meeting-evenements\/evenements-hybrides\/","title":{"rendered":"\u00c9v\u00e9nements hybrides"},"content":{"rendered":"<p>Nouvelle fronti\u00e8re de l\u2019\u00e9v\u00e9nementiel, l\u2019\u00e9v\u00e9nement hybride est d\u00e9j\u00e0 d&rsquo;actualit\u00e9 au Crowne Plaza Venice East de Quarto d&rsquo;Altino. Avec des espaces polyvalents dot\u00e9s d&rsquo;<strong>\u00e9quipements de pointe<\/strong> notre h\u00f4tel 4 \u00e9toiles est l&rsquo;endroit id\u00e9al et le plus fonctionnel pour organiser ce genre de <strong>rendez-vous \u00e0 la fois physique et virtuel<\/strong>.<\/p>\n<p>Nos services et \u00e9quipements exclusifs feront de votre \u00e9v\u00e9nement une r\u00e9ussite : des <strong>\u00e9quipements audio et vid\u00e9o de derni\u00e8re g\u00e9n\u00e9ration<\/strong>, une connexion Internet \u00e0 tr\u00e8s haut d\u00e9bit, mais surtout <strong> une \u00e9quipe d\u00e9di\u00e9e pr\u00eate \u00e0 r\u00e9pondre \u00e0 tous vos besoins<\/strong> et \u00e0 vous accompagner dans l&rsquo;organisation de votre \u00e9v\u00e9nement.<\/p>\n","protected":false},"excerpt":{"rendered":"<p>Nouvelle fronti\u00e8re de l\u2019\u00e9v\u00e9nementiel, l\u2019\u00e9v\u00e9nement hybride est d\u00e9j\u00e0 d&rsquo;actualit\u00e9 au Crowne Plaza Venice East de Quarto d&rsquo;Altino. Avec des espaces polyvalents dot\u00e9s d&rsquo;\u00e9quipements de pointe notre h\u00f4tel 4 \u00e9toiles est l&rsquo;endroit id\u00e9al et le plus fonctionnel pour organiser ce genre de rendez-vous \u00e0 la fois physique et virtuel. Nos services et \u00e9quipements exclusifs feront de [&hellip;]<\/p>\n","protected":false},"author":36,"featured_media":0,"parent":765,"menu_order":15,"comment_status":"closed","ping_status":"closed","template":"template-default-3.php","meta":{"footnotes":""},"class_list":["post-771","page","type-page","status-publish","hentry"],"yoast_head":"<!-- This site is optimized with the Yoast SEO plugin v26.9 - https:\/\/yoast.com\/product\/yoast-seo-wordpress\/ -->\n<title>\u00c9v\u00e9nements hybrides | Crowne Plaza Venice<\/title>\n<meta name=\"description\" content=\"Nos espaces et l&#039;\u00e9quipement de pointe se pr\u00eatent \u00e0 l\u2019organisation d\u2019\u00e9v\u00e9nements hybrides combinant la pr\u00e9sence physique et virtuelle de vos participants. En savoir plus !\" \/>\n<meta name=\"robots\" content=\"index, follow, max-snippet:-1, max-image-preview:large, max-video-preview:-1\" \/>\n<link rel=\"canonical\" href=\"https:\/\/www.cpvenice.com\/fr\/meeting-evenements\/evenements-hybrides\/\" \/>\n<meta property=\"og:locale\" content=\"fr_FR\" \/>\n<meta property=\"og:type\" content=\"article\" \/>\n<meta property=\"og:title\" content=\"\u00c9v\u00e9nements hybrides | Crowne Plaza Venice\" \/>\n<meta property=\"og:description\" content=\"Nos espaces et l&#039;\u00e9quipement de pointe se pr\u00eatent \u00e0 l\u2019organisation d\u2019\u00e9v\u00e9nements hybrides combinant la pr\u00e9sence physique et virtuelle de vos participants. En savoir plus !\" \/>\n<meta property=\"og:url\" content=\"https:\/\/www.cpvenice.com\/fr\/meeting-evenements\/evenements-hybrides\/\" \/>\n<meta property=\"og:site_name\" content=\"Crowne Plaza Venice East\" \/>\n<meta property=\"article:modified_time\" content=\"2024-05-09T12:40:09+00:00\" \/>\n<meta property=\"og:image\" content=\"https:\/\/www.cpvenice.com\/wp-content\/uploads\/sites\/365\/2021\/12\/Crowne-Plaza-Venice-East-Rooms-Standard-Room-King-Accessible-bed.jpg\" \/>\n\t<meta property=\"og:image:width\" content=\"2200\" \/>\n\t<meta property=\"og:image:height\" content=\"1200\" \/>\n\t<meta property=\"og:image:type\" content=\"image\/jpeg\" \/>\n<meta name=\"twitter:card\" content=\"summary_large_image\" \/>\n<meta name=\"twitter:label1\" content=\"Dur\u00e9e de lecture estim\u00e9e\" \/>\n\t<meta name=\"twitter:data1\" content=\"1 minute\" \/>\n<script type=\"application\/ld+json\" class=\"yoast-schema-graph\">{\"@context\":\"https:\/\/schema.org\",\"@graph\":[{\"@type\":\"WebPage\",\"@id\":\"https:\/\/www.cpvenice.com\/fr\/meeting-evenements\/evenements-hybrides\/\",\"url\":\"https:\/\/www.cpvenice.com\/fr\/meeting-evenements\/evenements-hybrides\/\",\"name\":\"\u00c9v\u00e9nements hybrides | Crowne Plaza Venice\",\"isPartOf\":{\"@id\":\"https:\/\/www.cpvenice.com\/fr\/#website\"},\"datePublished\":\"2021-10-15T14:38:58+00:00\",\"dateModified\":\"2024-05-09T12:40:09+00:00\",\"description\":\"Nos espaces et l'\u00e9quipement de pointe se pr\u00eatent \u00e0 l\u2019organisation d\u2019\u00e9v\u00e9nements hybrides combinant la pr\u00e9sence physique et virtuelle de vos participants. En savoir plus !\",\"breadcrumb\":{\"@id\":\"https:\/\/www.cpvenice.com\/fr\/meeting-evenements\/evenements-hybrides\/#breadcrumb\"},\"inLanguage\":\"fr-FR\",\"potentialAction\":[{\"@type\":\"ReadAction\",\"target\":[\"https:\/\/www.cpvenice.com\/fr\/meeting-evenements\/evenements-hybrides\/\"]}]},{\"@type\":\"BreadcrumbList\",\"@id\":\"https:\/\/www.cpvenice.com\/fr\/meeting-evenements\/evenements-hybrides\/#breadcrumb\",\"itemListElement\":[{\"@type\":\"ListItem\",\"position\":1,\"name\":\"Home\",\"item\":\"https:\/\/www.cpvenice.com\/fr\/\"},{\"@type\":\"ListItem\",\"position\":2,\"name\":\"Meeting &#038; \u00c9v\u00e9nements\",\"item\":\"https:\/\/www.cpvenice.com\/fr\/meeting-evenements\/\"},{\"@type\":\"ListItem\",\"position\":3,\"name\":\"\u00c9v\u00e9nements hybrides\"}]},{\"@type\":\"WebSite\",\"@id\":\"https:\/\/www.cpvenice.com\/fr\/#website\",\"url\":\"https:\/\/www.cpvenice.com\/fr\/\",\"name\":\"Crowne Plaza Venice East\",\"description\":\"Just another ms.decms.eu site\",\"potentialAction\":[{\"@type\":\"SearchAction\",\"target\":{\"@type\":\"EntryPoint\",\"urlTemplate\":\"https:\/\/www.cpvenice.com\/fr\/?s={search_term_string}\"},\"query-input\":{\"@type\":\"PropertyValueSpecification\",\"valueRequired\":true,\"valueName\":\"search_term_string\"}}],\"inLanguage\":\"fr-FR\"}]}<\/script>\n<!-- \/ Yoast SEO plugin. -->","yoast_head_json":{"title":"\u00c9v\u00e9nements hybrides | Crowne Plaza Venice","description":"Nos espaces et l'\u00e9quipement de pointe se pr\u00eatent \u00e0 l\u2019organisation d\u2019\u00e9v\u00e9nements hybrides combinant la pr\u00e9sence physique et virtuelle de vos participants. En savoir plus !","robots":{"index":"index","follow":"follow","max-snippet":"max-snippet:-1","max-image-preview":"max-image-preview:large","max-video-preview":"max-video-preview:-1"},"canonical":"https:\/\/www.cpvenice.com\/fr\/meeting-evenements\/evenements-hybrides\/","og_locale":"fr_FR","og_type":"article","og_title":"\u00c9v\u00e9nements hybrides | Crowne Plaza Venice","og_description":"Nos espaces et l'\u00e9quipement de pointe se pr\u00eatent \u00e0 l\u2019organisation d\u2019\u00e9v\u00e9nements hybrides combinant la pr\u00e9sence physique et virtuelle de vos participants. En savoir plus !","og_url":"https:\/\/www.cpvenice.com\/fr\/meeting-evenements\/evenements-hybrides\/","og_site_name":"Crowne Plaza Venice East","article_modified_time":"2024-05-09T12:40:09+00:00","og_image":[{"width":2200,"height":1200,"url":"https:\/\/www.cpvenice.com\/wp-content\/uploads\/sites\/365\/2021\/12\/Crowne-Plaza-Venice-East-Rooms-Standard-Room-King-Accessible-bed.jpg","type":"image\/jpeg"}],"twitter_card":"summary_large_image","twitter_misc":{"Dur\u00e9e de lecture estim\u00e9e":"1 minute"},"schema":{"@context":"https:\/\/schema.org","@graph":[{"@type":"WebPage","@id":"https:\/\/www.cpvenice.com\/fr\/meeting-evenements\/evenements-hybrides\/","url":"https:\/\/www.cpvenice.com\/fr\/meeting-evenements\/evenements-hybrides\/","name":"\u00c9v\u00e9nements hybrides | Crowne Plaza Venice","isPartOf":{"@id":"https:\/\/www.cpvenice.com\/fr\/#website"},"datePublished":"2021-10-15T14:38:58+00:00","dateModified":"2024-05-09T12:40:09+00:00","description":"Nos espaces et l'\u00e9quipement de pointe se pr\u00eatent \u00e0 l\u2019organisation d\u2019\u00e9v\u00e9nements hybrides combinant la pr\u00e9sence physique et virtuelle de vos participants. En savoir plus !","breadcrumb":{"@id":"https:\/\/www.cpvenice.com\/fr\/meeting-evenements\/evenements-hybrides\/#breadcrumb"},"inLanguage":"fr-FR","potentialAction":[{"@type":"ReadAction","target":["https:\/\/www.cpvenice.com\/fr\/meeting-evenements\/evenements-hybrides\/"]}]},{"@type":"BreadcrumbList","@id":"https:\/\/www.cpvenice.com\/fr\/meeting-evenements\/evenements-hybrides\/#breadcrumb","itemListElement":[{"@type":"ListItem","position":1,"name":"Home","item":"https:\/\/www.cpvenice.com\/fr\/"},{"@type":"ListItem","position":2,"name":"Meeting &#038; \u00c9v\u00e9nements","item":"https:\/\/www.cpvenice.com\/fr\/meeting-evenements\/"},{"@type":"ListItem","position":3,"name":"\u00c9v\u00e9nements hybrides"}]},{"@type":"WebSite","@id":"https:\/\/www.cpvenice.com\/fr\/#website","url":"https:\/\/www.cpvenice.com\/fr\/","name":"Crowne Plaza Venice East","description":"Just another ms.decms.eu site","potentialAction":[{"@type":"SearchAction","target":{"@type":"EntryPoint","urlTemplate":"https:\/\/www.cpvenice.com\/fr\/?s={search_term_string}"},"query-input":{"@type":"PropertyValueSpecification","valueRequired":true,"valueName":"search_term_string"}}],"inLanguage":"fr-FR"}]}},"acf":[],"_links":{"self":[{"href":"https:\/\/www.cpvenice.com\/fr\/wp-json\/wp\/v2\/pages\/771","targetHints":{"allow":["GET"]}}],"collection":[{"href":"https:\/\/www.cpvenice.com\/fr\/wp-json\/wp\/v2\/pages"}],"about":[{"href":"https:\/\/www.cpvenice.com\/fr\/wp-json\/wp\/v2\/types\/page"}],"author":[{"embeddable":true,"href":"https:\/\/www.cpvenice.com\/fr\/wp-json\/wp\/v2\/users\/36"}],"replies":[{"embeddable":true,"href":"https:\/\/www.cpvenice.com\/fr\/wp-json\/wp\/v2\/comments?post=771"}],"version-history":[{"count":0,"href":"https:\/\/www.cpvenice.com\/fr\/wp-json\/wp\/v2\/pages\/771\/revisions"}],"up":[{"embeddable":true,"href":"https:\/\/www.cpvenice.com\/fr\/wp-json\/wp\/v2\/pages\/765"}],"wp:attachment":[{"href":"https:\/\/www.cpvenice.com\/fr\/wp-json\/wp\/v2\/media?parent=771"}],"curies":[{"name":"wp","href":"https:\/\/api.w.org\/{rel}","templated":true}]}}