{"id":773,"date":"2021-10-15T15:10:16","date_gmt":"2021-10-15T15:10:16","guid":{"rendered":"https:\/\/www.cpvenice.com\/meeting-evenements\/eventi-privati-ed-aziendali\/"},"modified":"2024-05-09T12:40:14","modified_gmt":"2024-05-09T12:40:14","slug":"evenements-prives-et-dentreprise","status":"publish","type":"page","link":"https:\/\/www.cpvenice.com\/fr\/meeting-evenements\/evenements-prives-et-dentreprise\/","title":{"rendered":"\u00c9v\u00e9nements priv\u00e9s et d&rsquo;entreprise"},"content":{"rendered":"<p>Quel que soit l&rsquo;\u00e9v\u00e9nement que vous souhaitez organiser, une r\u00e9union, une f\u00eate d&rsquo;entreprise, un anniversaire, une remise de dipl\u00f4me ou une exposition, le <strong>Crowne Plaza Venice East<\/strong> de Quarto d&rsquo;Altino vous permet de conjuguer la polyvalence de ses espaces, les <strong>standards de qualit\u00e9 \u00e9lev\u00e9es<\/strong> de son h\u00f4tel 4 \u00e9toiles et l&rsquo;assistance d\u00e9di\u00e9e de son <strong> \u00e9quipe professionnelle<\/strong>.<\/p>\n<p>N&rsquo;h\u00e9sitez pas \u00e0 nous demander plus d&rsquo;informations, nous vous fournirons tous les d\u00e9tails sur nos espaces et vous conseillerons sur la meilleure fa\u00e7on de les personnaliser avec nos services pour rendre votre \u00e9v\u00e9nement absolument original et inoubliable. Pour compl\u00e9ter l&rsquo;offre, sont \u00e9galement \u00e0 votre disposition les <strong>chambres de dimensions et de cat\u00e9gories diff\u00e9rentes<\/strong>de notre h\u00f4tel 4 \u00e9toiles, les <strong>services de restauration <\/strong> de notre restaurant, notre bar interne et notre grand <strong>parking ext\u00e9rieur.<\/strong><\/p>\n","protected":false},"excerpt":{"rendered":"<p>Quel que soit l&rsquo;\u00e9v\u00e9nement que vous souhaitez organiser, une r\u00e9union, une f\u00eate d&rsquo;entreprise, un anniversaire, une remise de dipl\u00f4me ou une exposition, le Crowne Plaza Venice East de Quarto d&rsquo;Altino vous permet de conjuguer la polyvalence de ses espaces, les standards de qualit\u00e9 \u00e9lev\u00e9es de son h\u00f4tel 4 \u00e9toiles et l&rsquo;assistance d\u00e9di\u00e9e de son \u00e9quipe [&hellip;]<\/p>\n","protected":false},"author":36,"featured_media":0,"parent":765,"menu_order":20,"comment_status":"closed","ping_status":"closed","template":"template-default-3.php","meta":{"footnotes":""},"class_list":["post-773","page","type-page","status-publish","hentry"],"yoast_head":"<!-- This site is optimized with the Yoast SEO plugin v26.9 - https:\/\/yoast.com\/product\/yoast-seo-wordpress\/ -->\n<title>Organisation \u00e9v\u00e9nements priv\u00e9s et d&#039;entreprise | Crowne Plaza Venice<\/title>\n<meta name=\"description\" content=\"R\u00e9servez nos salles pour des r\u00e9unions, des activit\u00e9s culturelles, sportives et plus encore. Pour conna\u00eetre tous les d\u00e9tails, contactez l\u2019\u00e9quipe du Crowne Plaza Venise !\" \/>\n<meta name=\"robots\" content=\"index, follow, max-snippet:-1, max-image-preview:large, max-video-preview:-1\" \/>\n<link rel=\"canonical\" href=\"https:\/\/www.cpvenice.com\/fr\/meeting-evenements\/evenements-prives-et-dentreprise\/\" \/>\n<meta property=\"og:locale\" content=\"fr_FR\" \/>\n<meta property=\"og:type\" content=\"article\" \/>\n<meta property=\"og:title\" content=\"Organisation \u00e9v\u00e9nements priv\u00e9s et d&#039;entreprise | Crowne Plaza Venice\" \/>\n<meta property=\"og:description\" content=\"R\u00e9servez nos salles pour des r\u00e9unions, des activit\u00e9s culturelles, sportives et plus encore. Pour conna\u00eetre tous les d\u00e9tails, contactez l\u2019\u00e9quipe du Crowne Plaza Venise !\" \/>\n<meta property=\"og:url\" content=\"https:\/\/www.cpvenice.com\/fr\/meeting-evenements\/evenements-prives-et-dentreprise\/\" \/>\n<meta property=\"og:site_name\" content=\"Crowne Plaza Venice East\" \/>\n<meta property=\"article:modified_time\" content=\"2024-05-09T12:40:14+00:00\" \/>\n<meta property=\"og:image\" content=\"https:\/\/www.cpvenice.com\/wp-content\/uploads\/sites\/365\/2021\/12\/Crowne-Plaza-Venice-East-Rooms-Standard-Room-King-Accessible-bed.jpg\" \/>\n\t<meta property=\"og:image:width\" content=\"2200\" \/>\n\t<meta property=\"og:image:height\" content=\"1200\" \/>\n\t<meta property=\"og:image:type\" content=\"image\/jpeg\" \/>\n<meta name=\"twitter:card\" content=\"summary_large_image\" \/>\n<meta name=\"twitter:label1\" content=\"Dur\u00e9e de lecture estim\u00e9e\" \/>\n\t<meta name=\"twitter:data1\" content=\"1 minute\" \/>\n<script type=\"application\/ld+json\" class=\"yoast-schema-graph\">{\"@context\":\"https:\/\/schema.org\",\"@graph\":[{\"@type\":\"WebPage\",\"@id\":\"https:\/\/www.cpvenice.com\/fr\/meeting-evenements\/evenements-prives-et-dentreprise\/\",\"url\":\"https:\/\/www.cpvenice.com\/fr\/meeting-evenements\/evenements-prives-et-dentreprise\/\",\"name\":\"Organisation \u00e9v\u00e9nements priv\u00e9s et d'entreprise | Crowne Plaza Venice\",\"isPartOf\":{\"@id\":\"https:\/\/www.cpvenice.com\/fr\/#website\"},\"datePublished\":\"2021-10-15T15:10:16+00:00\",\"dateModified\":\"2024-05-09T12:40:14+00:00\",\"description\":\"R\u00e9servez nos salles pour des r\u00e9unions, des activit\u00e9s culturelles, sportives et plus encore. Pour conna\u00eetre tous les d\u00e9tails, contactez l\u2019\u00e9quipe du Crowne Plaza Venise !\",\"breadcrumb\":{\"@id\":\"https:\/\/www.cpvenice.com\/fr\/meeting-evenements\/evenements-prives-et-dentreprise\/#breadcrumb\"},\"inLanguage\":\"fr-FR\",\"potentialAction\":[{\"@type\":\"ReadAction\",\"target\":[\"https:\/\/www.cpvenice.com\/fr\/meeting-evenements\/evenements-prives-et-dentreprise\/\"]}]},{\"@type\":\"BreadcrumbList\",\"@id\":\"https:\/\/www.cpvenice.com\/fr\/meeting-evenements\/evenements-prives-et-dentreprise\/#breadcrumb\",\"itemListElement\":[{\"@type\":\"ListItem\",\"position\":1,\"name\":\"Home\",\"item\":\"https:\/\/www.cpvenice.com\/fr\/\"},{\"@type\":\"ListItem\",\"position\":2,\"name\":\"Meeting &#038; \u00c9v\u00e9nements\",\"item\":\"https:\/\/www.cpvenice.com\/fr\/meeting-evenements\/\"},{\"@type\":\"ListItem\",\"position\":3,\"name\":\"\u00c9v\u00e9nements priv\u00e9s et d&#8217;entreprise\"}]},{\"@type\":\"WebSite\",\"@id\":\"https:\/\/www.cpvenice.com\/fr\/#website\",\"url\":\"https:\/\/www.cpvenice.com\/fr\/\",\"name\":\"Crowne Plaza Venice East\",\"description\":\"Just another ms.decms.eu site\",\"potentialAction\":[{\"@type\":\"SearchAction\",\"target\":{\"@type\":\"EntryPoint\",\"urlTemplate\":\"https:\/\/www.cpvenice.com\/fr\/?s={search_term_string}\"},\"query-input\":{\"@type\":\"PropertyValueSpecification\",\"valueRequired\":true,\"valueName\":\"search_term_string\"}}],\"inLanguage\":\"fr-FR\"}]}<\/script>\n<!-- \/ Yoast SEO plugin. -->","yoast_head_json":{"title":"Organisation \u00e9v\u00e9nements priv\u00e9s et d'entreprise | Crowne Plaza Venice","description":"R\u00e9servez nos salles pour des r\u00e9unions, des activit\u00e9s culturelles, sportives et plus encore. Pour conna\u00eetre tous les d\u00e9tails, contactez l\u2019\u00e9quipe du Crowne Plaza Venise !","robots":{"index":"index","follow":"follow","max-snippet":"max-snippet:-1","max-image-preview":"max-image-preview:large","max-video-preview":"max-video-preview:-1"},"canonical":"https:\/\/www.cpvenice.com\/fr\/meeting-evenements\/evenements-prives-et-dentreprise\/","og_locale":"fr_FR","og_type":"article","og_title":"Organisation \u00e9v\u00e9nements priv\u00e9s et d'entreprise | Crowne Plaza Venice","og_description":"R\u00e9servez nos salles pour des r\u00e9unions, des activit\u00e9s culturelles, sportives et plus encore. Pour conna\u00eetre tous les d\u00e9tails, contactez l\u2019\u00e9quipe du Crowne Plaza Venise !","og_url":"https:\/\/www.cpvenice.com\/fr\/meeting-evenements\/evenements-prives-et-dentreprise\/","og_site_name":"Crowne Plaza Venice East","article_modified_time":"2024-05-09T12:40:14+00:00","og_image":[{"width":2200,"height":1200,"url":"https:\/\/www.cpvenice.com\/wp-content\/uploads\/sites\/365\/2021\/12\/Crowne-Plaza-Venice-East-Rooms-Standard-Room-King-Accessible-bed.jpg","type":"image\/jpeg"}],"twitter_card":"summary_large_image","twitter_misc":{"Dur\u00e9e de lecture estim\u00e9e":"1 minute"},"schema":{"@context":"https:\/\/schema.org","@graph":[{"@type":"WebPage","@id":"https:\/\/www.cpvenice.com\/fr\/meeting-evenements\/evenements-prives-et-dentreprise\/","url":"https:\/\/www.cpvenice.com\/fr\/meeting-evenements\/evenements-prives-et-dentreprise\/","name":"Organisation \u00e9v\u00e9nements priv\u00e9s et d'entreprise | Crowne Plaza Venice","isPartOf":{"@id":"https:\/\/www.cpvenice.com\/fr\/#website"},"datePublished":"2021-10-15T15:10:16+00:00","dateModified":"2024-05-09T12:40:14+00:00","description":"R\u00e9servez nos salles pour des r\u00e9unions, des activit\u00e9s culturelles, sportives et plus encore. Pour conna\u00eetre tous les d\u00e9tails, contactez l\u2019\u00e9quipe du Crowne Plaza Venise !","breadcrumb":{"@id":"https:\/\/www.cpvenice.com\/fr\/meeting-evenements\/evenements-prives-et-dentreprise\/#breadcrumb"},"inLanguage":"fr-FR","potentialAction":[{"@type":"ReadAction","target":["https:\/\/www.cpvenice.com\/fr\/meeting-evenements\/evenements-prives-et-dentreprise\/"]}]},{"@type":"BreadcrumbList","@id":"https:\/\/www.cpvenice.com\/fr\/meeting-evenements\/evenements-prives-et-dentreprise\/#breadcrumb","itemListElement":[{"@type":"ListItem","position":1,"name":"Home","item":"https:\/\/www.cpvenice.com\/fr\/"},{"@type":"ListItem","position":2,"name":"Meeting &#038; \u00c9v\u00e9nements","item":"https:\/\/www.cpvenice.com\/fr\/meeting-evenements\/"},{"@type":"ListItem","position":3,"name":"\u00c9v\u00e9nements priv\u00e9s et d&#8217;entreprise"}]},{"@type":"WebSite","@id":"https:\/\/www.cpvenice.com\/fr\/#website","url":"https:\/\/www.cpvenice.com\/fr\/","name":"Crowne Plaza Venice East","description":"Just another ms.decms.eu site","potentialAction":[{"@type":"SearchAction","target":{"@type":"EntryPoint","urlTemplate":"https:\/\/www.cpvenice.com\/fr\/?s={search_term_string}"},"query-input":{"@type":"PropertyValueSpecification","valueRequired":true,"valueName":"search_term_string"}}],"inLanguage":"fr-FR"}]}},"acf":[],"_links":{"self":[{"href":"https:\/\/www.cpvenice.com\/fr\/wp-json\/wp\/v2\/pages\/773","targetHints":{"allow":["GET"]}}],"collection":[{"href":"https:\/\/www.cpvenice.com\/fr\/wp-json\/wp\/v2\/pages"}],"about":[{"href":"https:\/\/www.cpvenice.com\/fr\/wp-json\/wp\/v2\/types\/page"}],"author":[{"embeddable":true,"href":"https:\/\/www.cpvenice.com\/fr\/wp-json\/wp\/v2\/users\/36"}],"replies":[{"embeddable":true,"href":"https:\/\/www.cpvenice.com\/fr\/wp-json\/wp\/v2\/comments?post=773"}],"version-history":[{"count":0,"href":"https:\/\/www.cpvenice.com\/fr\/wp-json\/wp\/v2\/pages\/773\/revisions"}],"up":[{"embeddable":true,"href":"https:\/\/www.cpvenice.com\/fr\/wp-json\/wp\/v2\/pages\/765"}],"wp:attachment":[{"href":"https:\/\/www.cpvenice.com\/fr\/wp-json\/wp\/v2\/media?parent=773"}],"curies":[{"name":"wp","href":"https:\/\/api.w.org\/{rel}","templated":true}]}}