{"id":775,"date":"2021-10-21T12:29:07","date_gmt":"2021-10-21T12:29:07","guid":{"rendered":"https:\/\/www.cpvenice.com\/offerte-e-pacchetti\/"},"modified":"2024-10-07T15:32:05","modified_gmt":"2024-10-07T15:32:05","slug":"offres-et-formules","status":"publish","type":"page","link":"https:\/\/www.cpvenice.com\/fr\/offres-et-formules\/","title":{"rendered":"Offres et Formules"},"content":{"rendered":"<p>D\u00e9couvrez la s\u00e9lection d&rsquo;offres et de forfaits de l&rsquo;<strong>hotel 4 stelle Crowne Plaza Venice East<\/strong> et laissez-vous s\u00e9duire par le charme intemporel de Venise. Optez pour de multiples <strong>avantages, prestations et services exclusifs<\/strong> qui rendront votre s\u00e9jour inoubliable : choisissez l&rsquo;offre en accord avec vos besoins, et vos envies de s\u00e9jour !<\/p>\n","protected":false},"excerpt":{"rendered":"<p>D\u00e9couvrez la s\u00e9lection d&rsquo;offres et de forfaits de l&rsquo;hotel 4 stelle Crowne Plaza Venice East et laissez-vous s\u00e9duire par le charme intemporel de Venise. Optez pour de multiples avantages, prestations et services exclusifs qui rendront votre s\u00e9jour inoubliable : choisissez l&rsquo;offre en accord avec vos besoins, et vos envies de s\u00e9jour !<\/p>\n","protected":false},"author":36,"featured_media":214,"parent":0,"menu_order":30,"comment_status":"closed","ping_status":"closed","template":"template-offers.php","meta":{"footnotes":""},"class_list":["post-775","page","type-page","status-publish","has-post-thumbnail","hentry"],"yoast_head":"<!-- This site is optimized with the Yoast SEO plugin v26.9 - https:\/\/yoast.com\/product\/yoast-seo-wordpress\/ -->\n<title>Offres et formules : avantages exclusifs | Crowne Plaza Venice<\/title>\n<meta name=\"description\" content=\"D\u00e9couvrez tous les avantages exclusifs de nos offres et Formules sp\u00e9ciales ! Profitez d&#039;un s\u00e9jour en toute tranquillit\u00e9 \u00e0 l&#039;Hotel Crowne Plaza de Venise.\" \/>\n<meta name=\"robots\" content=\"index, follow, max-snippet:-1, max-image-preview:large, max-video-preview:-1\" \/>\n<link rel=\"canonical\" href=\"https:\/\/www.cpvenice.com\/fr\/offres-et-formules\/\" \/>\n<meta property=\"og:locale\" content=\"fr_FR\" \/>\n<meta property=\"og:type\" content=\"article\" \/>\n<meta property=\"og:title\" content=\"Offres et formules : avantages exclusifs | Crowne Plaza Venice\" \/>\n<meta property=\"og:description\" content=\"D\u00e9couvrez tous les avantages exclusifs de nos offres et Formules sp\u00e9ciales ! Profitez d&#039;un s\u00e9jour en toute tranquillit\u00e9 \u00e0 l&#039;Hotel Crowne Plaza de Venise.\" \/>\n<meta property=\"og:url\" content=\"https:\/\/www.cpvenice.com\/fr\/offres-et-formules\/\" \/>\n<meta property=\"og:site_name\" content=\"Crowne Plaza Venice East\" \/>\n<meta property=\"article:modified_time\" content=\"2024-10-07T15:32:05+00:00\" \/>\n<meta property=\"og:image\" content=\"https:\/\/www.cpvenice.com\/wp-content\/uploads\/sites\/365\/2021\/10\/Crowne-Plaza-Venice-East-Venice.jpg\" \/>\n\t<meta property=\"og:image:width\" content=\"2200\" \/>\n\t<meta property=\"og:image:height\" content=\"1150\" \/>\n\t<meta property=\"og:image:type\" content=\"image\/jpeg\" \/>\n<meta name=\"twitter:card\" content=\"summary_large_image\" \/>\n<meta name=\"twitter:label1\" content=\"Dur\u00e9e de lecture estim\u00e9e\" \/>\n\t<meta name=\"twitter:data1\" content=\"1 minute\" \/>\n<script type=\"application\/ld+json\" class=\"yoast-schema-graph\">{\"@context\":\"https:\/\/schema.org\",\"@graph\":[{\"@type\":\"WebPage\",\"@id\":\"https:\/\/www.cpvenice.com\/fr\/offres-et-formules\/\",\"url\":\"https:\/\/www.cpvenice.com\/fr\/offres-et-formules\/\",\"name\":\"Offres et formules : avantages exclusifs | Crowne Plaza Venice\",\"isPartOf\":{\"@id\":\"https:\/\/www.cpvenice.com\/fr\/#website\"},\"primaryImageOfPage\":{\"@id\":\"https:\/\/www.cpvenice.com\/fr\/offres-et-formules\/#primaryimage\"},\"image\":{\"@id\":\"https:\/\/www.cpvenice.com\/fr\/offres-et-formules\/#primaryimage\"},\"thumbnailUrl\":\"https:\/\/www.cpvenice.com\/wp-content\/uploads\/sites\/365\/2021\/10\/Crowne-Plaza-Venice-East-Venice.jpg\",\"datePublished\":\"2021-10-21T12:29:07+00:00\",\"dateModified\":\"2024-10-07T15:32:05+00:00\",\"description\":\"D\u00e9couvrez tous les avantages exclusifs de nos offres et Formules sp\u00e9ciales ! Profitez d'un s\u00e9jour en toute tranquillit\u00e9 \u00e0 l'Hotel Crowne Plaza de Venise.\",\"breadcrumb\":{\"@id\":\"https:\/\/www.cpvenice.com\/fr\/offres-et-formules\/#breadcrumb\"},\"inLanguage\":\"fr-FR\",\"potentialAction\":[{\"@type\":\"ReadAction\",\"target\":[\"https:\/\/www.cpvenice.com\/fr\/offres-et-formules\/\"]}]},{\"@type\":\"ImageObject\",\"inLanguage\":\"fr-FR\",\"@id\":\"https:\/\/www.cpvenice.com\/fr\/offres-et-formules\/#primaryimage\",\"url\":\"https:\/\/www.cpvenice.com\/wp-content\/uploads\/sites\/365\/2021\/10\/Crowne-Plaza-Venice-East-Venice.jpg\",\"contentUrl\":\"https:\/\/www.cpvenice.com\/wp-content\/uploads\/sites\/365\/2021\/10\/Crowne-Plaza-Venice-East-Venice.jpg\",\"width\":2200,\"height\":1150},{\"@type\":\"BreadcrumbList\",\"@id\":\"https:\/\/www.cpvenice.com\/fr\/offres-et-formules\/#breadcrumb\",\"itemListElement\":[{\"@type\":\"ListItem\",\"position\":1,\"name\":\"Home\",\"item\":\"https:\/\/www.cpvenice.com\/fr\/\"},{\"@type\":\"ListItem\",\"position\":2,\"name\":\"Offres et Formules\"}]},{\"@type\":\"WebSite\",\"@id\":\"https:\/\/www.cpvenice.com\/fr\/#website\",\"url\":\"https:\/\/www.cpvenice.com\/fr\/\",\"name\":\"Crowne Plaza Venice East\",\"description\":\"Just another ms.decms.eu site\",\"potentialAction\":[{\"@type\":\"SearchAction\",\"target\":{\"@type\":\"EntryPoint\",\"urlTemplate\":\"https:\/\/www.cpvenice.com\/fr\/?s={search_term_string}\"},\"query-input\":{\"@type\":\"PropertyValueSpecification\",\"valueRequired\":true,\"valueName\":\"search_term_string\"}}],\"inLanguage\":\"fr-FR\"}]}<\/script>\n<!-- \/ Yoast SEO plugin. -->","yoast_head_json":{"title":"Offres et formules : avantages exclusifs | Crowne Plaza Venice","description":"D\u00e9couvrez tous les avantages exclusifs de nos offres et Formules sp\u00e9ciales ! Profitez d'un s\u00e9jour en toute tranquillit\u00e9 \u00e0 l'Hotel Crowne Plaza de Venise.","robots":{"index":"index","follow":"follow","max-snippet":"max-snippet:-1","max-image-preview":"max-image-preview:large","max-video-preview":"max-video-preview:-1"},"canonical":"https:\/\/www.cpvenice.com\/fr\/offres-et-formules\/","og_locale":"fr_FR","og_type":"article","og_title":"Offres et formules : avantages exclusifs | Crowne Plaza Venice","og_description":"D\u00e9couvrez tous les avantages exclusifs de nos offres et Formules sp\u00e9ciales ! Profitez d'un s\u00e9jour en toute tranquillit\u00e9 \u00e0 l'Hotel Crowne Plaza de Venise.","og_url":"https:\/\/www.cpvenice.com\/fr\/offres-et-formules\/","og_site_name":"Crowne Plaza Venice East","article_modified_time":"2024-10-07T15:32:05+00:00","og_image":[{"width":2200,"height":1150,"url":"https:\/\/www.cpvenice.com\/wp-content\/uploads\/sites\/365\/2021\/10\/Crowne-Plaza-Venice-East-Venice.jpg","type":"image\/jpeg"}],"twitter_card":"summary_large_image","twitter_misc":{"Dur\u00e9e de lecture estim\u00e9e":"1 minute"},"schema":{"@context":"https:\/\/schema.org","@graph":[{"@type":"WebPage","@id":"https:\/\/www.cpvenice.com\/fr\/offres-et-formules\/","url":"https:\/\/www.cpvenice.com\/fr\/offres-et-formules\/","name":"Offres et formules : avantages exclusifs | Crowne Plaza Venice","isPartOf":{"@id":"https:\/\/www.cpvenice.com\/fr\/#website"},"primaryImageOfPage":{"@id":"https:\/\/www.cpvenice.com\/fr\/offres-et-formules\/#primaryimage"},"image":{"@id":"https:\/\/www.cpvenice.com\/fr\/offres-et-formules\/#primaryimage"},"thumbnailUrl":"https:\/\/www.cpvenice.com\/wp-content\/uploads\/sites\/365\/2021\/10\/Crowne-Plaza-Venice-East-Venice.jpg","datePublished":"2021-10-21T12:29:07+00:00","dateModified":"2024-10-07T15:32:05+00:00","description":"D\u00e9couvrez tous les avantages exclusifs de nos offres et Formules sp\u00e9ciales ! Profitez d'un s\u00e9jour en toute tranquillit\u00e9 \u00e0 l'Hotel Crowne Plaza de Venise.","breadcrumb":{"@id":"https:\/\/www.cpvenice.com\/fr\/offres-et-formules\/#breadcrumb"},"inLanguage":"fr-FR","potentialAction":[{"@type":"ReadAction","target":["https:\/\/www.cpvenice.com\/fr\/offres-et-formules\/"]}]},{"@type":"ImageObject","inLanguage":"fr-FR","@id":"https:\/\/www.cpvenice.com\/fr\/offres-et-formules\/#primaryimage","url":"https:\/\/www.cpvenice.com\/wp-content\/uploads\/sites\/365\/2021\/10\/Crowne-Plaza-Venice-East-Venice.jpg","contentUrl":"https:\/\/www.cpvenice.com\/wp-content\/uploads\/sites\/365\/2021\/10\/Crowne-Plaza-Venice-East-Venice.jpg","width":2200,"height":1150},{"@type":"BreadcrumbList","@id":"https:\/\/www.cpvenice.com\/fr\/offres-et-formules\/#breadcrumb","itemListElement":[{"@type":"ListItem","position":1,"name":"Home","item":"https:\/\/www.cpvenice.com\/fr\/"},{"@type":"ListItem","position":2,"name":"Offres et Formules"}]},{"@type":"WebSite","@id":"https:\/\/www.cpvenice.com\/fr\/#website","url":"https:\/\/www.cpvenice.com\/fr\/","name":"Crowne Plaza Venice East","description":"Just another ms.decms.eu site","potentialAction":[{"@type":"SearchAction","target":{"@type":"EntryPoint","urlTemplate":"https:\/\/www.cpvenice.com\/fr\/?s={search_term_string}"},"query-input":{"@type":"PropertyValueSpecification","valueRequired":true,"valueName":"search_term_string"}}],"inLanguage":"fr-FR"}]}},"acf":[],"_links":{"self":[{"href":"https:\/\/www.cpvenice.com\/fr\/wp-json\/wp\/v2\/pages\/775","targetHints":{"allow":["GET"]}}],"collection":[{"href":"https:\/\/www.cpvenice.com\/fr\/wp-json\/wp\/v2\/pages"}],"about":[{"href":"https:\/\/www.cpvenice.com\/fr\/wp-json\/wp\/v2\/types\/page"}],"author":[{"embeddable":true,"href":"https:\/\/www.cpvenice.com\/fr\/wp-json\/wp\/v2\/users\/36"}],"replies":[{"embeddable":true,"href":"https:\/\/www.cpvenice.com\/fr\/wp-json\/wp\/v2\/comments?post=775"}],"version-history":[{"count":0,"href":"https:\/\/www.cpvenice.com\/fr\/wp-json\/wp\/v2\/pages\/775\/revisions"}],"wp:featuredmedia":[{"embeddable":true,"href":"https:\/\/www.cpvenice.com\/fr\/wp-json\/wp\/v2\/media\/214"}],"wp:attachment":[{"href":"https:\/\/www.cpvenice.com\/fr\/wp-json\/wp\/v2\/media?parent=775"}],"curies":[{"name":"wp","href":"https:\/\/api.w.org\/{rel}","templated":true}]}}