{"id":777,"date":"2021-10-21T15:21:04","date_gmt":"2021-10-21T15:21:04","guid":{"rendered":"https:\/\/www.cpvenice.com\/offres-et-formules\/programma-fedelta-ihg-rewards-club\/"},"modified":"2024-10-07T15:38:36","modified_gmt":"2024-10-07T15:38:36","slug":"programme-fidelite-ihg-rewards-club","status":"publish","type":"page","link":"https:\/\/www.cpvenice.com\/fr\/offres-et-formules\/programme-fidelite-ihg-rewards-club\/","title":{"rendered":"Programme Fid\u00e9lit\u00e9 IHG\u00ae Rewards Club"},"content":{"rendered":"<p>Le programme <strong>IHG\u00ae Rewards Club <\/strong>est notre fa\u00e7on de vous dire \u00ab\u00a0Merci\u00a0\u00bb de votre fid\u00e9lit\u00e9. Le programme vous permet de gagner des points chaque fois que vous s\u00e9journez dans l\u2019un des 5 200 h\u00f4tels \u00e0 travers le monde (InterContinental\u00ae Hotels &amp; Resorts, HUALUXE\u2122 Hotels and Resorts, Crowne Plaza\u00ae Hotels &amp; Resorts, Hotel Indigo\u00ae, EVEN\u2122 Hotels, Holiday Inn\u00ae Hotels, Holiday Inn Express\u00ae Hotels, Holiday Inn Resort\u00ae, Holiday Inn Club Vacations\u00ae, Staybridge Suites\u00ae, Candlewood Suites\u00ae) et vous r\u00e9compense avec des prix fantastiques.<\/p>\n<p><strong>NVous n&rsquo;\u00eates pas encore membre IHG\u00ae One Rewards ?<\/strong><\/p>\n","protected":false},"excerpt":{"rendered":"<p>Le programme IHG\u00ae Rewards Club est notre fa\u00e7on de vous dire \u00ab\u00a0Merci\u00a0\u00bb de votre fid\u00e9lit\u00e9. Le programme vous permet de gagner des points chaque fois que vous s\u00e9journez dans l\u2019un des 5 200 h\u00f4tels \u00e0 travers le monde (InterContinental\u00ae Hotels &amp; Resorts, HUALUXE\u2122 Hotels and Resorts, Crowne Plaza\u00ae Hotels &amp; Resorts, Hotel Indigo\u00ae, EVEN\u2122 Hotels, [&hellip;]<\/p>\n","protected":false},"author":36,"featured_media":1112,"parent":775,"menu_order":6,"comment_status":"closed","ping_status":"closed","template":"template-default-2.php","meta":{"footnotes":""},"class_list":["post-777","page","type-page","status-publish","has-post-thumbnail","hentry"],"yoast_head":"<!-- This site is optimized with the Yoast SEO plugin v26.9 - https:\/\/yoast.com\/product\/yoast-seo-wordpress\/ -->\n<title>Programme Fid\u00e9lit\u00e9 IHG\u00ae One Rewards | Crowne Plaza Venice<\/title>\n<meta name=\"description\" content=\"Gagnez des points et des r\u00e9compenses exclusifs en adh\u00e9rant au programme Fid\u00e9lit\u00e9 IHG\u00ae One Rewards. Venez nous rendre visite dans tous les h\u00f4tels Crowne Plaza !\" \/>\n<meta name=\"robots\" content=\"index, follow, max-snippet:-1, max-image-preview:large, max-video-preview:-1\" \/>\n<link rel=\"canonical\" href=\"https:\/\/www.cpvenice.com\/fr\/offres-et-formules\/programme-fidelite-ihg-rewards-club\/\" \/>\n<meta property=\"og:locale\" content=\"fr_FR\" \/>\n<meta property=\"og:type\" content=\"article\" \/>\n<meta property=\"og:title\" content=\"Programme Fid\u00e9lit\u00e9 IHG\u00ae One Rewards | Crowne Plaza Venice\" \/>\n<meta property=\"og:description\" content=\"Gagnez des points et des r\u00e9compenses exclusifs en adh\u00e9rant au programme Fid\u00e9lit\u00e9 IHG\u00ae One Rewards. Venez nous rendre visite dans tous les h\u00f4tels Crowne Plaza !\" \/>\n<meta property=\"og:url\" content=\"https:\/\/www.cpvenice.com\/fr\/offres-et-formules\/programme-fidelite-ihg-rewards-club\/\" \/>\n<meta property=\"og:site_name\" content=\"Crowne Plaza Venice East\" \/>\n<meta property=\"article:modified_time\" content=\"2024-10-07T15:38:36+00:00\" \/>\n<meta property=\"og:image\" content=\"https:\/\/www.cpvenice.com\/wp-content\/uploads\/sites\/365\/2024\/10\/NEW_Foto-HCM-1-1024x576.png\" \/>\n\t<meta property=\"og:image:width\" content=\"1024\" \/>\n\t<meta property=\"og:image:height\" content=\"576\" \/>\n\t<meta property=\"og:image:type\" content=\"image\/png\" \/>\n<meta name=\"twitter:card\" content=\"summary_large_image\" \/>\n<meta name=\"twitter:label1\" content=\"Dur\u00e9e de lecture estim\u00e9e\" \/>\n\t<meta name=\"twitter:data1\" content=\"1 minute\" \/>\n<script type=\"application\/ld+json\" class=\"yoast-schema-graph\">{\"@context\":\"https:\/\/schema.org\",\"@graph\":[{\"@type\":\"WebPage\",\"@id\":\"https:\/\/www.cpvenice.com\/fr\/offres-et-formules\/programme-fidelite-ihg-rewards-club\/\",\"url\":\"https:\/\/www.cpvenice.com\/fr\/offres-et-formules\/programme-fidelite-ihg-rewards-club\/\",\"name\":\"Programme Fid\u00e9lit\u00e9 IHG\u00ae One Rewards | Crowne Plaza Venice\",\"isPartOf\":{\"@id\":\"https:\/\/www.cpvenice.com\/fr\/#website\"},\"primaryImageOfPage\":{\"@id\":\"https:\/\/www.cpvenice.com\/fr\/offres-et-formules\/programme-fidelite-ihg-rewards-club\/#primaryimage\"},\"image\":{\"@id\":\"https:\/\/www.cpvenice.com\/fr\/offres-et-formules\/programme-fidelite-ihg-rewards-club\/#primaryimage\"},\"thumbnailUrl\":\"https:\/\/www.cpvenice.com\/wp-content\/uploads\/sites\/365\/2024\/10\/NEW_Foto-HCM-1.png\",\"datePublished\":\"2021-10-21T15:21:04+00:00\",\"dateModified\":\"2024-10-07T15:38:36+00:00\",\"description\":\"Gagnez des points et des r\u00e9compenses exclusifs en adh\u00e9rant au programme Fid\u00e9lit\u00e9 IHG\u00ae One Rewards. Venez nous rendre visite dans tous les h\u00f4tels Crowne Plaza !\",\"breadcrumb\":{\"@id\":\"https:\/\/www.cpvenice.com\/fr\/offres-et-formules\/programme-fidelite-ihg-rewards-club\/#breadcrumb\"},\"inLanguage\":\"fr-FR\",\"potentialAction\":[{\"@type\":\"ReadAction\",\"target\":[\"https:\/\/www.cpvenice.com\/fr\/offres-et-formules\/programme-fidelite-ihg-rewards-club\/\"]}]},{\"@type\":\"ImageObject\",\"inLanguage\":\"fr-FR\",\"@id\":\"https:\/\/www.cpvenice.com\/fr\/offres-et-formules\/programme-fidelite-ihg-rewards-club\/#primaryimage\",\"url\":\"https:\/\/www.cpvenice.com\/wp-content\/uploads\/sites\/365\/2024\/10\/NEW_Foto-HCM-1.png\",\"contentUrl\":\"https:\/\/www.cpvenice.com\/wp-content\/uploads\/sites\/365\/2024\/10\/NEW_Foto-HCM-1.png\",\"width\":2133,\"height\":1200},{\"@type\":\"BreadcrumbList\",\"@id\":\"https:\/\/www.cpvenice.com\/fr\/offres-et-formules\/programme-fidelite-ihg-rewards-club\/#breadcrumb\",\"itemListElement\":[{\"@type\":\"ListItem\",\"position\":1,\"name\":\"Home\",\"item\":\"https:\/\/www.cpvenice.com\/fr\/\"},{\"@type\":\"ListItem\",\"position\":2,\"name\":\"Offres et Formules\",\"item\":\"https:\/\/www.cpvenice.com\/fr\/offres-et-formules\/\"},{\"@type\":\"ListItem\",\"position\":3,\"name\":\"Programme Fid\u00e9lit\u00e9 IHG\u00ae Rewards Club\"}]},{\"@type\":\"WebSite\",\"@id\":\"https:\/\/www.cpvenice.com\/fr\/#website\",\"url\":\"https:\/\/www.cpvenice.com\/fr\/\",\"name\":\"Crowne Plaza Venice East\",\"description\":\"Just another ms.decms.eu site\",\"potentialAction\":[{\"@type\":\"SearchAction\",\"target\":{\"@type\":\"EntryPoint\",\"urlTemplate\":\"https:\/\/www.cpvenice.com\/fr\/?s={search_term_string}\"},\"query-input\":{\"@type\":\"PropertyValueSpecification\",\"valueRequired\":true,\"valueName\":\"search_term_string\"}}],\"inLanguage\":\"fr-FR\"}]}<\/script>\n<!-- \/ Yoast SEO plugin. -->","yoast_head_json":{"title":"Programme Fid\u00e9lit\u00e9 IHG\u00ae One Rewards | Crowne Plaza Venice","description":"Gagnez des points et des r\u00e9compenses exclusifs en adh\u00e9rant au programme Fid\u00e9lit\u00e9 IHG\u00ae One Rewards. Venez nous rendre visite dans tous les h\u00f4tels Crowne Plaza !","robots":{"index":"index","follow":"follow","max-snippet":"max-snippet:-1","max-image-preview":"max-image-preview:large","max-video-preview":"max-video-preview:-1"},"canonical":"https:\/\/www.cpvenice.com\/fr\/offres-et-formules\/programme-fidelite-ihg-rewards-club\/","og_locale":"fr_FR","og_type":"article","og_title":"Programme Fid\u00e9lit\u00e9 IHG\u00ae One Rewards | Crowne Plaza Venice","og_description":"Gagnez des points et des r\u00e9compenses exclusifs en adh\u00e9rant au programme Fid\u00e9lit\u00e9 IHG\u00ae One Rewards. Venez nous rendre visite dans tous les h\u00f4tels Crowne Plaza !","og_url":"https:\/\/www.cpvenice.com\/fr\/offres-et-formules\/programme-fidelite-ihg-rewards-club\/","og_site_name":"Crowne Plaza Venice East","article_modified_time":"2024-10-07T15:38:36+00:00","og_image":[{"width":1024,"height":576,"url":"https:\/\/www.cpvenice.com\/wp-content\/uploads\/sites\/365\/2024\/10\/NEW_Foto-HCM-1-1024x576.png","type":"image\/png"}],"twitter_card":"summary_large_image","twitter_misc":{"Dur\u00e9e de lecture estim\u00e9e":"1 minute"},"schema":{"@context":"https:\/\/schema.org","@graph":[{"@type":"WebPage","@id":"https:\/\/www.cpvenice.com\/fr\/offres-et-formules\/programme-fidelite-ihg-rewards-club\/","url":"https:\/\/www.cpvenice.com\/fr\/offres-et-formules\/programme-fidelite-ihg-rewards-club\/","name":"Programme Fid\u00e9lit\u00e9 IHG\u00ae One Rewards | Crowne Plaza Venice","isPartOf":{"@id":"https:\/\/www.cpvenice.com\/fr\/#website"},"primaryImageOfPage":{"@id":"https:\/\/www.cpvenice.com\/fr\/offres-et-formules\/programme-fidelite-ihg-rewards-club\/#primaryimage"},"image":{"@id":"https:\/\/www.cpvenice.com\/fr\/offres-et-formules\/programme-fidelite-ihg-rewards-club\/#primaryimage"},"thumbnailUrl":"https:\/\/www.cpvenice.com\/wp-content\/uploads\/sites\/365\/2024\/10\/NEW_Foto-HCM-1.png","datePublished":"2021-10-21T15:21:04+00:00","dateModified":"2024-10-07T15:38:36+00:00","description":"Gagnez des points et des r\u00e9compenses exclusifs en adh\u00e9rant au programme Fid\u00e9lit\u00e9 IHG\u00ae One Rewards. Venez nous rendre visite dans tous les h\u00f4tels Crowne Plaza !","breadcrumb":{"@id":"https:\/\/www.cpvenice.com\/fr\/offres-et-formules\/programme-fidelite-ihg-rewards-club\/#breadcrumb"},"inLanguage":"fr-FR","potentialAction":[{"@type":"ReadAction","target":["https:\/\/www.cpvenice.com\/fr\/offres-et-formules\/programme-fidelite-ihg-rewards-club\/"]}]},{"@type":"ImageObject","inLanguage":"fr-FR","@id":"https:\/\/www.cpvenice.com\/fr\/offres-et-formules\/programme-fidelite-ihg-rewards-club\/#primaryimage","url":"https:\/\/www.cpvenice.com\/wp-content\/uploads\/sites\/365\/2024\/10\/NEW_Foto-HCM-1.png","contentUrl":"https:\/\/www.cpvenice.com\/wp-content\/uploads\/sites\/365\/2024\/10\/NEW_Foto-HCM-1.png","width":2133,"height":1200},{"@type":"BreadcrumbList","@id":"https:\/\/www.cpvenice.com\/fr\/offres-et-formules\/programme-fidelite-ihg-rewards-club\/#breadcrumb","itemListElement":[{"@type":"ListItem","position":1,"name":"Home","item":"https:\/\/www.cpvenice.com\/fr\/"},{"@type":"ListItem","position":2,"name":"Offres et Formules","item":"https:\/\/www.cpvenice.com\/fr\/offres-et-formules\/"},{"@type":"ListItem","position":3,"name":"Programme Fid\u00e9lit\u00e9 IHG\u00ae Rewards Club"}]},{"@type":"WebSite","@id":"https:\/\/www.cpvenice.com\/fr\/#website","url":"https:\/\/www.cpvenice.com\/fr\/","name":"Crowne Plaza Venice East","description":"Just another ms.decms.eu site","potentialAction":[{"@type":"SearchAction","target":{"@type":"EntryPoint","urlTemplate":"https:\/\/www.cpvenice.com\/fr\/?s={search_term_string}"},"query-input":{"@type":"PropertyValueSpecification","valueRequired":true,"valueName":"search_term_string"}}],"inLanguage":"fr-FR"}]}},"acf":[],"_links":{"self":[{"href":"https:\/\/www.cpvenice.com\/fr\/wp-json\/wp\/v2\/pages\/777","targetHints":{"allow":["GET"]}}],"collection":[{"href":"https:\/\/www.cpvenice.com\/fr\/wp-json\/wp\/v2\/pages"}],"about":[{"href":"https:\/\/www.cpvenice.com\/fr\/wp-json\/wp\/v2\/types\/page"}],"author":[{"embeddable":true,"href":"https:\/\/www.cpvenice.com\/fr\/wp-json\/wp\/v2\/users\/36"}],"replies":[{"embeddable":true,"href":"https:\/\/www.cpvenice.com\/fr\/wp-json\/wp\/v2\/comments?post=777"}],"version-history":[{"count":0,"href":"https:\/\/www.cpvenice.com\/fr\/wp-json\/wp\/v2\/pages\/777\/revisions"}],"up":[{"embeddable":true,"href":"https:\/\/www.cpvenice.com\/fr\/wp-json\/wp\/v2\/pages\/775"}],"wp:featuredmedia":[{"embeddable":true,"href":"https:\/\/www.cpvenice.com\/fr\/wp-json\/wp\/v2\/media\/1112"}],"wp:attachment":[{"href":"https:\/\/www.cpvenice.com\/fr\/wp-json\/wp\/v2\/media?parent=777"}],"curies":[{"name":"wp","href":"https:\/\/api.w.org\/{rel}","templated":true}]}}