{"id":779,"date":"2021-10-22T07:08:44","date_gmt":"2021-10-22T07:08:44","guid":{"rendered":"https:\/\/www.cpvenice.com\/offres-et-formules\/offerta-day-use\/"},"modified":"2024-10-07T15:41:49","modified_gmt":"2024-10-07T15:41:49","slug":"offre-day-use","status":"publish","type":"page","link":"https:\/\/www.cpvenice.com\/fr\/offres-et-formules\/offre-day-use\/","title":{"rendered":"Offre Day Use"},"content":{"rendered":"<p>Vivre<strong>une exp\u00e9rience 4 \u00e9toiles<\/strong> n&rsquo;a jamais \u00e9t\u00e9 aussi facile : d\u00e9sormais, l&rsquo;<strong>Hotel Crowne Plaza Venice East<\/strong> met ses chambres et ses services \u00e0 la disposition de ses h\u00f4tes \u00e9galement <strong>en formule Day Use<\/strong>!<\/p>\n","protected":false},"excerpt":{"rendered":"<p>Vivreune exp\u00e9rience 4 \u00e9toiles n&rsquo;a jamais \u00e9t\u00e9 aussi facile : d\u00e9sormais, l&rsquo;Hotel Crowne Plaza Venice East met ses chambres et ses services \u00e0 la disposition de ses h\u00f4tes \u00e9galement en formule Day Use!<\/p>\n","protected":false},"author":36,"featured_media":1113,"parent":775,"menu_order":8,"comment_status":"closed","ping_status":"closed","template":"template-default-2.php","meta":{"footnotes":""},"class_list":["post-779","page","type-page","status-publish","has-post-thumbnail","hentry"],"yoast_head":"<!-- This site is optimized with the Yoast SEO plugin v26.9 - https:\/\/yoast.com\/product\/yoast-seo-wordpress\/ -->\n<title>Offre Day use : chambres et services | Crowne Plaza Venice<\/title>\n<meta name=\"description\" content=\"Avec l&#039;offre Day use, profitez de nos espaces et de nos services sans passer la nuit sur place. D\u00e9couvrez tous les d\u00e9tails sur le site du Crowne Plaza Venise !\" \/>\n<meta name=\"robots\" content=\"index, follow, max-snippet:-1, max-image-preview:large, max-video-preview:-1\" \/>\n<link rel=\"canonical\" href=\"https:\/\/www.cpvenice.com\/fr\/offres-et-formules\/offre-day-use\/\" \/>\n<meta property=\"og:locale\" content=\"fr_FR\" \/>\n<meta property=\"og:type\" content=\"article\" \/>\n<meta property=\"og:title\" content=\"Offre Day use : chambres et services | Crowne Plaza Venice\" \/>\n<meta property=\"og:description\" content=\"Avec l&#039;offre Day use, profitez de nos espaces et de nos services sans passer la nuit sur place. D\u00e9couvrez tous les d\u00e9tails sur le site du Crowne Plaza Venise !\" \/>\n<meta property=\"og:url\" content=\"https:\/\/www.cpvenice.com\/fr\/offres-et-formules\/offre-day-use\/\" \/>\n<meta property=\"og:site_name\" content=\"Crowne Plaza Venice East\" \/>\n<meta property=\"article:modified_time\" content=\"2024-10-07T15:41:49+00:00\" \/>\n<meta property=\"og:image\" content=\"https:\/\/www.cpvenice.com\/wp-content\/uploads\/sites\/365\/2024\/10\/CrownePlazaVenice-9881.jpg\" \/>\n\t<meta property=\"og:image:width\" content=\"1800\" \/>\n\t<meta property=\"og:image:height\" content=\"1200\" \/>\n\t<meta property=\"og:image:type\" content=\"image\/jpeg\" \/>\n<meta name=\"twitter:card\" content=\"summary_large_image\" \/>\n<meta name=\"twitter:label1\" content=\"Dur\u00e9e de lecture estim\u00e9e\" \/>\n\t<meta name=\"twitter:data1\" content=\"1 minute\" \/>\n<script type=\"application\/ld+json\" class=\"yoast-schema-graph\">{\"@context\":\"https:\/\/schema.org\",\"@graph\":[{\"@type\":\"WebPage\",\"@id\":\"https:\/\/www.cpvenice.com\/fr\/offres-et-formules\/offre-day-use\/\",\"url\":\"https:\/\/www.cpvenice.com\/fr\/offres-et-formules\/offre-day-use\/\",\"name\":\"Offre Day use : chambres et services | Crowne Plaza Venice\",\"isPartOf\":{\"@id\":\"https:\/\/www.cpvenice.com\/fr\/#website\"},\"primaryImageOfPage\":{\"@id\":\"https:\/\/www.cpvenice.com\/fr\/offres-et-formules\/offre-day-use\/#primaryimage\"},\"image\":{\"@id\":\"https:\/\/www.cpvenice.com\/fr\/offres-et-formules\/offre-day-use\/#primaryimage\"},\"thumbnailUrl\":\"https:\/\/www.cpvenice.com\/wp-content\/uploads\/sites\/365\/2024\/10\/CrownePlazaVenice-9881.jpg\",\"datePublished\":\"2021-10-22T07:08:44+00:00\",\"dateModified\":\"2024-10-07T15:41:49+00:00\",\"description\":\"Avec l'offre Day use, profitez de nos espaces et de nos services sans passer la nuit sur place. D\u00e9couvrez tous les d\u00e9tails sur le site du Crowne Plaza Venise !\",\"breadcrumb\":{\"@id\":\"https:\/\/www.cpvenice.com\/fr\/offres-et-formules\/offre-day-use\/#breadcrumb\"},\"inLanguage\":\"fr-FR\",\"potentialAction\":[{\"@type\":\"ReadAction\",\"target\":[\"https:\/\/www.cpvenice.com\/fr\/offres-et-formules\/offre-day-use\/\"]}]},{\"@type\":\"ImageObject\",\"inLanguage\":\"fr-FR\",\"@id\":\"https:\/\/www.cpvenice.com\/fr\/offres-et-formules\/offre-day-use\/#primaryimage\",\"url\":\"https:\/\/www.cpvenice.com\/wp-content\/uploads\/sites\/365\/2024\/10\/CrownePlazaVenice-9881.jpg\",\"contentUrl\":\"https:\/\/www.cpvenice.com\/wp-content\/uploads\/sites\/365\/2024\/10\/CrownePlazaVenice-9881.jpg\",\"width\":1800,\"height\":1200},{\"@type\":\"BreadcrumbList\",\"@id\":\"https:\/\/www.cpvenice.com\/fr\/offres-et-formules\/offre-day-use\/#breadcrumb\",\"itemListElement\":[{\"@type\":\"ListItem\",\"position\":1,\"name\":\"Home\",\"item\":\"https:\/\/www.cpvenice.com\/fr\/\"},{\"@type\":\"ListItem\",\"position\":2,\"name\":\"Offres et Formules\",\"item\":\"https:\/\/www.cpvenice.com\/fr\/offres-et-formules\/\"},{\"@type\":\"ListItem\",\"position\":3,\"name\":\"Offre Day Use\"}]},{\"@type\":\"WebSite\",\"@id\":\"https:\/\/www.cpvenice.com\/fr\/#website\",\"url\":\"https:\/\/www.cpvenice.com\/fr\/\",\"name\":\"Crowne Plaza Venice East\",\"description\":\"Just another ms.decms.eu site\",\"potentialAction\":[{\"@type\":\"SearchAction\",\"target\":{\"@type\":\"EntryPoint\",\"urlTemplate\":\"https:\/\/www.cpvenice.com\/fr\/?s={search_term_string}\"},\"query-input\":{\"@type\":\"PropertyValueSpecification\",\"valueRequired\":true,\"valueName\":\"search_term_string\"}}],\"inLanguage\":\"fr-FR\"}]}<\/script>\n<!-- \/ Yoast SEO plugin. -->","yoast_head_json":{"title":"Offre Day use : chambres et services | Crowne Plaza Venice","description":"Avec l'offre Day use, profitez de nos espaces et de nos services sans passer la nuit sur place. D\u00e9couvrez tous les d\u00e9tails sur le site du Crowne Plaza Venise !","robots":{"index":"index","follow":"follow","max-snippet":"max-snippet:-1","max-image-preview":"max-image-preview:large","max-video-preview":"max-video-preview:-1"},"canonical":"https:\/\/www.cpvenice.com\/fr\/offres-et-formules\/offre-day-use\/","og_locale":"fr_FR","og_type":"article","og_title":"Offre Day use : chambres et services | Crowne Plaza Venice","og_description":"Avec l'offre Day use, profitez de nos espaces et de nos services sans passer la nuit sur place. D\u00e9couvrez tous les d\u00e9tails sur le site du Crowne Plaza Venise !","og_url":"https:\/\/www.cpvenice.com\/fr\/offres-et-formules\/offre-day-use\/","og_site_name":"Crowne Plaza Venice East","article_modified_time":"2024-10-07T15:41:49+00:00","og_image":[{"width":1800,"height":1200,"url":"https:\/\/www.cpvenice.com\/wp-content\/uploads\/sites\/365\/2024\/10\/CrownePlazaVenice-9881.jpg","type":"image\/jpeg"}],"twitter_card":"summary_large_image","twitter_misc":{"Dur\u00e9e de lecture estim\u00e9e":"1 minute"},"schema":{"@context":"https:\/\/schema.org","@graph":[{"@type":"WebPage","@id":"https:\/\/www.cpvenice.com\/fr\/offres-et-formules\/offre-day-use\/","url":"https:\/\/www.cpvenice.com\/fr\/offres-et-formules\/offre-day-use\/","name":"Offre Day use : chambres et services | Crowne Plaza Venice","isPartOf":{"@id":"https:\/\/www.cpvenice.com\/fr\/#website"},"primaryImageOfPage":{"@id":"https:\/\/www.cpvenice.com\/fr\/offres-et-formules\/offre-day-use\/#primaryimage"},"image":{"@id":"https:\/\/www.cpvenice.com\/fr\/offres-et-formules\/offre-day-use\/#primaryimage"},"thumbnailUrl":"https:\/\/www.cpvenice.com\/wp-content\/uploads\/sites\/365\/2024\/10\/CrownePlazaVenice-9881.jpg","datePublished":"2021-10-22T07:08:44+00:00","dateModified":"2024-10-07T15:41:49+00:00","description":"Avec l'offre Day use, profitez de nos espaces et de nos services sans passer la nuit sur place. D\u00e9couvrez tous les d\u00e9tails sur le site du Crowne Plaza Venise !","breadcrumb":{"@id":"https:\/\/www.cpvenice.com\/fr\/offres-et-formules\/offre-day-use\/#breadcrumb"},"inLanguage":"fr-FR","potentialAction":[{"@type":"ReadAction","target":["https:\/\/www.cpvenice.com\/fr\/offres-et-formules\/offre-day-use\/"]}]},{"@type":"ImageObject","inLanguage":"fr-FR","@id":"https:\/\/www.cpvenice.com\/fr\/offres-et-formules\/offre-day-use\/#primaryimage","url":"https:\/\/www.cpvenice.com\/wp-content\/uploads\/sites\/365\/2024\/10\/CrownePlazaVenice-9881.jpg","contentUrl":"https:\/\/www.cpvenice.com\/wp-content\/uploads\/sites\/365\/2024\/10\/CrownePlazaVenice-9881.jpg","width":1800,"height":1200},{"@type":"BreadcrumbList","@id":"https:\/\/www.cpvenice.com\/fr\/offres-et-formules\/offre-day-use\/#breadcrumb","itemListElement":[{"@type":"ListItem","position":1,"name":"Home","item":"https:\/\/www.cpvenice.com\/fr\/"},{"@type":"ListItem","position":2,"name":"Offres et Formules","item":"https:\/\/www.cpvenice.com\/fr\/offres-et-formules\/"},{"@type":"ListItem","position":3,"name":"Offre Day Use"}]},{"@type":"WebSite","@id":"https:\/\/www.cpvenice.com\/fr\/#website","url":"https:\/\/www.cpvenice.com\/fr\/","name":"Crowne Plaza Venice East","description":"Just another ms.decms.eu site","potentialAction":[{"@type":"SearchAction","target":{"@type":"EntryPoint","urlTemplate":"https:\/\/www.cpvenice.com\/fr\/?s={search_term_string}"},"query-input":{"@type":"PropertyValueSpecification","valueRequired":true,"valueName":"search_term_string"}}],"inLanguage":"fr-FR"}]}},"acf":[],"_links":{"self":[{"href":"https:\/\/www.cpvenice.com\/fr\/wp-json\/wp\/v2\/pages\/779","targetHints":{"allow":["GET"]}}],"collection":[{"href":"https:\/\/www.cpvenice.com\/fr\/wp-json\/wp\/v2\/pages"}],"about":[{"href":"https:\/\/www.cpvenice.com\/fr\/wp-json\/wp\/v2\/types\/page"}],"author":[{"embeddable":true,"href":"https:\/\/www.cpvenice.com\/fr\/wp-json\/wp\/v2\/users\/36"}],"replies":[{"embeddable":true,"href":"https:\/\/www.cpvenice.com\/fr\/wp-json\/wp\/v2\/comments?post=779"}],"version-history":[{"count":0,"href":"https:\/\/www.cpvenice.com\/fr\/wp-json\/wp\/v2\/pages\/779\/revisions"}],"up":[{"embeddable":true,"href":"https:\/\/www.cpvenice.com\/fr\/wp-json\/wp\/v2\/pages\/775"}],"wp:featuredmedia":[{"embeddable":true,"href":"https:\/\/www.cpvenice.com\/fr\/wp-json\/wp\/v2\/media\/1113"}],"wp:attachment":[{"href":"https:\/\/www.cpvenice.com\/fr\/wp-json\/wp\/v2\/media?parent=779"}],"curies":[{"name":"wp","href":"https:\/\/api.w.org\/{rel}","templated":true}]}}