{"id":783,"date":"2021-10-22T07:42:35","date_gmt":"2021-10-22T07:42:35","guid":{"rendered":"https:\/\/www.cpvenice.com\/offres-et-formules\/offerta-stay-longer-pay-less\/"},"modified":"2024-06-12T14:06:26","modified_gmt":"2024-06-12T14:06:26","slug":"offre-stay-longer-pay-less","status":"publish","type":"page","link":"https:\/\/www.cpvenice.com\/fr\/offres-et-formules\/offre-stay-longer-pay-less\/","title":{"rendered":"Offre Stay Longer Pay Less"},"content":{"rendered":"<p>Vous ne voulez rien manquer de l&rsquo;atmosph\u00e8re magique de Venise et de ses suggestifs canaux ? Restez un peu plus longtemps au Crowne Plaza Venice East : gr\u00e2ce \u00e0 notre <strong>offre Long S\u00e9jour avec petit-d\u00e9jeuner inclus<\/strong>, plus vous restez, plus vous \u00e9conomisez !<\/p>\n<p>Pr\u00e9parez-vous \u00e0 passer un s\u00e9jour inoubliable \u00e0 Venise, en couple, entre amis ou en famille. Notre <strong>moderne h\u00f4tel 4 \u00e9toiles<\/strong> vous attend : choisissez parmi nos <strong>chambres de dimensions et de cat\u00e9gories diff\u00e9rentes<\/strong> celle en accord avec vos besoins, sirotez un spritz rafra\u00eechissant au <strong>Bar Ca\u2019 D\u2019Oro<\/strong> et d\u00e9couvrez les saveurs de la cuisine v\u00e9nitienne au <strong>restaurant Il Campiello.\u00a0<\/strong>Vous voyagez avec des <strong>enfants<\/strong> ? Pour eux, en cadeau, une <strong>Puppy Box<\/strong> sp\u00e9ciale avec des jeux et des activit\u00e9s, le tout \u00e0 colorier !<\/p>\n<p>En outre, s\u00e9journer au Crowne Plaza Venice East vous permet de profiter de tous les services de ce moderne h\u00f4tel 4 \u00e9toiles : <strong>salle de fitness<\/strong> et grand <strong>parking ext\u00e9rieur<\/strong>. D\u00e9p\u00eachez-vous, avec l&rsquo;offre Stay Longer Pay Less, vous <strong>\u00e9conomisez un minimum de 20 %<\/strong> rispetto alla nostra miglior tariffa!<\/p>\n","protected":false},"excerpt":{"rendered":"<p>Vous ne voulez rien manquer de l&rsquo;atmosph\u00e8re magique de Venise et de ses suggestifs canaux ? Restez un peu plus longtemps au Crowne Plaza Venice East : gr\u00e2ce \u00e0 notre offre Long S\u00e9jour avec petit-d\u00e9jeuner inclus, plus vous restez, plus vous \u00e9conomisez ! Pr\u00e9parez-vous \u00e0 passer un s\u00e9jour inoubliable \u00e0 Venise, en couple, entre amis [&hellip;]<\/p>\n","protected":false},"author":36,"featured_media":0,"parent":775,"menu_order":5,"comment_status":"closed","ping_status":"closed","template":"template-default-2.php","meta":{"footnotes":""},"class_list":["post-783","page","type-page","status-publish","hentry"],"yoast_head":"<!-- This site is optimized with the Yoast SEO plugin v26.9 - https:\/\/yoast.com\/product\/yoast-seo-wordpress\/ -->\n<title>Offre Stay Longer Pay Less | Crowne Plaza Venice<\/title>\n<meta name=\"description\" content=\"Plus vous restez, plus vous \u00e9conomisez ! D\u00e9couvrez tous les d\u00e9tails de l&#039;offre Stay Longer Pay Less et passez des vacances inoubliables \u00e0 Venise.\" \/>\n<meta name=\"robots\" content=\"index, follow, max-snippet:-1, max-image-preview:large, max-video-preview:-1\" \/>\n<link rel=\"canonical\" href=\"https:\/\/www.cpvenice.com\/fr\/offres-et-formules\/offre-stay-longer-pay-less\/\" \/>\n<meta property=\"og:locale\" content=\"fr_FR\" \/>\n<meta property=\"og:type\" content=\"article\" \/>\n<meta property=\"og:title\" content=\"Offre Stay Longer Pay Less | Crowne Plaza Venice\" \/>\n<meta property=\"og:description\" content=\"Plus vous restez, plus vous \u00e9conomisez ! D\u00e9couvrez tous les d\u00e9tails de l&#039;offre Stay Longer Pay Less et passez des vacances inoubliables \u00e0 Venise.\" \/>\n<meta property=\"og:url\" content=\"https:\/\/www.cpvenice.com\/fr\/offres-et-formules\/offre-stay-longer-pay-less\/\" \/>\n<meta property=\"og:site_name\" content=\"Crowne Plaza Venice East\" \/>\n<meta property=\"article:modified_time\" content=\"2024-06-12T14:06:26+00:00\" \/>\n<meta property=\"og:image\" content=\"https:\/\/www.cpvenice.com\/wp-content\/uploads\/sites\/365\/2021\/12\/Crowne-Plaza-Venice-East-Rooms-Standard-Room-King-Accessible-bed.jpg\" \/>\n\t<meta property=\"og:image:width\" content=\"2200\" \/>\n\t<meta property=\"og:image:height\" content=\"1200\" \/>\n\t<meta property=\"og:image:type\" content=\"image\/jpeg\" \/>\n<meta name=\"twitter:card\" content=\"summary_large_image\" \/>\n<meta name=\"twitter:label1\" content=\"Dur\u00e9e de lecture estim\u00e9e\" \/>\n\t<meta name=\"twitter:data1\" content=\"1 minute\" \/>\n<script type=\"application\/ld+json\" class=\"yoast-schema-graph\">{\"@context\":\"https:\/\/schema.org\",\"@graph\":[{\"@type\":\"WebPage\",\"@id\":\"https:\/\/www.cpvenice.com\/fr\/offres-et-formules\/offre-stay-longer-pay-less\/\",\"url\":\"https:\/\/www.cpvenice.com\/fr\/offres-et-formules\/offre-stay-longer-pay-less\/\",\"name\":\"Offre Stay Longer Pay Less | Crowne Plaza Venice\",\"isPartOf\":{\"@id\":\"https:\/\/www.cpvenice.com\/fr\/#website\"},\"datePublished\":\"2021-10-22T07:42:35+00:00\",\"dateModified\":\"2024-06-12T14:06:26+00:00\",\"description\":\"Plus vous restez, plus vous \u00e9conomisez ! D\u00e9couvrez tous les d\u00e9tails de l'offre Stay Longer Pay Less et passez des vacances inoubliables \u00e0 Venise.\",\"breadcrumb\":{\"@id\":\"https:\/\/www.cpvenice.com\/fr\/offres-et-formules\/offre-stay-longer-pay-less\/#breadcrumb\"},\"inLanguage\":\"fr-FR\",\"potentialAction\":[{\"@type\":\"ReadAction\",\"target\":[\"https:\/\/www.cpvenice.com\/fr\/offres-et-formules\/offre-stay-longer-pay-less\/\"]}]},{\"@type\":\"BreadcrumbList\",\"@id\":\"https:\/\/www.cpvenice.com\/fr\/offres-et-formules\/offre-stay-longer-pay-less\/#breadcrumb\",\"itemListElement\":[{\"@type\":\"ListItem\",\"position\":1,\"name\":\"Home\",\"item\":\"https:\/\/www.cpvenice.com\/fr\/\"},{\"@type\":\"ListItem\",\"position\":2,\"name\":\"Offres et Formules\",\"item\":\"https:\/\/www.cpvenice.com\/fr\/offres-et-formules\/\"},{\"@type\":\"ListItem\",\"position\":3,\"name\":\"Offre Stay Longer Pay Less\"}]},{\"@type\":\"WebSite\",\"@id\":\"https:\/\/www.cpvenice.com\/fr\/#website\",\"url\":\"https:\/\/www.cpvenice.com\/fr\/\",\"name\":\"Crowne Plaza Venice East\",\"description\":\"Just another ms.decms.eu site\",\"potentialAction\":[{\"@type\":\"SearchAction\",\"target\":{\"@type\":\"EntryPoint\",\"urlTemplate\":\"https:\/\/www.cpvenice.com\/fr\/?s={search_term_string}\"},\"query-input\":{\"@type\":\"PropertyValueSpecification\",\"valueRequired\":true,\"valueName\":\"search_term_string\"}}],\"inLanguage\":\"fr-FR\"}]}<\/script>\n<!-- \/ Yoast SEO plugin. -->","yoast_head_json":{"title":"Offre Stay Longer Pay Less | Crowne Plaza Venice","description":"Plus vous restez, plus vous \u00e9conomisez ! D\u00e9couvrez tous les d\u00e9tails de l'offre Stay Longer Pay Less et passez des vacances inoubliables \u00e0 Venise.","robots":{"index":"index","follow":"follow","max-snippet":"max-snippet:-1","max-image-preview":"max-image-preview:large","max-video-preview":"max-video-preview:-1"},"canonical":"https:\/\/www.cpvenice.com\/fr\/offres-et-formules\/offre-stay-longer-pay-less\/","og_locale":"fr_FR","og_type":"article","og_title":"Offre Stay Longer Pay Less | Crowne Plaza Venice","og_description":"Plus vous restez, plus vous \u00e9conomisez ! D\u00e9couvrez tous les d\u00e9tails de l'offre Stay Longer Pay Less et passez des vacances inoubliables \u00e0 Venise.","og_url":"https:\/\/www.cpvenice.com\/fr\/offres-et-formules\/offre-stay-longer-pay-less\/","og_site_name":"Crowne Plaza Venice East","article_modified_time":"2024-06-12T14:06:26+00:00","og_image":[{"width":2200,"height":1200,"url":"https:\/\/www.cpvenice.com\/wp-content\/uploads\/sites\/365\/2021\/12\/Crowne-Plaza-Venice-East-Rooms-Standard-Room-King-Accessible-bed.jpg","type":"image\/jpeg"}],"twitter_card":"summary_large_image","twitter_misc":{"Dur\u00e9e de lecture estim\u00e9e":"1 minute"},"schema":{"@context":"https:\/\/schema.org","@graph":[{"@type":"WebPage","@id":"https:\/\/www.cpvenice.com\/fr\/offres-et-formules\/offre-stay-longer-pay-less\/","url":"https:\/\/www.cpvenice.com\/fr\/offres-et-formules\/offre-stay-longer-pay-less\/","name":"Offre Stay Longer Pay Less | Crowne Plaza Venice","isPartOf":{"@id":"https:\/\/www.cpvenice.com\/fr\/#website"},"datePublished":"2021-10-22T07:42:35+00:00","dateModified":"2024-06-12T14:06:26+00:00","description":"Plus vous restez, plus vous \u00e9conomisez ! D\u00e9couvrez tous les d\u00e9tails de l'offre Stay Longer Pay Less et passez des vacances inoubliables \u00e0 Venise.","breadcrumb":{"@id":"https:\/\/www.cpvenice.com\/fr\/offres-et-formules\/offre-stay-longer-pay-less\/#breadcrumb"},"inLanguage":"fr-FR","potentialAction":[{"@type":"ReadAction","target":["https:\/\/www.cpvenice.com\/fr\/offres-et-formules\/offre-stay-longer-pay-less\/"]}]},{"@type":"BreadcrumbList","@id":"https:\/\/www.cpvenice.com\/fr\/offres-et-formules\/offre-stay-longer-pay-less\/#breadcrumb","itemListElement":[{"@type":"ListItem","position":1,"name":"Home","item":"https:\/\/www.cpvenice.com\/fr\/"},{"@type":"ListItem","position":2,"name":"Offres et Formules","item":"https:\/\/www.cpvenice.com\/fr\/offres-et-formules\/"},{"@type":"ListItem","position":3,"name":"Offre Stay Longer Pay Less"}]},{"@type":"WebSite","@id":"https:\/\/www.cpvenice.com\/fr\/#website","url":"https:\/\/www.cpvenice.com\/fr\/","name":"Crowne Plaza Venice East","description":"Just another ms.decms.eu site","potentialAction":[{"@type":"SearchAction","target":{"@type":"EntryPoint","urlTemplate":"https:\/\/www.cpvenice.com\/fr\/?s={search_term_string}"},"query-input":{"@type":"PropertyValueSpecification","valueRequired":true,"valueName":"search_term_string"}}],"inLanguage":"fr-FR"}]}},"acf":[],"_links":{"self":[{"href":"https:\/\/www.cpvenice.com\/fr\/wp-json\/wp\/v2\/pages\/783","targetHints":{"allow":["GET"]}}],"collection":[{"href":"https:\/\/www.cpvenice.com\/fr\/wp-json\/wp\/v2\/pages"}],"about":[{"href":"https:\/\/www.cpvenice.com\/fr\/wp-json\/wp\/v2\/types\/page"}],"author":[{"embeddable":true,"href":"https:\/\/www.cpvenice.com\/fr\/wp-json\/wp\/v2\/users\/36"}],"replies":[{"embeddable":true,"href":"https:\/\/www.cpvenice.com\/fr\/wp-json\/wp\/v2\/comments?post=783"}],"version-history":[{"count":0,"href":"https:\/\/www.cpvenice.com\/fr\/wp-json\/wp\/v2\/pages\/783\/revisions"}],"up":[{"embeddable":true,"href":"https:\/\/www.cpvenice.com\/fr\/wp-json\/wp\/v2\/pages\/775"}],"wp:attachment":[{"href":"https:\/\/www.cpvenice.com\/fr\/wp-json\/wp\/v2\/media?parent=783"}],"curies":[{"name":"wp","href":"https:\/\/api.w.org\/{rel}","templated":true}]}}