{"id":785,"date":"2021-10-22T15:57:46","date_gmt":"2021-10-22T15:57:46","guid":{"rendered":"https:\/\/www.cpvenice.com\/offres-et-formules\/pacchetto-easy-venice\/"},"modified":"2024-06-12T13:59:24","modified_gmt":"2024-06-12T13:59:24","slug":"formule-easy-venice","status":"publish","type":"page","link":"https:\/\/www.cpvenice.com\/fr\/offres-et-formules\/formule-easy-venice\/","title":{"rendered":"Formule Easy Venice"},"content":{"rendered":"<p>D\u00e9couvrez cette ville au charme intemporel avec la <strong>Formule Easy Venice<\/strong> du <strong>Crowne Plaza Venice East <\/strong>, <strong>h\u00f4tel 4 \u00e9toiles<\/strong> situ\u00e9 \u00e0 Quarto d&rsquo;Altino. Sa <strong>position strat\u00e9gique<\/strong> \u00e0 proximit\u00e9 de l&rsquo;a\u00e9roport et de la gare de Quarto d&rsquo;Altino et son grand parking font de notre h\u00f4tel le <strong>point de d\u00e9part id\u00e9al pour vos itin\u00e9raires v\u00e9nitiens!<\/strong>!<\/p>\n<p>Pour votre prochain s\u00e9jour, optez pour Easy Venice et profitez de nombreux avantages : <strong>petit-d\u00e9jeuner savoureux, parking<\/strong> pour oublier votre voiture pendant votre s\u00e9jour et <strong>1 billet de train A\/R par personne<\/strong> pour rejoindre Venise confortablement depuis la gare de Quarto d&rsquo;Altino, situ\u00e9e \u00e0 seulement 250 m de l&rsquo;h\u00f4tel. Vous voyagez avec des <strong>enfants<\/strong> ? Pour eux, en cadeau, une <strong>Puppy Box<\/strong> sp\u00e9ciale avec des jeux et des activit\u00e9s, le tout \u00e0 colorier !Profitez de notre formule d\u00e8s maintenant !<\/p>\n<p>Offrez-vous Venise, offrez-vous l&rsquo;exp\u00e9rience du Crowne Plaza. Dans notre moderne h\u00f4tel 4 \u00e9toiles, vous pourrez profiter de nombreux <strong>\u00e9quipements<\/strong> de votre chambre tels que <strong>TV LCD, un plateau de courtoisie avec th\u00e9 et caf\u00e9une connexion Wi-Fi rapide, ainsi que des nombreux \u00e9quipements de l&rsquo;h\u00f4tel, comme bar et un restaurant, une salle de fitness dot\u00e9e d&rsquo;\u00e9quipements modernes et un grand parking ext\u00e9rieur.<\/strong>.<\/p>\n","protected":false},"excerpt":{"rendered":"<p>D\u00e9couvrez cette ville au charme intemporel avec la Formule Easy Venice du Crowne Plaza Venice East , h\u00f4tel 4 \u00e9toiles situ\u00e9 \u00e0 Quarto d&rsquo;Altino. Sa position strat\u00e9gique \u00e0 proximit\u00e9 de l&rsquo;a\u00e9roport et de la gare de Quarto d&rsquo;Altino et son grand parking font de notre h\u00f4tel le point de d\u00e9part id\u00e9al pour vos itin\u00e9raires v\u00e9nitiens!! [&hellip;]<\/p>\n","protected":false},"author":36,"featured_media":0,"parent":775,"menu_order":2,"comment_status":"closed","ping_status":"closed","template":"template-default-2.php","meta":{"footnotes":""},"class_list":["post-785","page","type-page","status-publish","hentry"],"yoast_head":"<!-- This site is optimized with the Yoast SEO plugin v26.9 - https:\/\/yoast.com\/product\/yoast-seo-wordpress\/ -->\n<title>Formule Easy Venice : services exclusifs | Crowne Plaza Venice<\/title>\n<meta name=\"description\" content=\"La formule Easy Venice est con\u00e7ue pour vous faire vivre une exp\u00e9rience magique \u00e0 la d\u00e9couverte de Venise : petit-d\u00e9jeuner, billets aller-retour, garage et plus encore !\" \/>\n<meta name=\"robots\" content=\"index, follow, max-snippet:-1, max-image-preview:large, max-video-preview:-1\" \/>\n<link rel=\"canonical\" href=\"https:\/\/www.cpvenice.com\/fr\/offres-et-formules\/formule-easy-venice\/\" \/>\n<meta property=\"og:locale\" content=\"fr_FR\" \/>\n<meta property=\"og:type\" content=\"article\" \/>\n<meta property=\"og:title\" content=\"Formule Easy Venice : services exclusifs | Crowne Plaza Venice\" \/>\n<meta property=\"og:description\" content=\"La formule Easy Venice est con\u00e7ue pour vous faire vivre une exp\u00e9rience magique \u00e0 la d\u00e9couverte de Venise : petit-d\u00e9jeuner, billets aller-retour, garage et plus encore !\" \/>\n<meta property=\"og:url\" content=\"https:\/\/www.cpvenice.com\/fr\/offres-et-formules\/formule-easy-venice\/\" \/>\n<meta property=\"og:site_name\" content=\"Crowne Plaza Venice East\" \/>\n<meta property=\"article:modified_time\" content=\"2024-06-12T13:59:24+00:00\" \/>\n<meta property=\"og:image\" content=\"https:\/\/www.cpvenice.com\/wp-content\/uploads\/sites\/365\/2021\/12\/Crowne-Plaza-Venice-East-Rooms-Standard-Room-King-Accessible-bed.jpg\" \/>\n\t<meta property=\"og:image:width\" content=\"2200\" \/>\n\t<meta property=\"og:image:height\" content=\"1200\" \/>\n\t<meta property=\"og:image:type\" content=\"image\/jpeg\" \/>\n<meta name=\"twitter:card\" content=\"summary_large_image\" \/>\n<meta name=\"twitter:label1\" content=\"Dur\u00e9e de lecture estim\u00e9e\" \/>\n\t<meta name=\"twitter:data1\" content=\"1 minute\" \/>\n<script type=\"application\/ld+json\" class=\"yoast-schema-graph\">{\"@context\":\"https:\/\/schema.org\",\"@graph\":[{\"@type\":\"WebPage\",\"@id\":\"https:\/\/www.cpvenice.com\/fr\/offres-et-formules\/formule-easy-venice\/\",\"url\":\"https:\/\/www.cpvenice.com\/fr\/offres-et-formules\/formule-easy-venice\/\",\"name\":\"Formule Easy Venice : services exclusifs | Crowne Plaza Venice\",\"isPartOf\":{\"@id\":\"https:\/\/www.cpvenice.com\/fr\/#website\"},\"datePublished\":\"2021-10-22T15:57:46+00:00\",\"dateModified\":\"2024-06-12T13:59:24+00:00\",\"description\":\"La formule Easy Venice est con\u00e7ue pour vous faire vivre une exp\u00e9rience magique \u00e0 la d\u00e9couverte de Venise : petit-d\u00e9jeuner, billets aller-retour, garage et plus encore !\",\"breadcrumb\":{\"@id\":\"https:\/\/www.cpvenice.com\/fr\/offres-et-formules\/formule-easy-venice\/#breadcrumb\"},\"inLanguage\":\"fr-FR\",\"potentialAction\":[{\"@type\":\"ReadAction\",\"target\":[\"https:\/\/www.cpvenice.com\/fr\/offres-et-formules\/formule-easy-venice\/\"]}]},{\"@type\":\"BreadcrumbList\",\"@id\":\"https:\/\/www.cpvenice.com\/fr\/offres-et-formules\/formule-easy-venice\/#breadcrumb\",\"itemListElement\":[{\"@type\":\"ListItem\",\"position\":1,\"name\":\"Home\",\"item\":\"https:\/\/www.cpvenice.com\/fr\/\"},{\"@type\":\"ListItem\",\"position\":2,\"name\":\"Offres et Formules\",\"item\":\"https:\/\/www.cpvenice.com\/fr\/offres-et-formules\/\"},{\"@type\":\"ListItem\",\"position\":3,\"name\":\"Formule Easy Venice\"}]},{\"@type\":\"WebSite\",\"@id\":\"https:\/\/www.cpvenice.com\/fr\/#website\",\"url\":\"https:\/\/www.cpvenice.com\/fr\/\",\"name\":\"Crowne Plaza Venice East\",\"description\":\"Just another ms.decms.eu site\",\"potentialAction\":[{\"@type\":\"SearchAction\",\"target\":{\"@type\":\"EntryPoint\",\"urlTemplate\":\"https:\/\/www.cpvenice.com\/fr\/?s={search_term_string}\"},\"query-input\":{\"@type\":\"PropertyValueSpecification\",\"valueRequired\":true,\"valueName\":\"search_term_string\"}}],\"inLanguage\":\"fr-FR\"}]}<\/script>\n<!-- \/ Yoast SEO plugin. -->","yoast_head_json":{"title":"Formule Easy Venice : services exclusifs | Crowne Plaza Venice","description":"La formule Easy Venice est con\u00e7ue pour vous faire vivre une exp\u00e9rience magique \u00e0 la d\u00e9couverte de Venise : petit-d\u00e9jeuner, billets aller-retour, garage et plus encore !","robots":{"index":"index","follow":"follow","max-snippet":"max-snippet:-1","max-image-preview":"max-image-preview:large","max-video-preview":"max-video-preview:-1"},"canonical":"https:\/\/www.cpvenice.com\/fr\/offres-et-formules\/formule-easy-venice\/","og_locale":"fr_FR","og_type":"article","og_title":"Formule Easy Venice : services exclusifs | Crowne Plaza Venice","og_description":"La formule Easy Venice est con\u00e7ue pour vous faire vivre une exp\u00e9rience magique \u00e0 la d\u00e9couverte de Venise : petit-d\u00e9jeuner, billets aller-retour, garage et plus encore !","og_url":"https:\/\/www.cpvenice.com\/fr\/offres-et-formules\/formule-easy-venice\/","og_site_name":"Crowne Plaza Venice East","article_modified_time":"2024-06-12T13:59:24+00:00","og_image":[{"width":2200,"height":1200,"url":"https:\/\/www.cpvenice.com\/wp-content\/uploads\/sites\/365\/2021\/12\/Crowne-Plaza-Venice-East-Rooms-Standard-Room-King-Accessible-bed.jpg","type":"image\/jpeg"}],"twitter_card":"summary_large_image","twitter_misc":{"Dur\u00e9e de lecture estim\u00e9e":"1 minute"},"schema":{"@context":"https:\/\/schema.org","@graph":[{"@type":"WebPage","@id":"https:\/\/www.cpvenice.com\/fr\/offres-et-formules\/formule-easy-venice\/","url":"https:\/\/www.cpvenice.com\/fr\/offres-et-formules\/formule-easy-venice\/","name":"Formule Easy Venice : services exclusifs | Crowne Plaza Venice","isPartOf":{"@id":"https:\/\/www.cpvenice.com\/fr\/#website"},"datePublished":"2021-10-22T15:57:46+00:00","dateModified":"2024-06-12T13:59:24+00:00","description":"La formule Easy Venice est con\u00e7ue pour vous faire vivre une exp\u00e9rience magique \u00e0 la d\u00e9couverte de Venise : petit-d\u00e9jeuner, billets aller-retour, garage et plus encore !","breadcrumb":{"@id":"https:\/\/www.cpvenice.com\/fr\/offres-et-formules\/formule-easy-venice\/#breadcrumb"},"inLanguage":"fr-FR","potentialAction":[{"@type":"ReadAction","target":["https:\/\/www.cpvenice.com\/fr\/offres-et-formules\/formule-easy-venice\/"]}]},{"@type":"BreadcrumbList","@id":"https:\/\/www.cpvenice.com\/fr\/offres-et-formules\/formule-easy-venice\/#breadcrumb","itemListElement":[{"@type":"ListItem","position":1,"name":"Home","item":"https:\/\/www.cpvenice.com\/fr\/"},{"@type":"ListItem","position":2,"name":"Offres et Formules","item":"https:\/\/www.cpvenice.com\/fr\/offres-et-formules\/"},{"@type":"ListItem","position":3,"name":"Formule Easy Venice"}]},{"@type":"WebSite","@id":"https:\/\/www.cpvenice.com\/fr\/#website","url":"https:\/\/www.cpvenice.com\/fr\/","name":"Crowne Plaza Venice East","description":"Just another ms.decms.eu site","potentialAction":[{"@type":"SearchAction","target":{"@type":"EntryPoint","urlTemplate":"https:\/\/www.cpvenice.com\/fr\/?s={search_term_string}"},"query-input":{"@type":"PropertyValueSpecification","valueRequired":true,"valueName":"search_term_string"}}],"inLanguage":"fr-FR"}]}},"acf":[],"_links":{"self":[{"href":"https:\/\/www.cpvenice.com\/fr\/wp-json\/wp\/v2\/pages\/785","targetHints":{"allow":["GET"]}}],"collection":[{"href":"https:\/\/www.cpvenice.com\/fr\/wp-json\/wp\/v2\/pages"}],"about":[{"href":"https:\/\/www.cpvenice.com\/fr\/wp-json\/wp\/v2\/types\/page"}],"author":[{"embeddable":true,"href":"https:\/\/www.cpvenice.com\/fr\/wp-json\/wp\/v2\/users\/36"}],"replies":[{"embeddable":true,"href":"https:\/\/www.cpvenice.com\/fr\/wp-json\/wp\/v2\/comments?post=785"}],"version-history":[{"count":0,"href":"https:\/\/www.cpvenice.com\/fr\/wp-json\/wp\/v2\/pages\/785\/revisions"}],"up":[{"embeddable":true,"href":"https:\/\/www.cpvenice.com\/fr\/wp-json\/wp\/v2\/pages\/775"}],"wp:attachment":[{"href":"https:\/\/www.cpvenice.com\/fr\/wp-json\/wp\/v2\/media?parent=785"}],"curies":[{"name":"wp","href":"https:\/\/api.w.org\/{rel}","templated":true}]}}