{"id":789,"date":"2022-05-18T08:59:31","date_gmt":"2022-05-18T08:59:31","guid":{"rendered":"https:\/\/www.cpvenice.com\/offres-et-formules\/offerta-book-early-and-save\/"},"modified":"2025-01-07T13:50:18","modified_gmt":"2025-01-07T13:50:18","slug":"offre-book-early-and-save","status":"publish","type":"page","link":"https:\/\/www.cpvenice.com\/fr\/offres-et-formules\/offre-book-early-and-save\/","title":{"rendered":"Offre Book Early And Save"},"content":{"rendered":"<p>R\u00e9servez votre s\u00e9jour \u00e0 Venise d\u00e8s maintenant et <strong>\u00e9conomisez jusqu&rsquo;\u00e0 25 % avec le Crowne Plaza<\/strong>! Offrez-vous un s\u00e9jour inoubliable dans la \u2033Cit\u00e9 flottante\u2033 avec les services exclusifs de l&rsquo;<strong>Hotel 4 \u00e9toiles<\/strong> <strong>Crowne Plaza Venice East<\/strong> a <strong>Quarto d\u2019Altino<\/strong>.<\/p>\n<p>Avec l&rsquo;offre sp\u00e9ciale Book Early And Save, <strong>qui peut \u00eatre r\u00e9serv\u00e9e jusqu&rsquo;\u00e0 5 jours avant votre arriv\u00e9e<\/strong>, outre \u00e0 b\u00e9n\u00e9ficier d&rsquo;une r\u00e9duction allant jusqu&rsquo;\u00e0 25% sur le prix de votre s\u00e9jour, vous profiterez de nombreux services pour vivre un s\u00e9jour unique : parking ext\u00e9rieur gratuit, plateau de courtoisie avec th\u00e9 et caf\u00e9, TV LCD, salle de fitness et bien plus encore !<\/p>\n<p>Gr\u00e2ce \u00e0 emplacement privil\u00e9gi\u00e9 <strong>facilement accessible en voiture <\/strong>et <strong>proche de la gare de Quarto d&rsquo;Altino <\/strong>qui vous permet de rejoindre Venise rapidement en toute simplicit\u00e9, l&rsquo;Hotel Crowne Plaza Venice East est l&rsquo;endroit id\u00e9al pour votre prochain week-end \u00e0 la d\u00e9couverte du centre et des environs de la merveilleuse Cit\u00e9 des Doges.<\/p>\n<p>Qu&rsquo;attendez-vous ? R\u00e9servez votre s\u00e9jour d\u00e8s maintenant, profitez de l&rsquo;offre sp\u00e9ciale Book Early And Save et pr\u00e9parez-vous \u00e0 \u00eatre choy\u00e9 par notre \u00e9quipe professionnelle toujours aux petits soins <strong>Cliquez sur \u00ab\u00a0R\u00e9servez maintenant\u00a0\u00bb, s\u00e9lectionnez le tarif \u00ab\u00a0Book Early And Save\u00a0\u00bb<\/strong> et commencez \u00e0 planifier un week-end v\u00e9nitien inoubliable !<\/p>\n","protected":false},"excerpt":{"rendered":"<p>R\u00e9servez votre s\u00e9jour \u00e0 Venise d\u00e8s maintenant et \u00e9conomisez jusqu&rsquo;\u00e0 25 % avec le Crowne Plaza! Offrez-vous un s\u00e9jour inoubliable dans la \u2033Cit\u00e9 flottante\u2033 avec les services exclusifs de l&rsquo;Hotel 4 \u00e9toiles Crowne Plaza Venice East a Quarto d\u2019Altino. Avec l&rsquo;offre sp\u00e9ciale Book Early And Save, qui peut \u00eatre r\u00e9serv\u00e9e jusqu&rsquo;\u00e0 5 jours avant votre [&hellip;]<\/p>\n","protected":false},"author":360,"featured_media":0,"parent":775,"menu_order":4,"comment_status":"closed","ping_status":"closed","template":"template-default-2.php","meta":{"footnotes":""},"class_list":["post-789","page","type-page","status-publish","hentry"],"yoast_head":"<!-- This site is optimized with the Yoast SEO plugin v26.9 - https:\/\/yoast.com\/product\/yoast-seo-wordpress\/ -->\n<title>Offre Book Early And Save | Crowne Plaza Venice East<\/title>\n<meta name=\"description\" content=\"Offrez-vous des vacances \u00e0 Venise avec l&#039;offre Book Early And Save: jusqu&#039;\u00e0 25 % de r\u00e9duction et des avantages exclusifs comme parking, TV LCD et plus encore !\" \/>\n<meta name=\"robots\" content=\"index, follow, max-snippet:-1, max-image-preview:large, max-video-preview:-1\" \/>\n<link rel=\"canonical\" href=\"https:\/\/www.cpvenice.com\/fr\/offres-et-formules\/offre-book-early-and-save\/\" \/>\n<meta property=\"og:locale\" content=\"fr_FR\" \/>\n<meta property=\"og:type\" content=\"article\" \/>\n<meta property=\"og:title\" content=\"Offre Book Early And Save | Crowne Plaza Venice East\" \/>\n<meta property=\"og:description\" content=\"Offrez-vous des vacances \u00e0 Venise avec l&#039;offre Book Early And Save: jusqu&#039;\u00e0 25 % de r\u00e9duction et des avantages exclusifs comme parking, TV LCD et plus encore !\" \/>\n<meta property=\"og:url\" content=\"https:\/\/www.cpvenice.com\/fr\/offres-et-formules\/offre-book-early-and-save\/\" \/>\n<meta property=\"og:site_name\" content=\"Crowne Plaza Venice East\" \/>\n<meta property=\"article:modified_time\" content=\"2025-01-07T13:50:18+00:00\" \/>\n<meta property=\"og:image\" content=\"https:\/\/www.cpvenice.com\/wp-content\/uploads\/sites\/365\/2021\/12\/Crowne-Plaza-Venice-East-Rooms-Standard-Room-King-Accessible-bed.jpg\" \/>\n\t<meta property=\"og:image:width\" content=\"2200\" \/>\n\t<meta property=\"og:image:height\" content=\"1200\" \/>\n\t<meta property=\"og:image:type\" content=\"image\/jpeg\" \/>\n<meta name=\"twitter:card\" content=\"summary_large_image\" \/>\n<meta name=\"twitter:label1\" content=\"Dur\u00e9e de lecture estim\u00e9e\" \/>\n\t<meta name=\"twitter:data1\" content=\"1 minute\" \/>\n<script type=\"application\/ld+json\" class=\"yoast-schema-graph\">{\"@context\":\"https:\/\/schema.org\",\"@graph\":[{\"@type\":\"WebPage\",\"@id\":\"https:\/\/www.cpvenice.com\/fr\/offres-et-formules\/offre-book-early-and-save\/\",\"url\":\"https:\/\/www.cpvenice.com\/fr\/offres-et-formules\/offre-book-early-and-save\/\",\"name\":\"Offre Book Early And Save | Crowne Plaza Venice East\",\"isPartOf\":{\"@id\":\"https:\/\/www.cpvenice.com\/fr\/#website\"},\"datePublished\":\"2022-05-18T08:59:31+00:00\",\"dateModified\":\"2025-01-07T13:50:18+00:00\",\"description\":\"Offrez-vous des vacances \u00e0 Venise avec l'offre Book Early And Save: jusqu'\u00e0 25 % de r\u00e9duction et des avantages exclusifs comme parking, TV LCD et plus encore !\",\"breadcrumb\":{\"@id\":\"https:\/\/www.cpvenice.com\/fr\/offres-et-formules\/offre-book-early-and-save\/#breadcrumb\"},\"inLanguage\":\"fr-FR\",\"potentialAction\":[{\"@type\":\"ReadAction\",\"target\":[\"https:\/\/www.cpvenice.com\/fr\/offres-et-formules\/offre-book-early-and-save\/\"]}]},{\"@type\":\"BreadcrumbList\",\"@id\":\"https:\/\/www.cpvenice.com\/fr\/offres-et-formules\/offre-book-early-and-save\/#breadcrumb\",\"itemListElement\":[{\"@type\":\"ListItem\",\"position\":1,\"name\":\"Home\",\"item\":\"https:\/\/www.cpvenice.com\/fr\/\"},{\"@type\":\"ListItem\",\"position\":2,\"name\":\"Offres et Formules\",\"item\":\"https:\/\/www.cpvenice.com\/fr\/offres-et-formules\/\"},{\"@type\":\"ListItem\",\"position\":3,\"name\":\"Offre Book Early And Save\"}]},{\"@type\":\"WebSite\",\"@id\":\"https:\/\/www.cpvenice.com\/fr\/#website\",\"url\":\"https:\/\/www.cpvenice.com\/fr\/\",\"name\":\"Crowne Plaza Venice East\",\"description\":\"Just another ms.decms.eu site\",\"potentialAction\":[{\"@type\":\"SearchAction\",\"target\":{\"@type\":\"EntryPoint\",\"urlTemplate\":\"https:\/\/www.cpvenice.com\/fr\/?s={search_term_string}\"},\"query-input\":{\"@type\":\"PropertyValueSpecification\",\"valueRequired\":true,\"valueName\":\"search_term_string\"}}],\"inLanguage\":\"fr-FR\"}]}<\/script>\n<!-- \/ Yoast SEO plugin. -->","yoast_head_json":{"title":"Offre Book Early And Save | Crowne Plaza Venice East","description":"Offrez-vous des vacances \u00e0 Venise avec l'offre Book Early And Save: jusqu'\u00e0 25 % de r\u00e9duction et des avantages exclusifs comme parking, TV LCD et plus encore !","robots":{"index":"index","follow":"follow","max-snippet":"max-snippet:-1","max-image-preview":"max-image-preview:large","max-video-preview":"max-video-preview:-1"},"canonical":"https:\/\/www.cpvenice.com\/fr\/offres-et-formules\/offre-book-early-and-save\/","og_locale":"fr_FR","og_type":"article","og_title":"Offre Book Early And Save | Crowne Plaza Venice East","og_description":"Offrez-vous des vacances \u00e0 Venise avec l'offre Book Early And Save: jusqu'\u00e0 25 % de r\u00e9duction et des avantages exclusifs comme parking, TV LCD et plus encore !","og_url":"https:\/\/www.cpvenice.com\/fr\/offres-et-formules\/offre-book-early-and-save\/","og_site_name":"Crowne Plaza Venice East","article_modified_time":"2025-01-07T13:50:18+00:00","og_image":[{"width":2200,"height":1200,"url":"https:\/\/www.cpvenice.com\/wp-content\/uploads\/sites\/365\/2021\/12\/Crowne-Plaza-Venice-East-Rooms-Standard-Room-King-Accessible-bed.jpg","type":"image\/jpeg"}],"twitter_card":"summary_large_image","twitter_misc":{"Dur\u00e9e de lecture estim\u00e9e":"1 minute"},"schema":{"@context":"https:\/\/schema.org","@graph":[{"@type":"WebPage","@id":"https:\/\/www.cpvenice.com\/fr\/offres-et-formules\/offre-book-early-and-save\/","url":"https:\/\/www.cpvenice.com\/fr\/offres-et-formules\/offre-book-early-and-save\/","name":"Offre Book Early And Save | Crowne Plaza Venice East","isPartOf":{"@id":"https:\/\/www.cpvenice.com\/fr\/#website"},"datePublished":"2022-05-18T08:59:31+00:00","dateModified":"2025-01-07T13:50:18+00:00","description":"Offrez-vous des vacances \u00e0 Venise avec l'offre Book Early And Save: jusqu'\u00e0 25 % de r\u00e9duction et des avantages exclusifs comme parking, TV LCD et plus encore !","breadcrumb":{"@id":"https:\/\/www.cpvenice.com\/fr\/offres-et-formules\/offre-book-early-and-save\/#breadcrumb"},"inLanguage":"fr-FR","potentialAction":[{"@type":"ReadAction","target":["https:\/\/www.cpvenice.com\/fr\/offres-et-formules\/offre-book-early-and-save\/"]}]},{"@type":"BreadcrumbList","@id":"https:\/\/www.cpvenice.com\/fr\/offres-et-formules\/offre-book-early-and-save\/#breadcrumb","itemListElement":[{"@type":"ListItem","position":1,"name":"Home","item":"https:\/\/www.cpvenice.com\/fr\/"},{"@type":"ListItem","position":2,"name":"Offres et Formules","item":"https:\/\/www.cpvenice.com\/fr\/offres-et-formules\/"},{"@type":"ListItem","position":3,"name":"Offre Book Early And Save"}]},{"@type":"WebSite","@id":"https:\/\/www.cpvenice.com\/fr\/#website","url":"https:\/\/www.cpvenice.com\/fr\/","name":"Crowne Plaza Venice East","description":"Just another ms.decms.eu site","potentialAction":[{"@type":"SearchAction","target":{"@type":"EntryPoint","urlTemplate":"https:\/\/www.cpvenice.com\/fr\/?s={search_term_string}"},"query-input":{"@type":"PropertyValueSpecification","valueRequired":true,"valueName":"search_term_string"}}],"inLanguage":"fr-FR"}]}},"acf":[],"_links":{"self":[{"href":"https:\/\/www.cpvenice.com\/fr\/wp-json\/wp\/v2\/pages\/789","targetHints":{"allow":["GET"]}}],"collection":[{"href":"https:\/\/www.cpvenice.com\/fr\/wp-json\/wp\/v2\/pages"}],"about":[{"href":"https:\/\/www.cpvenice.com\/fr\/wp-json\/wp\/v2\/types\/page"}],"author":[{"embeddable":true,"href":"https:\/\/www.cpvenice.com\/fr\/wp-json\/wp\/v2\/users\/360"}],"replies":[{"embeddable":true,"href":"https:\/\/www.cpvenice.com\/fr\/wp-json\/wp\/v2\/comments?post=789"}],"version-history":[{"count":0,"href":"https:\/\/www.cpvenice.com\/fr\/wp-json\/wp\/v2\/pages\/789\/revisions"}],"up":[{"embeddable":true,"href":"https:\/\/www.cpvenice.com\/fr\/wp-json\/wp\/v2\/pages\/775"}],"wp:attachment":[{"href":"https:\/\/www.cpvenice.com\/fr\/wp-json\/wp\/v2\/media?parent=789"}],"curies":[{"name":"wp","href":"https:\/\/api.w.org\/{rel}","templated":true}]}}