{"id":793,"date":"2021-10-22T16:17:01","date_gmt":"2021-10-22T16:17:01","guid":{"rendered":"https:\/\/www.cpvenice.com\/ristorante-e-bar\/"},"modified":"2024-05-02T13:45:14","modified_gmt":"2024-05-02T13:45:14","slug":"restaurant-et-bar","status":"publish","type":"page","link":"https:\/\/www.cpvenice.com\/fr\/restaurant-et-bar\/","title":{"rendered":"Restaurant et bar"},"content":{"rendered":"<p>Quelle que soit la raison de votre voyage, n&rsquo;oubliez pas de vous conc\u00e9der des moments de pur plaisir gustatif : notre restaurant Il Campiello et notre bar Ca&rsquo; D&rsquo;Oro, <strong>le bar et le restaurant internes<\/strong> de notre moderne <strong>h\u00f4tel 4 \u00e9toiles \u00e0 Venise &#8211; Quarto d&rsquo;Altino<\/strong>, vous invitent \u00e0 la d\u00e9couverte des saveurs de la cuisine italienne et v\u00e9nitienne.<\/p>\n<p>Les services de restauration de l&rsquo;Hotel Crowne Plaza Venice East sont \u00e0 votre disposition de votre r\u00e9veil jusqu\u2019au dodo ! Le matin, faites le plein d\u2019\u00e9nergie avec un <strong>riche petit-d\u00e9jeuner qui saura r\u00e9pondre \u00e0 toutes vos envies<\/strong>: produits sucr\u00e9s et sal\u00e9s, chauds ou froids, il y en a pour tous les go\u00fbts ! Poursuivez la journ\u00e9e avec un excellent caf\u00e9 ou un snack dans notre <strong>bar<\/strong> et, pour finir, d\u00e9couvrez les saveurs de la cuisine italienne et v\u00e9nitienne dans notre <strong>restaurant<\/strong> \u2013 <strong>ouvert en mode bistrot<\/strong> pour le d\u00e9jeuner et avec un <strong>service complet pour le d\u00eener<\/strong>.<\/p>\n","protected":false},"excerpt":{"rendered":"<p>Quelle que soit la raison de votre voyage, n&rsquo;oubliez pas de vous conc\u00e9der des moments de pur plaisir gustatif : notre restaurant Il Campiello et notre bar Ca&rsquo; D&rsquo;Oro, le bar et le restaurant internes de notre moderne h\u00f4tel 4 \u00e9toiles \u00e0 Venise &#8211; Quarto d&rsquo;Altino, vous invitent \u00e0 la d\u00e9couverte des saveurs de la [&hellip;]<\/p>\n","protected":false},"author":36,"featured_media":0,"parent":0,"menu_order":50,"comment_status":"closed","ping_status":"closed","template":"template-restaurants.php","meta":{"footnotes":""},"class_list":["post-793","page","type-page","status-publish","hentry"],"yoast_head":"<!-- This site is optimized with the Yoast SEO plugin v26.9 - https:\/\/yoast.com\/product\/yoast-seo-wordpress\/ -->\n<title>H\u00f4tel avec restaurant et bar internes | Crowne Plaza Venice<\/title>\n<meta name=\"description\" content=\"D\u00e9tendez-vous au bar, \u00e9l\u00e9gant et spacieux, ou prenez place dans notre restaurant o\u00f9 la cuisine traditionnelle se m\u00eale aux plats \u00e9labor\u00e9s par la cr\u00e9ativit\u00e9 de notre Chef.\" \/>\n<meta name=\"robots\" content=\"index, follow, max-snippet:-1, max-image-preview:large, max-video-preview:-1\" \/>\n<link rel=\"canonical\" href=\"https:\/\/www.cpvenice.com\/fr\/restaurant-et-bar\/\" \/>\n<meta property=\"og:locale\" content=\"fr_FR\" \/>\n<meta property=\"og:type\" content=\"article\" \/>\n<meta property=\"og:title\" content=\"H\u00f4tel avec restaurant et bar internes | Crowne Plaza Venice\" \/>\n<meta property=\"og:description\" content=\"D\u00e9tendez-vous au bar, \u00e9l\u00e9gant et spacieux, ou prenez place dans notre restaurant o\u00f9 la cuisine traditionnelle se m\u00eale aux plats \u00e9labor\u00e9s par la cr\u00e9ativit\u00e9 de notre Chef.\" \/>\n<meta property=\"og:url\" content=\"https:\/\/www.cpvenice.com\/fr\/restaurant-et-bar\/\" \/>\n<meta property=\"og:site_name\" content=\"Crowne Plaza Venice East\" \/>\n<meta property=\"article:modified_time\" content=\"2024-05-02T13:45:14+00:00\" \/>\n<meta property=\"og:image\" content=\"https:\/\/www.cpvenice.com\/wp-content\/uploads\/sites\/365\/2021\/12\/Crowne-Plaza-Venice-East-Rooms-Standard-Room-King-Accessible-bed.jpg\" \/>\n\t<meta property=\"og:image:width\" content=\"2200\" \/>\n\t<meta property=\"og:image:height\" content=\"1200\" \/>\n\t<meta property=\"og:image:type\" content=\"image\/jpeg\" \/>\n<meta name=\"twitter:card\" content=\"summary_large_image\" \/>\n<meta name=\"twitter:label1\" content=\"Dur\u00e9e de lecture estim\u00e9e\" \/>\n\t<meta name=\"twitter:data1\" content=\"1 minute\" \/>\n<script type=\"application\/ld+json\" class=\"yoast-schema-graph\">{\"@context\":\"https:\/\/schema.org\",\"@graph\":[{\"@type\":\"WebPage\",\"@id\":\"https:\/\/www.cpvenice.com\/fr\/restaurant-et-bar\/\",\"url\":\"https:\/\/www.cpvenice.com\/fr\/restaurant-et-bar\/\",\"name\":\"H\u00f4tel avec restaurant et bar internes | Crowne Plaza Venice\",\"isPartOf\":{\"@id\":\"https:\/\/www.cpvenice.com\/fr\/#website\"},\"datePublished\":\"2021-10-22T16:17:01+00:00\",\"dateModified\":\"2024-05-02T13:45:14+00:00\",\"description\":\"D\u00e9tendez-vous au bar, \u00e9l\u00e9gant et spacieux, ou prenez place dans notre restaurant o\u00f9 la cuisine traditionnelle se m\u00eale aux plats \u00e9labor\u00e9s par la cr\u00e9ativit\u00e9 de notre Chef.\",\"breadcrumb\":{\"@id\":\"https:\/\/www.cpvenice.com\/fr\/restaurant-et-bar\/#breadcrumb\"},\"inLanguage\":\"fr-FR\",\"potentialAction\":[{\"@type\":\"ReadAction\",\"target\":[\"https:\/\/www.cpvenice.com\/fr\/restaurant-et-bar\/\"]}]},{\"@type\":\"BreadcrumbList\",\"@id\":\"https:\/\/www.cpvenice.com\/fr\/restaurant-et-bar\/#breadcrumb\",\"itemListElement\":[{\"@type\":\"ListItem\",\"position\":1,\"name\":\"Home\",\"item\":\"https:\/\/www.cpvenice.com\/fr\/\"},{\"@type\":\"ListItem\",\"position\":2,\"name\":\"Restaurant et bar\"}]},{\"@type\":\"WebSite\",\"@id\":\"https:\/\/www.cpvenice.com\/fr\/#website\",\"url\":\"https:\/\/www.cpvenice.com\/fr\/\",\"name\":\"Crowne Plaza Venice East\",\"description\":\"Just another ms.decms.eu site\",\"potentialAction\":[{\"@type\":\"SearchAction\",\"target\":{\"@type\":\"EntryPoint\",\"urlTemplate\":\"https:\/\/www.cpvenice.com\/fr\/?s={search_term_string}\"},\"query-input\":{\"@type\":\"PropertyValueSpecification\",\"valueRequired\":true,\"valueName\":\"search_term_string\"}}],\"inLanguage\":\"fr-FR\"}]}<\/script>\n<!-- \/ Yoast SEO plugin. -->","yoast_head_json":{"title":"H\u00f4tel avec restaurant et bar internes | Crowne Plaza Venice","description":"D\u00e9tendez-vous au bar, \u00e9l\u00e9gant et spacieux, ou prenez place dans notre restaurant o\u00f9 la cuisine traditionnelle se m\u00eale aux plats \u00e9labor\u00e9s par la cr\u00e9ativit\u00e9 de notre Chef.","robots":{"index":"index","follow":"follow","max-snippet":"max-snippet:-1","max-image-preview":"max-image-preview:large","max-video-preview":"max-video-preview:-1"},"canonical":"https:\/\/www.cpvenice.com\/fr\/restaurant-et-bar\/","og_locale":"fr_FR","og_type":"article","og_title":"H\u00f4tel avec restaurant et bar internes | Crowne Plaza Venice","og_description":"D\u00e9tendez-vous au bar, \u00e9l\u00e9gant et spacieux, ou prenez place dans notre restaurant o\u00f9 la cuisine traditionnelle se m\u00eale aux plats \u00e9labor\u00e9s par la cr\u00e9ativit\u00e9 de notre Chef.","og_url":"https:\/\/www.cpvenice.com\/fr\/restaurant-et-bar\/","og_site_name":"Crowne Plaza Venice East","article_modified_time":"2024-05-02T13:45:14+00:00","og_image":[{"width":2200,"height":1200,"url":"https:\/\/www.cpvenice.com\/wp-content\/uploads\/sites\/365\/2021\/12\/Crowne-Plaza-Venice-East-Rooms-Standard-Room-King-Accessible-bed.jpg","type":"image\/jpeg"}],"twitter_card":"summary_large_image","twitter_misc":{"Dur\u00e9e de lecture estim\u00e9e":"1 minute"},"schema":{"@context":"https:\/\/schema.org","@graph":[{"@type":"WebPage","@id":"https:\/\/www.cpvenice.com\/fr\/restaurant-et-bar\/","url":"https:\/\/www.cpvenice.com\/fr\/restaurant-et-bar\/","name":"H\u00f4tel avec restaurant et bar internes | Crowne Plaza Venice","isPartOf":{"@id":"https:\/\/www.cpvenice.com\/fr\/#website"},"datePublished":"2021-10-22T16:17:01+00:00","dateModified":"2024-05-02T13:45:14+00:00","description":"D\u00e9tendez-vous au bar, \u00e9l\u00e9gant et spacieux, ou prenez place dans notre restaurant o\u00f9 la cuisine traditionnelle se m\u00eale aux plats \u00e9labor\u00e9s par la cr\u00e9ativit\u00e9 de notre Chef.","breadcrumb":{"@id":"https:\/\/www.cpvenice.com\/fr\/restaurant-et-bar\/#breadcrumb"},"inLanguage":"fr-FR","potentialAction":[{"@type":"ReadAction","target":["https:\/\/www.cpvenice.com\/fr\/restaurant-et-bar\/"]}]},{"@type":"BreadcrumbList","@id":"https:\/\/www.cpvenice.com\/fr\/restaurant-et-bar\/#breadcrumb","itemListElement":[{"@type":"ListItem","position":1,"name":"Home","item":"https:\/\/www.cpvenice.com\/fr\/"},{"@type":"ListItem","position":2,"name":"Restaurant et bar"}]},{"@type":"WebSite","@id":"https:\/\/www.cpvenice.com\/fr\/#website","url":"https:\/\/www.cpvenice.com\/fr\/","name":"Crowne Plaza Venice East","description":"Just another ms.decms.eu site","potentialAction":[{"@type":"SearchAction","target":{"@type":"EntryPoint","urlTemplate":"https:\/\/www.cpvenice.com\/fr\/?s={search_term_string}"},"query-input":{"@type":"PropertyValueSpecification","valueRequired":true,"valueName":"search_term_string"}}],"inLanguage":"fr-FR"}]}},"acf":[],"_links":{"self":[{"href":"https:\/\/www.cpvenice.com\/fr\/wp-json\/wp\/v2\/pages\/793","targetHints":{"allow":["GET"]}}],"collection":[{"href":"https:\/\/www.cpvenice.com\/fr\/wp-json\/wp\/v2\/pages"}],"about":[{"href":"https:\/\/www.cpvenice.com\/fr\/wp-json\/wp\/v2\/types\/page"}],"author":[{"embeddable":true,"href":"https:\/\/www.cpvenice.com\/fr\/wp-json\/wp\/v2\/users\/36"}],"replies":[{"embeddable":true,"href":"https:\/\/www.cpvenice.com\/fr\/wp-json\/wp\/v2\/comments?post=793"}],"version-history":[{"count":0,"href":"https:\/\/www.cpvenice.com\/fr\/wp-json\/wp\/v2\/pages\/793\/revisions"}],"wp:attachment":[{"href":"https:\/\/www.cpvenice.com\/fr\/wp-json\/wp\/v2\/media?parent=793"}],"curies":[{"name":"wp","href":"https:\/\/api.w.org\/{rel}","templated":true}]}}