{"id":795,"date":"2021-10-22T16:26:47","date_gmt":"2021-10-22T16:26:47","guid":{"rendered":"https:\/\/www.cpvenice.com\/ristorante-e-bar\/ristorante-il-campiello\/"},"modified":"2026-01-09T14:39:59","modified_gmt":"2026-01-09T14:39:59","slug":"restaurant-il-campiello","status":"publish","type":"page","link":"https:\/\/www.cpvenice.com\/fr\/restaurant-et-bar\/restaurant-il-campiello\/","title":{"rendered":"Restaurant Il Campiello"},"content":{"rendered":"<p>Voyager, ce n\u2019est pas seulement d\u00e9couvrir de nouveaux lieux, c\u2019est aussi s\u2019enivrer de leurs parfums et go\u00fbter leurs saveurs. C&rsquo;est pourquoi l&rsquo;<strong>hotel 4 \u00e9toiles Crowne Plaza Venice East<\/strong> vous invite \u00e0 d\u00e9couvrir la cuisine italienne et v\u00e9nitienne dans son <strong>restaurant interne Il Campiello! <\/strong>!<\/p>\n<p>Dans le restaurant de notre h\u00f4tel 4 \u00e9toiles \u00e0 Venise &#8211; Quarto d&rsquo;Altino, ouvert en <strong>mode bistrot<\/strong> pour le d\u00e9jeuner et avec un <strong>service complet pour le d\u00eener<\/strong>, vous trouverez une ambiance conviviale, une \u00e9quipe professionnelle \u00e0 votre \u00e9coute et un menu compos\u00e9 de <strong>plats savoureux<\/strong> pour partir \u00e0 la d\u00e9couverte de la <strong>tradition culinaire locale<\/strong>, accompagn\u00e9s de mani\u00e8re experte par des <strong>vins soigneusement s\u00e9lectionn\u00e9s<\/strong>.<\/p>\n<p>Associant des mati\u00e8res premi\u00e8res de haute qualit\u00e9 \u00e0 l&rsquo;exp\u00e9rience de nos chefs, Il Campiello est l&rsquo;endroit id\u00e9al pour s&rsquo;offrir une pause gourmande, dans <strong>le respect des envies et des besoins alimentaires<\/strong> de chacun.<\/p>\n","protected":false},"excerpt":{"rendered":"<p>Voyager, ce n\u2019est pas seulement d\u00e9couvrir de nouveaux lieux, c\u2019est aussi s\u2019enivrer de leurs parfums et go\u00fbter leurs saveurs. C&rsquo;est pourquoi l&rsquo;hotel 4 \u00e9toiles Crowne Plaza Venice East vous invite \u00e0 d\u00e9couvrir la cuisine italienne et v\u00e9nitienne dans son restaurant interne Il Campiello! ! Dans le restaurant de notre h\u00f4tel 4 \u00e9toiles \u00e0 Venise &#8211; [&hellip;]<\/p>\n","protected":false},"author":36,"featured_media":0,"parent":793,"menu_order":5,"comment_status":"closed","ping_status":"closed","template":"template-single-restaurant.php","meta":{"footnotes":""},"class_list":["post-795","page","type-page","status-publish","hentry"],"yoast_head":"<!-- This site is optimized with the Yoast SEO plugin v26.9 - https:\/\/yoast.com\/product\/yoast-seo-wordpress\/ -->\n<title>Restaurant Il Campiello : midi et soir | Crowne Plaza Venice<\/title>\n<meta name=\"description\" content=\"Le restaurant propose des menus savoureux pour s\u00e9jours d&#039;affaires, soir\u00e9es gastronomiques avec musique, soir\u00e9es \u00e0 th\u00e8me avec produits de saison et d\u00e9gustations de vins.\" \/>\n<meta name=\"robots\" content=\"index, follow, max-snippet:-1, max-image-preview:large, max-video-preview:-1\" \/>\n<link rel=\"canonical\" href=\"https:\/\/www.cpvenice.com\/fr\/restaurant-et-bar\/restaurant-il-campiello\/\" \/>\n<meta property=\"og:locale\" content=\"fr_FR\" \/>\n<meta property=\"og:type\" content=\"article\" \/>\n<meta property=\"og:title\" content=\"Restaurant Il Campiello : midi et soir | Crowne Plaza Venice\" \/>\n<meta property=\"og:description\" content=\"Le restaurant propose des menus savoureux pour s\u00e9jours d&#039;affaires, soir\u00e9es gastronomiques avec musique, soir\u00e9es \u00e0 th\u00e8me avec produits de saison et d\u00e9gustations de vins.\" \/>\n<meta property=\"og:url\" content=\"https:\/\/www.cpvenice.com\/fr\/restaurant-et-bar\/restaurant-il-campiello\/\" \/>\n<meta property=\"og:site_name\" content=\"Crowne Plaza Venice East\" \/>\n<meta property=\"article:modified_time\" content=\"2026-01-09T14:39:59+00:00\" \/>\n<meta property=\"og:image\" content=\"https:\/\/www.cpvenice.com\/wp-content\/uploads\/sites\/365\/2021\/12\/Crowne-Plaza-Venice-East-Rooms-Standard-Room-King-Accessible-bed.jpg\" \/>\n\t<meta property=\"og:image:width\" content=\"2200\" \/>\n\t<meta property=\"og:image:height\" content=\"1200\" \/>\n\t<meta property=\"og:image:type\" content=\"image\/jpeg\" \/>\n<meta name=\"twitter:card\" content=\"summary_large_image\" \/>\n<meta name=\"twitter:label1\" content=\"Dur\u00e9e de lecture estim\u00e9e\" \/>\n\t<meta name=\"twitter:data1\" content=\"1 minute\" \/>\n<script type=\"application\/ld+json\" class=\"yoast-schema-graph\">{\"@context\":\"https:\/\/schema.org\",\"@graph\":[{\"@type\":\"WebPage\",\"@id\":\"https:\/\/www.cpvenice.com\/fr\/restaurant-et-bar\/restaurant-il-campiello\/\",\"url\":\"https:\/\/www.cpvenice.com\/fr\/restaurant-et-bar\/restaurant-il-campiello\/\",\"name\":\"Restaurant Il Campiello : midi et soir | Crowne Plaza Venice\",\"isPartOf\":{\"@id\":\"https:\/\/www.cpvenice.com\/fr\/#website\"},\"datePublished\":\"2021-10-22T16:26:47+00:00\",\"dateModified\":\"2026-01-09T14:39:59+00:00\",\"description\":\"Le restaurant propose des menus savoureux pour s\u00e9jours d'affaires, soir\u00e9es gastronomiques avec musique, soir\u00e9es \u00e0 th\u00e8me avec produits de saison et d\u00e9gustations de vins.\",\"breadcrumb\":{\"@id\":\"https:\/\/www.cpvenice.com\/fr\/restaurant-et-bar\/restaurant-il-campiello\/#breadcrumb\"},\"inLanguage\":\"fr-FR\",\"potentialAction\":[{\"@type\":\"ReadAction\",\"target\":[\"https:\/\/www.cpvenice.com\/fr\/restaurant-et-bar\/restaurant-il-campiello\/\"]}]},{\"@type\":\"BreadcrumbList\",\"@id\":\"https:\/\/www.cpvenice.com\/fr\/restaurant-et-bar\/restaurant-il-campiello\/#breadcrumb\",\"itemListElement\":[{\"@type\":\"ListItem\",\"position\":1,\"name\":\"Home\",\"item\":\"https:\/\/www.cpvenice.com\/fr\/\"},{\"@type\":\"ListItem\",\"position\":2,\"name\":\"Restaurant et bar\",\"item\":\"https:\/\/www.cpvenice.com\/fr\/restaurant-et-bar\/\"},{\"@type\":\"ListItem\",\"position\":3,\"name\":\"Restaurant Il Campiello\"}]},{\"@type\":\"WebSite\",\"@id\":\"https:\/\/www.cpvenice.com\/fr\/#website\",\"url\":\"https:\/\/www.cpvenice.com\/fr\/\",\"name\":\"Crowne Plaza Venice East\",\"description\":\"Just another ms.decms.eu site\",\"potentialAction\":[{\"@type\":\"SearchAction\",\"target\":{\"@type\":\"EntryPoint\",\"urlTemplate\":\"https:\/\/www.cpvenice.com\/fr\/?s={search_term_string}\"},\"query-input\":{\"@type\":\"PropertyValueSpecification\",\"valueRequired\":true,\"valueName\":\"search_term_string\"}}],\"inLanguage\":\"fr-FR\"}]}<\/script>\n<!-- \/ Yoast SEO plugin. -->","yoast_head_json":{"title":"Restaurant Il Campiello : midi et soir | Crowne Plaza Venice","description":"Le restaurant propose des menus savoureux pour s\u00e9jours d'affaires, soir\u00e9es gastronomiques avec musique, soir\u00e9es \u00e0 th\u00e8me avec produits de saison et d\u00e9gustations de vins.","robots":{"index":"index","follow":"follow","max-snippet":"max-snippet:-1","max-image-preview":"max-image-preview:large","max-video-preview":"max-video-preview:-1"},"canonical":"https:\/\/www.cpvenice.com\/fr\/restaurant-et-bar\/restaurant-il-campiello\/","og_locale":"fr_FR","og_type":"article","og_title":"Restaurant Il Campiello : midi et soir | Crowne Plaza Venice","og_description":"Le restaurant propose des menus savoureux pour s\u00e9jours d'affaires, soir\u00e9es gastronomiques avec musique, soir\u00e9es \u00e0 th\u00e8me avec produits de saison et d\u00e9gustations de vins.","og_url":"https:\/\/www.cpvenice.com\/fr\/restaurant-et-bar\/restaurant-il-campiello\/","og_site_name":"Crowne Plaza Venice East","article_modified_time":"2026-01-09T14:39:59+00:00","og_image":[{"width":2200,"height":1200,"url":"https:\/\/www.cpvenice.com\/wp-content\/uploads\/sites\/365\/2021\/12\/Crowne-Plaza-Venice-East-Rooms-Standard-Room-King-Accessible-bed.jpg","type":"image\/jpeg"}],"twitter_card":"summary_large_image","twitter_misc":{"Dur\u00e9e de lecture estim\u00e9e":"1 minute"},"schema":{"@context":"https:\/\/schema.org","@graph":[{"@type":"WebPage","@id":"https:\/\/www.cpvenice.com\/fr\/restaurant-et-bar\/restaurant-il-campiello\/","url":"https:\/\/www.cpvenice.com\/fr\/restaurant-et-bar\/restaurant-il-campiello\/","name":"Restaurant Il Campiello : midi et soir | Crowne Plaza Venice","isPartOf":{"@id":"https:\/\/www.cpvenice.com\/fr\/#website"},"datePublished":"2021-10-22T16:26:47+00:00","dateModified":"2026-01-09T14:39:59+00:00","description":"Le restaurant propose des menus savoureux pour s\u00e9jours d'affaires, soir\u00e9es gastronomiques avec musique, soir\u00e9es \u00e0 th\u00e8me avec produits de saison et d\u00e9gustations de vins.","breadcrumb":{"@id":"https:\/\/www.cpvenice.com\/fr\/restaurant-et-bar\/restaurant-il-campiello\/#breadcrumb"},"inLanguage":"fr-FR","potentialAction":[{"@type":"ReadAction","target":["https:\/\/www.cpvenice.com\/fr\/restaurant-et-bar\/restaurant-il-campiello\/"]}]},{"@type":"BreadcrumbList","@id":"https:\/\/www.cpvenice.com\/fr\/restaurant-et-bar\/restaurant-il-campiello\/#breadcrumb","itemListElement":[{"@type":"ListItem","position":1,"name":"Home","item":"https:\/\/www.cpvenice.com\/fr\/"},{"@type":"ListItem","position":2,"name":"Restaurant et bar","item":"https:\/\/www.cpvenice.com\/fr\/restaurant-et-bar\/"},{"@type":"ListItem","position":3,"name":"Restaurant Il Campiello"}]},{"@type":"WebSite","@id":"https:\/\/www.cpvenice.com\/fr\/#website","url":"https:\/\/www.cpvenice.com\/fr\/","name":"Crowne Plaza Venice East","description":"Just another ms.decms.eu site","potentialAction":[{"@type":"SearchAction","target":{"@type":"EntryPoint","urlTemplate":"https:\/\/www.cpvenice.com\/fr\/?s={search_term_string}"},"query-input":{"@type":"PropertyValueSpecification","valueRequired":true,"valueName":"search_term_string"}}],"inLanguage":"fr-FR"}]}},"acf":[],"_links":{"self":[{"href":"https:\/\/www.cpvenice.com\/fr\/wp-json\/wp\/v2\/pages\/795","targetHints":{"allow":["GET"]}}],"collection":[{"href":"https:\/\/www.cpvenice.com\/fr\/wp-json\/wp\/v2\/pages"}],"about":[{"href":"https:\/\/www.cpvenice.com\/fr\/wp-json\/wp\/v2\/types\/page"}],"author":[{"embeddable":true,"href":"https:\/\/www.cpvenice.com\/fr\/wp-json\/wp\/v2\/users\/36"}],"replies":[{"embeddable":true,"href":"https:\/\/www.cpvenice.com\/fr\/wp-json\/wp\/v2\/comments?post=795"}],"version-history":[{"count":0,"href":"https:\/\/www.cpvenice.com\/fr\/wp-json\/wp\/v2\/pages\/795\/revisions"}],"up":[{"embeddable":true,"href":"https:\/\/www.cpvenice.com\/fr\/wp-json\/wp\/v2\/pages\/793"}],"wp:attachment":[{"href":"https:\/\/www.cpvenice.com\/fr\/wp-json\/wp\/v2\/media?parent=795"}],"curies":[{"name":"wp","href":"https:\/\/api.w.org\/{rel}","templated":true}]}}