{"id":797,"date":"2021-10-25T09:21:10","date_gmt":"2021-10-25T09:21:10","guid":{"rendered":"https:\/\/www.cpvenice.com\/ristorante-e-bar\/bar-ca-doro\/"},"modified":"2026-04-23T15:17:57","modified_gmt":"2026-04-23T15:17:57","slug":"bar-ca-doro","status":"publish","type":"page","link":"https:\/\/www.cpvenice.com\/fr\/restaurant-et-bar\/bar-ca-doro\/","title":{"rendered":"Bar Ca\u2019 D\u2019Oro"},"content":{"rendered":"<p>Finissez la journ\u00e9e en beaut\u00e9 au Bar <strong>Ca\u2019 D\u2019Oro<\/strong>, le bar interne de l&rsquo;<strong>Hotel 4 \u00e9toiles Crowne Plaza Venice East<\/strong>. Conc\u00e9dez-vous un moment de relax, en solo ou en bonne compagnie autour d&rsquo;un excellent caf\u00e9, d&rsquo;un ap\u00e9ritif savoureux ou d&rsquo;un cocktail cr\u00e9atif. Notre Bar Ca&rsquo; D&rsquo;Oro vous accompagne tout au long de la journ\u00e9e avec une riche s\u00e9lection de<strong> caf\u00e9s, th\u00e9s et infusions, snacks sucr\u00e9s et sal\u00e9s, vins et spiritueux<\/strong> qui donneront encore plus de saveur \u00e0 votre s\u00e9jour au Crowne Plaza Venice East. .<\/p>\n","protected":false},"excerpt":{"rendered":"<p>Finissez la journ\u00e9e en beaut\u00e9 au Bar Ca\u2019 D\u2019Oro, le bar interne de l&rsquo;Hotel 4 \u00e9toiles Crowne Plaza Venice East. Conc\u00e9dez-vous un moment de relax, en solo ou en bonne compagnie autour d&rsquo;un excellent caf\u00e9, d&rsquo;un ap\u00e9ritif savoureux ou d&rsquo;un cocktail cr\u00e9atif. Notre Bar Ca&rsquo; D&rsquo;Oro vous accompagne tout au long de la journ\u00e9e avec [&hellip;]<\/p>\n","protected":false},"author":36,"featured_media":0,"parent":793,"menu_order":10,"comment_status":"closed","ping_status":"closed","template":"template-single-restaurant.php","meta":{"footnotes":""},"class_list":["post-797","page","type-page","status-publish","hentry"],"yoast_head":"<!-- This site is optimized with the Yoast SEO plugin v26.9 - https:\/\/yoast.com\/product\/yoast-seo-wordpress\/ -->\n<title>C\u00e0 D&#039; Oro Lobby Bar &amp; Lounge | Crowne Plaza Venice<\/title>\n<meta name=\"description\" content=\"Envie de siroter votre drink pr\u00e9f\u00e9r\u00e9 ou de savourer un snack ? Le bar &quot;C\u00e0 D&#039;Oro&quot; est l&#039;endroit id\u00e9al pour les rendez-vous d&#039;affaires comme pour les moments de d\u00e9tente.\" \/>\n<meta name=\"robots\" content=\"index, follow, max-snippet:-1, max-image-preview:large, max-video-preview:-1\" \/>\n<link rel=\"canonical\" href=\"https:\/\/www.cpvenice.com\/fr\/restaurant-et-bar\/bar-ca-doro\/\" \/>\n<meta property=\"og:locale\" content=\"fr_FR\" \/>\n<meta property=\"og:type\" content=\"article\" \/>\n<meta property=\"og:title\" content=\"C\u00e0 D&#039; Oro Lobby Bar &amp; Lounge | Crowne Plaza Venice\" \/>\n<meta property=\"og:description\" content=\"Envie de siroter votre drink pr\u00e9f\u00e9r\u00e9 ou de savourer un snack ? Le bar &quot;C\u00e0 D&#039;Oro&quot; est l&#039;endroit id\u00e9al pour les rendez-vous d&#039;affaires comme pour les moments de d\u00e9tente.\" \/>\n<meta property=\"og:url\" content=\"https:\/\/www.cpvenice.com\/fr\/restaurant-et-bar\/bar-ca-doro\/\" \/>\n<meta property=\"og:site_name\" content=\"Crowne Plaza Venice East\" \/>\n<meta property=\"article:modified_time\" content=\"2026-04-23T15:17:57+00:00\" \/>\n<meta property=\"og:image\" content=\"https:\/\/www.cpvenice.com\/wp-content\/uploads\/sites\/365\/2021\/12\/Crowne-Plaza-Venice-East-Rooms-Standard-Room-King-Accessible-bed.jpg\" \/>\n\t<meta property=\"og:image:width\" content=\"2200\" \/>\n\t<meta property=\"og:image:height\" content=\"1200\" \/>\n\t<meta property=\"og:image:type\" content=\"image\/jpeg\" \/>\n<meta name=\"twitter:card\" content=\"summary_large_image\" \/>\n<meta name=\"twitter:label1\" content=\"Dur\u00e9e de lecture estim\u00e9e\" \/>\n\t<meta name=\"twitter:data1\" content=\"1 minute\" \/>\n<script type=\"application\/ld+json\" class=\"yoast-schema-graph\">{\"@context\":\"https:\/\/schema.org\",\"@graph\":[{\"@type\":\"WebPage\",\"@id\":\"https:\/\/www.cpvenice.com\/fr\/restaurant-et-bar\/bar-ca-doro\/\",\"url\":\"https:\/\/www.cpvenice.com\/fr\/restaurant-et-bar\/bar-ca-doro\/\",\"name\":\"C\u00e0 D' Oro Lobby Bar & Lounge | Crowne Plaza Venice\",\"isPartOf\":{\"@id\":\"https:\/\/www.cpvenice.com\/fr\/#website\"},\"datePublished\":\"2021-10-25T09:21:10+00:00\",\"dateModified\":\"2026-04-23T15:17:57+00:00\",\"description\":\"Envie de siroter votre drink pr\u00e9f\u00e9r\u00e9 ou de savourer un snack ? Le bar \\\"C\u00e0 D'Oro\\\" est l'endroit id\u00e9al pour les rendez-vous d'affaires comme pour les moments de d\u00e9tente.\",\"breadcrumb\":{\"@id\":\"https:\/\/www.cpvenice.com\/fr\/restaurant-et-bar\/bar-ca-doro\/#breadcrumb\"},\"inLanguage\":\"fr-FR\",\"potentialAction\":[{\"@type\":\"ReadAction\",\"target\":[\"https:\/\/www.cpvenice.com\/fr\/restaurant-et-bar\/bar-ca-doro\/\"]}]},{\"@type\":\"BreadcrumbList\",\"@id\":\"https:\/\/www.cpvenice.com\/fr\/restaurant-et-bar\/bar-ca-doro\/#breadcrumb\",\"itemListElement\":[{\"@type\":\"ListItem\",\"position\":1,\"name\":\"Home\",\"item\":\"https:\/\/www.cpvenice.com\/fr\/\"},{\"@type\":\"ListItem\",\"position\":2,\"name\":\"Restaurant et bar\",\"item\":\"https:\/\/www.cpvenice.com\/fr\/restaurant-et-bar\/\"},{\"@type\":\"ListItem\",\"position\":3,\"name\":\"Bar Ca\u2019 D\u2019Oro\"}]},{\"@type\":\"WebSite\",\"@id\":\"https:\/\/www.cpvenice.com\/fr\/#website\",\"url\":\"https:\/\/www.cpvenice.com\/fr\/\",\"name\":\"Crowne Plaza Venice East\",\"description\":\"Just another ms.decms.eu site\",\"potentialAction\":[{\"@type\":\"SearchAction\",\"target\":{\"@type\":\"EntryPoint\",\"urlTemplate\":\"https:\/\/www.cpvenice.com\/fr\/?s={search_term_string}\"},\"query-input\":{\"@type\":\"PropertyValueSpecification\",\"valueRequired\":true,\"valueName\":\"search_term_string\"}}],\"inLanguage\":\"fr-FR\"}]}<\/script>\n<!-- \/ Yoast SEO plugin. -->","yoast_head_json":{"title":"C\u00e0 D' Oro Lobby Bar & Lounge | Crowne Plaza Venice","description":"Envie de siroter votre drink pr\u00e9f\u00e9r\u00e9 ou de savourer un snack ? Le bar \"C\u00e0 D'Oro\" est l'endroit id\u00e9al pour les rendez-vous d'affaires comme pour les moments de d\u00e9tente.","robots":{"index":"index","follow":"follow","max-snippet":"max-snippet:-1","max-image-preview":"max-image-preview:large","max-video-preview":"max-video-preview:-1"},"canonical":"https:\/\/www.cpvenice.com\/fr\/restaurant-et-bar\/bar-ca-doro\/","og_locale":"fr_FR","og_type":"article","og_title":"C\u00e0 D' Oro Lobby Bar & Lounge | Crowne Plaza Venice","og_description":"Envie de siroter votre drink pr\u00e9f\u00e9r\u00e9 ou de savourer un snack ? Le bar \"C\u00e0 D'Oro\" est l'endroit id\u00e9al pour les rendez-vous d'affaires comme pour les moments de d\u00e9tente.","og_url":"https:\/\/www.cpvenice.com\/fr\/restaurant-et-bar\/bar-ca-doro\/","og_site_name":"Crowne Plaza Venice East","article_modified_time":"2026-04-23T15:17:57+00:00","og_image":[{"width":2200,"height":1200,"url":"https:\/\/www.cpvenice.com\/wp-content\/uploads\/sites\/365\/2021\/12\/Crowne-Plaza-Venice-East-Rooms-Standard-Room-King-Accessible-bed.jpg","type":"image\/jpeg"}],"twitter_card":"summary_large_image","twitter_misc":{"Dur\u00e9e de lecture estim\u00e9e":"1 minute"},"schema":{"@context":"https:\/\/schema.org","@graph":[{"@type":"WebPage","@id":"https:\/\/www.cpvenice.com\/fr\/restaurant-et-bar\/bar-ca-doro\/","url":"https:\/\/www.cpvenice.com\/fr\/restaurant-et-bar\/bar-ca-doro\/","name":"C\u00e0 D' Oro Lobby Bar & Lounge | Crowne Plaza Venice","isPartOf":{"@id":"https:\/\/www.cpvenice.com\/fr\/#website"},"datePublished":"2021-10-25T09:21:10+00:00","dateModified":"2026-04-23T15:17:57+00:00","description":"Envie de siroter votre drink pr\u00e9f\u00e9r\u00e9 ou de savourer un snack ? Le bar \"C\u00e0 D'Oro\" est l'endroit id\u00e9al pour les rendez-vous d'affaires comme pour les moments de d\u00e9tente.","breadcrumb":{"@id":"https:\/\/www.cpvenice.com\/fr\/restaurant-et-bar\/bar-ca-doro\/#breadcrumb"},"inLanguage":"fr-FR","potentialAction":[{"@type":"ReadAction","target":["https:\/\/www.cpvenice.com\/fr\/restaurant-et-bar\/bar-ca-doro\/"]}]},{"@type":"BreadcrumbList","@id":"https:\/\/www.cpvenice.com\/fr\/restaurant-et-bar\/bar-ca-doro\/#breadcrumb","itemListElement":[{"@type":"ListItem","position":1,"name":"Home","item":"https:\/\/www.cpvenice.com\/fr\/"},{"@type":"ListItem","position":2,"name":"Restaurant et bar","item":"https:\/\/www.cpvenice.com\/fr\/restaurant-et-bar\/"},{"@type":"ListItem","position":3,"name":"Bar Ca\u2019 D\u2019Oro"}]},{"@type":"WebSite","@id":"https:\/\/www.cpvenice.com\/fr\/#website","url":"https:\/\/www.cpvenice.com\/fr\/","name":"Crowne Plaza Venice East","description":"Just another ms.decms.eu site","potentialAction":[{"@type":"SearchAction","target":{"@type":"EntryPoint","urlTemplate":"https:\/\/www.cpvenice.com\/fr\/?s={search_term_string}"},"query-input":{"@type":"PropertyValueSpecification","valueRequired":true,"valueName":"search_term_string"}}],"inLanguage":"fr-FR"}]}},"acf":[],"_links":{"self":[{"href":"https:\/\/www.cpvenice.com\/fr\/wp-json\/wp\/v2\/pages\/797","targetHints":{"allow":["GET"]}}],"collection":[{"href":"https:\/\/www.cpvenice.com\/fr\/wp-json\/wp\/v2\/pages"}],"about":[{"href":"https:\/\/www.cpvenice.com\/fr\/wp-json\/wp\/v2\/types\/page"}],"author":[{"embeddable":true,"href":"https:\/\/www.cpvenice.com\/fr\/wp-json\/wp\/v2\/users\/36"}],"replies":[{"embeddable":true,"href":"https:\/\/www.cpvenice.com\/fr\/wp-json\/wp\/v2\/comments?post=797"}],"version-history":[{"count":0,"href":"https:\/\/www.cpvenice.com\/fr\/wp-json\/wp\/v2\/pages\/797\/revisions"}],"up":[{"embeddable":true,"href":"https:\/\/www.cpvenice.com\/fr\/wp-json\/wp\/v2\/pages\/793"}],"wp:attachment":[{"href":"https:\/\/www.cpvenice.com\/fr\/wp-json\/wp\/v2\/media?parent=797"}],"curies":[{"name":"wp","href":"https:\/\/api.w.org\/{rel}","templated":true}]}}