{"id":801,"date":"2021-10-25T10:00:38","date_gmt":"2021-10-25T10:00:38","guid":{"rendered":"https:\/\/www.cpvenice.com\/venezia-e-dintorni\/venezia\/"},"modified":"2024-05-02T13:47:40","modified_gmt":"2024-05-02T13:47:40","slug":"venezia","status":"publish","type":"page","link":"https:\/\/www.cpvenice.com\/fr\/venise-et-ses-environs\/venezia\/","title":{"rendered":"Venise"},"content":{"rendered":"<p>Impossible de r\u00e9sister aux <strong>charmes de Venise<\/strong>, une ville qui attire chaque ann\u00e9e des visiteurs du monde entier, d\u00e9sireux d&rsquo;admirer de leurs propres yeux les <strong>suggestifs calli<\/strong>, les palais somptueux qui se dressent sur les <strong>canaux&#8230; et les gondoles !<\/strong>. Quelle que soit la saison, Venise offre toujours des <strong>vues spectaculaires<\/strong>, gr\u00e2ce au <strong>patrimoine artistique d\u2019une richesse inestimable<\/strong> qui la caract\u00e9rise depuis toujours.<\/p>\n<p>Si vous aussi avez succomb\u00e9 \u00e0 la beaut\u00e9 spectaculaire de cette ville \u00e0 nulle autre pareille, d\u00e9couvrez ce que Venise a de mieux \u00e0 vous offrir avec le <strong>Crowne Plaza Venice East<\/strong>, un moderne <strong>h\u00f4tel 4 \u00e9toiles situ\u00e9 \u00e0 Quarto d&rsquo;Altino<\/strong>. Partez avec nous et profitez de tous nos services inclus, comme le <strong>bar et le restaurant<\/strong> de l&rsquo;h\u00f4tel, parfaits pour les pauses gourmandes, la <strong>salle de fitness<\/strong>\u00a0et un grand <strong>parking ext\u00e9rieur<\/strong>.<\/p>\n","protected":false},"excerpt":{"rendered":"<p>Impossible de r\u00e9sister aux charmes de Venise, une ville qui attire chaque ann\u00e9e des visiteurs du monde entier, d\u00e9sireux d&rsquo;admirer de leurs propres yeux les suggestifs calli, les palais somptueux qui se dressent sur les canaux&#8230; et les gondoles !. Quelle que soit la saison, Venise offre toujours des vues spectaculaires, gr\u00e2ce au patrimoine artistique [&hellip;]<\/p>\n","protected":false},"author":36,"featured_media":0,"parent":799,"menu_order":5,"comment_status":"closed","ping_status":"closed","template":"","meta":{"footnotes":""},"class_list":["post-801","page","type-page","status-publish","hentry"],"yoast_head":"<!-- This site is optimized with the Yoast SEO plugin v26.9 - https:\/\/yoast.com\/product\/yoast-seo-wordpress\/ -->\n<title>Venise : Burano, Murano, Place Saint-Marc | Crowne Plaza Venice<\/title>\n<meta name=\"description\" content=\"Le charme d&#039;une ville pittoresque construite sur l&#039;eau, Venise est l&#039;un des lieux les plus suggestifs au monde. D\u00e9couvrez ses principaux joyaux avec nous !\" \/>\n<meta name=\"robots\" content=\"index, follow, max-snippet:-1, max-image-preview:large, max-video-preview:-1\" \/>\n<link rel=\"canonical\" href=\"https:\/\/www.cpvenice.com\/fr\/venise-et-ses-environs\/venezia\/\" \/>\n<meta property=\"og:locale\" content=\"fr_FR\" \/>\n<meta property=\"og:type\" content=\"article\" \/>\n<meta property=\"og:title\" content=\"Venise : Burano, Murano, Place Saint-Marc | Crowne Plaza Venice\" \/>\n<meta property=\"og:description\" content=\"Le charme d&#039;une ville pittoresque construite sur l&#039;eau, Venise est l&#039;un des lieux les plus suggestifs au monde. D\u00e9couvrez ses principaux joyaux avec nous !\" \/>\n<meta property=\"og:url\" content=\"https:\/\/www.cpvenice.com\/fr\/venise-et-ses-environs\/venezia\/\" \/>\n<meta property=\"og:site_name\" content=\"Crowne Plaza Venice East\" \/>\n<meta property=\"article:modified_time\" content=\"2024-05-02T13:47:40+00:00\" \/>\n<meta property=\"og:image\" content=\"https:\/\/www.cpvenice.com\/wp-content\/uploads\/sites\/365\/2021\/12\/Crowne-Plaza-Venice-East-Rooms-Standard-Room-King-Accessible-bed.jpg\" \/>\n\t<meta property=\"og:image:width\" content=\"2200\" \/>\n\t<meta property=\"og:image:height\" content=\"1200\" \/>\n\t<meta property=\"og:image:type\" content=\"image\/jpeg\" \/>\n<meta name=\"twitter:card\" content=\"summary_large_image\" \/>\n<meta name=\"twitter:label1\" content=\"Dur\u00e9e de lecture estim\u00e9e\" \/>\n\t<meta name=\"twitter:data1\" content=\"1 minute\" \/>\n<script type=\"application\/ld+json\" class=\"yoast-schema-graph\">{\"@context\":\"https:\/\/schema.org\",\"@graph\":[{\"@type\":\"WebPage\",\"@id\":\"https:\/\/www.cpvenice.com\/fr\/venise-et-ses-environs\/venezia\/\",\"url\":\"https:\/\/www.cpvenice.com\/fr\/venise-et-ses-environs\/venezia\/\",\"name\":\"Venise : Burano, Murano, Place Saint-Marc | Crowne Plaza Venice\",\"isPartOf\":{\"@id\":\"https:\/\/www.cpvenice.com\/fr\/#website\"},\"datePublished\":\"2021-10-25T10:00:38+00:00\",\"dateModified\":\"2024-05-02T13:47:40+00:00\",\"description\":\"Le charme d'une ville pittoresque construite sur l'eau, Venise est l'un des lieux les plus suggestifs au monde. D\u00e9couvrez ses principaux joyaux avec nous !\",\"breadcrumb\":{\"@id\":\"https:\/\/www.cpvenice.com\/fr\/venise-et-ses-environs\/venezia\/#breadcrumb\"},\"inLanguage\":\"fr-FR\",\"potentialAction\":[{\"@type\":\"ReadAction\",\"target\":[\"https:\/\/www.cpvenice.com\/fr\/venise-et-ses-environs\/venezia\/\"]}]},{\"@type\":\"BreadcrumbList\",\"@id\":\"https:\/\/www.cpvenice.com\/fr\/venise-et-ses-environs\/venezia\/#breadcrumb\",\"itemListElement\":[{\"@type\":\"ListItem\",\"position\":1,\"name\":\"Home\",\"item\":\"https:\/\/www.cpvenice.com\/fr\/\"},{\"@type\":\"ListItem\",\"position\":2,\"name\":\"Venise et ses environs\",\"item\":\"https:\/\/www.cpvenice.com\/fr\/venise-et-ses-environs\/\"},{\"@type\":\"ListItem\",\"position\":3,\"name\":\"Venise\"}]},{\"@type\":\"WebSite\",\"@id\":\"https:\/\/www.cpvenice.com\/fr\/#website\",\"url\":\"https:\/\/www.cpvenice.com\/fr\/\",\"name\":\"Crowne Plaza Venice East\",\"description\":\"Just another ms.decms.eu site\",\"potentialAction\":[{\"@type\":\"SearchAction\",\"target\":{\"@type\":\"EntryPoint\",\"urlTemplate\":\"https:\/\/www.cpvenice.com\/fr\/?s={search_term_string}\"},\"query-input\":{\"@type\":\"PropertyValueSpecification\",\"valueRequired\":true,\"valueName\":\"search_term_string\"}}],\"inLanguage\":\"fr-FR\"}]}<\/script>\n<!-- \/ Yoast SEO plugin. -->","yoast_head_json":{"title":"Venise : Burano, Murano, Place Saint-Marc | Crowne Plaza Venice","description":"Le charme d'une ville pittoresque construite sur l'eau, Venise est l'un des lieux les plus suggestifs au monde. D\u00e9couvrez ses principaux joyaux avec nous !","robots":{"index":"index","follow":"follow","max-snippet":"max-snippet:-1","max-image-preview":"max-image-preview:large","max-video-preview":"max-video-preview:-1"},"canonical":"https:\/\/www.cpvenice.com\/fr\/venise-et-ses-environs\/venezia\/","og_locale":"fr_FR","og_type":"article","og_title":"Venise : Burano, Murano, Place Saint-Marc | Crowne Plaza Venice","og_description":"Le charme d'une ville pittoresque construite sur l'eau, Venise est l'un des lieux les plus suggestifs au monde. D\u00e9couvrez ses principaux joyaux avec nous !","og_url":"https:\/\/www.cpvenice.com\/fr\/venise-et-ses-environs\/venezia\/","og_site_name":"Crowne Plaza Venice East","article_modified_time":"2024-05-02T13:47:40+00:00","og_image":[{"width":2200,"height":1200,"url":"https:\/\/www.cpvenice.com\/wp-content\/uploads\/sites\/365\/2021\/12\/Crowne-Plaza-Venice-East-Rooms-Standard-Room-King-Accessible-bed.jpg","type":"image\/jpeg"}],"twitter_card":"summary_large_image","twitter_misc":{"Dur\u00e9e de lecture estim\u00e9e":"1 minute"},"schema":{"@context":"https:\/\/schema.org","@graph":[{"@type":"WebPage","@id":"https:\/\/www.cpvenice.com\/fr\/venise-et-ses-environs\/venezia\/","url":"https:\/\/www.cpvenice.com\/fr\/venise-et-ses-environs\/venezia\/","name":"Venise : Burano, Murano, Place Saint-Marc | Crowne Plaza Venice","isPartOf":{"@id":"https:\/\/www.cpvenice.com\/fr\/#website"},"datePublished":"2021-10-25T10:00:38+00:00","dateModified":"2024-05-02T13:47:40+00:00","description":"Le charme d'une ville pittoresque construite sur l'eau, Venise est l'un des lieux les plus suggestifs au monde. D\u00e9couvrez ses principaux joyaux avec nous !","breadcrumb":{"@id":"https:\/\/www.cpvenice.com\/fr\/venise-et-ses-environs\/venezia\/#breadcrumb"},"inLanguage":"fr-FR","potentialAction":[{"@type":"ReadAction","target":["https:\/\/www.cpvenice.com\/fr\/venise-et-ses-environs\/venezia\/"]}]},{"@type":"BreadcrumbList","@id":"https:\/\/www.cpvenice.com\/fr\/venise-et-ses-environs\/venezia\/#breadcrumb","itemListElement":[{"@type":"ListItem","position":1,"name":"Home","item":"https:\/\/www.cpvenice.com\/fr\/"},{"@type":"ListItem","position":2,"name":"Venise et ses environs","item":"https:\/\/www.cpvenice.com\/fr\/venise-et-ses-environs\/"},{"@type":"ListItem","position":3,"name":"Venise"}]},{"@type":"WebSite","@id":"https:\/\/www.cpvenice.com\/fr\/#website","url":"https:\/\/www.cpvenice.com\/fr\/","name":"Crowne Plaza Venice East","description":"Just another ms.decms.eu site","potentialAction":[{"@type":"SearchAction","target":{"@type":"EntryPoint","urlTemplate":"https:\/\/www.cpvenice.com\/fr\/?s={search_term_string}"},"query-input":{"@type":"PropertyValueSpecification","valueRequired":true,"valueName":"search_term_string"}}],"inLanguage":"fr-FR"}]}},"acf":[],"_links":{"self":[{"href":"https:\/\/www.cpvenice.com\/fr\/wp-json\/wp\/v2\/pages\/801","targetHints":{"allow":["GET"]}}],"collection":[{"href":"https:\/\/www.cpvenice.com\/fr\/wp-json\/wp\/v2\/pages"}],"about":[{"href":"https:\/\/www.cpvenice.com\/fr\/wp-json\/wp\/v2\/types\/page"}],"author":[{"embeddable":true,"href":"https:\/\/www.cpvenice.com\/fr\/wp-json\/wp\/v2\/users\/36"}],"replies":[{"embeddable":true,"href":"https:\/\/www.cpvenice.com\/fr\/wp-json\/wp\/v2\/comments?post=801"}],"version-history":[{"count":0,"href":"https:\/\/www.cpvenice.com\/fr\/wp-json\/wp\/v2\/pages\/801\/revisions"}],"up":[{"embeddable":true,"href":"https:\/\/www.cpvenice.com\/fr\/wp-json\/wp\/v2\/pages\/799"}],"wp:attachment":[{"href":"https:\/\/www.cpvenice.com\/fr\/wp-json\/wp\/v2\/media?parent=801"}],"curies":[{"name":"wp","href":"https:\/\/api.w.org\/{rel}","templated":true}]}}